{"id":83851,"date":"2023-03-09T12:59:53","date_gmt":"2023-03-09T11:59:53","guid":{"rendered":"https:\/\/www.v-valley.com\/?page_id=83851"},"modified":"2024-06-11T08:57:24","modified_gmt":"2024-06-11T06:57:24","slug":"consultoria-y-preventa","status":"publish","type":"page","link":"https:\/\/www.v-valley.com\/es\/servicios\/consultoria-y-preventa\/","title":{"rendered":"Consultor\u00eda y preventa"},"content":{"rendered":"\n<h2>\n\t\tEL SOPORTE QUE NECESITAS, CUANDO LO NECESITAS\n\t<\/h2>\n\t<p>V-Valley ofrece el mejor soporte preventa. Podr\u00e1s proponer a tus clientes los servicios y soluciones que necesita su negocio y gestionar con \u00e9xito las numerosas oportunidades que ofrece el mercado.<\/p>\n<p>La experiencia de nuestros equipos especializados te ayudar\u00e1 en todas las etapas del proyecto: desde la exposici\u00f3n de sus necesidades y la elecci\u00f3n de la soluci\u00f3n m\u00e1s adecuada, hasta la satisfacci\u00f3n del usuario final.<\/p>\n<p>Aprovecha nuestra amplia experiencia tecnol\u00f3gica para dise\u00f1ar soluciones a medida incluso en proyectos sumamente complejos. Por supuesto, tambi\u00e9n recibir\u00e1s nuestro soporte en los pedidos sencillos.<\/p>\n\t\t\t <p>Apoyo en pliegos<\/p>\t\t\n\t\t\t <p>Preventa consultiva<\/p>\t\t\n\t\t\t <p>Demostraciones presenciales y remotas<\/p>\t\t\n\t\t\t <p>Dimensionamiento y configuraci\u00f3n de las soluciones<\/p>\t\t\n\t\t\t <p>Diferenciaci\u00f3n vs competencia<\/p>\t\t\n\t\t\t <p>Bolsa de horas<\/p>\t\t\n\t\t\t\t<img loading=\"lazy\" decoding=\"async\" src=\"https:\/\/statics.v-valley.com\/prod\/2022\/11\/img-cerchio-vantaggi-rivenditore-1-300x300.png\" alt=\"img-cerchio-vantaggi-rivenditore\" itemprop=\"image\" height=\"300\" width=\"300\" title=\"img-cerchio-vantaggi-rivenditore\" onerror=\"this.style.display='none'\"  \/>\n\t<p>Puedes solicitar presupuesto o contratar cualquiera de estos servicios a trav\u00e9s de nuestro departamento de servicios tecnol\u00f3gicos.<\/p>\n\t<a name=\"form\"><\/a>\n<h2>\n\t\tComplete el formulario\n\t<\/h2>\n\t<form method=\"post\" enctype=\"multipart\/form-data\" id=\"vfbp-form-22\" class=\"vfbp-form\"><div style=\"display:none;\"><label for=\"vfbp-EMAIL-AN8fuQyoDLXem\">If you are human, leave this field blank.<\/label><input size=\"25\" autocomplete=\"off\" type=\"text\" name=\"vfbp-EMAIL-AN8fuQyoDLXem\" value=\"\" id=\"\"><\/div><input type=\"hidden\" name=\"_vfb-timestamp-22\" value=\"1777343689\" id=\"\"><input type=\"hidden\" name=\"_vfb-form-id\" value=\"22\" id=\"\"><div class=\"vfb-col-12 vfb-fieldType-instructions\" id=\"vfbField243\"><div class=\"vfb-form-group\"><label for=\"vfb-field-243\" class=\"vfb-control-label\"><b>Required information:<\/b><\/label><div class=\"\"><\/div><\/div><\/div><div class=\"vfb-clearfix\"><\/div><div class=\"vfb-col-6 vfb-fieldType-text\" id=\"vfbField244\"><div class=\"vfb-form-group\"><label for=\"vfb-field-244\" class=\"vfb-control-label\">Nombre y Apellido <span class=\"vfb-required-asterisk\">*<\/span><\/label><div><input id=\"vfb-field-244\" class=\"vfb-form-control\" placeholder=\"\" required=\"required\" type=\"text\" name=\"vfb-field-244\" value=\"\"><\/div><\/div><\/div><div class=\"vfb-col-6 vfb-fieldType-text\" id=\"vfbField245\"><div class=\"vfb-form-group\"><label for=\"vfb-field-245\" class=\"vfb-control-label\">Raz\u00f3n Social <span class=\"vfb-required-asterisk\">*<\/span><\/label><div><input id=\"vfb-field-245\" class=\"vfb-form-control\" placeholder=\"\" required=\"required\" type=\"text\" name=\"vfb-field-245\" value=\"\"><\/div><\/div><\/div><div class=\"vfb-clearfix\"><\/div><div class=\"vfb-col-6 vfb-fieldType-phone\" id=\"vfbField246\"><div class=\"vfb-form-group\"><label for=\"vfb-field-246\" class=\"vfb-control-label\">Tel\u00e9fono <span class=\"vfb-required-asterisk\">*<\/span><\/label><div><input id=\"vfb-field-246\" class=\"vfb-form-control vfb-intl-phone\" placeholder=\"\" required=\"required\" data-default-country=\"it\" data-number-type=\"MOBILE\" data-hide-flags=\"1\" data-national-mode=\"1\" data-auto-hide-dial-code=\"1\" type=\"tel\" name=\"vfb-field-246\" value=\"\"><\/div><\/div><\/div><div class=\"vfb-col-6 vfb-fieldType-email\" id=\"vfbField247\"><div class=\"vfb-form-group\"><label for=\"vfb-field-247\" class=\"vfb-control-label\">e-Mail <span class=\"vfb-required-asterisk\">*<\/span><\/label><div><input id=\"vfb-field-247\" class=\"vfb-form-control\" placeholder=\"\" required=\"required\" type=\"email\" name=\"vfb-field-247\" value=\"\"><\/div><\/div><\/div><div class=\"vfb-clearfix\"><\/div><div class=\"vfb-col-12 vfb-fieldType-instructions\" id=\"vfbField248\"><div class=\"vfb-form-group\"><label for=\"vfb-field-248\" class=\"vfb-control-label\"><b>Informaci\u00f3n opcional:<\/b><\/label><div class=\"\"><\/div><\/div><\/div><div class=\"vfb-clearfix\"><\/div><div class=\"vfb-col-6 vfb-fieldType-text\" id=\"vfbField249\"><div class=\"vfb-form-group\"><label for=\"vfb-field-249\" class=\"vfb-control-label\">NIF\/CIF<\/label><div><input id=\"vfb-field-249\" class=\"vfb-form-control\" placeholder=\"\" type=\"text\" name=\"vfb-field-249\" value=\"\"><\/div><\/div><\/div><div class=\"vfb-col-6 vfb-fieldType-text\" id=\"vfbField250\"><div class=\"vfb-form-group\"><label for=\"vfb-field-250\" class=\"vfb-control-label\">N\u00famero de cliente V-Valley<\/label><div><input id=\"vfb-field-250\" class=\"vfb-form-control\" placeholder=\"\" type=\"text\" name=\"vfb-field-250\" value=\"\"><\/div><\/div><\/div><div class=\"vfb-clearfix\"><\/div><div class=\"vfb-col-12 vfb-fieldType-text\" id=\"vfbField251\"><div class=\"vfb-form-group\"><label for=\"vfb-field-251\" class=\"vfb-control-label\">Rol comercial<\/label><div><input id=\"vfb-field-251\" class=\"vfb-form-control\" placeholder=\"\" type=\"text\" name=\"vfb-field-251\" value=\"\"><\/div><\/div><\/div><div class=\"vfb-clearfix\"><\/div><div class=\"vfb-col-12 vfb-fieldType-textarea\" id=\"vfbField252\"><div class=\"vfb-form-group\"><label for=\"vfb-field-252\" class=\"vfb-control-label\">Notas<\/label><div><textarea id=\"vfb-field-252\" class=\"vfb-form-control\" placeholder=\"\" rows=\"3\" name=\"vfb-field-252\" cols=\"50\"><\/textarea><\/div><\/div><\/div><div class=\"vfb-clearfix\"><\/div><div class=\"vfb-col-12 vfb-fieldType-instructions\" id=\"vfbField253\"><div class=\"vfb-form-group\"><label for=\"vfb-field-253\" class=\"vfb-control-label\">Divulgaci\u00f3n<\/label><div class=\"\"><p><div class=\"fl-builder-content fl-builder-content-83893 fl-builder-template fl-builder-module-template fl-builder-global-templates-locked\" data-post-id=\"83893\"><div class=\"fl-module fl-module-rich-text fl-node-g4uw6jpmaoy2\" data-node=\"g4uw6jpmaoy2\">\n\t<div class=\"fl-module-content fl-node-content\">\n\t\t<div class=\"fl-rich-text\">\n\t<p>Estimado usuario, le informamos que mediante este formulario recogemos sus datos de contacto con la finalidad de ponernos en contacto con usted en relaci\u00f3n al inter\u00e9s mostrado. Uno de nuestros especialistas de la sociedad V-Valley Advanced Solutions Espa\u00f1a, S.A.U. (Responsable del tratamiento) se pondr\u00e1 en contacto telef\u00f3nicamente o por correo electr\u00f3nico. Sus datos no ser\u00e1n comunicados a terceros ni ser\u00e1n objeto de difusi\u00f3n; ser\u00e1n conservados por V-Valley Advanced Solutions Espa\u00f1a, S.A.U. durante un plazo m\u00e1ximo de 12 meses, sin perjuicio de la posibilidad de solicitar la supresi\u00f3n de estos antes de tal plazo.<br \/>\nPara cualquier aclaraci\u00f3n, puede ponerse en contacto a trav\u00e9s de la siguiente direcci\u00f3n <a href=\"mailto:privacy@v-valley.com\">privacy@v-valley.com<\/a><br \/>\nPara m\u00e1s informaci\u00f3n sobre el tratamiento de datos personales realizado por V-Valley Advanced Solutions Espa\u00f1a, S.A.U., consulte la <a href=\"https:\/\/policies.esprinet.com\/es\/esprinet\/privacy\" target=\"_blank\" rel=\"noopener\">Pol\u00edtica de Privacidad<\/a>.<\/p>\n<\/div>\n\t<\/div>\n<\/div>\n<\/div><\/p>\n<\/div><\/div><\/div><div class=\"vfb-clearfix\"><\/div><div class=\"vfb-col-12 vfb-fieldType-captcha\" id=\"vfbField254\"><div class=\"vfb-form-group\"><label for=\"vfb-field-254\" class=\"vfb-control-label\">Captcha <span class=\"vfb-required-asterisk\">*<\/span><\/label><div><div class=\"g-recaptcha\" data-sitekey=\"6Lf1ytsiAAAAAEG8JxJHgJzU7R8dykbVhqQAbadd\"><\/div><input type=\"hidden\" name=\"_vfb_recaptcha_enabled\" value=\"1\" id=\"\"><div class=\"vfb-has-error\" id=\"vfb-recaptcha-error\"><span class=\"vfb-help-block\">reCAPTCHA is required.<\/span><\/div><\/div><\/div><\/div><div class=\"vfb-clearfix\"><\/div><div class=\"vfb-col-12 vfb-fieldType-submit\" id=\"vfbField255\"><button id=\"vfb-field-255\" class=\" btn btn-primary\" placeholder=\"\" type=\"submit\" name=\"_vfb-submit\">Enviar<\/button><\/div><div class=\"vfb-clearfix\"><\/div><\/form>\n\n","protected":false},"excerpt":{"rendered":"<p>EL SOPORTE QUE NECESITAS, CUANDO LO NECESITAS V-Valley ofrece el mejor soporte preventa. Podr\u00e1s proponer a tus clientes los servicios y soluciones que necesita su negocio y gestionar con \u00e9xito las numerosas oportunidades que ofrece el mercado. La experiencia de nuestros equipos especializados te ayudar\u00e1 en todas las etapas del proyecto: desde la exposici\u00f3n de [&hellip;]<\/p>\n","protected":false},"author":6,"featured_media":78776,"parent":79480,"menu_order":0,"comment_status":"closed","ping_status":"closed","template":"templates\/template-single-service.php","meta":{"_acf_changed":false,"_genesis_hide_title":false,"_genesis_hide_breadcrumbs":false,"_genesis_hide_singular_image":false,"_genesis_hide_footer_widgets":false,"_genesis_custom_body_class":"","_genesis_custom_post_class":"","_genesis_layout":"","footnotes":""},"class_list":{"0":"post-83851","1":"page","2":"type-page","3":"status-publish","4":"has-post-thumbnail","6":"entry"},"acf":[],"_links":{"self":[{"href":"https:\/\/www.v-valley.com\/es\/wp-json\/wp\/v2\/pages\/83851","targetHints":{"allow":["GET"]}}],"collection":[{"href":"https:\/\/www.v-valley.com\/es\/wp-json\/wp\/v2\/pages"}],"about":[{"href":"https:\/\/www.v-valley.com\/es\/wp-json\/wp\/v2\/types\/page"}],"author":[{"embeddable":true,"href":"https:\/\/www.v-valley.com\/es\/wp-json\/wp\/v2\/users\/6"}],"replies":[{"embeddable":true,"href":"https:\/\/www.v-valley.com\/es\/wp-json\/wp\/v2\/comments?post=83851"}],"version-history":[{"count":0,"href":"https:\/\/www.v-valley.com\/es\/wp-json\/wp\/v2\/pages\/83851\/revisions"}],"up":[{"embeddable":true,"href":"https:\/\/www.v-valley.com\/es\/wp-json\/wp\/v2\/pages\/79480"}],"wp:featuredmedia":[{"embeddable":true,"href":"https:\/\/www.v-valley.com\/es\/wp-json\/wp\/v2\/media\/78776"}],"wp:attachment":[{"href":"https:\/\/www.v-valley.com\/es\/wp-json\/wp\/v2\/media?parent=83851"}],"curies":[{"name":"wp","href":"https:\/\/api.w.org\/{rel}","templated":true}]}}