{"id":83801,"date":"2023-03-09T14:45:39","date_gmt":"2023-03-09T13:45:39","guid":{"rendered":"https:\/\/www.v-valley.com\/?page_id=83801"},"modified":"2023-04-18T16:14:30","modified_gmt":"2023-04-18T14:14:30","slug":"servicios-financieros","status":"publish","type":"page","link":"https:\/\/www.v-valley.com\/es\/servicios\/servicios-financieros\/","title":{"rendered":"Servicios financieros"},"content":{"rendered":"\n<h2>\n\t\tSOLUCIONES DE FINANCIACI\u00d3N A TU MEDIDA\n\t<\/h2>\n\t<p>La forma de vender tecnolog\u00eda est\u00e1 cambiando. Tus clientes quieren flexibilidad y tecnolog\u00eda punta, sin riesgo de obsolescencia, con costos determinados y programados, en una \u00fanica tarifa todo incluido. Podemos ayudarte a encontrar la soluci\u00f3n m\u00e1s adecuada para tu cliente, a trav\u00e9s del soporte y asesoramiento de un equipo especializado.<\/p>\n<p>Contar\u00e1s con un importante abanico de soluciones financieras con las mejores ofertas del mercado:<\/p>\n\t\t\t <p>An\u00e1lisis renting<\/p>\t\t\n\t\t\t <p>Operaciones patrimonio\/tripartitas<\/p>\t\t\n\t\t\t <p>Financiaci\u00f3n especial<\/p>\t\t\n\t\t\t <p>Cr\u00e9dito al stock<\/p>\t\t\n\t\t\t <p>Financiaci\u00f3n l\u00edneas de avales<\/p>\t\t\n\t\t\t <p>Factoring<\/p>\t\t\n\t\t\t\t<img loading=\"lazy\" decoding=\"async\" src=\"https:\/\/statics.v-valley.com\/prod\/2023\/02\/img-cerchio-tavolo-finance-300x300.png\" alt=\"img-cerchio-tavolo-finance\" itemprop=\"image\" height=\"300\" width=\"300\" title=\"img-cerchio-tavolo-finance\" onerror=\"this.style.display='none'\"  \/>\n\t<p>Solicita propuestas personalizadas y consigue m\u00e1s margen sin riesgo de cr\u00e9dito. Todo en unos sencillos pasos a trav\u00e9s de nuestra web.<\/p>\n\t<a name=\"form\"><\/a>\n<h2>\n\t\tComplete el formulario\n\t<\/h2>\n\t<form method=\"post\" enctype=\"multipart\/form-data\" id=\"vfbp-form-20\" class=\"vfbp-form\"><div style=\"display:none;\"><label for=\"vfbp-EMAIL-AN8fuQyoDLXem\">If you are human, leave this field blank.<\/label><input size=\"25\" autocomplete=\"off\" type=\"text\" name=\"vfbp-EMAIL-AN8fuQyoDLXem\" value=\"\" id=\"\"><\/div><input type=\"hidden\" name=\"_vfb-timestamp-20\" value=\"1777684688\" id=\"\"><input type=\"hidden\" name=\"_vfb-form-id\" value=\"20\" id=\"\"><div class=\"vfb-col-12 vfb-fieldType-instructions\" id=\"vfbField217\"><div class=\"vfb-form-group\"><label for=\"vfb-field-217\" class=\"vfb-control-label\"><b>Required information:<\/b><\/label><div class=\"\"><\/div><\/div><\/div><div class=\"vfb-clearfix\"><\/div><div class=\"vfb-col-6 vfb-fieldType-text\" id=\"vfbField218\"><div class=\"vfb-form-group\"><label for=\"vfb-field-218\" class=\"vfb-control-label\">Nombre y Apellido <span class=\"vfb-required-asterisk\">*<\/span><\/label><div><input id=\"vfb-field-218\" class=\"vfb-form-control\" placeholder=\"\" required=\"required\" type=\"text\" name=\"vfb-field-218\" value=\"\"><\/div><\/div><\/div><div class=\"vfb-col-6 vfb-fieldType-text\" id=\"vfbField219\"><div class=\"vfb-form-group\"><label for=\"vfb-field-219\" class=\"vfb-control-label\">Raz\u00f3n Social <span class=\"vfb-required-asterisk\">*<\/span><\/label><div><input id=\"vfb-field-219\" class=\"vfb-form-control\" placeholder=\"\" required=\"required\" type=\"text\" name=\"vfb-field-219\" value=\"\"><\/div><\/div><\/div><div class=\"vfb-clearfix\"><\/div><div class=\"vfb-col-6 vfb-fieldType-phone\" id=\"vfbField220\"><div class=\"vfb-form-group\"><label for=\"vfb-field-220\" class=\"vfb-control-label\">Tel\u00e9fono <span class=\"vfb-required-asterisk\">*<\/span><\/label><div><input id=\"vfb-field-220\" class=\"vfb-form-control vfb-intl-phone\" placeholder=\"\" required=\"required\" data-default-country=\"it\" data-number-type=\"MOBILE\" data-hide-flags=\"1\" data-national-mode=\"1\" data-auto-hide-dial-code=\"1\" type=\"tel\" name=\"vfb-field-220\" value=\"\"><\/div><\/div><\/div><div class=\"vfb-col-6 vfb-fieldType-email\" id=\"vfbField221\"><div class=\"vfb-form-group\"><label for=\"vfb-field-221\" class=\"vfb-control-label\">e-Mail <span class=\"vfb-required-asterisk\">*<\/span><\/label><div><input id=\"vfb-field-221\" class=\"vfb-form-control\" placeholder=\"\" required=\"required\" type=\"email\" name=\"vfb-field-221\" value=\"\"><\/div><\/div><\/div><div class=\"vfb-clearfix\"><\/div><div class=\"vfb-col-12 vfb-fieldType-instructions\" id=\"vfbField222\"><div class=\"vfb-form-group\"><label for=\"vfb-field-222\" class=\"vfb-control-label\"><b>Informaci\u00f3n opcional:<\/b><\/label><div class=\"\"><\/div><\/div><\/div><div class=\"vfb-clearfix\"><\/div><div class=\"vfb-col-6 vfb-fieldType-text\" id=\"vfbField223\"><div class=\"vfb-form-group\"><label for=\"vfb-field-223\" class=\"vfb-control-label\">NIF\/CIF<\/label><div><input id=\"vfb-field-223\" class=\"vfb-form-control\" placeholder=\"\" type=\"text\" name=\"vfb-field-223\" value=\"\"><\/div><\/div><\/div><div class=\"vfb-col-6 vfb-fieldType-text\" id=\"vfbField224\"><div class=\"vfb-form-group\"><label for=\"vfb-field-224\" class=\"vfb-control-label\">N\u00famero de cliente V-Valley<\/label><div><input id=\"vfb-field-224\" class=\"vfb-form-control\" placeholder=\"\" type=\"text\" name=\"vfb-field-224\" value=\"\"><\/div><\/div><\/div><div class=\"vfb-clearfix\"><\/div><div class=\"vfb-col-12 vfb-fieldType-text\" id=\"vfbField225\"><div class=\"vfb-form-group\"><label for=\"vfb-field-225\" class=\"vfb-control-label\">Rol comercial<\/label><div><input id=\"vfb-field-225\" class=\"vfb-form-control\" placeholder=\"\" type=\"text\" name=\"vfb-field-225\" value=\"\"><\/div><\/div><\/div><div class=\"vfb-clearfix\"><\/div><div class=\"vfb-col-12 vfb-fieldType-textarea\" id=\"vfbField226\"><div class=\"vfb-form-group\"><label for=\"vfb-field-226\" class=\"vfb-control-label\">Notas<\/label><div><textarea id=\"vfb-field-226\" class=\"vfb-form-control\" placeholder=\"\" rows=\"3\" name=\"vfb-field-226\" cols=\"50\"><\/textarea><\/div><\/div><\/div><div class=\"vfb-clearfix\"><\/div><div class=\"vfb-col-12 vfb-fieldType-instructions\" id=\"vfbField227\"><div class=\"vfb-form-group\"><label for=\"vfb-field-227\" class=\"vfb-control-label\">Divulgaci\u00f3n<\/label><div class=\"\"><p><div class=\"fl-builder-content fl-builder-content-83893 fl-builder-template fl-builder-module-template fl-builder-global-templates-locked\" data-post-id=\"83893\"><div class=\"fl-module fl-module-rich-text fl-node-g4uw6jpmaoy2\" data-node=\"g4uw6jpmaoy2\">\n\t<div class=\"fl-module-content fl-node-content\">\n\t\t<div class=\"fl-rich-text\">\n\t<p>Estimado usuario, le informamos que mediante este formulario recogemos sus datos de contacto con la finalidad de ponernos en contacto con usted en relaci\u00f3n al inter\u00e9s mostrado. Uno de nuestros especialistas de la sociedad V-Valley Advanced Solutions Espa\u00f1a, S.A.U. (Responsable del tratamiento) se pondr\u00e1 en contacto telef\u00f3nicamente o por correo electr\u00f3nico. Sus datos no ser\u00e1n comunicados a terceros ni ser\u00e1n objeto de difusi\u00f3n; ser\u00e1n conservados por V-Valley Advanced Solutions Espa\u00f1a, S.A.U. durante un plazo m\u00e1ximo de 12 meses, sin perjuicio de la posibilidad de solicitar la supresi\u00f3n de estos antes de tal plazo.<br \/>\nPara cualquier aclaraci\u00f3n, puede ponerse en contacto a trav\u00e9s de la siguiente direcci\u00f3n <a href=\"mailto:privacy@v-valley.com\">privacy@v-valley.com<\/a><br \/>\nPara m\u00e1s informaci\u00f3n sobre el tratamiento de datos personales realizado por V-Valley Advanced Solutions Espa\u00f1a, S.A.U., consulte la <a href=\"https:\/\/policies.esprinet.com\/es\/esprinet\/privacy\" target=\"_blank\" rel=\"noopener\">Pol\u00edtica de Privacidad<\/a>.<\/p>\n<\/div>\n\t<\/div>\n<\/div>\n<\/div><\/p>\n<\/div><\/div><\/div><div class=\"vfb-clearfix\"><\/div><div class=\"vfb-col-12 vfb-fieldType-captcha\" id=\"vfbField228\"><div class=\"vfb-form-group\"><label for=\"vfb-field-228\" class=\"vfb-control-label\">Captcha <span class=\"vfb-required-asterisk\">*<\/span><\/label><div><div class=\"g-recaptcha\" data-sitekey=\"6Lf1ytsiAAAAAEG8JxJHgJzU7R8dykbVhqQAbadd\"><\/div><input type=\"hidden\" name=\"_vfb_recaptcha_enabled\" value=\"1\" id=\"\"><div class=\"vfb-has-error\" id=\"vfb-recaptcha-error\"><span class=\"vfb-help-block\">reCAPTCHA is required.<\/span><\/div><\/div><\/div><\/div><div class=\"vfb-clearfix\"><\/div><div class=\"vfb-col-12 vfb-fieldType-submit\" id=\"vfbField229\"><button id=\"vfb-field-229\" class=\" btn btn-primary\" placeholder=\"\" type=\"submit\" name=\"_vfb-submit\">Enviar<\/button><\/div><div class=\"vfb-clearfix\"><\/div><\/form>\n\n","protected":false},"excerpt":{"rendered":"<p>SOLUCIONES DE FINANCIACI\u00d3N A TU MEDIDA La forma de vender tecnolog\u00eda est\u00e1 cambiando. Tus clientes quieren flexibilidad y tecnolog\u00eda punta, sin riesgo de obsolescencia, con costos determinados y programados, en una \u00fanica tarifa todo incluido. Podemos ayudarte a encontrar la soluci\u00f3n m\u00e1s adecuada para tu cliente, a trav\u00e9s del soporte y asesoramiento de un equipo [&hellip;]<\/p>\n","protected":false},"author":6,"featured_media":83856,"parent":79480,"menu_order":0,"comment_status":"closed","ping_status":"closed","template":"templates\/template-single-service.php","meta":{"_acf_changed":false,"_genesis_hide_title":false,"_genesis_hide_breadcrumbs":false,"_genesis_hide_singular_image":false,"_genesis_hide_footer_widgets":false,"_genesis_custom_body_class":"","_genesis_custom_post_class":"","_genesis_layout":"","footnotes":""},"class_list":{"0":"post-83801","1":"page","2":"type-page","3":"status-publish","4":"has-post-thumbnail","6":"entry"},"acf":[],"_links":{"self":[{"href":"https:\/\/www.v-valley.com\/es\/wp-json\/wp\/v2\/pages\/83801","targetHints":{"allow":["GET"]}}],"collection":[{"href":"https:\/\/www.v-valley.com\/es\/wp-json\/wp\/v2\/pages"}],"about":[{"href":"https:\/\/www.v-valley.com\/es\/wp-json\/wp\/v2\/types\/page"}],"author":[{"embeddable":true,"href":"https:\/\/www.v-valley.com\/es\/wp-json\/wp\/v2\/users\/6"}],"replies":[{"embeddable":true,"href":"https:\/\/www.v-valley.com\/es\/wp-json\/wp\/v2\/comments?post=83801"}],"version-history":[{"count":0,"href":"https:\/\/www.v-valley.com\/es\/wp-json\/wp\/v2\/pages\/83801\/revisions"}],"up":[{"embeddable":true,"href":"https:\/\/www.v-valley.com\/es\/wp-json\/wp\/v2\/pages\/79480"}],"wp:featuredmedia":[{"embeddable":true,"href":"https:\/\/www.v-valley.com\/es\/wp-json\/wp\/v2\/media\/83856"}],"wp:attachment":[{"href":"https:\/\/www.v-valley.com\/es\/wp-json\/wp\/v2\/media?parent=83801"}],"curies":[{"name":"wp","href":"https:\/\/api.w.org\/{rel}","templated":true}]}}