{"id":83784,"date":"2023-03-09T12:57:03","date_gmt":"2023-03-09T11:57:03","guid":{"rendered":"https:\/\/www.v-valley.com\/?page_id=83784"},"modified":"2023-04-18T16:16:09","modified_gmt":"2023-04-18T14:16:09","slug":"servicios-logisticos","status":"publish","type":"page","link":"https:\/\/www.v-valley.com\/es\/servicios\/servicios-logisticos\/","title":{"rendered":"Servicios log\u00edsticos"},"content":{"rendered":"\n<h2>\n\t\tSERVICIOS LOG\u00cdSTICOS AVANZADOS\n\t<\/h2>\n\t<p>V-Valley se encarga de todo el proceso de env\u00edo, desde la evaluaci\u00f3n del proveedor, la cesi\u00f3n al transportista, hasta la conclusi\u00f3n de la entrega, garantizando soporte en cada etapa.<\/p>\n<p>La gama de soluciones log\u00edsticas que ponemos a tu disposici\u00f3n cubre todo el territorio nacional e internacional, para cada servicio y para todas las necesidades espec\u00edficas, incluyendo la posibilidad de construir servicios personalizados y \u00aba medida\u00bb.<\/p>\n<p>Contamos con:<\/p>\n\t\t\t <p>Log\u00edstica avanzada<\/p>\t\t\n\t\t\t <p>Almac\u00e9n de 40.000 m\u00b2<\/p>\t\t\n\t\t\t <p>Gesti\u00f3n automatizada<\/p>\t\t\n\t\t\t <p>Servicios de custodia<\/p>\t\t\n\t\t\t <p>Micro log\u00edstica<\/p>\t\t\n\t\t\t <p>Reserva de equipamiento<\/p>\t\t\n\t\t\t <p>Seguimiento y monitorizaci\u00f3n de pedidos<\/p>\t\t\n\t\t\t <p>Exportaciones<\/p>\t\t\n\t\t\t\t<img loading=\"lazy\" decoding=\"async\" src=\"https:\/\/statics.v-valley.com\/prod\/2023\/02\/img-cerchio-tracking-ordine-300x300.png\" alt=\"img-cerchio-tracking-ordine\" itemprop=\"image\" height=\"300\" width=\"300\" title=\"img-cerchio-tracking-ordine\" onerror=\"this.style.display='none'\"  \/>\n\t<a name=\"form\"><\/a>\n<h2>\n\t\tComplete el formulario\n\t<\/h2>\n\t<form method=\"post\" enctype=\"multipart\/form-data\" id=\"vfbp-form-18\" class=\"vfbp-form\"><div style=\"display:none;\"><label for=\"vfbp-EMAIL-AN8fuQyoDLXem\">If you are human, leave this field blank.<\/label><input size=\"25\" autocomplete=\"off\" type=\"text\" name=\"vfbp-EMAIL-AN8fuQyoDLXem\" value=\"\" id=\"\"><\/div><input type=\"hidden\" name=\"_vfb-timestamp-18\" value=\"1778061176\" id=\"\"><input type=\"hidden\" name=\"_vfb-form-id\" value=\"18\" id=\"\"><div class=\"vfb-col-12 vfb-fieldType-instructions\" id=\"vfbField191\"><div class=\"vfb-form-group\"><label for=\"vfb-field-191\" class=\"vfb-control-label\"><b>Required information:<\/b><\/label><div class=\"\"><\/div><\/div><\/div><div class=\"vfb-clearfix\"><\/div><div class=\"vfb-col-6 vfb-fieldType-text\" id=\"vfbField192\"><div class=\"vfb-form-group\"><label for=\"vfb-field-192\" class=\"vfb-control-label\">Nombre y Apellido <span class=\"vfb-required-asterisk\">*<\/span><\/label><div><input id=\"vfb-field-192\" class=\"vfb-form-control\" placeholder=\"\" required=\"required\" type=\"text\" name=\"vfb-field-192\" value=\"\"><\/div><\/div><\/div><div class=\"vfb-col-6 vfb-fieldType-text\" id=\"vfbField193\"><div class=\"vfb-form-group\"><label for=\"vfb-field-193\" class=\"vfb-control-label\">Raz\u00f3n Social <span class=\"vfb-required-asterisk\">*<\/span><\/label><div><input id=\"vfb-field-193\" class=\"vfb-form-control\" placeholder=\"\" required=\"required\" type=\"text\" name=\"vfb-field-193\" value=\"\"><\/div><\/div><\/div><div class=\"vfb-clearfix\"><\/div><div class=\"vfb-col-6 vfb-fieldType-phone\" id=\"vfbField194\"><div class=\"vfb-form-group\"><label for=\"vfb-field-194\" class=\"vfb-control-label\">Tel\u00e9fono <span class=\"vfb-required-asterisk\">*<\/span><\/label><div><input id=\"vfb-field-194\" class=\"vfb-form-control vfb-intl-phone\" placeholder=\"\" required=\"required\" data-default-country=\"it\" data-number-type=\"MOBILE\" data-hide-flags=\"1\" data-national-mode=\"1\" data-auto-hide-dial-code=\"1\" type=\"tel\" name=\"vfb-field-194\" value=\"\"><\/div><\/div><\/div><div class=\"vfb-col-6 vfb-fieldType-email\" id=\"vfbField195\"><div class=\"vfb-form-group\"><label for=\"vfb-field-195\" class=\"vfb-control-label\">e-Mail <span class=\"vfb-required-asterisk\">*<\/span><\/label><div><input id=\"vfb-field-195\" class=\"vfb-form-control\" placeholder=\"\" required=\"required\" type=\"email\" name=\"vfb-field-195\" value=\"\"><\/div><\/div><\/div><div class=\"vfb-clearfix\"><\/div><div class=\"vfb-col-12 vfb-fieldType-instructions\" id=\"vfbField196\"><div class=\"vfb-form-group\"><label for=\"vfb-field-196\" class=\"vfb-control-label\"><b>Informaci\u00f3n opcional:<\/b><\/label><div class=\"\"><\/div><\/div><\/div><div class=\"vfb-clearfix\"><\/div><div class=\"vfb-col-6 vfb-fieldType-text\" id=\"vfbField197\"><div class=\"vfb-form-group\"><label for=\"vfb-field-197\" class=\"vfb-control-label\">NIF\/CIF<\/label><div><input id=\"vfb-field-197\" class=\"vfb-form-control\" placeholder=\"\" type=\"text\" name=\"vfb-field-197\" value=\"\"><\/div><\/div><\/div><div class=\"vfb-col-6 vfb-fieldType-text\" id=\"vfbField198\"><div class=\"vfb-form-group\"><label for=\"vfb-field-198\" class=\"vfb-control-label\">N\u00famero de cliente V-Valley<\/label><div><input id=\"vfb-field-198\" class=\"vfb-form-control\" placeholder=\"\" type=\"text\" name=\"vfb-field-198\" value=\"\"><\/div><\/div><\/div><div class=\"vfb-clearfix\"><\/div><div class=\"vfb-col-12 vfb-fieldType-text\" id=\"vfbField199\"><div class=\"vfb-form-group\"><label for=\"vfb-field-199\" class=\"vfb-control-label\">Rol comercial<\/label><div><input id=\"vfb-field-199\" class=\"vfb-form-control\" placeholder=\"\" type=\"text\" name=\"vfb-field-199\" value=\"\"><\/div><\/div><\/div><div class=\"vfb-clearfix\"><\/div><div class=\"vfb-col-12 vfb-fieldType-textarea\" id=\"vfbField200\"><div class=\"vfb-form-group\"><label for=\"vfb-field-200\" class=\"vfb-control-label\">Notas<\/label><div><textarea id=\"vfb-field-200\" class=\"vfb-form-control\" placeholder=\"\" rows=\"3\" name=\"vfb-field-200\" cols=\"50\"><\/textarea><\/div><\/div><\/div><div class=\"vfb-clearfix\"><\/div><div class=\"vfb-col-12 vfb-fieldType-instructions\" id=\"vfbField201\"><div class=\"vfb-form-group\"><label for=\"vfb-field-201\" class=\"vfb-control-label\">Divulgaci\u00f3n<\/label><div class=\"\"><p><div class=\"fl-builder-content fl-builder-content-83893 fl-builder-template fl-builder-module-template fl-builder-global-templates-locked\" data-post-id=\"83893\"><div class=\"fl-module fl-module-rich-text fl-node-g4uw6jpmaoy2\" data-node=\"g4uw6jpmaoy2\">\n\t<div class=\"fl-module-content fl-node-content\">\n\t\t<div class=\"fl-rich-text\">\n\t<p>Estimado usuario, le informamos que mediante este formulario recogemos sus datos de contacto con la finalidad de ponernos en contacto con usted en relaci\u00f3n al inter\u00e9s mostrado. Uno de nuestros especialistas de la sociedad V-Valley Advanced Solutions Espa\u00f1a, S.A.U. (Responsable del tratamiento) se pondr\u00e1 en contacto telef\u00f3nicamente o por correo electr\u00f3nico. Sus datos no ser\u00e1n comunicados a terceros ni ser\u00e1n objeto de difusi\u00f3n; ser\u00e1n conservados por V-Valley Advanced Solutions Espa\u00f1a, S.A.U. durante un plazo m\u00e1ximo de 12 meses, sin perjuicio de la posibilidad de solicitar la supresi\u00f3n de estos antes de tal plazo.<br \/>\nPara cualquier aclaraci\u00f3n, puede ponerse en contacto a trav\u00e9s de la siguiente direcci\u00f3n <a href=\"mailto:privacy@v-valley.com\">privacy@v-valley.com<\/a><br \/>\nPara m\u00e1s informaci\u00f3n sobre el tratamiento de datos personales realizado por V-Valley Advanced Solutions Espa\u00f1a, S.A.U., consulte la <a href=\"https:\/\/policies.esprinet.com\/es\/esprinet\/privacy\" target=\"_blank\" rel=\"noopener\">Pol\u00edtica de Privacidad<\/a>.<\/p>\n<\/div>\n\t<\/div>\n<\/div>\n<\/div><\/p>\n<\/div><\/div><\/div><div class=\"vfb-clearfix\"><\/div><div class=\"vfb-col-12 vfb-fieldType-captcha\" id=\"vfbField202\"><div class=\"vfb-form-group\"><label for=\"vfb-field-202\" class=\"vfb-control-label\">Captcha <span class=\"vfb-required-asterisk\">*<\/span><\/label><div><div class=\"g-recaptcha\" data-sitekey=\"6Lf1ytsiAAAAAEG8JxJHgJzU7R8dykbVhqQAbadd\"><\/div><input type=\"hidden\" name=\"_vfb_recaptcha_enabled\" value=\"1\" id=\"\"><div class=\"vfb-has-error\" id=\"vfb-recaptcha-error\"><span class=\"vfb-help-block\">reCAPTCHA is required.<\/span><\/div><\/div><\/div><\/div><div class=\"vfb-clearfix\"><\/div><div class=\"vfb-col-12 vfb-fieldType-submit\" id=\"vfbField203\"><button id=\"vfb-field-203\" class=\" btn btn-primary\" placeholder=\"\" type=\"submit\" name=\"_vfb-submit\">Enviar<\/button><\/div><div class=\"vfb-clearfix\"><\/div><\/form>\n\n","protected":false},"excerpt":{"rendered":"<p>SERVICIOS LOG\u00cdSTICOS AVANZADOS V-Valley se encarga de todo el proceso de env\u00edo, desde la evaluaci\u00f3n del proveedor, la cesi\u00f3n al transportista, hasta la conclusi\u00f3n de la entrega, garantizando soporte en cada etapa. La gama de soluciones log\u00edsticas que ponemos a tu disposici\u00f3n cubre todo el territorio nacional e internacional, para cada servicio y para todas [&hellip;]<\/p>\n","protected":false},"author":6,"featured_media":83860,"parent":79480,"menu_order":0,"comment_status":"closed","ping_status":"closed","template":"templates\/template-single-service.php","meta":{"_acf_changed":false,"_genesis_hide_title":false,"_genesis_hide_breadcrumbs":false,"_genesis_hide_singular_image":false,"_genesis_hide_footer_widgets":false,"_genesis_custom_body_class":"","_genesis_custom_post_class":"","_genesis_layout":"","footnotes":""},"class_list":{"0":"post-83784","1":"page","2":"type-page","3":"status-publish","4":"has-post-thumbnail","6":"entry"},"acf":[],"_links":{"self":[{"href":"https:\/\/www.v-valley.com\/es\/wp-json\/wp\/v2\/pages\/83784","targetHints":{"allow":["GET"]}}],"collection":[{"href":"https:\/\/www.v-valley.com\/es\/wp-json\/wp\/v2\/pages"}],"about":[{"href":"https:\/\/www.v-valley.com\/es\/wp-json\/wp\/v2\/types\/page"}],"author":[{"embeddable":true,"href":"https:\/\/www.v-valley.com\/es\/wp-json\/wp\/v2\/users\/6"}],"replies":[{"embeddable":true,"href":"https:\/\/www.v-valley.com\/es\/wp-json\/wp\/v2\/comments?post=83784"}],"version-history":[{"count":0,"href":"https:\/\/www.v-valley.com\/es\/wp-json\/wp\/v2\/pages\/83784\/revisions"}],"up":[{"embeddable":true,"href":"https:\/\/www.v-valley.com\/es\/wp-json\/wp\/v2\/pages\/79480"}],"wp:featuredmedia":[{"embeddable":true,"href":"https:\/\/www.v-valley.com\/es\/wp-json\/wp\/v2\/media\/83860"}],"wp:attachment":[{"href":"https:\/\/www.v-valley.com\/es\/wp-json\/wp\/v2\/media?parent=83784"}],"curies":[{"name":"wp","href":"https:\/\/api.w.org\/{rel}","templated":true}]}}