{"id":83771,"date":"2023-03-09T14:44:46","date_gmt":"2023-03-09T13:44:46","guid":{"rendered":"https:\/\/www.v-valley.com\/?page_id=83771"},"modified":"2023-04-18T16:16:48","modified_gmt":"2023-04-18T14:16:48","slug":"servicio-tecnico","status":"publish","type":"page","link":"https:\/\/www.v-valley.com\/es\/servicios\/servicio-tecnico\/","title":{"rendered":"Servicio t\u00e9cnico"},"content":{"rendered":"\n<h2>\n\t\tAHORRA COSTE Y TIEMPO CON NUESTROS SERVICIOS\n\t<\/h2>\n\t<p>El servicio t\u00e9cnico de V-Valley proporciona un amplio cat\u00e1logo de servicios destinados a la personalizaci\u00f3n y agregaci\u00f3n de valor a tus proyectos.<\/p>\n<p>Contamos con un amplio equipo t\u00e9cnico, una estructura organizada y una amplia experiencia para ofrecer a tus clientes un servicio de alta calidad, con gran variedad de tecnolog\u00edas y sobre todas las marcas de nuestro portfolio.<\/p>\n<p>Todos nuestros t\u00e9cnicos poseen las certificaciones necesarias para realizar este tipo de servicio, que permite un ahorro de costes y tiempos, evitando p\u00e9rdida de valor:<\/p>\n<p>Entre los servicios que ofrecemos est\u00e1n.<\/p>\n\t\t\t <p>Integraci\u00f3n y montaje de componentes<\/p>\t\t\n\t\t\t <p>Implementaci\u00f3n masiva, clonaci\u00f3n de equipos y sistemas operativos<\/p>\t\t\n\t\t\t <p>Impresi\u00f3n digital<\/p>\t\t\n\t\t\t <p>Grabado Laser<\/p>\n\t\t\t <p>Serigrafia textil<\/p>\t\t\n\t\t\t <p>Manipulaciones<\/p>\t\t\n\t\t\t <p>Bundelizados de producto<\/p>\t\t\n\t\t\t <p>Enrolado de dispositivos (Android, intune&#8230;)<\/p>\t\t\n\t\t\t <p>Actualizaci\u00f3n\/downgrade firmware<\/p>\t\t\n\t\t\t\t<img loading=\"lazy\" decoding=\"async\" src=\"https:\/\/statics.v-valley.com\/prod\/2022\/11\/img-cerchio-vantaggi-end-user-1-300x300.png\" alt=\"img-cerchio-vantaggi-end-user\" itemprop=\"image\" height=\"300\" width=\"300\" title=\"img-cerchio-vantaggi-end-user\" onerror=\"this.style.display='none'\"  \/>\n\t<p>Contacta con tu comercial para ver todas las opciones disponibles y encontrar la que m\u00e1s se ajuste a tus necesidades.<\/p>\n\t<a name=\"form\"><\/a>\n<h2>\n\t\tComplete el formulario\n\t<\/h2>\n\t<form method=\"post\" enctype=\"multipart\/form-data\" id=\"vfbp-form-19\" class=\"vfbp-form\"><div style=\"display:none;\"><label for=\"vfbp-EMAIL-AN8fuQyoDLXem\">If you are human, leave this field blank.<\/label><input size=\"25\" autocomplete=\"off\" type=\"text\" name=\"vfbp-EMAIL-AN8fuQyoDLXem\" value=\"\" id=\"\"><\/div><input type=\"hidden\" name=\"_vfb-timestamp-19\" value=\"1775567445\" id=\"\"><input type=\"hidden\" name=\"_vfb-form-id\" value=\"19\" id=\"\"><div class=\"vfb-col-12 vfb-fieldType-instructions\" id=\"vfbField204\"><div class=\"vfb-form-group\"><label for=\"vfb-field-204\" class=\"vfb-control-label\"><b>Required information:<\/b><\/label><div class=\"\"><\/div><\/div><\/div><div class=\"vfb-clearfix\"><\/div><div class=\"vfb-col-6 vfb-fieldType-text\" id=\"vfbField205\"><div class=\"vfb-form-group\"><label for=\"vfb-field-205\" class=\"vfb-control-label\">Nombre y Apellido <span class=\"vfb-required-asterisk\">*<\/span><\/label><div><input id=\"vfb-field-205\" class=\"vfb-form-control\" placeholder=\"\" required=\"required\" type=\"text\" name=\"vfb-field-205\" value=\"\"><\/div><\/div><\/div><div class=\"vfb-col-6 vfb-fieldType-text\" id=\"vfbField206\"><div class=\"vfb-form-group\"><label for=\"vfb-field-206\" class=\"vfb-control-label\">Raz\u00f3n Social <span class=\"vfb-required-asterisk\">*<\/span><\/label><div><input id=\"vfb-field-206\" class=\"vfb-form-control\" placeholder=\"\" required=\"required\" type=\"text\" name=\"vfb-field-206\" value=\"\"><\/div><\/div><\/div><div class=\"vfb-clearfix\"><\/div><div class=\"vfb-col-6 vfb-fieldType-phone\" id=\"vfbField207\"><div class=\"vfb-form-group\"><label for=\"vfb-field-207\" class=\"vfb-control-label\">Tel\u00e9fono <span class=\"vfb-required-asterisk\">*<\/span><\/label><div><input id=\"vfb-field-207\" class=\"vfb-form-control vfb-intl-phone\" placeholder=\"\" required=\"required\" data-default-country=\"it\" data-number-type=\"MOBILE\" data-hide-flags=\"1\" data-national-mode=\"1\" data-auto-hide-dial-code=\"1\" type=\"tel\" name=\"vfb-field-207\" value=\"\"><\/div><\/div><\/div><div class=\"vfb-col-6 vfb-fieldType-email\" id=\"vfbField208\"><div class=\"vfb-form-group\"><label for=\"vfb-field-208\" class=\"vfb-control-label\">e-Mail <span class=\"vfb-required-asterisk\">*<\/span><\/label><div><input id=\"vfb-field-208\" class=\"vfb-form-control\" placeholder=\"\" required=\"required\" type=\"email\" name=\"vfb-field-208\" value=\"\"><\/div><\/div><\/div><div class=\"vfb-clearfix\"><\/div><div class=\"vfb-col-12 vfb-fieldType-instructions\" id=\"vfbField209\"><div class=\"vfb-form-group\"><label for=\"vfb-field-209\" class=\"vfb-control-label\"><b>Informaci\u00f3n opcional:<\/b><\/label><div class=\"\"><\/div><\/div><\/div><div class=\"vfb-clearfix\"><\/div><div class=\"vfb-col-6 vfb-fieldType-text\" id=\"vfbField210\"><div class=\"vfb-form-group\"><label for=\"vfb-field-210\" class=\"vfb-control-label\">NIF\/CIF<\/label><div><input id=\"vfb-field-210\" class=\"vfb-form-control\" placeholder=\"\" type=\"text\" name=\"vfb-field-210\" value=\"\"><\/div><\/div><\/div><div class=\"vfb-col-6 vfb-fieldType-text\" id=\"vfbField211\"><div class=\"vfb-form-group\"><label for=\"vfb-field-211\" class=\"vfb-control-label\">N\u00famero de cliente V-Valley<\/label><div><input id=\"vfb-field-211\" class=\"vfb-form-control\" placeholder=\"\" type=\"text\" name=\"vfb-field-211\" value=\"\"><\/div><\/div><\/div><div class=\"vfb-clearfix\"><\/div><div class=\"vfb-col-12 vfb-fieldType-text\" id=\"vfbField212\"><div class=\"vfb-form-group\"><label for=\"vfb-field-212\" class=\"vfb-control-label\">Rol comercial<\/label><div><input id=\"vfb-field-212\" class=\"vfb-form-control\" placeholder=\"\" type=\"text\" name=\"vfb-field-212\" value=\"\"><\/div><\/div><\/div><div class=\"vfb-clearfix\"><\/div><div class=\"vfb-col-12 vfb-fieldType-textarea\" id=\"vfbField213\"><div class=\"vfb-form-group\"><label for=\"vfb-field-213\" class=\"vfb-control-label\">Notas<\/label><div><textarea id=\"vfb-field-213\" class=\"vfb-form-control\" placeholder=\"\" rows=\"3\" name=\"vfb-field-213\" cols=\"50\"><\/textarea><\/div><\/div><\/div><div class=\"vfb-clearfix\"><\/div><div class=\"vfb-col-12 vfb-fieldType-instructions\" id=\"vfbField214\"><div class=\"vfb-form-group\"><label for=\"vfb-field-214\" class=\"vfb-control-label\">Divulgaci\u00f3n<\/label><div class=\"\"><p><div class=\"fl-builder-content fl-builder-content-83893 fl-builder-template fl-builder-module-template fl-builder-global-templates-locked\" data-post-id=\"83893\"><div class=\"fl-module fl-module-rich-text fl-node-g4uw6jpmaoy2\" data-node=\"g4uw6jpmaoy2\">\n\t<div class=\"fl-module-content fl-node-content\">\n\t\t<div class=\"fl-rich-text\">\n\t<p>Estimado usuario, le informamos que mediante este formulario recogemos sus datos de contacto con la finalidad de ponernos en contacto con usted en relaci\u00f3n al inter\u00e9s mostrado. Uno de nuestros especialistas de la sociedad V-Valley Advanced Solutions Espa\u00f1a, S.A.U. (Responsable del tratamiento) se pondr\u00e1 en contacto telef\u00f3nicamente o por correo electr\u00f3nico. Sus datos no ser\u00e1n comunicados a terceros ni ser\u00e1n objeto de difusi\u00f3n; ser\u00e1n conservados por V-Valley Advanced Solutions Espa\u00f1a, S.A.U. durante un plazo m\u00e1ximo de 12 meses, sin perjuicio de la posibilidad de solicitar la supresi\u00f3n de estos antes de tal plazo.<br \/>\nPara cualquier aclaraci\u00f3n, puede ponerse en contacto a trav\u00e9s de la siguiente direcci\u00f3n <a href=\"mailto:privacy@v-valley.com\">privacy@v-valley.com<\/a><br \/>\nPara m\u00e1s informaci\u00f3n sobre el tratamiento de datos personales realizado por V-Valley Advanced Solutions Espa\u00f1a, S.A.U., consulte la <a href=\"https:\/\/policies.esprinet.com\/es\/esprinet\/privacy\" target=\"_blank\" rel=\"noopener\">Pol\u00edtica de Privacidad<\/a>.<\/p>\n<\/div>\n\t<\/div>\n<\/div>\n<\/div><\/p>\n<\/div><\/div><\/div><div class=\"vfb-clearfix\"><\/div><div class=\"vfb-col-12 vfb-fieldType-captcha\" id=\"vfbField215\"><div class=\"vfb-form-group\"><label for=\"vfb-field-215\" class=\"vfb-control-label\">Captcha <span class=\"vfb-required-asterisk\">*<\/span><\/label><div><div class=\"g-recaptcha\" data-sitekey=\"6Lf1ytsiAAAAAEG8JxJHgJzU7R8dykbVhqQAbadd\"><\/div><input type=\"hidden\" name=\"_vfb_recaptcha_enabled\" value=\"1\" id=\"\"><div class=\"vfb-has-error\" id=\"vfb-recaptcha-error\"><span class=\"vfb-help-block\">reCAPTCHA is required.<\/span><\/div><\/div><\/div><\/div><div class=\"vfb-clearfix\"><\/div><div class=\"vfb-col-12 vfb-fieldType-submit\" id=\"vfbField216\"><button id=\"vfb-field-216\" class=\" btn btn-primary\" placeholder=\"\" type=\"submit\" name=\"_vfb-submit\">Enviar<\/button><\/div><div class=\"vfb-clearfix\"><\/div><\/form>\n\n","protected":false},"excerpt":{"rendered":"<p>AHORRA COSTE Y TIEMPO CON NUESTROS SERVICIOS El servicio t\u00e9cnico de V-Valley proporciona un amplio cat\u00e1logo de servicios destinados a la personalizaci\u00f3n y agregaci\u00f3n de valor a tus proyectos. Contamos con un amplio equipo t\u00e9cnico, una estructura organizada y una amplia experiencia para ofrecer a tus clientes un servicio de alta calidad, con gran variedad [&hellip;]<\/p>\n","protected":false},"author":6,"featured_media":83864,"parent":79480,"menu_order":0,"comment_status":"closed","ping_status":"closed","template":"templates\/template-single-service.php","meta":{"_acf_changed":false,"_genesis_hide_title":false,"_genesis_hide_breadcrumbs":false,"_genesis_hide_singular_image":false,"_genesis_hide_footer_widgets":false,"_genesis_custom_body_class":"","_genesis_custom_post_class":"","_genesis_layout":"","footnotes":""},"class_list":{"0":"post-83771","1":"page","2":"type-page","3":"status-publish","4":"has-post-thumbnail","6":"entry"},"acf":[],"_links":{"self":[{"href":"https:\/\/www.v-valley.com\/es\/wp-json\/wp\/v2\/pages\/83771","targetHints":{"allow":["GET"]}}],"collection":[{"href":"https:\/\/www.v-valley.com\/es\/wp-json\/wp\/v2\/pages"}],"about":[{"href":"https:\/\/www.v-valley.com\/es\/wp-json\/wp\/v2\/types\/page"}],"author":[{"embeddable":true,"href":"https:\/\/www.v-valley.com\/es\/wp-json\/wp\/v2\/users\/6"}],"replies":[{"embeddable":true,"href":"https:\/\/www.v-valley.com\/es\/wp-json\/wp\/v2\/comments?post=83771"}],"version-history":[{"count":0,"href":"https:\/\/www.v-valley.com\/es\/wp-json\/wp\/v2\/pages\/83771\/revisions"}],"up":[{"embeddable":true,"href":"https:\/\/www.v-valley.com\/es\/wp-json\/wp\/v2\/pages\/79480"}],"wp:featuredmedia":[{"embeddable":true,"href":"https:\/\/www.v-valley.com\/es\/wp-json\/wp\/v2\/media\/83864"}],"wp:attachment":[{"href":"https:\/\/www.v-valley.com\/es\/wp-json\/wp\/v2\/media?parent=83771"}],"curies":[{"name":"wp","href":"https:\/\/api.w.org\/{rel}","templated":true}]}}