{"id":83757,"date":"2023-03-09T14:41:26","date_gmt":"2023-03-09T13:41:26","guid":{"rendered":"https:\/\/www.v-valley.com\/?page_id=83757"},"modified":"2023-04-18T16:16:28","modified_gmt":"2023-04-18T14:16:28","slug":"servicios-profesionales","status":"publish","type":"page","link":"https:\/\/www.v-valley.com\/es\/servicios\/servicios-profesionales\/","title":{"rendered":"Servicios Profesionales"},"content":{"rendered":"\n<h2>\n\t\tSOMOS TU SOCIO ESPECIALIZADO\n\t<\/h2>\n\t<p>V-Valley cuenta con personal t\u00e9cnico cualificado en el desmantelamiento de Centros de Procesos de Datos e infraestructuras de telecomunicaciones para dar cobertura a las necesidades de nuestros clientes que, fruto de la transformaci\u00f3n digital, ven como sus sistemas f\u00edsicos operativos pueden ser prescindibles, en su totalidad o en parte, dependiendo del alcance del proceso de digitalizaci\u00f3n y de las necesidades particulares de cada proyecto.<\/p>\n<p>Tenemos la posibilidad de recuperar datos, independientemente del tipo de soporte y causa. Incluido la posibilidad de recuperar datos en sistema RAID.<\/p>\n<p>Tambi\u00e9n trabajamos los casos de software malicioso o ransomware, que secuestra nuestros datos detr\u00e1s de un complejo cifrado, cuyo objetivo es la extorsi\u00f3n. Afortunadamente nuestro Laboratorio cuenta con las herramientas necesarias para descifrar este tipo de criptovirus.<\/p>\n<p>Contamos con una soluci\u00f3n r\u00e1pida, econ\u00f3mica y ecol\u00f3gica para restaurar el fusor de tu cliente, dej\u00e1ndolo en las mismas condiciones que un fusor o kit de mantenimiento nuevo original.<\/p>\n<p>Nuestros servicios profesionales son:<\/p>\n\t\t\t <p>Recuperaci\u00f3n de datos<\/p>\t\t\n\t\t\t <p>Restauraci\u00f3n de fusores<\/p>\t\t\n\t\t\t <p>Desmatelamiento de infraestructuras TIC<\/p>\t\t\n\t\t\t <p>Destrucci\u00f3n de datos<\/p>\t\t\n\t\t\t <p>Recuperaci\u00f3n de RAID<\/p>\t\t\n\t\t\t\t<img loading=\"lazy\" decoding=\"async\" src=\"https:\/\/statics.v-valley.com\/prod\/2023\/02\/img-cerchio-hard-disk-300x300.png\" alt=\"img-cerchio-hard-disk\" itemprop=\"image\" height=\"300\" width=\"300\" title=\"img-cerchio-hard-disk\" onerror=\"this.style.display='none'\"  \/>\n\t<p>Puedes solicitar presupuesto o contratar cualquiera de estos servicios a trav\u00e9s de nuestro departamento de servicios profesionales.<\/p>\n\t<a name=\"form\"><\/a>\n<h2>\n\t\tComplete el formulario\n\t<\/h2>\n\t<form method=\"post\" enctype=\"multipart\/form-data\" id=\"vfbp-form-21\" class=\"vfbp-form\"><div style=\"display:none;\"><label for=\"vfbp-EMAIL-AN8fuQyoDLXem\">If you are human, leave this field blank.<\/label><input size=\"25\" autocomplete=\"off\" type=\"text\" name=\"vfbp-EMAIL-AN8fuQyoDLXem\" value=\"\" id=\"\"><\/div><input type=\"hidden\" name=\"_vfb-timestamp-21\" value=\"1777490406\" id=\"\"><input type=\"hidden\" name=\"_vfb-form-id\" value=\"21\" id=\"\"><div class=\"vfb-col-12 vfb-fieldType-instructions\" id=\"vfbField230\"><div class=\"vfb-form-group\"><label for=\"vfb-field-230\" class=\"vfb-control-label\"><b>Required information:<\/b><\/label><div class=\"\"><\/div><\/div><\/div><div class=\"vfb-clearfix\"><\/div><div class=\"vfb-col-6 vfb-fieldType-text\" id=\"vfbField231\"><div class=\"vfb-form-group\"><label for=\"vfb-field-231\" class=\"vfb-control-label\">Nombre y Apellido <span class=\"vfb-required-asterisk\">*<\/span><\/label><div><input id=\"vfb-field-231\" class=\"vfb-form-control\" placeholder=\"\" required=\"required\" type=\"text\" name=\"vfb-field-231\" value=\"\"><\/div><\/div><\/div><div class=\"vfb-col-6 vfb-fieldType-text\" id=\"vfbField232\"><div class=\"vfb-form-group\"><label for=\"vfb-field-232\" class=\"vfb-control-label\">Raz\u00f3n Social <span class=\"vfb-required-asterisk\">*<\/span><\/label><div><input id=\"vfb-field-232\" class=\"vfb-form-control\" placeholder=\"\" required=\"required\" type=\"text\" name=\"vfb-field-232\" value=\"\"><\/div><\/div><\/div><div class=\"vfb-clearfix\"><\/div><div class=\"vfb-col-6 vfb-fieldType-phone\" id=\"vfbField233\"><div class=\"vfb-form-group\"><label for=\"vfb-field-233\" class=\"vfb-control-label\">Tel\u00e9fono <span class=\"vfb-required-asterisk\">*<\/span><\/label><div><input id=\"vfb-field-233\" class=\"vfb-form-control vfb-intl-phone\" placeholder=\"\" required=\"required\" data-default-country=\"it\" data-number-type=\"MOBILE\" data-hide-flags=\"1\" data-national-mode=\"1\" data-auto-hide-dial-code=\"1\" type=\"tel\" name=\"vfb-field-233\" value=\"\"><\/div><\/div><\/div><div class=\"vfb-col-6 vfb-fieldType-email\" id=\"vfbField234\"><div class=\"vfb-form-group\"><label for=\"vfb-field-234\" class=\"vfb-control-label\">e-Mail <span class=\"vfb-required-asterisk\">*<\/span><\/label><div><input id=\"vfb-field-234\" class=\"vfb-form-control\" placeholder=\"\" required=\"required\" type=\"email\" name=\"vfb-field-234\" value=\"\"><\/div><\/div><\/div><div class=\"vfb-clearfix\"><\/div><div class=\"vfb-col-12 vfb-fieldType-instructions\" id=\"vfbField235\"><div class=\"vfb-form-group\"><label for=\"vfb-field-235\" class=\"vfb-control-label\"><b>Informaci\u00f3n opcional:<\/b><\/label><div class=\"\"><\/div><\/div><\/div><div class=\"vfb-clearfix\"><\/div><div class=\"vfb-col-6 vfb-fieldType-text\" id=\"vfbField236\"><div class=\"vfb-form-group\"><label for=\"vfb-field-236\" class=\"vfb-control-label\">NIF\/CIF<\/label><div><input id=\"vfb-field-236\" class=\"vfb-form-control\" placeholder=\"\" type=\"text\" name=\"vfb-field-236\" value=\"\"><\/div><\/div><\/div><div class=\"vfb-col-6 vfb-fieldType-text\" id=\"vfbField237\"><div class=\"vfb-form-group\"><label for=\"vfb-field-237\" class=\"vfb-control-label\">N\u00famero de cliente V-Valley<\/label><div><input id=\"vfb-field-237\" class=\"vfb-form-control\" placeholder=\"\" type=\"text\" name=\"vfb-field-237\" value=\"\"><\/div><\/div><\/div><div class=\"vfb-clearfix\"><\/div><div class=\"vfb-col-12 vfb-fieldType-text\" id=\"vfbField238\"><div class=\"vfb-form-group\"><label for=\"vfb-field-238\" class=\"vfb-control-label\">Rol comercial<\/label><div><input id=\"vfb-field-238\" class=\"vfb-form-control\" placeholder=\"\" type=\"text\" name=\"vfb-field-238\" value=\"\"><\/div><\/div><\/div><div class=\"vfb-clearfix\"><\/div><div class=\"vfb-col-12 vfb-fieldType-textarea\" id=\"vfbField239\"><div class=\"vfb-form-group\"><label for=\"vfb-field-239\" class=\"vfb-control-label\">Notas<\/label><div><textarea id=\"vfb-field-239\" class=\"vfb-form-control\" placeholder=\"\" rows=\"3\" name=\"vfb-field-239\" cols=\"50\"><\/textarea><\/div><\/div><\/div><div class=\"vfb-clearfix\"><\/div><div class=\"vfb-col-12 vfb-fieldType-instructions\" id=\"vfbField240\"><div class=\"vfb-form-group\"><label for=\"vfb-field-240\" class=\"vfb-control-label\">Divulgaci\u00f3n<\/label><div class=\"\"><p><div class=\"fl-builder-content fl-builder-content-83893 fl-builder-template fl-builder-module-template fl-builder-global-templates-locked\" data-post-id=\"83893\"><div class=\"fl-module fl-module-rich-text fl-node-g4uw6jpmaoy2\" data-node=\"g4uw6jpmaoy2\">\n\t<div class=\"fl-module-content fl-node-content\">\n\t\t<div class=\"fl-rich-text\">\n\t<p>Estimado usuario, le informamos que mediante este formulario recogemos sus datos de contacto con la finalidad de ponernos en contacto con usted en relaci\u00f3n al inter\u00e9s mostrado. Uno de nuestros especialistas de la sociedad V-Valley Advanced Solutions Espa\u00f1a, S.A.U. (Responsable del tratamiento) se pondr\u00e1 en contacto telef\u00f3nicamente o por correo electr\u00f3nico. Sus datos no ser\u00e1n comunicados a terceros ni ser\u00e1n objeto de difusi\u00f3n; ser\u00e1n conservados por V-Valley Advanced Solutions Espa\u00f1a, S.A.U. durante un plazo m\u00e1ximo de 12 meses, sin perjuicio de la posibilidad de solicitar la supresi\u00f3n de estos antes de tal plazo.<br \/>\nPara cualquier aclaraci\u00f3n, puede ponerse en contacto a trav\u00e9s de la siguiente direcci\u00f3n <a href=\"mailto:privacy@v-valley.com\">privacy@v-valley.com<\/a><br \/>\nPara m\u00e1s informaci\u00f3n sobre el tratamiento de datos personales realizado por V-Valley Advanced Solutions Espa\u00f1a, S.A.U., consulte la <a href=\"https:\/\/policies.esprinet.com\/es\/esprinet\/privacy\" target=\"_blank\" rel=\"noopener\">Pol\u00edtica de Privacidad<\/a>.<\/p>\n<\/div>\n\t<\/div>\n<\/div>\n<\/div><\/p>\n<\/div><\/div><\/div><div class=\"vfb-clearfix\"><\/div><div class=\"vfb-col-12 vfb-fieldType-captcha\" id=\"vfbField241\"><div class=\"vfb-form-group\"><label for=\"vfb-field-241\" class=\"vfb-control-label\">Captcha <span class=\"vfb-required-asterisk\">*<\/span><\/label><div><div class=\"g-recaptcha\" data-sitekey=\"6Lf1ytsiAAAAAEG8JxJHgJzU7R8dykbVhqQAbadd\"><\/div><input type=\"hidden\" name=\"_vfb_recaptcha_enabled\" value=\"1\" id=\"\"><div class=\"vfb-has-error\" id=\"vfb-recaptcha-error\"><span class=\"vfb-help-block\">reCAPTCHA is required.<\/span><\/div><\/div><\/div><\/div><div class=\"vfb-clearfix\"><\/div><div class=\"vfb-col-12 vfb-fieldType-submit\" id=\"vfbField242\"><button id=\"vfb-field-242\" class=\" btn btn-primary\" placeholder=\"\" type=\"submit\" name=\"_vfb-submit\">Enviar<\/button><\/div><div class=\"vfb-clearfix\"><\/div><\/form>\n\n","protected":false},"excerpt":{"rendered":"<p>SOMOS TU SOCIO ESPECIALIZADO V-Valley cuenta con personal t\u00e9cnico cualificado en el desmantelamiento de Centros de Procesos de Datos e infraestructuras de telecomunicaciones para dar cobertura a las necesidades de nuestros clientes que, fruto de la transformaci\u00f3n digital, ven como sus sistemas f\u00edsicos operativos pueden ser prescindibles, en su totalidad o en parte, dependiendo del [&hellip;]<\/p>\n","protected":false},"author":6,"featured_media":83876,"parent":79480,"menu_order":0,"comment_status":"closed","ping_status":"closed","template":"templates\/template-single-service.php","meta":{"_acf_changed":false,"_genesis_hide_title":false,"_genesis_hide_breadcrumbs":false,"_genesis_hide_singular_image":false,"_genesis_hide_footer_widgets":false,"_genesis_custom_body_class":"","_genesis_custom_post_class":"","_genesis_layout":"","footnotes":""},"class_list":{"0":"post-83757","1":"page","2":"type-page","3":"status-publish","4":"has-post-thumbnail","6":"entry"},"acf":[],"_links":{"self":[{"href":"https:\/\/www.v-valley.com\/es\/wp-json\/wp\/v2\/pages\/83757","targetHints":{"allow":["GET"]}}],"collection":[{"href":"https:\/\/www.v-valley.com\/es\/wp-json\/wp\/v2\/pages"}],"about":[{"href":"https:\/\/www.v-valley.com\/es\/wp-json\/wp\/v2\/types\/page"}],"author":[{"embeddable":true,"href":"https:\/\/www.v-valley.com\/es\/wp-json\/wp\/v2\/users\/6"}],"replies":[{"embeddable":true,"href":"https:\/\/www.v-valley.com\/es\/wp-json\/wp\/v2\/comments?post=83757"}],"version-history":[{"count":0,"href":"https:\/\/www.v-valley.com\/es\/wp-json\/wp\/v2\/pages\/83757\/revisions"}],"up":[{"embeddable":true,"href":"https:\/\/www.v-valley.com\/es\/wp-json\/wp\/v2\/pages\/79480"}],"wp:featuredmedia":[{"embeddable":true,"href":"https:\/\/www.v-valley.com\/es\/wp-json\/wp\/v2\/media\/83876"}],"wp:attachment":[{"href":"https:\/\/www.v-valley.com\/es\/wp-json\/wp\/v2\/media?parent=83757"}],"curies":[{"name":"wp","href":"https:\/\/api.w.org\/{rel}","templated":true}]}}