{"id":83743,"date":"2023-03-09T14:46:32","date_gmt":"2023-03-09T13:46:32","guid":{"rendered":"https:\/\/www.v-valley.com\/?page_id=83743"},"modified":"2023-04-18T16:15:23","modified_gmt":"2023-04-18T14:15:23","slug":"servicios-cloud","status":"publish","type":"page","link":"https:\/\/www.v-valley.com\/es\/servicios\/servicios-cloud\/","title":{"rendered":"Servicios Cloud"},"content":{"rendered":"\n<h2>\n\t\tSOLUCIONES CLOUD AVANZADAS E INTREGRALES\n\t<\/h2>\n\t<p>En V-Valley somos expertos en Cloud y contamos con profesionales con experiencia contrastada, talento y creatividad; expertos en el despliegue, evoluci\u00f3n y gesti\u00f3n de entornos complejos en la nube. Ofrecemos a nuestros clientes soluciones Cloud avanzadas e integrales para el desarrollo, implantaci\u00f3n y explotaci\u00f3n de las infraestructuras Cloud.<\/p>\n<p>Te ayudamos con el dise\u00f1o y la arquitectura de tu Cloud, as\u00ed como con la implantaci\u00f3n, monitorizaci\u00f3n y operaciones.<\/p>\n<p>Nuestras soluciones de instalaci\u00f3n y puesta en marcha Cloud abarcan:<\/p>\n\t\t\t <p>Microsoft Azure<\/p>\t\t\n\t\t\t <p>Modern workplace<\/p>\t\t\n\t\t\t <p>Microsoft Dynamics<\/p>\t\t\n\t\t\t\t<img loading=\"lazy\" decoding=\"async\" src=\"https:\/\/statics.v-valley.com\/prod\/2023\/02\/img-cerchio-cloud-300x300.png\" alt=\"img-cerchio-cloud\" itemprop=\"image\" height=\"300\" width=\"300\" title=\"img-cerchio-cloud\" onerror=\"this.style.display='none'\"  \/>\n\t<p>Puedes solicitar presupuesto o contratar cualquiera de estos servicios a trav\u00e9s de nuestro equipo Microsoft.<\/p>\n\t<a name=\"form\"><\/a>\n<h2>\n\t\tComplete el formulario\n\t<\/h2>\n\t<form method=\"post\" enctype=\"multipart\/form-data\" id=\"vfbp-form-17\" class=\"vfbp-form\"><div style=\"display:none;\"><label for=\"vfbp-EMAIL-AN8fuQyoDLXem\">If you are human, leave this field blank.<\/label><input size=\"25\" autocomplete=\"off\" type=\"text\" name=\"vfbp-EMAIL-AN8fuQyoDLXem\" value=\"\" id=\"\"><\/div><input type=\"hidden\" name=\"_vfb-timestamp-17\" value=\"1776150651\" id=\"\"><input type=\"hidden\" name=\"_vfb-form-id\" value=\"17\" id=\"\"><div class=\"vfb-col-12 vfb-fieldType-instructions\" id=\"vfbField178\"><div class=\"vfb-form-group\"><label for=\"vfb-field-178\" class=\"vfb-control-label\"><b>Required information:<\/b><\/label><div class=\"\"><\/div><\/div><\/div><div class=\"vfb-clearfix\"><\/div><div class=\"vfb-col-6 vfb-fieldType-text\" id=\"vfbField179\"><div class=\"vfb-form-group\"><label for=\"vfb-field-179\" class=\"vfb-control-label\">Nombre y Apellido <span class=\"vfb-required-asterisk\">*<\/span><\/label><div><input id=\"vfb-field-179\" class=\"vfb-form-control\" placeholder=\"\" required=\"required\" type=\"text\" name=\"vfb-field-179\" value=\"\"><\/div><\/div><\/div><div class=\"vfb-col-6 vfb-fieldType-text\" id=\"vfbField180\"><div class=\"vfb-form-group\"><label for=\"vfb-field-180\" class=\"vfb-control-label\">Raz\u00f3n Social <span class=\"vfb-required-asterisk\">*<\/span><\/label><div><input id=\"vfb-field-180\" class=\"vfb-form-control\" placeholder=\"\" required=\"required\" type=\"text\" name=\"vfb-field-180\" value=\"\"><\/div><\/div><\/div><div class=\"vfb-clearfix\"><\/div><div class=\"vfb-col-6 vfb-fieldType-phone\" id=\"vfbField181\"><div class=\"vfb-form-group\"><label for=\"vfb-field-181\" class=\"vfb-control-label\">Tel\u00e9fono <span class=\"vfb-required-asterisk\">*<\/span><\/label><div><input id=\"vfb-field-181\" class=\"vfb-form-control vfb-intl-phone\" placeholder=\"\" required=\"required\" data-default-country=\"it\" data-number-type=\"MOBILE\" data-hide-flags=\"1\" data-national-mode=\"1\" data-auto-hide-dial-code=\"1\" type=\"tel\" name=\"vfb-field-181\" value=\"\"><\/div><\/div><\/div><div class=\"vfb-col-6 vfb-fieldType-email\" id=\"vfbField182\"><div class=\"vfb-form-group\"><label for=\"vfb-field-182\" class=\"vfb-control-label\">e-Mail <span class=\"vfb-required-asterisk\">*<\/span><\/label><div><input id=\"vfb-field-182\" class=\"vfb-form-control\" placeholder=\"\" required=\"required\" type=\"email\" name=\"vfb-field-182\" value=\"\"><\/div><\/div><\/div><div class=\"vfb-clearfix\"><\/div><div class=\"vfb-col-12 vfb-fieldType-instructions\" id=\"vfbField183\"><div class=\"vfb-form-group\"><label for=\"vfb-field-183\" class=\"vfb-control-label\"><b>Informaci\u00f3n opcional:<\/b><\/label><div class=\"\"><\/div><\/div><\/div><div class=\"vfb-clearfix\"><\/div><div class=\"vfb-col-6 vfb-fieldType-text\" id=\"vfbField184\"><div class=\"vfb-form-group\"><label for=\"vfb-field-184\" class=\"vfb-control-label\">NIF\/CIF<\/label><div><input id=\"vfb-field-184\" class=\"vfb-form-control\" placeholder=\"\" type=\"text\" name=\"vfb-field-184\" value=\"\"><\/div><\/div><\/div><div class=\"vfb-col-6 vfb-fieldType-text\" id=\"vfbField185\"><div class=\"vfb-form-group\"><label for=\"vfb-field-185\" class=\"vfb-control-label\">N\u00famero de cliente V-Valley<\/label><div><input id=\"vfb-field-185\" class=\"vfb-form-control\" placeholder=\"\" type=\"text\" name=\"vfb-field-185\" value=\"\"><\/div><\/div><\/div><div class=\"vfb-clearfix\"><\/div><div class=\"vfb-col-12 vfb-fieldType-text\" id=\"vfbField186\"><div class=\"vfb-form-group\"><label for=\"vfb-field-186\" class=\"vfb-control-label\">Rol comercial<\/label><div><input id=\"vfb-field-186\" class=\"vfb-form-control\" placeholder=\"\" type=\"text\" name=\"vfb-field-186\" value=\"\"><\/div><\/div><\/div><div class=\"vfb-clearfix\"><\/div><div class=\"vfb-col-12 vfb-fieldType-textarea\" id=\"vfbField187\"><div class=\"vfb-form-group\"><label for=\"vfb-field-187\" class=\"vfb-control-label\">Notas<\/label><div><textarea id=\"vfb-field-187\" class=\"vfb-form-control\" placeholder=\"\" rows=\"3\" name=\"vfb-field-187\" cols=\"50\"><\/textarea><\/div><\/div><\/div><div class=\"vfb-clearfix\"><\/div><div class=\"vfb-col-12 vfb-fieldType-instructions\" id=\"vfbField188\"><div class=\"vfb-form-group\"><label for=\"vfb-field-188\" class=\"vfb-control-label\">Divulgaci\u00f3n<\/label><div class=\"\"><p><div class=\"fl-builder-content fl-builder-content-83893 fl-builder-template fl-builder-module-template fl-builder-global-templates-locked\" data-post-id=\"83893\"><div class=\"fl-module fl-module-rich-text fl-node-g4uw6jpmaoy2\" data-node=\"g4uw6jpmaoy2\">\n\t<div class=\"fl-module-content fl-node-content\">\n\t\t<div class=\"fl-rich-text\">\n\t<p>Estimado usuario, le informamos que mediante este formulario recogemos sus datos de contacto con la finalidad de ponernos en contacto con usted en relaci\u00f3n al inter\u00e9s mostrado. Uno de nuestros especialistas de la sociedad V-Valley Advanced Solutions Espa\u00f1a, S.A.U. (Responsable del tratamiento) se pondr\u00e1 en contacto telef\u00f3nicamente o por correo electr\u00f3nico. Sus datos no ser\u00e1n comunicados a terceros ni ser\u00e1n objeto de difusi\u00f3n; ser\u00e1n conservados por V-Valley Advanced Solutions Espa\u00f1a, S.A.U. durante un plazo m\u00e1ximo de 12 meses, sin perjuicio de la posibilidad de solicitar la supresi\u00f3n de estos antes de tal plazo.<br \/>\nPara cualquier aclaraci\u00f3n, puede ponerse en contacto a trav\u00e9s de la siguiente direcci\u00f3n <a href=\"mailto:privacy@v-valley.com\">privacy@v-valley.com<\/a><br \/>\nPara m\u00e1s informaci\u00f3n sobre el tratamiento de datos personales realizado por V-Valley Advanced Solutions Espa\u00f1a, S.A.U., consulte la <a href=\"https:\/\/policies.esprinet.com\/es\/esprinet\/privacy\" target=\"_blank\" rel=\"noopener\">Pol\u00edtica de Privacidad<\/a>.<\/p>\n<\/div>\n\t<\/div>\n<\/div>\n<\/div><\/p>\n<\/div><\/div><\/div><div class=\"vfb-clearfix\"><\/div><div class=\"vfb-col-12 vfb-fieldType-captcha\" id=\"vfbField189\"><div class=\"vfb-form-group\"><label for=\"vfb-field-189\" class=\"vfb-control-label\">Captcha <span class=\"vfb-required-asterisk\">*<\/span><\/label><div><div class=\"g-recaptcha\" data-sitekey=\"6Lf1ytsiAAAAAEG8JxJHgJzU7R8dykbVhqQAbadd\"><\/div><input type=\"hidden\" name=\"_vfb_recaptcha_enabled\" value=\"1\" id=\"\"><div class=\"vfb-has-error\" id=\"vfb-recaptcha-error\"><span class=\"vfb-help-block\">reCAPTCHA is required.<\/span><\/div><\/div><\/div><\/div><div class=\"vfb-clearfix\"><\/div><div class=\"vfb-col-12 vfb-fieldType-submit\" id=\"vfbField190\"><button id=\"vfb-field-190\" class=\" btn btn-primary\" placeholder=\"\" type=\"submit\" name=\"_vfb-submit\">Enviar<\/button><\/div><div class=\"vfb-clearfix\"><\/div><\/form>\n\n","protected":false},"excerpt":{"rendered":"<p>SOLUCIONES CLOUD AVANZADAS E INTREGRALES En V-Valley somos expertos en Cloud y contamos con profesionales con experiencia contrastada, talento y creatividad; expertos en el despliegue, evoluci\u00f3n y gesti\u00f3n de entornos complejos en la nube. Ofrecemos a nuestros clientes soluciones Cloud avanzadas e integrales para el desarrollo, implantaci\u00f3n y explotaci\u00f3n de las infraestructuras Cloud. Te ayudamos [&hellip;]<\/p>\n","protected":false},"author":6,"featured_media":83868,"parent":79480,"menu_order":0,"comment_status":"closed","ping_status":"closed","template":"templates\/template-single-service.php","meta":{"_acf_changed":false,"_genesis_hide_title":false,"_genesis_hide_breadcrumbs":false,"_genesis_hide_singular_image":false,"_genesis_hide_footer_widgets":false,"_genesis_custom_body_class":"","_genesis_custom_post_class":"","_genesis_layout":"","footnotes":""},"class_list":{"0":"post-83743","1":"page","2":"type-page","3":"status-publish","4":"has-post-thumbnail","6":"entry"},"acf":[],"_links":{"self":[{"href":"https:\/\/www.v-valley.com\/es\/wp-json\/wp\/v2\/pages\/83743","targetHints":{"allow":["GET"]}}],"collection":[{"href":"https:\/\/www.v-valley.com\/es\/wp-json\/wp\/v2\/pages"}],"about":[{"href":"https:\/\/www.v-valley.com\/es\/wp-json\/wp\/v2\/types\/page"}],"author":[{"embeddable":true,"href":"https:\/\/www.v-valley.com\/es\/wp-json\/wp\/v2\/users\/6"}],"replies":[{"embeddable":true,"href":"https:\/\/www.v-valley.com\/es\/wp-json\/wp\/v2\/comments?post=83743"}],"version-history":[{"count":0,"href":"https:\/\/www.v-valley.com\/es\/wp-json\/wp\/v2\/pages\/83743\/revisions"}],"up":[{"embeddable":true,"href":"https:\/\/www.v-valley.com\/es\/wp-json\/wp\/v2\/pages\/79480"}],"wp:featuredmedia":[{"embeddable":true,"href":"https:\/\/www.v-valley.com\/es\/wp-json\/wp\/v2\/media\/83868"}],"wp:attachment":[{"href":"https:\/\/www.v-valley.com\/es\/wp-json\/wp\/v2\/media?parent=83743"}],"curies":[{"name":"wp","href":"https:\/\/api.w.org\/{rel}","templated":true}]}}