{"id":83728,"date":"2023-02-24T11:22:22","date_gmt":"2023-02-24T10:22:22","guid":{"rendered":"https:\/\/www.v-valley.com\/?page_id=83728"},"modified":"2023-04-18T16:15:44","modified_gmt":"2023-04-18T14:15:44","slug":"servicios-datacenter","status":"publish","type":"page","link":"https:\/\/www.v-valley.com\/es\/servicios\/servicios-datacenter\/","title":{"rendered":"Servicios Datacenter"},"content":{"rendered":"\n<h2>\n\t\tSOLUCIONES DE INSTALACI\u00d3N Y PUESTA EN MARCHA\n\t<\/h2>\n\t<p>V-Valley trabaja con especialistas altamente cualificados que garantizan servicios de instalaci\u00f3n y puesta en marcha sobre soluciones datacenter en todo el pa\u00eds.<\/p>\n<p>Actuamos sobre las principales soluciones tecnol\u00f3gicas y fabricantes punteros, garantizando el perfecto funcionamiento de tu infraestructura.<\/p>\n<p>Integramos este servicio con el de consultor\u00eda y preventa, para darte una soluci\u00f3n end to end, en el que siempre estar\u00e1s acompa\u00f1ado por nuestros especialistas.<\/p>\n<p>Nuestras soluciones de instalaci\u00f3n y puesta en marcha abarcan:<\/p>\n\t\t\t <p>Backup y disaster recovery<\/p>\t\t\n\t\t\t <p>Bases de datos<\/p>\t\t\n\t\t\t <p>C\u00f3mputo y almacenamiento<\/p>\t\t\n\t\t\t <p>Infraestructura del CPD<\/p>\t\t\n\t\t\t <p>Iot<\/p>\t\t\n\t\t\t <p>Comunicaciones<\/p>\t\t\n\t\t\t <p>Ciberseguridad<\/p>\t\t\n\t\t\t <p>Videovigilancia<\/p>\t\t\n\t\t\t <p>Virtualizacion<\/p>\t\t\n\t\t\t <p>Puesto de trabajo<\/p>\t\t\n\t\t\t\t<img loading=\"lazy\" decoding=\"async\" src=\"https:\/\/statics.v-valley.com\/prod\/2023\/02\/img-cerchio-datacenter-300x300.png\" alt=\"img-cerchio-datacenter\" itemprop=\"image\" height=\"300\" width=\"300\" title=\"img-cerchio-datacenter\" onerror=\"this.style.display='none'\"  \/>\n\t<p>Puedes solicitar presupuesto o contratar cualquiera de estos servicios a trav\u00e9s de nuestro departamento de servicios tecnol\u00f3gicos.<\/p>\n\t<a name=\"form\"><\/a>\n<h2>\n\t\tComplete el formulario\n\t<\/h2>\n\t<form method=\"post\" enctype=\"multipart\/form-data\" id=\"vfbp-form-15\" class=\"vfbp-form\"><div style=\"display:none;\"><label for=\"vfbp-EMAIL-AN8fuQyoDLXem\">If you are human, leave this field blank.<\/label><input size=\"25\" autocomplete=\"off\" type=\"text\" name=\"vfbp-EMAIL-AN8fuQyoDLXem\" value=\"\" id=\"\"><\/div><input type=\"hidden\" name=\"_vfb-timestamp-15\" value=\"1776874450\" id=\"\"><input type=\"hidden\" name=\"_vfb-form-id\" value=\"15\" id=\"\"><div class=\"vfb-col-12 vfb-fieldType-instructions\" id=\"vfbField152\"><div class=\"vfb-form-group\"><label for=\"vfb-field-152\" class=\"vfb-control-label\"><b>Required information:<\/b><\/label><div class=\"\"><\/div><\/div><\/div><div class=\"vfb-clearfix\"><\/div><div class=\"vfb-col-6 vfb-fieldType-text\" id=\"vfbField153\"><div class=\"vfb-form-group\"><label for=\"vfb-field-153\" class=\"vfb-control-label\">Nombre y Apellido <span class=\"vfb-required-asterisk\">*<\/span><\/label><div><input id=\"vfb-field-153\" class=\"vfb-form-control\" placeholder=\"\" required=\"required\" type=\"text\" name=\"vfb-field-153\" value=\"\"><\/div><\/div><\/div><div class=\"vfb-col-6 vfb-fieldType-text\" id=\"vfbField154\"><div class=\"vfb-form-group\"><label for=\"vfb-field-154\" class=\"vfb-control-label\">Raz\u00f3n Social <span class=\"vfb-required-asterisk\">*<\/span><\/label><div><input id=\"vfb-field-154\" class=\"vfb-form-control\" placeholder=\"\" required=\"required\" type=\"text\" name=\"vfb-field-154\" value=\"\"><\/div><\/div><\/div><div class=\"vfb-clearfix\"><\/div><div class=\"vfb-col-6 vfb-fieldType-phone\" id=\"vfbField155\"><div class=\"vfb-form-group\"><label for=\"vfb-field-155\" class=\"vfb-control-label\">Tel\u00e9fono <span class=\"vfb-required-asterisk\">*<\/span><\/label><div><input id=\"vfb-field-155\" class=\"vfb-form-control vfb-intl-phone\" placeholder=\"\" required=\"required\" data-default-country=\"it\" data-number-type=\"MOBILE\" data-hide-flags=\"1\" data-national-mode=\"1\" data-auto-hide-dial-code=\"1\" type=\"tel\" name=\"vfb-field-155\" value=\"\"><\/div><\/div><\/div><div class=\"vfb-col-6 vfb-fieldType-email\" id=\"vfbField156\"><div class=\"vfb-form-group\"><label for=\"vfb-field-156\" class=\"vfb-control-label\">e-Mail <span class=\"vfb-required-asterisk\">*<\/span><\/label><div><input id=\"vfb-field-156\" class=\"vfb-form-control\" placeholder=\"\" required=\"required\" type=\"email\" name=\"vfb-field-156\" value=\"\"><\/div><\/div><\/div><div class=\"vfb-clearfix\"><\/div><div class=\"vfb-col-12 vfb-fieldType-instructions\" id=\"vfbField157\"><div class=\"vfb-form-group\"><label for=\"vfb-field-157\" class=\"vfb-control-label\"><b>Informaci\u00f3n opcional:<\/b><\/label><div class=\"\"><\/div><\/div><\/div><div class=\"vfb-clearfix\"><\/div><div class=\"vfb-col-6 vfb-fieldType-text\" id=\"vfbField158\"><div class=\"vfb-form-group\"><label for=\"vfb-field-158\" class=\"vfb-control-label\">NIF\/CIF<\/label><div><input id=\"vfb-field-158\" class=\"vfb-form-control\" placeholder=\"\" type=\"text\" name=\"vfb-field-158\" value=\"\"><\/div><\/div><\/div><div class=\"vfb-col-6 vfb-fieldType-text\" id=\"vfbField159\"><div class=\"vfb-form-group\"><label for=\"vfb-field-159\" class=\"vfb-control-label\">N\u00famero de cliente V-Valley<\/label><div><input id=\"vfb-field-159\" class=\"vfb-form-control\" placeholder=\"\" type=\"text\" name=\"vfb-field-159\" value=\"\"><\/div><\/div><\/div><div class=\"vfb-clearfix\"><\/div><div class=\"vfb-col-12 vfb-fieldType-text\" id=\"vfbField160\"><div class=\"vfb-form-group\"><label for=\"vfb-field-160\" class=\"vfb-control-label\">Rol comercial<\/label><div><input id=\"vfb-field-160\" class=\"vfb-form-control\" placeholder=\"\" type=\"text\" name=\"vfb-field-160\" value=\"\"><\/div><\/div><\/div><div class=\"vfb-clearfix\"><\/div><div class=\"vfb-col-12 vfb-fieldType-textarea\" id=\"vfbField161\"><div class=\"vfb-form-group\"><label for=\"vfb-field-161\" class=\"vfb-control-label\">Notas<\/label><div><textarea id=\"vfb-field-161\" class=\"vfb-form-control\" placeholder=\"\" rows=\"3\" name=\"vfb-field-161\" cols=\"50\"><\/textarea><\/div><\/div><\/div><div class=\"vfb-clearfix\"><\/div><div class=\"vfb-col-12 vfb-fieldType-instructions\" id=\"vfbField162\"><div class=\"vfb-form-group\"><label for=\"vfb-field-162\" class=\"vfb-control-label\">Divulgaci\u00f3n<\/label><div class=\"\"><p><div class=\"fl-builder-content fl-builder-content-83893 fl-builder-template fl-builder-module-template fl-builder-global-templates-locked\" data-post-id=\"83893\"><div class=\"fl-module fl-module-rich-text fl-node-g4uw6jpmaoy2\" data-node=\"g4uw6jpmaoy2\">\n\t<div class=\"fl-module-content fl-node-content\">\n\t\t<div class=\"fl-rich-text\">\n\t<p>Estimado usuario, le informamos que mediante este formulario recogemos sus datos de contacto con la finalidad de ponernos en contacto con usted en relaci\u00f3n al inter\u00e9s mostrado. Uno de nuestros especialistas de la sociedad V-Valley Advanced Solutions Espa\u00f1a, S.A.U. (Responsable del tratamiento) se pondr\u00e1 en contacto telef\u00f3nicamente o por correo electr\u00f3nico. Sus datos no ser\u00e1n comunicados a terceros ni ser\u00e1n objeto de difusi\u00f3n; ser\u00e1n conservados por V-Valley Advanced Solutions Espa\u00f1a, S.A.U. durante un plazo m\u00e1ximo de 12 meses, sin perjuicio de la posibilidad de solicitar la supresi\u00f3n de estos antes de tal plazo.<br \/>\nPara cualquier aclaraci\u00f3n, puede ponerse en contacto a trav\u00e9s de la siguiente direcci\u00f3n <a href=\"mailto:privacy@v-valley.com\">privacy@v-valley.com<\/a><br \/>\nPara m\u00e1s informaci\u00f3n sobre el tratamiento de datos personales realizado por V-Valley Advanced Solutions Espa\u00f1a, S.A.U., consulte la <a href=\"https:\/\/policies.esprinet.com\/es\/esprinet\/privacy\" target=\"_blank\" rel=\"noopener\">Pol\u00edtica de Privacidad<\/a>.<\/p>\n<\/div>\n\t<\/div>\n<\/div>\n<\/div><\/p>\n<\/div><\/div><\/div><div class=\"vfb-clearfix\"><\/div><div class=\"vfb-col-12 vfb-fieldType-captcha\" id=\"vfbField163\"><div class=\"vfb-form-group\"><label for=\"vfb-field-163\" class=\"vfb-control-label\">Captcha <span class=\"vfb-required-asterisk\">*<\/span><\/label><div><div class=\"g-recaptcha\" data-sitekey=\"6Lf1ytsiAAAAAEG8JxJHgJzU7R8dykbVhqQAbadd\"><\/div><input type=\"hidden\" name=\"_vfb_recaptcha_enabled\" value=\"1\" id=\"\"><div class=\"vfb-has-error\" id=\"vfb-recaptcha-error\"><span class=\"vfb-help-block\">reCAPTCHA is required.<\/span><\/div><\/div><\/div><\/div><div class=\"vfb-clearfix\"><\/div><div class=\"vfb-col-12 vfb-fieldType-submit\" id=\"vfbField164\"><button id=\"vfb-field-164\" class=\" btn btn-primary\" placeholder=\"\" type=\"submit\" name=\"_vfb-submit\">Enviar<\/button><\/div><div class=\"vfb-clearfix\"><\/div><\/form>\n\n","protected":false},"excerpt":{"rendered":"<p>SOLUCIONES DE INSTALACI\u00d3N Y PUESTA EN MARCHA V-Valley trabaja con especialistas altamente cualificados que garantizan servicios de instalaci\u00f3n y puesta en marcha sobre soluciones datacenter en todo el pa\u00eds. Actuamos sobre las principales soluciones tecnol\u00f3gicas y fabricantes punteros, garantizando el perfecto funcionamiento de tu infraestructura. Integramos este servicio con el de consultor\u00eda y preventa, para [&hellip;]<\/p>\n","protected":false},"author":6,"featured_media":83872,"parent":79480,"menu_order":0,"comment_status":"closed","ping_status":"closed","template":"templates\/template-single-service.php","meta":{"_acf_changed":false,"_genesis_hide_title":false,"_genesis_hide_breadcrumbs":false,"_genesis_hide_singular_image":false,"_genesis_hide_footer_widgets":false,"_genesis_custom_body_class":"","_genesis_custom_post_class":"","_genesis_layout":"","footnotes":""},"class_list":{"0":"post-83728","1":"page","2":"type-page","3":"status-publish","4":"has-post-thumbnail","6":"entry"},"acf":[],"_links":{"self":[{"href":"https:\/\/www.v-valley.com\/es\/wp-json\/wp\/v2\/pages\/83728","targetHints":{"allow":["GET"]}}],"collection":[{"href":"https:\/\/www.v-valley.com\/es\/wp-json\/wp\/v2\/pages"}],"about":[{"href":"https:\/\/www.v-valley.com\/es\/wp-json\/wp\/v2\/types\/page"}],"author":[{"embeddable":true,"href":"https:\/\/www.v-valley.com\/es\/wp-json\/wp\/v2\/users\/6"}],"replies":[{"embeddable":true,"href":"https:\/\/www.v-valley.com\/es\/wp-json\/wp\/v2\/comments?post=83728"}],"version-history":[{"count":0,"href":"https:\/\/www.v-valley.com\/es\/wp-json\/wp\/v2\/pages\/83728\/revisions"}],"up":[{"embeddable":true,"href":"https:\/\/www.v-valley.com\/es\/wp-json\/wp\/v2\/pages\/79480"}],"wp:featuredmedia":[{"embeddable":true,"href":"https:\/\/www.v-valley.com\/es\/wp-json\/wp\/v2\/media\/83872"}],"wp:attachment":[{"href":"https:\/\/www.v-valley.com\/es\/wp-json\/wp\/v2\/media?parent=83728"}],"curies":[{"name":"wp","href":"https:\/\/api.w.org\/{rel}","templated":true}]}}