{"id":83693,"date":"2023-02-21T15:50:07","date_gmt":"2023-02-21T14:50:07","guid":{"rendered":"https:\/\/www.v-valley.com\/?page_id=83693"},"modified":"2023-09-21T16:25:46","modified_gmt":"2023-09-21T14:25:46","slug":"filemaker","status":"publish","type":"page","link":"https:\/\/www.v-valley.com\/es\/vendor\/filemaker\/","title":{"rendered":"FileMaker"},"content":{"rendered":"\r\n\r\n\t\t\t\t<img loading=\"lazy\" decoding=\"async\" src=\"https:\/\/statics.v-valley.com\/prod\/2023\/02\/logo_filemaker.gif\" alt=\"logo_filemaker\" itemprop=\"image\" height=\"55\" width=\"140\" title=\"logo_filemaker\" onerror=\"this.style.display='none'\"  \/>\r\n<h2>\r\n\t\t\u00bfQUI\u00c9N ES FILEMAKER?\r\n\t<\/h2>\r\n\t<p>FileMaker  es una compa\u00f1\u00eda de desarrollo de software de computadora formada como una compa\u00f1\u00eda subsidiaria de Apple Computer en 1987. Centrada en el desarrollo de una aplicaci\u00f3n multiplataforma (Windows y Mac) de bases de datos relacionales.<\/p>\r\n<h2>\r\n\t\tLOS PRODUCTOS DE FILEMAKER\r\n\t<\/h2>\r\n\t<p>FileMaker ofrece una gran herramienta para la\u00a0gesti\u00f3n de bases de datos, tanto a nivel empresarial como familiar o educativo. Con FileMaker se puede administrar de forma sencilla y efectiva una gran cantidad de informaci\u00f3n.<\/p>\r\n\t<p>Software para la creaci\u00f3n de apps personalizadas<\/p>\r\n\r\n","protected":false},"excerpt":{"rendered":"<p>\u00bfQUI\u00c9N ES FILEMAKER? FileMaker es una compa\u00f1\u00eda de desarrollo de software de computadora formada como una compa\u00f1\u00eda subsidiaria de Apple Computer en 1987. Centrada en el desarrollo de una aplicaci\u00f3n multiplataforma (Windows y Mac) de bases de datos relacionales. LOS PRODUCTOS DE FILEMAKER FileMaker ofrece una gran herramienta para la\u00a0gesti\u00f3n de bases de datos, tanto [&hellip;]<\/p>\n","protected":false},"author":6,"featured_media":0,"parent":79554,"menu_order":0,"comment_status":"closed","ping_status":"closed","template":"templates\/template-vendor-category.php","meta":{"_acf_changed":false,"_genesis_hide_title":false,"_genesis_hide_breadcrumbs":false,"_genesis_hide_singular_image":false,"_genesis_hide_footer_widgets":false,"_genesis_custom_body_class":"","_genesis_custom_post_class":"","_genesis_layout":"","footnotes":""},"class_list":{"0":"post-83693","1":"page","2":"type-page","3":"status-publish","5":"entry"},"acf":[],"_links":{"self":[{"href":"https:\/\/www.v-valley.com\/es\/wp-json\/wp\/v2\/pages\/83693","targetHints":{"allow":["GET"]}}],"collection":[{"href":"https:\/\/www.v-valley.com\/es\/wp-json\/wp\/v2\/pages"}],"about":[{"href":"https:\/\/www.v-valley.com\/es\/wp-json\/wp\/v2\/types\/page"}],"author":[{"embeddable":true,"href":"https:\/\/www.v-valley.com\/es\/wp-json\/wp\/v2\/users\/6"}],"replies":[{"embeddable":true,"href":"https:\/\/www.v-valley.com\/es\/wp-json\/wp\/v2\/comments?post=83693"}],"version-history":[{"count":0,"href":"https:\/\/www.v-valley.com\/es\/wp-json\/wp\/v2\/pages\/83693\/revisions"}],"up":[{"embeddable":true,"href":"https:\/\/www.v-valley.com\/es\/wp-json\/wp\/v2\/pages\/79554"}],"wp:attachment":[{"href":"https:\/\/www.v-valley.com\/es\/wp-json\/wp\/v2\/media?parent=83693"}],"curies":[{"name":"wp","href":"https:\/\/api.w.org\/{rel}","templated":true}]}}