{"id":83689,"date":"2023-02-21T15:58:21","date_gmt":"2023-02-21T14:58:21","guid":{"rendered":"https:\/\/www.v-valley.com\/?page_id=83689"},"modified":"2023-09-21T16:25:53","modified_gmt":"2023-09-21T14:25:53","slug":"hornetsecurity","status":"publish","type":"page","link":"https:\/\/www.v-valley.com\/es\/vendor\/hornetsecurity\/","title":{"rendered":"Hornetsecurity"},"content":{"rendered":"\r\n\r\n\t\t\t\t<img loading=\"lazy\" decoding=\"async\" src=\"https:\/\/statics.v-valley.com\/prod\/2023\/02\/logo_hornetsecurity-1.gif\" alt=\"logo_hornetsecurity\" itemprop=\"image\" height=\"55\" width=\"140\" title=\"logo_hornetsecurity\" onerror=\"this.style.display='none'\"  \/>\r\n<h2>\r\n\t\t\u00bfQUI\u00c9N ES HORNETSECURITY?\r\n\t<\/h2>\r\n\t<p>Hornetsecurity es un proveedor l\u00edder de servicios gestionados de seguridad. D\u00eda a d\u00eda, filtran y archivan millones de emails para empresas de todos los tama\u00f1os, as\u00ed como a organizaciones, ofreci\u00e9ndoles una comunicaci\u00f3n electr\u00f3nica segura.<\/p>\r\n<h2>\r\n\t\tLOS PRODUCTOS DE HORNETSECURITY\r\n\t<\/h2>\r\n\t<ul>\r\n<li>365 Total Protection Suite: Seguridad en la nube para Microsoft 365.<\/li>\r\n<li>Email Security &#038; Compliance: M\u00e1xima protecci\u00f3n para tu tr\u00e1fico de correo electr\u00f3nico: spam and malware protection, advanced threat protection y email encryption.<\/li>\r\n<li>Productividad del correo electr\u00f3nico: Mejora y optimiza tu sistema de gesti\u00f3n de emails: archiving de emails, firmas de correo y disclaimers, y continuity service para emergencias.<\/li>\r\n<li>Hornet.email: La plataforma de correo y colaboraci\u00f3n segura basada en la nube.<\/li>\r\n<\/ul>\r\n\t<p>Herramientas de Productividad y Colaboraci\u00f3n<\/p>\r\n\t<p>Software de Backup<\/p>\r\n\t<p>Cloud Security<\/p>\r\n\t<p>Soluciones para Service Providers<\/p>\r\n\r\n","protected":false},"excerpt":{"rendered":"<p>\u00bfQUI\u00c9N ES HORNETSECURITY? Hornetsecurity es un proveedor l\u00edder de servicios gestionados de seguridad. D\u00eda a d\u00eda, filtran y archivan millones de emails para empresas de todos los tama\u00f1os, as\u00ed como a organizaciones, ofreci\u00e9ndoles una comunicaci\u00f3n electr\u00f3nica segura. LOS PRODUCTOS DE HORNETSECURITY 365 Total Protection Suite: Seguridad en la nube para Microsoft 365. Email Security &#038; [&hellip;]<\/p>\n","protected":false},"author":6,"featured_media":0,"parent":79554,"menu_order":0,"comment_status":"closed","ping_status":"closed","template":"templates\/template-vendor-category.php","meta":{"_acf_changed":false,"_genesis_hide_title":false,"_genesis_hide_breadcrumbs":false,"_genesis_hide_singular_image":false,"_genesis_hide_footer_widgets":false,"_genesis_custom_body_class":"","_genesis_custom_post_class":"","_genesis_layout":"","footnotes":""},"class_list":{"0":"post-83689","1":"page","2":"type-page","3":"status-publish","5":"entry"},"acf":[],"_links":{"self":[{"href":"https:\/\/www.v-valley.com\/es\/wp-json\/wp\/v2\/pages\/83689","targetHints":{"allow":["GET"]}}],"collection":[{"href":"https:\/\/www.v-valley.com\/es\/wp-json\/wp\/v2\/pages"}],"about":[{"href":"https:\/\/www.v-valley.com\/es\/wp-json\/wp\/v2\/types\/page"}],"author":[{"embeddable":true,"href":"https:\/\/www.v-valley.com\/es\/wp-json\/wp\/v2\/users\/6"}],"replies":[{"embeddable":true,"href":"https:\/\/www.v-valley.com\/es\/wp-json\/wp\/v2\/comments?post=83689"}],"version-history":[{"count":0,"href":"https:\/\/www.v-valley.com\/es\/wp-json\/wp\/v2\/pages\/83689\/revisions"}],"up":[{"embeddable":true,"href":"https:\/\/www.v-valley.com\/es\/wp-json\/wp\/v2\/pages\/79554"}],"wp:attachment":[{"href":"https:\/\/www.v-valley.com\/es\/wp-json\/wp\/v2\/media?parent=83689"}],"curies":[{"name":"wp","href":"https:\/\/api.w.org\/{rel}","templated":true}]}}