{"id":83681,"date":"2023-02-21T15:39:14","date_gmt":"2023-02-21T14:39:14","guid":{"rendered":"https:\/\/www.v-valley.com\/?page_id=83681"},"modified":"2023-09-21T16:28:24","modified_gmt":"2023-09-21T14:28:24","slug":"trellix","status":"publish","type":"page","link":"https:\/\/www.v-valley.com\/es\/vendor\/trellix\/","title":{"rendered":"Trellix"},"content":{"rendered":"\r\n\r\n\t\t\t\t<img loading=\"lazy\" decoding=\"async\" src=\"https:\/\/statics.v-valley.com\/prod\/2023\/02\/logo_trellix.gif\" alt=\"logo_trellix\" itemprop=\"image\" height=\"55\" width=\"140\" title=\"logo_trellix\" onerror=\"this.style.display='none'\"  \/>\r\n<h2>\r\n\t\t\u00bfQUI\u00c9N ES TRELLIX?\r\n\t<\/h2>\r\n\t<p>Trellix ofrece una arquitectura XDR evolutiva que aprende y se adapta al ritmo de los ciberdelincuentes, y que proporciona inteligencia sobre ciberamenazas avanzadas. Trellix auna protecci\u00f3n de datos y frente a amenazas en cualquier superficie de contacto de su ecosistema local o de nube h\u00edbrida, al tiempo que ofrece de manera exclusiva administraci\u00f3n, automatizaci\u00f3n y orquestaci\u00f3n de la seguridad de su empresa a gran escala.<\/p>\r\n<h2>\r\n\t\tLOS PRODUCTOS DE TRELLIX\r\n\t<\/h2>\r\n\t<p>Trellix ofrece soluciones de seguridad para distintos entornos, donde destacan:<\/p>\r\n<ul>\r\n<li>Puesto de trabajo: Trellix ofrece detecci\u00f3n, remediaci\u00f3n y seguridad del dato, aunando varias capas de seguridad: detecci\u00f3n por firmas, host IPS, host Firewall, URL Filtering, Detecci\u00f3n por Comportamiento, Contenci\u00f3n de Aplicaciones, Machine Learning, Remediaci\u00f3n y EDR, y ofreciendo una estructura de XDR con la confluencia de capas de seguridad completa y todo controlado por su centro neur\u00e1lgico: Trellix ePO. <\/li>\r\n<li>Trellix SecOps, incluye en su portfolio Helix, que a\u00fana SIEM y SOAR en una herramienta cloud de visibilidad y respuesta.<\/li>\r\n<li>Insights, permite obtener datos cruciales sobre el estado de seguridad del entorno de nuestra operaci\u00f3n y las campa\u00f1as que nos pueden amenazar y que est\u00e1n actualmente activas, y. <\/li>\r\n<li>Cloudvisory, una herramienta de Governance y Compliance para todas sus cloud en el formato que sean, SaaS, IaaS o PaaS.<\/li>\r\n<li>Adem\u00e1s, Trellix dispone de una completa plataforma de Email Security, y un IPS dedicado para la protecci\u00f3n de la red. <\/li>\r\n<\/ul>\r\n\t<p>EndPoint Protection (EPP)<\/p>\r\n\t<p>Security Information and Event Management (SIEM)<\/p>\r\n\t<p>Security Orchestration, Automation and Response (SOAR)<\/p>\r\n\t<p>Endpoint Detection Response (EDR)<\/p>\r\n\t<p>Extended Detection and Response (XDR)<\/p>\r\n\t<p>Mobile Threat Defense (MTD)<\/p>\r\n\t<p>Cloud Governance<\/p>\r\n\t<p>IPS<\/p>\r\n\t<p>Data Loss Prevention (DLP)<\/p>\r\n\t<p>Cifrado de discos<\/p>\r\n\t<p>Seguridad de email<\/p>\r\n\r\n","protected":false},"excerpt":{"rendered":"<p>\u00bfQUI\u00c9N ES TRELLIX? Trellix ofrece una arquitectura XDR evolutiva que aprende y se adapta al ritmo de los ciberdelincuentes, y que proporciona inteligencia sobre ciberamenazas avanzadas. Trellix auna protecci\u00f3n de datos y frente a amenazas en cualquier superficie de contacto de su ecosistema local o de nube h\u00edbrida, al tiempo que ofrece de manera exclusiva [&hellip;]<\/p>\n","protected":false},"author":6,"featured_media":0,"parent":79554,"menu_order":0,"comment_status":"closed","ping_status":"closed","template":"templates\/template-vendor-category.php","meta":{"_acf_changed":false,"_genesis_hide_title":false,"_genesis_hide_breadcrumbs":false,"_genesis_hide_singular_image":false,"_genesis_hide_footer_widgets":false,"_genesis_custom_body_class":"","_genesis_custom_post_class":"","_genesis_layout":"","footnotes":""},"class_list":{"0":"post-83681","1":"page","2":"type-page","3":"status-publish","5":"entry"},"acf":[],"_links":{"self":[{"href":"https:\/\/www.v-valley.com\/es\/wp-json\/wp\/v2\/pages\/83681","targetHints":{"allow":["GET"]}}],"collection":[{"href":"https:\/\/www.v-valley.com\/es\/wp-json\/wp\/v2\/pages"}],"about":[{"href":"https:\/\/www.v-valley.com\/es\/wp-json\/wp\/v2\/types\/page"}],"author":[{"embeddable":true,"href":"https:\/\/www.v-valley.com\/es\/wp-json\/wp\/v2\/users\/6"}],"replies":[{"embeddable":true,"href":"https:\/\/www.v-valley.com\/es\/wp-json\/wp\/v2\/comments?post=83681"}],"version-history":[{"count":0,"href":"https:\/\/www.v-valley.com\/es\/wp-json\/wp\/v2\/pages\/83681\/revisions"}],"up":[{"embeddable":true,"href":"https:\/\/www.v-valley.com\/es\/wp-json\/wp\/v2\/pages\/79554"}],"wp:attachment":[{"href":"https:\/\/www.v-valley.com\/es\/wp-json\/wp\/v2\/media?parent=83681"}],"curies":[{"name":"wp","href":"https:\/\/api.w.org\/{rel}","templated":true}]}}