{"id":83656,"date":"2023-02-21T15:28:54","date_gmt":"2023-02-21T14:28:54","guid":{"rendered":"https:\/\/www.v-valley.com\/?page_id=83656"},"modified":"2023-09-21T16:26:26","modified_gmt":"2023-09-21T14:26:26","slug":"multitech","status":"publish","type":"page","link":"https:\/\/www.v-valley.com\/es\/vendor\/multitech\/","title":{"rendered":"MultiTech"},"content":{"rendered":"\r\n\r\n\t\t\t\t<img loading=\"lazy\" decoding=\"async\" src=\"https:\/\/statics.v-valley.com\/prod\/2023\/02\/logo_multitech.gif\" alt=\"logo_multitech\" itemprop=\"image\" height=\"55\" width=\"140\" title=\"logo_multitech\" onerror=\"this.style.display='none'\"  \/>\r\n<h2>\r\n\t\t\u00bfQUI\u00c9N ES MULTITECH?\r\n\t<\/h2>\r\n\t<p>MultiTech, fabricante de Internet of Things (IoT) con m\u00e1s de 50 a\u00f1os de experiencia, ofrece soluciones de comunicaci\u00f3n para el Internet de las cosas con el fin de mejorar el trabajo y la vida aprovechando la tecnolog\u00eda de sensores y conectividad. Su amplia cartera de tecnolog\u00edas, junto con su experiencia en dise\u00f1o, integraci\u00f3n y fabricaci\u00f3n, dan como resultado un rendimiento, una simplicidad y una experiencia de usuario sin precedentes.<\/p>\r\n<h2>\r\n\t\tLOS PRODUCTOS DE MULTITECH\r\n\t<\/h2>\r\n\t<p>MultiTech ofrece una variedad de dispositivos que abordan la conectividad a trav\u00e9s de una variedad de tecnolog\u00edas, incluyendo anal\u00f3gica, Ethernet, celular, PAN y LPWA.<\/p>\r\n<ul>\r\n<li>Gateways, routers y m\u00f3dems IoT.<\/li>\r\n<li>M\u00f3dems integrados para aplicaciones M2M (m\u00f3dems celulares y anal\u00f3gicos).<\/li>\r\n<li>M\u00f3dulos LoRa: proporcionan conectividad de datos IoT de largo alcance y baja tasa de bits. Compatibles con LoRaWAN.<\/li>\r\n<li>M\u00f3dems celulares: listos para integrarse, la funcionalidad de una plataforma inform\u00e1tica programable con la comodidad de una radio celular incorporada, todo en un dise\u00f1o compacto.<\/li>\r\n<li>Herramientas para desarrolladores de IoT: Kits de desarrollo de IoT y simuladores de m\u00f3dem para desarrollar aplicaciones integradas.<\/li>\r\n<\/ul>\r\n\t<p>M2M\/IoT<\/p>\r\n\t<p>Networking<\/p>\r\n\r\n","protected":false},"excerpt":{"rendered":"<p>\u00bfQUI\u00c9N ES MULTITECH? MultiTech, fabricante de Internet of Things (IoT) con m\u00e1s de 50 a\u00f1os de experiencia, ofrece soluciones de comunicaci\u00f3n para el Internet de las cosas con el fin de mejorar el trabajo y la vida aprovechando la tecnolog\u00eda de sensores y conectividad. Su amplia cartera de tecnolog\u00edas, junto con su experiencia en dise\u00f1o, [&hellip;]<\/p>\n","protected":false},"author":6,"featured_media":0,"parent":79554,"menu_order":0,"comment_status":"closed","ping_status":"closed","template":"templates\/template-vendor-category.php","meta":{"_acf_changed":false,"_genesis_hide_title":false,"_genesis_hide_breadcrumbs":false,"_genesis_hide_singular_image":false,"_genesis_hide_footer_widgets":false,"_genesis_custom_body_class":"","_genesis_custom_post_class":"","_genesis_layout":"","footnotes":""},"class_list":{"0":"post-83656","1":"page","2":"type-page","3":"status-publish","5":"entry"},"acf":[],"_links":{"self":[{"href":"https:\/\/www.v-valley.com\/es\/wp-json\/wp\/v2\/pages\/83656","targetHints":{"allow":["GET"]}}],"collection":[{"href":"https:\/\/www.v-valley.com\/es\/wp-json\/wp\/v2\/pages"}],"about":[{"href":"https:\/\/www.v-valley.com\/es\/wp-json\/wp\/v2\/types\/page"}],"author":[{"embeddable":true,"href":"https:\/\/www.v-valley.com\/es\/wp-json\/wp\/v2\/users\/6"}],"replies":[{"embeddable":true,"href":"https:\/\/www.v-valley.com\/es\/wp-json\/wp\/v2\/comments?post=83656"}],"version-history":[{"count":0,"href":"https:\/\/www.v-valley.com\/es\/wp-json\/wp\/v2\/pages\/83656\/revisions"}],"up":[{"embeddable":true,"href":"https:\/\/www.v-valley.com\/es\/wp-json\/wp\/v2\/pages\/79554"}],"wp:attachment":[{"href":"https:\/\/www.v-valley.com\/es\/wp-json\/wp\/v2\/media?parent=83656"}],"curies":[{"name":"wp","href":"https:\/\/api.w.org\/{rel}","templated":true}]}}