{"id":83648,"date":"2023-02-21T15:25:25","date_gmt":"2023-02-21T14:25:25","guid":{"rendered":"https:\/\/www.v-valley.com\/?page_id=83648"},"modified":"2023-09-21T16:25:22","modified_gmt":"2023-09-21T14:25:22","slug":"epson","status":"publish","type":"page","link":"https:\/\/www.v-valley.com\/es\/vendor\/epson\/","title":{"rendered":"Epson"},"content":{"rendered":"\r\n\r\n\t\t\t\t<img loading=\"lazy\" decoding=\"async\" src=\"https:\/\/statics.v-valley.com\/prod\/2023\/02\/logo_epson.gif\" alt=\"logo_epson\" itemprop=\"image\" height=\"55\" width=\"140\" title=\"logo_epson\" onerror=\"this.style.display='none'\"  \/>\r\n<h2>\r\n\t\t\u00bfQUI\u00c9N ES EPSON?\r\n\t<\/h2>\r\n\t<p>Las impresoras de etiquetas EPSON a color eliminan los problemas tradicionales de sobreimpresi\u00f3n t\u00e9rmica. Pueden imprimir f\u00e1cilmente fichas y etiquetas en color personalizadas, de gran calidad y de forma interna, cuando se necesiten.<\/p>\r\n<h2>\r\n\t\tLOS PRODUCTOS DE EPSON\r\n\t<\/h2>\r\n\t<p>Impresoras para puntos de venta (POS)<\/p>\r\n\t<p>Impresoras de etiquetas a color<\/p>\r\n\t<p>Consumibles para los diferentes tipos de impresoras<\/p>\r\n\t<p>Autoidentificaci\u00f3n<\/p>\r\n\r\n","protected":false},"excerpt":{"rendered":"<p>\u00bfQUI\u00c9N ES EPSON? Las impresoras de etiquetas EPSON a color eliminan los problemas tradicionales de sobreimpresi\u00f3n t\u00e9rmica. Pueden imprimir f\u00e1cilmente fichas y etiquetas en color personalizadas, de gran calidad y de forma interna, cuando se necesiten. LOS PRODUCTOS DE EPSON Impresoras para puntos de venta (POS) Impresoras de etiquetas a color Consumibles para los diferentes [&hellip;]<\/p>\n","protected":false},"author":6,"featured_media":0,"parent":79554,"menu_order":0,"comment_status":"closed","ping_status":"closed","template":"templates\/template-vendor-category.php","meta":{"_acf_changed":false,"_genesis_hide_title":false,"_genesis_hide_breadcrumbs":false,"_genesis_hide_singular_image":false,"_genesis_hide_footer_widgets":false,"_genesis_custom_body_class":"","_genesis_custom_post_class":"","_genesis_layout":"","footnotes":""},"class_list":{"0":"post-83648","1":"page","2":"type-page","3":"status-publish","5":"entry"},"acf":[],"_links":{"self":[{"href":"https:\/\/www.v-valley.com\/es\/wp-json\/wp\/v2\/pages\/83648","targetHints":{"allow":["GET"]}}],"collection":[{"href":"https:\/\/www.v-valley.com\/es\/wp-json\/wp\/v2\/pages"}],"about":[{"href":"https:\/\/www.v-valley.com\/es\/wp-json\/wp\/v2\/types\/page"}],"author":[{"embeddable":true,"href":"https:\/\/www.v-valley.com\/es\/wp-json\/wp\/v2\/users\/6"}],"replies":[{"embeddable":true,"href":"https:\/\/www.v-valley.com\/es\/wp-json\/wp\/v2\/comments?post=83648"}],"version-history":[{"count":0,"href":"https:\/\/www.v-valley.com\/es\/wp-json\/wp\/v2\/pages\/83648\/revisions"}],"up":[{"embeddable":true,"href":"https:\/\/www.v-valley.com\/es\/wp-json\/wp\/v2\/pages\/79554"}],"wp:attachment":[{"href":"https:\/\/www.v-valley.com\/es\/wp-json\/wp\/v2\/media?parent=83648"}],"curies":[{"name":"wp","href":"https:\/\/api.w.org\/{rel}","templated":true}]}}