{"id":83608,"date":"2023-02-21T15:03:58","date_gmt":"2023-02-21T14:03:58","guid":{"rendered":"https:\/\/www.v-valley.com\/?page_id=83608"},"modified":"2023-09-21T16:23:49","modified_gmt":"2023-09-21T14:23:49","slug":"a10","status":"publish","type":"page","link":"https:\/\/www.v-valley.com\/es\/vendor\/a10\/","title":{"rendered":"A10"},"content":{"rendered":"\r\n\r\n\t\t\t\t<img loading=\"lazy\" decoding=\"async\" src=\"https:\/\/statics.v-valley.com\/prod\/2023\/02\/logo_A10.gif\" alt=\"logo_A10\" itemprop=\"image\" height=\"55\" width=\"140\" title=\"logo_A10\" onerror=\"this.style.display='none'\"  \/>\r\n<h2>\r\n\t\t\u00bfQUI\u00c9N ES A10?\r\n\t<\/h2>\r\n\t<p>A10 Networks naci\u00f3 el 2004 en San Jos\u00e9, California, donde tiene su headquarter. Desde entonces se ha consolidado como un referente en la disponibilidad y securizaci\u00f3n de las aplicaciones. A10 Networks es una empresa global, con presencia en m\u00e1s de 118 pa\u00edses, dando servicio a m\u00e1s 6700 clientes, de todos los sectores y entre las que se encuentras empresas del \u00abFortune 500\u00bb.<\/p>\r\n<h2>\r\n\t\tLOS PRODUCTOS DE A10\r\n\t<\/h2>\r\n\t<p>A10 Networks ayuda a las empresas en sus procesos de transformaci\u00f3n digital, permitiendo que sus aplicaciones est\u00e9n siempre disponibles y seguras en entornos multi-cloud h\u00edbridos, mediante soluciones de control de entrega de aplicaciones (ADC), de visibilidad SSL y de anti-DDoS de \u00faltima generaci\u00f3n.<\/p>\r\n<ul>\r\n<li>Application Delivery: los Thunder\u00ae ADC son soluciones de alto rendimiento para acelerar y optimizar aplicaciones cr\u00edticas para garantizar la entrega y la confiabilidad.<\/li>\r\n<li>SSL Insight: Thunder\u00ae SSLi\u00ae es la soluci\u00f3n de descifrado m\u00e1s completa del mercado. SSLi descifra el tr\u00e1fico y permite que los dispositivos de seguridad lo analicen sin comprometer el rendimiento.<\/li>\r\n<li>Detecci\u00f3n y mitigaci\u00f3n de DDoS: Thunder TPS\u2122 es la soluci\u00f3n de defensa DDoS de mayor rendimiento de la industria. TPS ofrece detecci\u00f3n y mitigaci\u00f3n de ataques DDoS r\u00e1pida, precisa y escalable.<\/li>\r\n\t<p>Application Delivery Controller (ADC)<\/p>\r\n\t<p>Web Application Firewall (WAF)<\/p>\r\n\t<p>Visibilidad SSL<\/p>\r\n\t<p>Anti DDoS<\/p>\r\n<\/ul>\r\n","protected":false},"excerpt":{"rendered":"<p>\u00bfQUI\u00c9N ES A10? A10 Networks naci\u00f3 el 2004 en San Jos\u00e9, California, donde tiene su headquarter. Desde entonces se ha consolidado como un referente en la disponibilidad y securizaci\u00f3n de las aplicaciones. A10 Networks es una empresa global, con presencia en m\u00e1s de 118 pa\u00edses, dando servicio a m\u00e1s 6700 clientes, de todos los sectores [&hellip;]<\/p>\n","protected":false},"author":6,"featured_media":0,"parent":79554,"menu_order":0,"comment_status":"closed","ping_status":"closed","template":"templates\/template-vendor-category.php","meta":{"_acf_changed":false,"_genesis_hide_title":false,"_genesis_hide_breadcrumbs":false,"_genesis_hide_singular_image":false,"_genesis_hide_footer_widgets":false,"_genesis_custom_body_class":"","_genesis_custom_post_class":"","_genesis_layout":"","footnotes":""},"class_list":{"0":"post-83608","1":"page","2":"type-page","3":"status-publish","5":"entry"},"acf":[],"_links":{"self":[{"href":"https:\/\/www.v-valley.com\/es\/wp-json\/wp\/v2\/pages\/83608","targetHints":{"allow":["GET"]}}],"collection":[{"href":"https:\/\/www.v-valley.com\/es\/wp-json\/wp\/v2\/pages"}],"about":[{"href":"https:\/\/www.v-valley.com\/es\/wp-json\/wp\/v2\/types\/page"}],"author":[{"embeddable":true,"href":"https:\/\/www.v-valley.com\/es\/wp-json\/wp\/v2\/users\/6"}],"replies":[{"embeddable":true,"href":"https:\/\/www.v-valley.com\/es\/wp-json\/wp\/v2\/comments?post=83608"}],"version-history":[{"count":0,"href":"https:\/\/www.v-valley.com\/es\/wp-json\/wp\/v2\/pages\/83608\/revisions"}],"up":[{"embeddable":true,"href":"https:\/\/www.v-valley.com\/es\/wp-json\/wp\/v2\/pages\/79554"}],"wp:attachment":[{"href":"https:\/\/www.v-valley.com\/es\/wp-json\/wp\/v2\/media?parent=83608"}],"curies":[{"name":"wp","href":"https:\/\/api.w.org\/{rel}","templated":true}]}}