{"id":83600,"date":"2023-02-21T15:01:19","date_gmt":"2023-02-21T14:01:19","guid":{"rendered":"https:\/\/www.v-valley.com\/?page_id=83600"},"modified":"2023-09-21T16:24:20","modified_gmt":"2023-09-21T14:24:20","slug":"backbox","status":"publish","type":"page","link":"https:\/\/www.v-valley.com\/es\/vendor\/backbox\/","title":{"rendered":"BackBox"},"content":{"rendered":"\r\n\r\n\t\t\t\t<img loading=\"lazy\" decoding=\"async\" src=\"https:\/\/statics.v-valley.com\/prod\/2023\/02\/logo_backbox.gif\" alt=\"logo_backbox\" itemprop=\"image\" height=\"55\" width=\"140\" title=\"logo_backbox\" onerror=\"this.style.display='none'\"  \/>\r\n<h2>\r\n\t\t\u00bfQUI\u00c9N ES BACKBOX?\r\n\t<\/h2>\r\n\tBackBox, empresa Israel\u00ed fundada en 2009, es l\u00edder del mercado en soluciones de gesti\u00f3n, seguridad y automatizaci\u00f3n de redes.<br \/>\r\nBackBox ayuda a las empresas de todo el mundo a automatizar y optimizar tareas complejas, garantizar el estado y el rendimiento de la red, as\u00ed como auditar los accesos a los dispositivos de la empresa,  logrando una homog\u00e9nea continuidad del negocio y hacer m\u00e1s con menos recursos.\r\n<h2>\r\n\t\tLOS PRODUCTOS DE BACKBOX\r\n\t<\/h2>\r\n\t<p>BackBox es una soluci\u00f3n dise\u00f1ada para realizar cualquier automatizaci\u00f3n en cualquier dispositivo de red, entre ellas, la gesti\u00f3n de las configuraciones de los dispositivos de red y seguridad., su recuperaci\u00f3n en un clic, el inventario de esos dispositivos de la red del cliente, automatizaci\u00f3n de tareas (como actualizaciones de versiones, aplicaciones de parches, cambios masivos en configuraciones, &#8230;), chequeos inteligentes de rendimiento, operaci\u00f3n y seguridad con remediaci\u00f3n automatizada, y control y auditoria de accesos a los dispositivos de seguridad y de red sin necesidad de software de terceros.<\/p>\r\n\t<p>Gesti\u00f3n de las configuraciones<\/p>\r\n\t<p>Inventario de la red<\/p>\r\n\t<p>Auditoria de accesos a dispositivos<\/p>\r\n\t<p>Visualizaci\u00f3n de la red<\/p>\r\n\t<p>Prevenci\u00f3n de fallos en la red<\/p>\r\n\t<p>Automatizaci\u00f3n de tareas<\/p>\r\n\t<p>Chequeos inteligentes de rendimiento, operaci\u00f3n y seguridad<\/p>\r\n\r\n","protected":false},"excerpt":{"rendered":"<p>\u00bfQUI\u00c9N ES BACKBOX? BackBox, empresa Israel\u00ed fundada en 2009, es l\u00edder del mercado en soluciones de gesti\u00f3n, seguridad y automatizaci\u00f3n de redes. BackBox ayuda a las empresas de todo el mundo a automatizar y optimizar tareas complejas, garantizar el estado y el rendimiento de la red, as\u00ed como auditar los accesos a los dispositivos de [&hellip;]<\/p>\n","protected":false},"author":6,"featured_media":0,"parent":79554,"menu_order":0,"comment_status":"closed","ping_status":"closed","template":"templates\/template-vendor-category.php","meta":{"_acf_changed":false,"_genesis_hide_title":false,"_genesis_hide_breadcrumbs":false,"_genesis_hide_singular_image":false,"_genesis_hide_footer_widgets":false,"_genesis_custom_body_class":"","_genesis_custom_post_class":"","_genesis_layout":"","footnotes":""},"class_list":{"0":"post-83600","1":"page","2":"type-page","3":"status-publish","5":"entry"},"acf":[],"_links":{"self":[{"href":"https:\/\/www.v-valley.com\/es\/wp-json\/wp\/v2\/pages\/83600","targetHints":{"allow":["GET"]}}],"collection":[{"href":"https:\/\/www.v-valley.com\/es\/wp-json\/wp\/v2\/pages"}],"about":[{"href":"https:\/\/www.v-valley.com\/es\/wp-json\/wp\/v2\/types\/page"}],"author":[{"embeddable":true,"href":"https:\/\/www.v-valley.com\/es\/wp-json\/wp\/v2\/users\/6"}],"replies":[{"embeddable":true,"href":"https:\/\/www.v-valley.com\/es\/wp-json\/wp\/v2\/comments?post=83600"}],"version-history":[{"count":0,"href":"https:\/\/www.v-valley.com\/es\/wp-json\/wp\/v2\/pages\/83600\/revisions"}],"up":[{"embeddable":true,"href":"https:\/\/www.v-valley.com\/es\/wp-json\/wp\/v2\/pages\/79554"}],"wp:attachment":[{"href":"https:\/\/www.v-valley.com\/es\/wp-json\/wp\/v2\/media?parent=83600"}],"curies":[{"name":"wp","href":"https:\/\/api.w.org\/{rel}","templated":true}]}}