{"id":83592,"date":"2023-02-21T14:49:21","date_gmt":"2023-02-21T13:49:21","guid":{"rendered":"https:\/\/www.v-valley.com\/?page_id=83592"},"modified":"2023-09-21T16:24:49","modified_gmt":"2023-09-21T14:24:49","slug":"countercraft","status":"publish","type":"page","link":"https:\/\/www.v-valley.com\/es\/vendor\/countercraft\/","title":{"rendered":"Countercraft"},"content":{"rendered":"\r\n\r\n\t\t\t\t<img loading=\"lazy\" decoding=\"async\" src=\"https:\/\/statics.v-valley.com\/prod\/2023\/02\/logo_countercraft.gif\" alt=\"logo_countercraft\" itemprop=\"image\" height=\"55\" width=\"140\" title=\"logo_countercraft\" onerror=\"this.style.display='none'\"  \/>\r\n<h2>\r\n\t\t\u00bfQUI\u00c9N ES COUNTERCRAFT?\r\n\t<\/h2>\r\n\t<p>CounterCraft es una empresa de ciberseguridad pionera en la creaci\u00f3n de una plataforma de defensa activa y contrainteligencia para luchar contra el cibercrimen. Hoy en d\u00eda, su soluci\u00f3n es utilizada por gobiernos, fuerzas de seguridad y compa\u00f1\u00edas de Fortune 500.<\/p>\r\n<h2>\r\n\t\tLOS PRODUCTOS DE COUNTERCRAFT\r\n\t<\/h2>\r\n\t<p>La soluci\u00f3n de CounterCraft implementa campa\u00f1as basadas en el enga\u00f1o y ofrece un seguimiento profundo y acciones de respuesta complejas. Ejecuta contrainteligencia automatizada para descubrir ataques dirigidos con una respuesta activa en tiempo real y cero falsos positivos. CounterCraft proporciona una plataforma de enga\u00f1o distribuida que crea migas de pan digitales automatizadas para hacer que los adversarios piensen que est\u00e1n penetrando en las redes de las empresas. Este innovador enfoque de ciberseguridad permite que CounterCraft obtenga informaci\u00f3n sobre los atacantes y sus objetivos mientras los desv\u00eda.<\/p>\r\n\t<p>VPN Threat Intelligence Service<\/p>\r\n\t<p>Pre-Breach Activity Threat Intelligence Service<\/p>\r\n\t<p>Spear Phishing Threat Intelligence Service<\/p>\r\n\t<p>Deception Service<\/p>\r\n\r\n","protected":false},"excerpt":{"rendered":"<p>\u00bfQUI\u00c9N ES COUNTERCRAFT? CounterCraft es una empresa de ciberseguridad pionera en la creaci\u00f3n de una plataforma de defensa activa y contrainteligencia para luchar contra el cibercrimen. Hoy en d\u00eda, su soluci\u00f3n es utilizada por gobiernos, fuerzas de seguridad y compa\u00f1\u00edas de Fortune 500. LOS PRODUCTOS DE COUNTERCRAFT La soluci\u00f3n de CounterCraft implementa campa\u00f1as basadas en [&hellip;]<\/p>\n","protected":false},"author":6,"featured_media":0,"parent":79554,"menu_order":0,"comment_status":"closed","ping_status":"closed","template":"templates\/template-vendor-category.php","meta":{"_acf_changed":false,"_genesis_hide_title":false,"_genesis_hide_breadcrumbs":false,"_genesis_hide_singular_image":false,"_genesis_hide_footer_widgets":false,"_genesis_custom_body_class":"","_genesis_custom_post_class":"","_genesis_layout":"","footnotes":""},"class_list":{"0":"post-83592","1":"page","2":"type-page","3":"status-publish","5":"entry"},"acf":[],"_links":{"self":[{"href":"https:\/\/www.v-valley.com\/es\/wp-json\/wp\/v2\/pages\/83592","targetHints":{"allow":["GET"]}}],"collection":[{"href":"https:\/\/www.v-valley.com\/es\/wp-json\/wp\/v2\/pages"}],"about":[{"href":"https:\/\/www.v-valley.com\/es\/wp-json\/wp\/v2\/types\/page"}],"author":[{"embeddable":true,"href":"https:\/\/www.v-valley.com\/es\/wp-json\/wp\/v2\/users\/6"}],"replies":[{"embeddable":true,"href":"https:\/\/www.v-valley.com\/es\/wp-json\/wp\/v2\/comments?post=83592"}],"version-history":[{"count":0,"href":"https:\/\/www.v-valley.com\/es\/wp-json\/wp\/v2\/pages\/83592\/revisions"}],"up":[{"embeddable":true,"href":"https:\/\/www.v-valley.com\/es\/wp-json\/wp\/v2\/pages\/79554"}],"wp:attachment":[{"href":"https:\/\/www.v-valley.com\/es\/wp-json\/wp\/v2\/media?parent=83592"}],"curies":[{"name":"wp","href":"https:\/\/api.w.org\/{rel}","templated":true}]}}