{"id":83584,"date":"2023-02-21T14:44:22","date_gmt":"2023-02-21T13:44:22","guid":{"rendered":"https:\/\/www.v-valley.com\/?page_id=83584"},"modified":"2023-09-21T16:25:19","modified_gmt":"2023-09-21T14:25:19","slug":"entrust","status":"publish","type":"page","link":"https:\/\/www.v-valley.com\/es\/vendor\/entrust\/","title":{"rendered":"Entrust"},"content":{"rendered":"\r\n\r\n\t\t\t\t<img loading=\"lazy\" decoding=\"async\" src=\"https:\/\/statics.v-valley.com\/prod\/2023\/02\/logo_entrust.gif\" alt=\"logo_entrust\" itemprop=\"image\" height=\"55\" width=\"140\" title=\"logo_entrust\" onerror=\"this.style.display='none'\"  \/>\r\n<h2>\r\n\t\t\u00bfQUI\u00c9N ES ENTRUST?\r\n\t<\/h2>\r\n\t<p>Entrust, empresa l\u00edder en identidad digital, lleva m\u00e1s de 50 a\u00f1os asegurando identidades, pagos y protecci\u00f3n de datos. Hoy m\u00e1s que nunca las personas exigen experiencias seguras y libres de problemas, ya sea al cruzar fronteras, realizar una compra, acceder a servicios gobierno electr\u00f3nico o iniciar sesi\u00f3n en redes corporativas. Entrust ofrece una amplitud inigualable de soluciones de seguridad digital y emisi\u00f3n de credenciales en el n\u00facleo de todas estas interacciones. Con m\u00e1s de 2500 empleados, una red de socios globales y clientes en m\u00e1s de 150 pa\u00edses, no es de extra\u00f1ar que tantas organizaciones conf\u00eden en Entrust.<\/p>\r\n<h2>\r\n\t\tLOS PRODUCTOS DE ENTRUST\r\n\t<\/h2>\r\n\t<p>Dentro del amplio portafolio de Entrust, podemos destacar soluciones de:<\/p>\r\n<ul>\r\n<li>Identidad de usuario: Plataforma inteligente de gesti\u00f3n de identidad y acceso (IAM) que permite a los clientes aplicar un enfoque de Zero Trust, proporcionando autenticaci\u00f3n de usuarios, autorizaci\u00f3n y control de acceso a los recursos adecuados en cualquier momento y lugar.<\/li>\r\n<li>Identidad de m\u00e1quinas: Emita y gestione identidades fuertes de las m\u00e1quinas para permitir la seguridad del IoT y la transformaci\u00f3n digital.<\/li>\r\n<li>Firma digital: Uso de firmas y sellos seguros y verificables para los documentos digitales. Se ofrece como servicio (DSaaS), Servicio de firma remota (RSS), Servicio de automatizaci\u00f3n de firmas (SAS) y Certificados de firma digital.<\/li>\r\n<li>Seguridad de bases de datos:  Seguridad de bases de datos con cifrado, gesti\u00f3n de claves y un fuerte control de pol\u00edticas y acceso.<\/li>\r\n<li>Seguridad en m\u00faltiples nubes: Protecci\u00f3n y cumplimiento de claves, datos y cargas de trabajo en entornos h\u00edbridos y de m\u00faltiples nubes, combinando la gesti\u00f3n de claves criptogr\u00e1ficas de m\u00e1quinas virtuales, contenedores y las claves secretas con la gesti\u00f3n del cumplimiento.<\/li>\r\n<li>Gesti\u00f3n del ciclo de vida y protecci\u00f3n de las claves de cifrado ya sea en la nube o in situ (Bloombase, Cohesity, IBM, Microsoft, NetApp, Nutanix, Oracle, Quantum, Red Hat, Rubrik, VMware).<\/li>\r\n<li>Los HSM nShield proporcionan un entorno s\u00f3lido donde gestionar claves y realizar operaciones criptogr\u00e1ficas, todo ello bajo certificaciones FIPS 140-2 y Common Criteria(eIDAS).<\/li>\r\n<li>Infraestructura de clave p\u00fablica (PKI) in situ o en la nube o como servicio.<\/li>\r\n\t<p>Gesti\u00f3n de Identidad y Accesos<\/p>\r\n\t<p>Firma Digital<\/p>\r\n\t<p>Hardware Security Module<\/p>\r\n\t<p>Infraestructura de clave p\u00fablica (PKI)<\/p>\r\n\t<p>Gesti\u00f3n y control de certificados<\/p>\r\n\t<p>Protecci\u00f3n de claves<\/p>\r\n\t<p>Bring your own Key (BYOK)<\/p>\r\n\t<p>Seguridad nube p\u00fablica<\/p>\r\n\t<p>Seguridad nube privada<\/p>\r\n<\/ul>\r\n","protected":false},"excerpt":{"rendered":"<p>\u00bfQUI\u00c9N ES ENTRUST? Entrust, empresa l\u00edder en identidad digital, lleva m\u00e1s de 50 a\u00f1os asegurando identidades, pagos y protecci\u00f3n de datos. Hoy m\u00e1s que nunca las personas exigen experiencias seguras y libres de problemas, ya sea al cruzar fronteras, realizar una compra, acceder a servicios gobierno electr\u00f3nico o iniciar sesi\u00f3n en redes corporativas. Entrust ofrece [&hellip;]<\/p>\n","protected":false},"author":6,"featured_media":0,"parent":79554,"menu_order":0,"comment_status":"closed","ping_status":"closed","template":"templates\/template-vendor-category.php","meta":{"_acf_changed":false,"_genesis_hide_title":false,"_genesis_hide_breadcrumbs":false,"_genesis_hide_singular_image":false,"_genesis_hide_footer_widgets":false,"_genesis_custom_body_class":"","_genesis_custom_post_class":"","_genesis_layout":"","footnotes":""},"class_list":{"0":"post-83584","1":"page","2":"type-page","3":"status-publish","5":"entry"},"acf":[],"_links":{"self":[{"href":"https:\/\/www.v-valley.com\/es\/wp-json\/wp\/v2\/pages\/83584","targetHints":{"allow":["GET"]}}],"collection":[{"href":"https:\/\/www.v-valley.com\/es\/wp-json\/wp\/v2\/pages"}],"about":[{"href":"https:\/\/www.v-valley.com\/es\/wp-json\/wp\/v2\/types\/page"}],"author":[{"embeddable":true,"href":"https:\/\/www.v-valley.com\/es\/wp-json\/wp\/v2\/users\/6"}],"replies":[{"embeddable":true,"href":"https:\/\/www.v-valley.com\/es\/wp-json\/wp\/v2\/comments?post=83584"}],"version-history":[{"count":0,"href":"https:\/\/www.v-valley.com\/es\/wp-json\/wp\/v2\/pages\/83584\/revisions"}],"up":[{"embeddable":true,"href":"https:\/\/www.v-valley.com\/es\/wp-json\/wp\/v2\/pages\/79554"}],"wp:attachment":[{"href":"https:\/\/www.v-valley.com\/es\/wp-json\/wp\/v2\/media?parent=83584"}],"curies":[{"name":"wp","href":"https:\/\/api.w.org\/{rel}","templated":true}]}}