{"id":83576,"date":"2023-02-21T14:36:57","date_gmt":"2023-02-21T13:36:57","guid":{"rendered":"https:\/\/www.v-valley.com\/?page_id=83576"},"modified":"2023-09-21T16:27:14","modified_gmt":"2023-09-21T14:27:14","slug":"sage","status":"publish","type":"page","link":"https:\/\/www.v-valley.com\/es\/vendor\/sage\/","title":{"rendered":"Sage"},"content":{"rendered":"\r\n\r\n\t\t\t\t<img loading=\"lazy\" decoding=\"async\" src=\"https:\/\/statics.v-valley.com\/prod\/2023\/02\/logo_sage.gif\" alt=\"logo_sage\" itemprop=\"image\" height=\"55\" width=\"140\" title=\"logo_sage\" onerror=\"this.style.display='none'\"  \/>\r\n<h2>\r\n\t\t\u00bfQUI\u00c9N ES SAGE?\r\n\t<\/h2>\r\n\t<p>Sage es el l\u00edder del mercado en sistemas de contabilidad, n\u00f3minas y pagos para empresarios y emprendedores de todo el mundo. <\/p>\r\n<h2>\r\n\t\tLOS PRODUCTOS DE SAGE\r\n\t<\/h2>\r\n\t<p>Contabilidad y Gesti\u00f3n <\/p>\r\n<ul>\r\n<li>Sage 50: Contabilidad y gesti\u00f3n comercial integrada con tus bancos y con Microsoft 365.<\/li>\r\n<li>Sage Contabilidad y Facturaci\u00f3n: Contabilidad y facturaci\u00f3n b\u00e1sica para startups y aut\u00f3nomos en la nube.<\/li>\r\n<\/ul>\r\n<p>ERP &#8211; Gesti\u00f3n Empresarial<\/p>\r\n<ul>\r\n<li>Sage 200: Soluci\u00f3n completa de gesti\u00f3n integral modular adaptable a las necesidades de las medianas empresas.<\/li>\r\n<li>Sage X3: Mucho m\u00e1s que un ERP. Una visi\u00f3n \u00fanica de tu negocio, para gestionar tu empresa a escala internacional.<\/li>\r\n<li>Sage XRT: Controla los procesos financieros y la liquidez de tu empresa.<\/li>\r\n<\/ul>\r\n<p>Recursos Humanos y N\u00f3minas<\/p>\r\n<ul>\r\n<li>Sage HR: Soluci\u00f3n cloud para la gesti\u00f3n \u00e1gil de recursos humanos<\/li>\r\n<li>Sage 200 Laboral: Soluci\u00f3n modular, escalable y completa para toda la gesti\u00f3n laboral.<\/li>\r\n<\/ul>\r\n\t<p>Software de gesti\u00f3n y contabilidad<\/p>\r\n\r\n","protected":false},"excerpt":{"rendered":"<p>\u00bfQUI\u00c9N ES SAGE? Sage es el l\u00edder del mercado en sistemas de contabilidad, n\u00f3minas y pagos para empresarios y emprendedores de todo el mundo. LOS PRODUCTOS DE SAGE Contabilidad y Gesti\u00f3n Sage 50: Contabilidad y gesti\u00f3n comercial integrada con tus bancos y con Microsoft 365. Sage Contabilidad y Facturaci\u00f3n: Contabilidad y facturaci\u00f3n b\u00e1sica para startups [&hellip;]<\/p>\n","protected":false},"author":6,"featured_media":0,"parent":79554,"menu_order":0,"comment_status":"closed","ping_status":"closed","template":"templates\/template-vendor-category.php","meta":{"_acf_changed":false,"_genesis_hide_title":false,"_genesis_hide_breadcrumbs":false,"_genesis_hide_singular_image":false,"_genesis_hide_footer_widgets":false,"_genesis_custom_body_class":"","_genesis_custom_post_class":"","_genesis_layout":"","footnotes":""},"class_list":{"0":"post-83576","1":"page","2":"type-page","3":"status-publish","5":"entry"},"acf":[],"_links":{"self":[{"href":"https:\/\/www.v-valley.com\/es\/wp-json\/wp\/v2\/pages\/83576","targetHints":{"allow":["GET"]}}],"collection":[{"href":"https:\/\/www.v-valley.com\/es\/wp-json\/wp\/v2\/pages"}],"about":[{"href":"https:\/\/www.v-valley.com\/es\/wp-json\/wp\/v2\/types\/page"}],"author":[{"embeddable":true,"href":"https:\/\/www.v-valley.com\/es\/wp-json\/wp\/v2\/users\/6"}],"replies":[{"embeddable":true,"href":"https:\/\/www.v-valley.com\/es\/wp-json\/wp\/v2\/comments?post=83576"}],"version-history":[{"count":0,"href":"https:\/\/www.v-valley.com\/es\/wp-json\/wp\/v2\/pages\/83576\/revisions"}],"up":[{"embeddable":true,"href":"https:\/\/www.v-valley.com\/es\/wp-json\/wp\/v2\/pages\/79554"}],"wp:attachment":[{"href":"https:\/\/www.v-valley.com\/es\/wp-json\/wp\/v2\/media?parent=83576"}],"curies":[{"name":"wp","href":"https:\/\/api.w.org\/{rel}","templated":true}]}}