{"id":83544,"date":"2023-02-21T12:46:31","date_gmt":"2023-02-21T11:46:31","guid":{"rendered":"https:\/\/www.v-valley.com\/?page_id=83544"},"modified":"2023-09-21T16:25:12","modified_gmt":"2023-09-21T14:25:12","slug":"datalogic","status":"publish","type":"page","link":"https:\/\/www.v-valley.com\/es\/vendor\/datalogic\/","title":{"rendered":"Datalogic"},"content":{"rendered":"\r\n\r\n\t\t\t\t<img loading=\"lazy\" decoding=\"async\" src=\"https:\/\/statics.v-valley.com\/prod\/2023\/02\/logo_datalogic.gif\" alt=\"logo_datalogic\" itemprop=\"image\" height=\"55\" width=\"140\" title=\"logo_datalogic\" onerror=\"this.style.display='none'\"  \/>\r\n<h2>\r\n\t\t\u00bfQUI\u00c9N ES DATALOGIC?\r\n\t<\/h2>\r\n\t<p>Datalogic es un l\u00edder tecnol\u00f3gico global en los mercados de captura autom\u00e1tica de datos y automatizaci\u00f3n de f\u00e1bricas, especializado en el dise\u00f1o y fabricaci\u00f3n de lectores de c\u00f3digos de barras, terminales port\u00e1tiles, sensores para la detecci\u00f3n, medici\u00f3n y seguridad, sistemas de visi\u00f3n y de marcaci\u00f3n l\u00e1ser.<\/p>\r\n<h2>\r\n\t\tLOS PRODUCTOS DE DATALOGIC\r\n\t<\/h2>\r\n\t<ul>\r\n<li>Fixed Retail Scanners<\/li>\r\n<li>Lectores de Mano<\/li>\r\n<li>Terminales Port\u00e1tiles: recogen, gestionan y almacenan los datos recogidos mediante c\u00f3digos de barras<\/li>\r\n<li>Sensores: para la automatizaci\u00f3n industrial de plantas y maquinaria en una gran variedad de industrias y aplicaciones, desde la fabricaci\u00f3n hasta la log\u00edstica<\/li>\r\n<li>Marcaci\u00f3n L\u00e1ser: marcado permanentes, indelebles y fiables<\/li>\r\n<li>Seguridad: para la protecci\u00f3n de los operarios y en zonas, plantas y maquinaria potencialmente peligrosas<\/li>\r\n<li>Visi\u00f3n: de c\u00e1maras inteligentes hasta sistemas de visi\u00f3n integrados<\/li>\r\n<li>Esc\u00e1neres Industriales Fijos<\/li>\r\n<li>Sistemas RFID<\/li>\r\n<li>OEM Barcode Reader: captura y salida de datos a trav\u00e9s de varias interfaces a su sistema anfitri\u00f3n<\/li>\r\n<\/ul>\r\n\t<p>Autoidentificaci\u00f3n<\/p>\r\n\r\n","protected":false},"excerpt":{"rendered":"<p>\u00bfQUI\u00c9N ES DATALOGIC? Datalogic es un l\u00edder tecnol\u00f3gico global en los mercados de captura autom\u00e1tica de datos y automatizaci\u00f3n de f\u00e1bricas, especializado en el dise\u00f1o y fabricaci\u00f3n de lectores de c\u00f3digos de barras, terminales port\u00e1tiles, sensores para la detecci\u00f3n, medici\u00f3n y seguridad, sistemas de visi\u00f3n y de marcaci\u00f3n l\u00e1ser. LOS PRODUCTOS DE DATALOGIC Fixed Retail [&hellip;]<\/p>\n","protected":false},"author":6,"featured_media":0,"parent":79554,"menu_order":0,"comment_status":"closed","ping_status":"closed","template":"templates\/template-vendor-category.php","meta":{"_acf_changed":false,"_genesis_hide_title":false,"_genesis_hide_breadcrumbs":false,"_genesis_hide_singular_image":false,"_genesis_hide_footer_widgets":false,"_genesis_custom_body_class":"","_genesis_custom_post_class":"","_genesis_layout":"","footnotes":""},"class_list":{"0":"post-83544","1":"page","2":"type-page","3":"status-publish","5":"entry"},"acf":[],"_links":{"self":[{"href":"https:\/\/www.v-valley.com\/es\/wp-json\/wp\/v2\/pages\/83544","targetHints":{"allow":["GET"]}}],"collection":[{"href":"https:\/\/www.v-valley.com\/es\/wp-json\/wp\/v2\/pages"}],"about":[{"href":"https:\/\/www.v-valley.com\/es\/wp-json\/wp\/v2\/types\/page"}],"author":[{"embeddable":true,"href":"https:\/\/www.v-valley.com\/es\/wp-json\/wp\/v2\/users\/6"}],"replies":[{"embeddable":true,"href":"https:\/\/www.v-valley.com\/es\/wp-json\/wp\/v2\/comments?post=83544"}],"version-history":[{"count":0,"href":"https:\/\/www.v-valley.com\/es\/wp-json\/wp\/v2\/pages\/83544\/revisions"}],"up":[{"embeddable":true,"href":"https:\/\/www.v-valley.com\/es\/wp-json\/wp\/v2\/pages\/79554"}],"wp:attachment":[{"href":"https:\/\/www.v-valley.com\/es\/wp-json\/wp\/v2\/media?parent=83544"}],"curies":[{"name":"wp","href":"https:\/\/api.w.org\/{rel}","templated":true}]}}