{"id":83525,"date":"2023-02-21T12:35:47","date_gmt":"2023-02-21T11:35:47","guid":{"rendered":"https:\/\/www.v-valley.com\/?page_id=83525"},"modified":"2023-09-21T16:24:29","modified_gmt":"2023-09-21T14:24:29","slug":"brother","status":"publish","type":"page","link":"https:\/\/www.v-valley.com\/es\/vendor\/brother\/","title":{"rendered":"Brother"},"content":{"rendered":"\r\n\r\n\t\t\t\t<img loading=\"lazy\" decoding=\"async\" src=\"https:\/\/statics.v-valley.com\/prod\/2023\/02\/logo_brother.gif\" alt=\"logo_brother\" itemprop=\"image\" height=\"55\" width=\"140\" title=\"logo_brother\" onerror=\"this.style.display='none'\"  \/>\r\n<h2>\r\n\t\t\u00bfQUI\u00c9N ES BROTHER?\r\n\t<\/h2>\r\n\t<p>La amplia gama de soluciones Brother permite satisfacer necesidades en todo tipo de entornos profesionales, desde impresoras l\u00e1ser, multifunci\u00f3n, de tinta, industriales, port\u00e1tiles, de etiquetas y recibos, hasta esc\u00e1neres para cubrir las necesidades de digitalizaci\u00f3n de los distintos sectores de actividad.<\/p>\r\n<h2>\r\n\t\tLOS PRODUCTOS DE BROTHER\r\n\t<\/h2>\r\n\t<p>Las soluciones de Brother est\u00e1n dise\u00f1adas pensando en la productividad y la integraci\u00f3n en cualquier entorno: <\/p>\r\n<ul>\r\n<li>Sector alimentario, e instaladores, hortofruct\u00edcola, Horeca, sanidad, retail, sector legal, transporte y log\u00edstica, movilidad.<\/li>\r\n<li>Impresoras port\u00e1tiles: permiten imprimir documentos, etiquetas y recibos cuando y donde sea necesario.<\/li>\r\n<li>Impresoras industriales de etiquetas que permiten un volumen de impresi\u00f3n superior a 1.000 etiquetas al d\u00eda.<\/li>\r\n<\/ul>\r\n\t<p>Autoidentificaci\u00f3n<\/p>\r\n\r\n","protected":false},"excerpt":{"rendered":"<p>\u00bfQUI\u00c9N ES BROTHER? La amplia gama de soluciones Brother permite satisfacer necesidades en todo tipo de entornos profesionales, desde impresoras l\u00e1ser, multifunci\u00f3n, de tinta, industriales, port\u00e1tiles, de etiquetas y recibos, hasta esc\u00e1neres para cubrir las necesidades de digitalizaci\u00f3n de los distintos sectores de actividad. LOS PRODUCTOS DE BROTHER Las soluciones de Brother est\u00e1n dise\u00f1adas pensando [&hellip;]<\/p>\n","protected":false},"author":6,"featured_media":0,"parent":79554,"menu_order":0,"comment_status":"closed","ping_status":"closed","template":"templates\/template-vendor-category.php","meta":{"_acf_changed":false,"_genesis_hide_title":false,"_genesis_hide_breadcrumbs":false,"_genesis_hide_singular_image":false,"_genesis_hide_footer_widgets":false,"_genesis_custom_body_class":"","_genesis_custom_post_class":"","_genesis_layout":"","footnotes":""},"class_list":{"0":"post-83525","1":"page","2":"type-page","3":"status-publish","5":"entry"},"acf":[],"_links":{"self":[{"href":"https:\/\/www.v-valley.com\/es\/wp-json\/wp\/v2\/pages\/83525","targetHints":{"allow":["GET"]}}],"collection":[{"href":"https:\/\/www.v-valley.com\/es\/wp-json\/wp\/v2\/pages"}],"about":[{"href":"https:\/\/www.v-valley.com\/es\/wp-json\/wp\/v2\/types\/page"}],"author":[{"embeddable":true,"href":"https:\/\/www.v-valley.com\/es\/wp-json\/wp\/v2\/users\/6"}],"replies":[{"embeddable":true,"href":"https:\/\/www.v-valley.com\/es\/wp-json\/wp\/v2\/comments?post=83525"}],"version-history":[{"count":0,"href":"https:\/\/www.v-valley.com\/es\/wp-json\/wp\/v2\/pages\/83525\/revisions"}],"up":[{"embeddable":true,"href":"https:\/\/www.v-valley.com\/es\/wp-json\/wp\/v2\/pages\/79554"}],"wp:attachment":[{"href":"https:\/\/www.v-valley.com\/es\/wp-json\/wp\/v2\/media?parent=83525"}],"curies":[{"name":"wp","href":"https:\/\/api.w.org\/{rel}","templated":true}]}}