{"id":83509,"date":"2023-02-21T12:22:12","date_gmt":"2023-02-21T11:22:12","guid":{"rendered":"https:\/\/www.v-valley.com\/?page_id=83509"},"modified":"2024-07-24T09:15:02","modified_gmt":"2024-07-24T07:15:02","slug":"d-link","status":"publish","type":"page","link":"https:\/\/www.v-valley.com\/es\/vendor\/d-link\/","title":{"rendered":"D-Link"},"content":{"rendered":"\n\n\t\t\t\t<img loading=\"lazy\" decoding=\"async\" src=\"https:\/\/statics.v-valley.com\/prod\/2023\/02\/logo_d-link.gif\" alt=\"logo_d-link\" itemprop=\"image\" height=\"55\" width=\"140\" title=\"logo_d-link\" onerror=\"this.style.display='none'\"  \/>\n<h2>\n\t\t\u00bfQUI\u00c9N ES D-LINK?\n\t<\/h2>\n\t<p>D-Link, es uno de los fabricantes de\u00a0infraestructuras de networking\u00a0l\u00edderes a nivel mundial y lleva m\u00e1s de 30 a\u00f1os proporcionando productos innovadores y de alto rendimiento a consumidores y empresas.<\/p>\n<h2>\n\t\tLOS PRODUCTOS DE D-LINK\n\t<\/h2>\n\t<p>D-Link ofrece un amplio portfolio, especialmente en switching, siendo lider en el mercado en switching smart durante a\u00f1os. Adicionalmente oferece preventa consultiva, an\u00e1lisis de redes wifi, recolecci\u00f3n de datos en cliente y dimensionamiento de proyectos, formaci\u00f3n, consultor\u00eda,&#8230;<\/p>\n\t<p>Puntos de acceso<\/p>\n\t<p>Switches<\/p>\n\t<p>Switches industriales<\/p>\n\t<p>Routers<\/p>\n\t<p>Adaptadores de red<\/p>\n\t<p>C\u00e1maras ip<\/p>\n\n","protected":false},"excerpt":{"rendered":"<p>\u00bfQUI\u00c9N ES D-LINK? D-Link, es uno de los fabricantes de\u00a0infraestructuras de networking\u00a0l\u00edderes a nivel mundial y lleva m\u00e1s de 30 a\u00f1os proporcionando productos innovadores y de alto rendimiento a consumidores y empresas. LOS PRODUCTOS DE D-LINK D-Link ofrece un amplio portfolio, especialmente en switching, siendo lider en el mercado en switching smart durante a\u00f1os. Adicionalmente [&hellip;]<\/p>\n","protected":false},"author":6,"featured_media":0,"parent":79554,"menu_order":0,"comment_status":"closed","ping_status":"closed","template":"templates\/template-vendor-category.php","meta":{"_acf_changed":false,"_genesis_hide_title":false,"_genesis_hide_breadcrumbs":false,"_genesis_hide_singular_image":false,"_genesis_hide_footer_widgets":false,"_genesis_custom_body_class":"","_genesis_custom_post_class":"","_genesis_layout":"","footnotes":""},"class_list":{"0":"post-83509","1":"page","2":"type-page","3":"status-publish","5":"entry"},"acf":[],"_links":{"self":[{"href":"https:\/\/www.v-valley.com\/es\/wp-json\/wp\/v2\/pages\/83509","targetHints":{"allow":["GET"]}}],"collection":[{"href":"https:\/\/www.v-valley.com\/es\/wp-json\/wp\/v2\/pages"}],"about":[{"href":"https:\/\/www.v-valley.com\/es\/wp-json\/wp\/v2\/types\/page"}],"author":[{"embeddable":true,"href":"https:\/\/www.v-valley.com\/es\/wp-json\/wp\/v2\/users\/6"}],"replies":[{"embeddable":true,"href":"https:\/\/www.v-valley.com\/es\/wp-json\/wp\/v2\/comments?post=83509"}],"version-history":[{"count":0,"href":"https:\/\/www.v-valley.com\/es\/wp-json\/wp\/v2\/pages\/83509\/revisions"}],"up":[{"embeddable":true,"href":"https:\/\/www.v-valley.com\/es\/wp-json\/wp\/v2\/pages\/79554"}],"wp:attachment":[{"href":"https:\/\/www.v-valley.com\/es\/wp-json\/wp\/v2\/media?parent=83509"}],"curies":[{"name":"wp","href":"https:\/\/api.w.org\/{rel}","templated":true}]}}