{"id":83505,"date":"2023-02-21T12:20:15","date_gmt":"2023-02-21T11:20:15","guid":{"rendered":"https:\/\/www.v-valley.com\/?page_id=83505"},"modified":"2023-09-21T16:28:35","modified_gmt":"2023-09-21T14:28:35","slug":"zigor","status":"publish","type":"page","link":"https:\/\/www.v-valley.com\/es\/vendor\/zigor\/","title":{"rendered":"Zigor"},"content":{"rendered":"\r\n\r\n\t\t\t\t<img loading=\"lazy\" decoding=\"async\" src=\"https:\/\/statics.v-valley.com\/prod\/2023\/02\/logo_zigor.gif\" alt=\"logo_zigor\" itemprop=\"image\" height=\"55\" width=\"140\" title=\"logo_zigor\" onerror=\"this.style.display='none'\"  \/>\r\n<h2>\r\n\t\t\u00bfQUI\u00c9N ES ZIGOR?\r\n\t<\/h2>\r\n\t<p>ZIGOR, empresa l\u00edder con dise\u00f1o e ingenier\u00eda propia, ha desarrollado una nueva gama de SAI\/UPS con el prop\u00f3sito de aportar soluciones personalizadas a las nuevas demandas del mercado en energ\u00eda segura.<\/p>\r\n<p>En caso de un problema en el suministro el\u00e9ctrico, las UPS de ZIGOR aportan una soluci\u00f3n fiable. Adem\u00e1s todos sus equipos profesionales cuentan con accesorios de comunicaci\u00f3n para tarjetas de contacto seco, tarjeta SNMP para gesti\u00f3n de red o protocolos MODBUS.<\/p>\r\n<h2>\r\n\t\tLOS PRODUCTOS DE ZIGOR\r\n\t<\/h2>\r\n\t<p>Zigor dispone de una gama completa con soluciones de protecci\u00f3n el\u00e9ctrica y gesti\u00f3n. SAIs monof\u00e1sicos y trif\u00e1sicos para aplicaciones que van desde peque\u00f1as oficinas y \u00e1mbito dom\u00e9stico, hasta grandes plantas industriales.<\/p>\r\n<ul>\r\n<li>Small Office-Home Office (SOHO). La mejor soluci\u00f3n para proteger PC, estaciones de trabajo, o entornos audiovisuales. Gama ZGR Inio, ZGR Quick, ZGR OPtime, ZGR Steady.<\/li>\r\n<li>Redes y servidores. Equipos online doble conversi\u00f3n para trabajar en un entorno profesional con servidores, Voz y datos (VOIP) , y otras aplicaciones cr\u00edticas. ZGR TOWER Pro, ZGR Efficient.<\/li>\r\n<li>Industria y Data Centers. Equipos trif\u00e1sicos para garantizar la continuidad y control de aplicaciones cr\u00edticas, procesos industriales, infraestructuras y Data Centers. ZGR Scalable, ZGR Influence.<\/li>\r\n<\/ul>\r\n\t<p>SAI<\/p>\r\n\t<p>UPS<\/p>\r\n\t<p>Datacenter<\/p>\r\n\t<p>Calidad de red<\/p>\r\n\t<p>Energ\u00eda renovable<\/p>\r\n\t<p>Movilidad el\u00e9ctrica<\/p>\r\n\r\n","protected":false},"excerpt":{"rendered":"<p>\u00bfQUI\u00c9N ES ZIGOR? ZIGOR, empresa l\u00edder con dise\u00f1o e ingenier\u00eda propia, ha desarrollado una nueva gama de SAI\/UPS con el prop\u00f3sito de aportar soluciones personalizadas a las nuevas demandas del mercado en energ\u00eda segura. En caso de un problema en el suministro el\u00e9ctrico, las UPS de ZIGOR aportan una soluci\u00f3n fiable. Adem\u00e1s todos sus equipos [&hellip;]<\/p>\n","protected":false},"author":6,"featured_media":0,"parent":79554,"menu_order":0,"comment_status":"closed","ping_status":"closed","template":"templates\/template-vendor-category.php","meta":{"_acf_changed":false,"_genesis_hide_title":false,"_genesis_hide_breadcrumbs":false,"_genesis_hide_singular_image":false,"_genesis_hide_footer_widgets":false,"_genesis_custom_body_class":"","_genesis_custom_post_class":"","_genesis_layout":"","footnotes":""},"class_list":{"0":"post-83505","1":"page","2":"type-page","3":"status-publish","5":"entry"},"acf":[],"_links":{"self":[{"href":"https:\/\/www.v-valley.com\/es\/wp-json\/wp\/v2\/pages\/83505","targetHints":{"allow":["GET"]}}],"collection":[{"href":"https:\/\/www.v-valley.com\/es\/wp-json\/wp\/v2\/pages"}],"about":[{"href":"https:\/\/www.v-valley.com\/es\/wp-json\/wp\/v2\/types\/page"}],"author":[{"embeddable":true,"href":"https:\/\/www.v-valley.com\/es\/wp-json\/wp\/v2\/users\/6"}],"replies":[{"embeddable":true,"href":"https:\/\/www.v-valley.com\/es\/wp-json\/wp\/v2\/comments?post=83505"}],"version-history":[{"count":0,"href":"https:\/\/www.v-valley.com\/es\/wp-json\/wp\/v2\/pages\/83505\/revisions"}],"up":[{"embeddable":true,"href":"https:\/\/www.v-valley.com\/es\/wp-json\/wp\/v2\/pages\/79554"}],"wp:attachment":[{"href":"https:\/\/www.v-valley.com\/es\/wp-json\/wp\/v2\/media?parent=83505"}],"curies":[{"name":"wp","href":"https:\/\/api.w.org\/{rel}","templated":true}]}}