{"id":83500,"date":"2023-02-21T12:16:57","date_gmt":"2023-02-21T11:16:57","guid":{"rendered":"https:\/\/www.v-valley.com\/?page_id=83500"},"modified":"2024-07-24T09:29:34","modified_gmt":"2024-07-24T07:29:34","slug":"salicru","status":"publish","type":"page","link":"https:\/\/www.v-valley.com\/es\/vendor\/salicru\/","title":{"rendered":"Salicru"},"content":{"rendered":"\n\n\t\t\t\t<img loading=\"lazy\" decoding=\"async\" src=\"https:\/\/statics.v-valley.com\/prod\/2023\/02\/logo_salicru.gif\" alt=\"logo_salicru\" itemprop=\"image\" height=\"55\" width=\"140\" title=\"logo_salicru\" onerror=\"this.style.display='none'\"  \/>\n<h2>\n\t\t\u00bfQUI\u00c9N ES SALICRU?\n\t<\/h2>\n\t<p>La misi\u00f3n de Salicru es asegurar disponibilidad energ\u00e9tica con el m\u00e1ximo nivel de calidad y fiabilidad. Salicru investiga y desarrolla equipamiento de electr\u00f3nica de potencia para garantizar un suministro el\u00e9ctrico continuo, limpio y fiable, siendo hoy l\u00edder indiscutible en el mercado espa\u00f1ol.<\/p>\n<p>Salicru es la primera empresa en electr\u00f3nica de potencia en Espa\u00f1a. Fundada en 1965, su actividad se centra en el desarrollo, fabricaci\u00f3n y comercializaci\u00f3n de productos que protegen los sistemas industriales, profesionales y dom\u00e9sticos de los problemas provocados por las perturbaciones en la red el\u00e9ctrica.<\/p>\n<h2>\n\t\tLOS PRODUCTOS DE SALICRU\n\t<\/h2>\n\t<p>Salicru destina a la investigaci\u00f3n de nuevas soluciones una media anual del 5% de su facturaci\u00f3n.<\/p>\n\t<p>SAI<\/p>\n\t<p>UPS<\/p>\n\t<p>Datacenter<\/p>\n\t<p>Calidad de red<\/p>\n\t<p>Energ\u00eda renovable<\/p>\n\t<p>Inversores solares<\/p>\n\t<p>Transformadores<\/p>\n\t<p>Estabilizadores<\/p>\n\n","protected":false},"excerpt":{"rendered":"<p>\u00bfQUI\u00c9N ES SALICRU? La misi\u00f3n de Salicru es asegurar disponibilidad energ\u00e9tica con el m\u00e1ximo nivel de calidad y fiabilidad. Salicru investiga y desarrolla equipamiento de electr\u00f3nica de potencia para garantizar un suministro el\u00e9ctrico continuo, limpio y fiable, siendo hoy l\u00edder indiscutible en el mercado espa\u00f1ol. Salicru es la primera empresa en electr\u00f3nica de potencia en [&hellip;]<\/p>\n","protected":false},"author":6,"featured_media":0,"parent":79554,"menu_order":0,"comment_status":"closed","ping_status":"closed","template":"templates\/template-vendor-category.php","meta":{"_acf_changed":false,"_genesis_hide_title":false,"_genesis_hide_breadcrumbs":false,"_genesis_hide_singular_image":false,"_genesis_hide_footer_widgets":false,"_genesis_custom_body_class":"","_genesis_custom_post_class":"","_genesis_layout":"","footnotes":""},"class_list":{"0":"post-83500","1":"page","2":"type-page","3":"status-publish","5":"entry"},"acf":[],"_links":{"self":[{"href":"https:\/\/www.v-valley.com\/es\/wp-json\/wp\/v2\/pages\/83500","targetHints":{"allow":["GET"]}}],"collection":[{"href":"https:\/\/www.v-valley.com\/es\/wp-json\/wp\/v2\/pages"}],"about":[{"href":"https:\/\/www.v-valley.com\/es\/wp-json\/wp\/v2\/types\/page"}],"author":[{"embeddable":true,"href":"https:\/\/www.v-valley.com\/es\/wp-json\/wp\/v2\/users\/6"}],"replies":[{"embeddable":true,"href":"https:\/\/www.v-valley.com\/es\/wp-json\/wp\/v2\/comments?post=83500"}],"version-history":[{"count":0,"href":"https:\/\/www.v-valley.com\/es\/wp-json\/wp\/v2\/pages\/83500\/revisions"}],"up":[{"embeddable":true,"href":"https:\/\/www.v-valley.com\/es\/wp-json\/wp\/v2\/pages\/79554"}],"wp:attachment":[{"href":"https:\/\/www.v-valley.com\/es\/wp-json\/wp\/v2\/media?parent=83500"}],"curies":[{"name":"wp","href":"https:\/\/api.w.org\/{rel}","templated":true}]}}