{"id":83492,"date":"2023-02-21T12:08:04","date_gmt":"2023-02-21T11:08:04","guid":{"rendered":"https:\/\/www.v-valley.com\/?page_id=83492"},"modified":"2023-09-21T16:26:36","modified_gmt":"2023-09-21T14:26:36","slug":"qnap","status":"publish","type":"page","link":"https:\/\/www.v-valley.com\/es\/vendor\/qnap\/","title":{"rendered":"QNAP"},"content":{"rendered":"\r\n\r\n\t\t\t\t<img loading=\"lazy\" decoding=\"async\" src=\"https:\/\/statics.v-valley.com\/prod\/2023\/02\/logo_qnap.gif\" alt=\"logo_qnap\" itemprop=\"image\" height=\"55\" width=\"140\" title=\"logo_qnap\" onerror=\"this.style.display='none'\"  \/>\r\n<h2>\r\n\t\t\u00bfQUI\u00c9N ES QNAP?\r\n\t<\/h2>\r\n\t<p>QNAP, cuyas siglas en ingl\u00e9s equivalen a \u00abQuality Network Appliance Provider\u00bb (Proveedor de equipos de red de calidad), se dedica a ofrecer completas soluciones de desarrollo de software, dise\u00f1o de hardware y fabricaci\u00f3n interna. Pese a estar centrados en innovaciones de almacenamiento, redes y v\u00eddeo inteligente,\u00a0QNAP presenta ahora una revolucionaria soluci\u00f3n de NAS en la nube\u00a0que se une a su ecosistema de software vanguardista basado en suscripci\u00f3n y canales de servicio diversificados.<\/p>\r\n<h2>\r\n\t\tLOS PRODUCTOS DE QNAP\r\n\t<\/h2>\r\n\t<p>QNAP concibe el NAS como algo m\u00e1s que un simple servidor de almacenamiento y ha creado una infraestructura de red basada en la nube para animar a los usuarios a alojar y desarrollar an\u00e1lisis de t\u00e9cnicas de inteligencia artificial, edge computing e integraci\u00f3n de datos en sus soluciones QNAP.<\/p>\r\n\t<p>Almancenamiento \/ switching<\/p>\r\n\r\n","protected":false},"excerpt":{"rendered":"<p>\u00bfQUI\u00c9N ES QNAP? QNAP, cuyas siglas en ingl\u00e9s equivalen a \u00abQuality Network Appliance Provider\u00bb (Proveedor de equipos de red de calidad), se dedica a ofrecer completas soluciones de desarrollo de software, dise\u00f1o de hardware y fabricaci\u00f3n interna. Pese a estar centrados en innovaciones de almacenamiento, redes y v\u00eddeo inteligente,\u00a0QNAP presenta ahora una revolucionaria soluci\u00f3n de [&hellip;]<\/p>\n","protected":false},"author":6,"featured_media":0,"parent":79554,"menu_order":0,"comment_status":"closed","ping_status":"closed","template":"templates\/template-vendor-category.php","meta":{"_acf_changed":false,"_genesis_hide_title":false,"_genesis_hide_breadcrumbs":false,"_genesis_hide_singular_image":false,"_genesis_hide_footer_widgets":false,"_genesis_custom_body_class":"","_genesis_custom_post_class":"","_genesis_layout":"","footnotes":""},"class_list":{"0":"post-83492","1":"page","2":"type-page","3":"status-publish","5":"entry"},"acf":[],"_links":{"self":[{"href":"https:\/\/www.v-valley.com\/es\/wp-json\/wp\/v2\/pages\/83492","targetHints":{"allow":["GET"]}}],"collection":[{"href":"https:\/\/www.v-valley.com\/es\/wp-json\/wp\/v2\/pages"}],"about":[{"href":"https:\/\/www.v-valley.com\/es\/wp-json\/wp\/v2\/types\/page"}],"author":[{"embeddable":true,"href":"https:\/\/www.v-valley.com\/es\/wp-json\/wp\/v2\/users\/6"}],"replies":[{"embeddable":true,"href":"https:\/\/www.v-valley.com\/es\/wp-json\/wp\/v2\/comments?post=83492"}],"version-history":[{"count":0,"href":"https:\/\/www.v-valley.com\/es\/wp-json\/wp\/v2\/pages\/83492\/revisions"}],"up":[{"embeddable":true,"href":"https:\/\/www.v-valley.com\/es\/wp-json\/wp\/v2\/pages\/79554"}],"wp:attachment":[{"href":"https:\/\/www.v-valley.com\/es\/wp-json\/wp\/v2\/media?parent=83492"}],"curies":[{"name":"wp","href":"https:\/\/api.w.org\/{rel}","templated":true}]}}