{"id":83484,"date":"2023-02-21T11:58:24","date_gmt":"2023-02-21T10:58:24","guid":{"rendered":"https:\/\/www.v-valley.com\/?page_id=83484"},"modified":"2024-07-24T09:31:27","modified_gmt":"2024-07-24T07:31:27","slug":"teamviewer","status":"publish","type":"page","link":"https:\/\/www.v-valley.com\/es\/vendor\/teamviewer\/","title":{"rendered":"TeamViewer"},"content":{"rendered":"\n\n\t\t\t\t<img loading=\"lazy\" decoding=\"async\" src=\"https:\/\/statics.v-valley.com\/prod\/2023\/02\/logo_team-viewer.gif\" alt=\"logo_team-viewer\" itemprop=\"image\" height=\"55\" width=\"140\" title=\"logo_team-viewer\" onerror=\"this.style.display='none'\"  \/>\n<h2>\n\t\t\u00bfQUI\u00c9N ES TEAMVIEWER?\n\t<\/h2>\n\t<p>TeamViewer es una soluci\u00f3n integral para ofrecer asistencia a empleados, ya sea en un entorno BYOD o en organizaciones m\u00e1s grandes con todo tipo de dispositivos.<\/p>\n<p>Las pol\u00edticas de \u00abtrae tu propio dispositivo\u00bb (BYOD), la actual necesidad de herramientas de trabajo remotas y el uso creciente del IoT implica para los servicios de soporte acceder y soportar m\u00e1s dispositivos y en m\u00e1s ubicaciones. Esto exige una conectividad instant\u00e1nea, segura y de alto rendimiento para disfrutar de un correcto servicio de soporte en remoto.<\/p>\n<p>Las herramientas de TeamViewer permiten conectar en remoto con servidores, m\u00e1quinas comerciales y dispositivos IoT desde cualquier lugar y momento a trav\u00e9s de una red de acceso global totalmente segura.<\/p>\n\t<ul>\n<li><strong>Seguridad<\/strong>: Con cifrado end-to-end 256-bit AES, doble factor de autentificaci\u00f3n y otras funcionalidades de seguridad.<\/li>\n<li><strong>Multiplataforma<\/strong>: Con la mayor cobertura posible de 127 fabricantes de dispositivos m\u00f3viles, sistemas operativos y dispositivos IoT.<\/li>\n<li><strong>Experiencia<\/strong>: Usabilidad de primera, calidad de imagen y velocidad de transferencia de archivos. M\u00e1s rendimiento.<\/li>\n<\/ul>\n<h2>\n\t\tLOS PRODUCTOS DE TEAMVIEWER\n\t<\/h2>\n\t<ul>\n<li><strong>TeamViewer Remote<\/strong>: Acceso y asistencia remotos y seguros<br \/>\nCon nuevas funciones y una apariencia renovada, la plataforma de acceso y soporte remotos de confianza es ahora mejor que nunca. Con\u00e9ctate a cualquier dispositivo en cualquier momento y monitoriza y gestiona tu TI de forma centralizada con la soluci\u00f3n de acceso y soporte remotos de confianza.<\/li>\n<li><strong>TeamViewer Tensor<\/strong>: Dise\u00f1ado para grandes empresas.<br \/>\nLa soluci\u00f3n de conectividad remota 360\u00b0, basada en la nube y dise\u00f1ada para la escalabilidad, la productividad y la seguridad. Escala, gestiona y protege las experiencias de asistencia en toda tu empresa de forma eficiente con nuestra plataforma de conectividad remota.<\/li>\n<\/ul>\n<h2>\n\t\tOTROS SERVICIOS:\n\t<\/h2>\n\t<ul>\n<li>Gesti\u00f3n remota<\/li>\n<li>Gesti\u00f3n de dispositivos m\u00f3viles<\/li>\n<li>Protecci\u00f3n de puntos finales<\/li>\n<li>Seguridad<\/li>\n<li>Dispositivos integrados<\/li>\n<\/ul>\n\t<p>\ud83d\udce9 Para m\u00e1s informaci\u00f3n y precios: <a href=\"mailto:teamviewer@v-valley.com\">teamviewer@v-valley.com<\/a><\/p>\n\t<p>Herramientas de Productividad<\/p>\n\t<p>Herramienta de colaboraci\u00f3n<\/p>\n\t<p>Autenticaci\u00f3n de m\u00faltiples factores<\/p>\n\t<p>Gesti\u00f3n de la seguridad<\/p>\n\n","protected":false},"excerpt":{"rendered":"<p>\u00bfQUI\u00c9N ES TEAMVIEWER? TeamViewer es una soluci\u00f3n integral para ofrecer asistencia a empleados, ya sea en un entorno BYOD o en organizaciones m\u00e1s grandes con todo tipo de dispositivos. Las pol\u00edticas de \u00abtrae tu propio dispositivo\u00bb (BYOD), la actual necesidad de herramientas de trabajo remotas y el uso creciente del IoT implica para los servicios [&hellip;]<\/p>\n","protected":false},"author":6,"featured_media":0,"parent":79554,"menu_order":0,"comment_status":"closed","ping_status":"closed","template":"templates\/template-vendor-category.php","meta":{"_acf_changed":false,"_genesis_hide_title":false,"_genesis_hide_breadcrumbs":false,"_genesis_hide_singular_image":false,"_genesis_hide_footer_widgets":false,"_genesis_custom_body_class":"","_genesis_custom_post_class":"","_genesis_layout":"","footnotes":""},"class_list":{"0":"post-83484","1":"page","2":"type-page","3":"status-publish","5":"entry"},"acf":[],"_links":{"self":[{"href":"https:\/\/www.v-valley.com\/es\/wp-json\/wp\/v2\/pages\/83484","targetHints":{"allow":["GET"]}}],"collection":[{"href":"https:\/\/www.v-valley.com\/es\/wp-json\/wp\/v2\/pages"}],"about":[{"href":"https:\/\/www.v-valley.com\/es\/wp-json\/wp\/v2\/types\/page"}],"author":[{"embeddable":true,"href":"https:\/\/www.v-valley.com\/es\/wp-json\/wp\/v2\/users\/6"}],"replies":[{"embeddable":true,"href":"https:\/\/www.v-valley.com\/es\/wp-json\/wp\/v2\/comments?post=83484"}],"version-history":[{"count":0,"href":"https:\/\/www.v-valley.com\/es\/wp-json\/wp\/v2\/pages\/83484\/revisions"}],"up":[{"embeddable":true,"href":"https:\/\/www.v-valley.com\/es\/wp-json\/wp\/v2\/pages\/79554"}],"wp:attachment":[{"href":"https:\/\/www.v-valley.com\/es\/wp-json\/wp\/v2\/media?parent=83484"}],"curies":[{"name":"wp","href":"https:\/\/api.w.org\/{rel}","templated":true}]}}