{"id":83480,"date":"2023-02-21T11:28:26","date_gmt":"2023-02-21T10:28:26","guid":{"rendered":"https:\/\/www.v-valley.com\/?page_id=83480"},"modified":"2024-07-24T09:21:30","modified_gmt":"2024-07-24T07:21:30","slug":"arcserve","status":"publish","type":"page","link":"https:\/\/www.v-valley.com\/es\/vendor\/arcserve\/","title":{"rendered":"Arcserve"},"content":{"rendered":"\n\n\t\t\t\t<img loading=\"lazy\" decoding=\"async\" src=\"https:\/\/statics.v-valley.com\/prod\/2022\/11\/logo_arcserve.gif\" alt=\"logo_arcserve\" itemprop=\"image\" height=\"55\" width=\"140\" title=\"logo_arcserve\" onerror=\"this.style.display='none'\"  \/>\n<h2>\n\t\t\u00bfQUI\u00c9N ES ARCSERVE?\n\t<\/h2>\n\t<p><strong>Arcserve<\/strong> ha redefinido la forma en que las empresas medianas y empresas descentralizadas protegen sus datos. Apuesta por poner en la base de los negocios, el acceso inmediato a las aplicaciones y a los sistemas cr\u00edticos como clave para su continuidad y para su constante crecimiento.<\/p>\n<p>Ofrece una completa soluci\u00f3n de protecci\u00f3n de datos para entornos virtuales y f\u00edsicos, con el respaldo de una asistencia y conocimientos t\u00e9cnicos insuperables. Su arquitectura unificada, <strong>Arcserve Unified Data Protection<\/strong> (UDP, por sus siglas en ingl\u00e9s), ofrece una soluci\u00f3n completa de copias de seguridad, replicaci\u00f3n y deduplicaci\u00f3n de datos f\u00e1cil de usar.<\/p>\n<p><strong>Arcserve <\/strong>dispone de los primeros dispositivos integrados dise\u00f1ados espec\u00edficamente para la recuperaci\u00f3n de desastres, copias de seguridad y disponibilidad de aplicaciones.<\/p>\n<h2>\n\t\tLOS PRODUCTOS DE ARCSERVE\n\t<\/h2>\n\t<ul>\n<li>Software de protecci\u00f3n de datos: Protecci\u00f3n de datos integrada y soluciones de ciberseguridad creadas para su organizaci\u00f3n<br \/>\no\tArcserve UDP<br \/>\no\tArcserve Cloud Services<br \/>\no\tArcserve Backup\n<\/li>\n<li>Servidores de protecci\u00f3n de datos: Plataformas de protecci\u00f3n de datos \u00abtodo en uno\u00bb con funciones adaptadas a las necesidades de su empresa<br \/>\no\tArcserve 9000 series\n<\/li>\n<li>Dispositivos de almacenamiento inmutable: Protecci\u00f3n frente al ransomware con almacenamiento inmutable de sus datos de copia de seguridad y archivo.<br \/>\no\tArcserve OneXafe 4500\n<\/li>\n<li>Protecci\u00f3n de datos de saas: Protecci\u00f3n de datos granular para datos de aplicaciones basadas en la nube<br \/>\no\tArcserve SaaS Backup (De nube a nube)\n<\/li>\n<\/ul>\n\t<p>\ud83d\udce9 Para m\u00e1s informaci\u00f3n y precios: <a href=\"mailto:arcserve_spain@v-valley.com\">arcserve_spain@v-valley.com<\/a><\/p>\n\t<p>Software de Backup y DR<\/p>\n\t<p>Business Continuity <\/p>\n\t<p>Disaster recovery <\/p>\n\t<p>Inmutabilidad del dato<\/p>\n\n","protected":false},"excerpt":{"rendered":"<p>\u00bfQUI\u00c9N ES ARCSERVE? Arcserve ha redefinido la forma en que las empresas medianas y empresas descentralizadas protegen sus datos. Apuesta por poner en la base de los negocios, el acceso inmediato a las aplicaciones y a los sistemas cr\u00edticos como clave para su continuidad y para su constante crecimiento. Ofrece una completa soluci\u00f3n de protecci\u00f3n [&hellip;]<\/p>\n","protected":false},"author":6,"featured_media":0,"parent":79554,"menu_order":0,"comment_status":"closed","ping_status":"closed","template":"templates\/template-vendor-category.php","meta":{"_acf_changed":false,"_genesis_hide_title":false,"_genesis_hide_breadcrumbs":false,"_genesis_hide_singular_image":false,"_genesis_hide_footer_widgets":false,"_genesis_custom_body_class":"","_genesis_custom_post_class":"","_genesis_layout":"","footnotes":""},"class_list":{"0":"post-83480","1":"page","2":"type-page","3":"status-publish","5":"entry"},"acf":[],"_links":{"self":[{"href":"https:\/\/www.v-valley.com\/es\/wp-json\/wp\/v2\/pages\/83480","targetHints":{"allow":["GET"]}}],"collection":[{"href":"https:\/\/www.v-valley.com\/es\/wp-json\/wp\/v2\/pages"}],"about":[{"href":"https:\/\/www.v-valley.com\/es\/wp-json\/wp\/v2\/types\/page"}],"author":[{"embeddable":true,"href":"https:\/\/www.v-valley.com\/es\/wp-json\/wp\/v2\/users\/6"}],"replies":[{"embeddable":true,"href":"https:\/\/www.v-valley.com\/es\/wp-json\/wp\/v2\/comments?post=83480"}],"version-history":[{"count":0,"href":"https:\/\/www.v-valley.com\/es\/wp-json\/wp\/v2\/pages\/83480\/revisions"}],"up":[{"embeddable":true,"href":"https:\/\/www.v-valley.com\/es\/wp-json\/wp\/v2\/pages\/79554"}],"wp:attachment":[{"href":"https:\/\/www.v-valley.com\/es\/wp-json\/wp\/v2\/media?parent=83480"}],"curies":[{"name":"wp","href":"https:\/\/api.w.org\/{rel}","templated":true}]}}