{"id":83457,"date":"2023-02-21T11:13:18","date_gmt":"2023-02-21T10:13:18","guid":{"rendered":"https:\/\/www.v-valley.com\/?page_id=83457"},"modified":"2024-07-24T09:30:35","modified_gmt":"2024-07-24T07:30:35","slug":"sonicwall","status":"publish","type":"page","link":"https:\/\/www.v-valley.com\/es\/vendor\/sonicwall\/","title":{"rendered":"Sonicwall"},"content":{"rendered":"\n\n\t\t\t\t<img loading=\"lazy\" decoding=\"async\" src=\"https:\/\/statics.v-valley.com\/prod\/2023\/02\/logo_sonicwall.gif\" alt=\"logo_sonicwall\" itemprop=\"image\" height=\"55\" width=\"140\" title=\"logo_sonicwall\" onerror=\"this.style.display='none'\"  \/>\n<h2>\n\t\t\u00bfQUI\u00c9N ES SONICWALL?\n\t<\/h2>\n\t<p>SonicWall, fundada en 1991, la misi\u00f3n original de SonicWall era proporcionar a las empresas tecnolog\u00eda que fuera tan asequible como eficaz. Hasta el d\u00eda de hoy, ese decreto permanece sin cambios.<\/p>\n<p>El SonicWall moderno es bien conocido por su visi\u00f3n de ciberseguridad ilimitada que cambia el mercado. Este enfoque protege a las organizaciones con una protecci\u00f3n perfecta que detiene los ataques cibern\u00e9ticos m\u00e1s evasivos en puntos de exposici\u00f3n ilimitados y fuerzas de trabajo cada vez m\u00e1s remotas, m\u00f3viles y habilitadas para la nube. Hoy, SonicWall se enorgullece de tener m\u00e1s de 1600 empleados, en 37 pa\u00edses, como parte de su familia.<\/p>\n<h2>\n\t\tLOS PRODUCTOS DE SONICWALL\n\t<\/h2>\n\t<p>SonicWall\u00a0es una empresa estadounidense de ciberseguridad que vende una gama de dispositivos de Internet dirigidos principalmente al\u00a0control de contenido\u00a0y\u00a0la seguridad de la red\u00a0.\u00a0Estos incluyen dispositivos que brindan servicios para\u00a0firewalls de red\u00a0,\u00a0administraci\u00f3n unificada de amenazas\u00a0(UTM),\u00a0redes privadas virtuales\u00a0(VPN),\u00a0firewalls virtuales\u00a0,\u00a0SD-WAN\u00a0,\u00a0seguridad en la nube\u00a0y\u00a0antispam\u00a0para correo electr\u00f3nico.<\/p>\n\t<p>Seguridad de la red<\/p>\n\t<p>Seguridad de la nube<\/p>\n\t<p>Seguridad wifi<\/p>\n\t<p>Seguridad de puntos finales<\/p>\n\t<p>Autenticaci\u00f3n multifactor<\/p>\n\t<p>Conmutadores<\/p>\n\t<p>Cortafuegos<\/p>\n\t<p>Seguridad del correo electr\u00f3nico<\/p>\n\n","protected":false},"excerpt":{"rendered":"<p>\u00bfQUI\u00c9N ES SONICWALL? SonicWall, fundada en 1991, la misi\u00f3n original de SonicWall era proporcionar a las empresas tecnolog\u00eda que fuera tan asequible como eficaz. Hasta el d\u00eda de hoy, ese decreto permanece sin cambios. El SonicWall moderno es bien conocido por su visi\u00f3n de ciberseguridad ilimitada que cambia el mercado. Este enfoque protege a las [&hellip;]<\/p>\n","protected":false},"author":6,"featured_media":0,"parent":79554,"menu_order":0,"comment_status":"closed","ping_status":"closed","template":"templates\/template-vendor-category.php","meta":{"_acf_changed":false,"_genesis_hide_title":false,"_genesis_hide_breadcrumbs":false,"_genesis_hide_singular_image":false,"_genesis_hide_footer_widgets":false,"_genesis_custom_body_class":"","_genesis_custom_post_class":"","_genesis_layout":"","footnotes":""},"class_list":{"0":"post-83457","1":"page","2":"type-page","3":"status-publish","5":"entry"},"acf":[],"_links":{"self":[{"href":"https:\/\/www.v-valley.com\/es\/wp-json\/wp\/v2\/pages\/83457","targetHints":{"allow":["GET"]}}],"collection":[{"href":"https:\/\/www.v-valley.com\/es\/wp-json\/wp\/v2\/pages"}],"about":[{"href":"https:\/\/www.v-valley.com\/es\/wp-json\/wp\/v2\/types\/page"}],"author":[{"embeddable":true,"href":"https:\/\/www.v-valley.com\/es\/wp-json\/wp\/v2\/users\/6"}],"replies":[{"embeddable":true,"href":"https:\/\/www.v-valley.com\/es\/wp-json\/wp\/v2\/comments?post=83457"}],"version-history":[{"count":0,"href":"https:\/\/www.v-valley.com\/es\/wp-json\/wp\/v2\/pages\/83457\/revisions"}],"up":[{"embeddable":true,"href":"https:\/\/www.v-valley.com\/es\/wp-json\/wp\/v2\/pages\/79554"}],"wp:attachment":[{"href":"https:\/\/www.v-valley.com\/es\/wp-json\/wp\/v2\/media?parent=83457"}],"curies":[{"name":"wp","href":"https:\/\/api.w.org\/{rel}","templated":true}]}}