{"id":83428,"date":"2023-02-16T17:26:56","date_gmt":"2023-02-16T16:26:56","guid":{"rendered":"https:\/\/www.v-valley.com\/?page_id=83428"},"modified":"2025-02-07T18:53:27","modified_gmt":"2025-02-07T17:53:27","slug":"ivanti-security","status":"publish","type":"page","link":"https:\/\/www.v-valley.com\/es\/vendor\/ivanti-security\/","title":{"rendered":"Ivanti Security"},"content":{"rendered":"\r\n<p><img loading=\"lazy\" decoding=\"async\" title=\"logo_ivanti\" src=\"https:\/\/statics.v-valley.com\/prod\/2022\/11\/logo_ivanti.gif\" alt=\"logo_ivanti\" width=\"140\" height=\"55\" \/><\/p>\r\n<h2>\u00bfQUI\u00c9N ES IVANTI?<\/h2>\r\n<p>Ivanti es una empresa de software de TI con sede en\u00a0South Jordan, Utah\u00a0, Estados Unidos.\u00a0Produce software para\u00a0seguridad\u00a0de\u00a0TI, gesti\u00f3n de servicios de\u00a0TI ,\u00a0gesti\u00f3n de activos de TI, gesti\u00f3n\u00a0unificada\u00a0de terminales, gesti\u00f3n\u00a0de identidades y gesti\u00f3n\u00a0de la cadena de suministro.<\/p>\r\n<h2>LOS PRODUCTOS DE IVANTI<\/h2>\r\n<p>Ivanti produce software para seguridad de TI, gesti\u00f3n de servicios de TI , gesti\u00f3n de activos de TI, gesti\u00f3n unificada de terminales, gesti\u00f3n de identidades y gesti\u00f3n de la cadena de suministro.<\/p>\r\n<p>Secure Remote Access (SSL\/VPN)<\/p>\r\n<p>Unified Endpoint Management<\/p>\r\n<p>Endpoint Security<\/p>\r\n<p>Mobile Threat Defense (MTD)<\/p>\r\n<p>Patch Management<\/p>\r\n<p>Network Security<\/p>\r\n<p>Zero Trust Network Access (ZTNA)<\/p>\r\n","protected":false},"excerpt":{"rendered":"<p>\u00bfQUI\u00c9N ES IVANTI? Ivanti es una empresa de software de TI con sede en\u00a0South Jordan, Utah\u00a0, Estados Unidos.\u00a0Produce software para\u00a0seguridad\u00a0de\u00a0TI, gesti\u00f3n de servicios de\u00a0TI ,\u00a0gesti\u00f3n de activos de TI, gesti\u00f3n\u00a0unificada\u00a0de terminales, gesti\u00f3n\u00a0de identidades y gesti\u00f3n\u00a0de la cadena de suministro. LOS PRODUCTOS DE IVANTI Ivanti produce software para seguridad de TI, gesti\u00f3n de servicios de TI [&hellip;]<\/p>\n","protected":false},"author":6,"featured_media":0,"parent":79554,"menu_order":0,"comment_status":"closed","ping_status":"closed","template":"templates\/template-vendor-category.php","meta":{"_acf_changed":false,"_genesis_hide_title":false,"_genesis_hide_breadcrumbs":false,"_genesis_hide_singular_image":false,"_genesis_hide_footer_widgets":false,"_genesis_custom_body_class":"","_genesis_custom_post_class":"","_genesis_layout":"","footnotes":""},"class_list":{"0":"post-83428","1":"page","2":"type-page","3":"status-publish","5":"entry"},"acf":[],"_links":{"self":[{"href":"https:\/\/www.v-valley.com\/es\/wp-json\/wp\/v2\/pages\/83428","targetHints":{"allow":["GET"]}}],"collection":[{"href":"https:\/\/www.v-valley.com\/es\/wp-json\/wp\/v2\/pages"}],"about":[{"href":"https:\/\/www.v-valley.com\/es\/wp-json\/wp\/v2\/types\/page"}],"author":[{"embeddable":true,"href":"https:\/\/www.v-valley.com\/es\/wp-json\/wp\/v2\/users\/6"}],"replies":[{"embeddable":true,"href":"https:\/\/www.v-valley.com\/es\/wp-json\/wp\/v2\/comments?post=83428"}],"version-history":[{"count":2,"href":"https:\/\/www.v-valley.com\/es\/wp-json\/wp\/v2\/pages\/83428\/revisions"}],"predecessor-version":[{"id":499516,"href":"https:\/\/www.v-valley.com\/es\/wp-json\/wp\/v2\/pages\/83428\/revisions\/499516"}],"up":[{"embeddable":true,"href":"https:\/\/www.v-valley.com\/es\/wp-json\/wp\/v2\/pages\/79554"}],"wp:attachment":[{"href":"https:\/\/www.v-valley.com\/es\/wp-json\/wp\/v2\/media?parent=83428"}],"curies":[{"name":"wp","href":"https:\/\/api.w.org\/{rel}","templated":true}]}}