{"id":83418,"date":"2023-02-16T17:19:40","date_gmt":"2023-02-16T16:19:40","guid":{"rendered":"https:\/\/www.v-valley.com\/?page_id=83418"},"modified":"2024-07-24T09:40:16","modified_gmt":"2024-07-24T07:40:16","slug":"cloudflare","status":"publish","type":"page","link":"https:\/\/www.v-valley.com\/es\/vendor\/cloudflare\/","title":{"rendered":"CloudFlare"},"content":{"rendered":"\n\n\t\t\t\t<img loading=\"lazy\" decoding=\"async\" src=\"https:\/\/statics.v-valley.com\/prod\/2022\/11\/logo_cloudflare.gif\" alt=\"logo_cloudflare\" itemprop=\"image\" height=\"55\" width=\"140\" title=\"logo_cloudflare\" onerror=\"this.style.display='none'\"  \/>\n<h2>\n\t\t\u00bfQUI\u00c9N ES CloudFlare?\n\t<\/h2>\n\t<p>CloudFlare es una red global que act\u00faa como un proxy (intermediario) entre los visitantes del sitio y el servidor de su empresa. Al actuar como un proxy, CloudFlare guarda temporalmente contenido est\u00e1tico del sitio (Cach\u00e9), el cual disminuye el n\u00famero de peticiones a su servidor, pero sigue permitiendo a los visitantes el acceso al sitio. Adem\u00e1s, al estar el servicio siempre entre cualquier usuario y sus servidores, pueda ofrecer una seguridad global y completa en el acceso a cualquier servicio, tanto para usuarios como clientes. <\/p>\n<h2>\n\t\tLOS PRODUCTOS DE CloudFlare\n\t<\/h2>\n\tCloudflare basa su arquitectura en m\u00e1s de 300 Points of Presence (PoPs) localizados alrededor del mundo con el objetivo que poner los contenidos a disposici\u00f3n de los usuarios de la manera m\u00e1s r\u00e1pida y segura dentro de su red global, donde ofrece servicios de CDN, WAF, anti-DDoS, conectividad Zero Trust, FWaaS, forward proxy, e-mail security, CASB, DLP&#8230;<br \/>\nEntre los servicios m\u00e1s populares, destacan:\n<ul>\n<li>Protecci\u00f3n contra DDoS, Amenazas y Bots antes de que estos lleguen a destino, y con una detallada visibilidad de todo lo que est\u00e1 ocurriendo en tiempo real.<\/li>\n<li>Cloudflare Zero Trust, identificando y autorizando usuarios y haciendo filtrado de navegaci\u00f3n (incluso mediante un Remote Browser Isolation (RBI)) cuando el usuario visita sitios dudosos, y registrando un amplio catalogo de acciones UEBA para controlar anomal\u00edas de comportamiento de los usuarios.<\/li>\n<li>Limpieza total y exhaustiva del correo antes de que el usuario lo reciba, eliminando malware y SPAM.<\/li>\n<li>Estad\u00edsticas de Uso: con herramientas para evaluar el tr\u00e1fico de visitantes y usuarios hacia las aplicaciones defendidas por Cloudflare, y estad\u00edsticas sobre bots, ataques, amenazas, y el comportamiento de sus usuarios.<\/li>\n<\/ul>\n\t<p>CDN<\/p>\n\t<p>WAF<\/p>\n\t<p>Servicios de DNS<\/p>\n\t<p>Load Balancing<\/p>\n\t<p>Gesti\u00f3n de bots<\/p>\n\t<p>Anti DDoS<\/p>\n\t<p>UEBA<\/p>\n\t<p>Secure Access Service Edge (SASE)<\/p>\n\t<p>Zero Trust Network Access (ZTNA)<\/p>\n\t<p>Cloud Access Security Broker (CASB)<\/p>\n\t<p>Secure Web Gateway (SWG)<\/p>\n\t<p>Seguridad e-mail<\/p>\n\n","protected":false},"excerpt":{"rendered":"<p>\u00bfQUI\u00c9N ES CloudFlare? CloudFlare es una red global que act\u00faa como un proxy (intermediario) entre los visitantes del sitio y el servidor de su empresa. Al actuar como un proxy, CloudFlare guarda temporalmente contenido est\u00e1tico del sitio (Cach\u00e9), el cual disminuye el n\u00famero de peticiones a su servidor, pero sigue permitiendo a los visitantes el [&hellip;]<\/p>\n","protected":false},"author":6,"featured_media":0,"parent":79554,"menu_order":0,"comment_status":"closed","ping_status":"closed","template":"templates\/template-vendor-category.php","meta":{"_acf_changed":false,"_genesis_hide_title":false,"_genesis_hide_breadcrumbs":false,"_genesis_hide_singular_image":false,"_genesis_hide_footer_widgets":false,"_genesis_custom_body_class":"","_genesis_custom_post_class":"","_genesis_layout":"","footnotes":""},"class_list":{"0":"post-83418","1":"page","2":"type-page","3":"status-publish","5":"entry"},"acf":[],"_links":{"self":[{"href":"https:\/\/www.v-valley.com\/es\/wp-json\/wp\/v2\/pages\/83418","targetHints":{"allow":["GET"]}}],"collection":[{"href":"https:\/\/www.v-valley.com\/es\/wp-json\/wp\/v2\/pages"}],"about":[{"href":"https:\/\/www.v-valley.com\/es\/wp-json\/wp\/v2\/types\/page"}],"author":[{"embeddable":true,"href":"https:\/\/www.v-valley.com\/es\/wp-json\/wp\/v2\/users\/6"}],"replies":[{"embeddable":true,"href":"https:\/\/www.v-valley.com\/es\/wp-json\/wp\/v2\/comments?post=83418"}],"version-history":[{"count":0,"href":"https:\/\/www.v-valley.com\/es\/wp-json\/wp\/v2\/pages\/83418\/revisions"}],"up":[{"embeddable":true,"href":"https:\/\/www.v-valley.com\/es\/wp-json\/wp\/v2\/pages\/79554"}],"wp:attachment":[{"href":"https:\/\/www.v-valley.com\/es\/wp-json\/wp\/v2\/media?parent=83418"}],"curies":[{"name":"wp","href":"https:\/\/api.w.org\/{rel}","templated":true}]}}