{"id":81500,"date":"2022-08-10T17:08:18","date_gmt":"2022-08-10T15:08:18","guid":{"rendered":"https:\/\/www.v-valley.com\/soluciones\/cyber-security\/"},"modified":"2025-10-21T10:25:44","modified_gmt":"2025-10-21T08:25:44","slug":"ciberseguridad","status":"publish","type":"page","link":"https:\/\/www.v-valley.com\/es\/soluciones\/ciberseguridad\/","title":{"rendered":"Ciberseguridad"},"content":{"rendered":"\n<h2>\n\t\t\tLA IMPORTANCIA DE LA CIBERSEGURIDAD\t<\/h2>\n\t<p>El n\u00famero de ciberataques crece constantemente. La gesti\u00f3n de la ciberseguridad no es solo un problema de grandes corporaciones, cualquier empresa puede ser v\u00edctima de un ataque, por muy peque\u00f1a que sea. Se espera que en 2023 los ciberataques contin\u00faen en aumento, lo que resultar\u00e1 en da\u00f1os tangibles para organizaciones e individuos por igual, con unos costes acumulados estimados que llegar\u00edan a superar los 10 billones para 2025. <\/p>\n<h2>\n\t\t\tPREVENCI\u00d3N, PROTECCI\u00d3N, FIABILIDAD: LA CIBERSEGURIDAD COMO SERVICIO DE VALOR\t<\/h2>\n\t<p>Nuestro equipo de especialistas trabaja en sinergia con los mejores jugadores del mercado de ciberseguridad con el fin de ofrecer una soluci\u00f3n personalizada basada en las solicitudes espec\u00edficas de nuestros clientes, capaz de prevenir cualquier posible amenaza cibern\u00e9tica. El enfoque de consultor\u00eda y Taylormade nos permite apoyar al canal en todas las fases del proyecto: desde la identificaci\u00f3n de amenazas, pasando por la selecci\u00f3n de la mejor tecnolog\u00eda de su categor\u00eda, hasta el proceso de capacitaci\u00f3n y certificaci\u00f3n, necesarios para explotar al m\u00e1ximo su potencial. <\/p>\n<h3>\n\t\t\tPROTECCI\u00d3N SIN COMPROMISOS \t<\/h3>\n\t<p>Utilizamos un enfoque de \u00abZero Trust\u00bb, partiendo de la creencia de que nada en un sistema inform\u00e1tico puede considerarse totalmente seguro. Implementamos protocolos de verificaci\u00f3n y autenticaci\u00f3n muy avanzados para que cualquiera que intente acceder a la red est\u00e9 protegido. <\/p>\n\t\t\t\t<img decoding=\"async\" src=\"https:\/\/statics.v-valley.com\/prod\/2022\/11\/img-zero-trust.jpg\" alt=\"img-zero-trust\" itemprop=\"image\" height=\"358\" width=\"557\" title=\"img-zero-trust\" onerror=\"this.style.display='none'\" loading=\"lazy\" \/>\n<h3>\n\t\t\tDESCUBRE LAS SOLUCIONES DE CIBERSEGURIDAD DE V-VALLEY \t<\/h3>\n\t<p>V-Valley ofrece soluciones y servicios de ciberseguridad avanzados. <\/p>\n<h4>\n\t\t\tSoluciones de c\u00f3mputo\t<\/h4>\n\t<p>Servidores y soluciones de c\u00f3mputo desde la gama de entrada hasta sistema HPC.<\/p>\n<h4>\n\t\t\tNetwork Security\t<\/h4>\n\t<p>Servicios dise\u00f1ados para proteger las redes corporativas de ataques dirigidos a la sobrecarga de datos.<\/p>\n<h4>\n\t\t\tCloud Security\t<\/h4>\n\t<p>Servicios y soluciones disponibles en la Nube que permiten la m\u00e1xima flexibilidad financiera y de gesti\u00f3n.<\/p>\n<h4>\n\t\t\tEnd Point Protection\t<\/h4>\n\t<p>Servicios tecnol\u00f3gicos \u00fatiles para la protecci\u00f3n de los equipos inform\u00e1ticos utilizados por un usuario que accede a la red corporativa de forma remota.<\/p>\n<h4>\n\t\t\tSecure Identity and Access Management Solutions\t<\/h4>\n\t<p>Servicios y Soluciones para la gesti\u00f3n \u00f3ptima de las identidades digitales y del acceso de los usuarios a los sistemas.<\/p>\n<h4>\n\t\t\tSecurity and Vulnerability Management\t<\/h4>\n\t<p>Servicios para la identificaci\u00f3n y evaluaci\u00f3n de vulnerabilidades de los sistemas corporativos.<\/p>\n<h4>\n\t\t\tAdvanced Threat Protection\t<\/h4>\n\t<p>Servicios y Soluciones \u00fatiles para la defensa de los sistemas inform\u00e1ticos de los malware m\u00e1s sofisticados.<\/p>\n<h4>\n\t\t\tContent Security\t<\/h4>\n\t<p>Soluciones \u00fatiles para comprobar los scripts y el origen de los datos dirigidos al portal.<\/p>\n<h4>\n\t\t\tAutomated Security and Monitoring Solutions\t<\/h4>\n\t<p>Soluciones de sistemas integrados que operan en navegadores para un mayor grado de seguridad.<\/p>\n<h2>\n\t\t\tNUESTROS FABRICANTES QUE OFRECEN SOLUCIONES DE CIBERSEGURIDAD \t<\/h2>\n\t\t\t\t<a\n\t\t\thref=\"https:\/\/www.v-valley.com\/es\/vendor\/a10\/\"\n\t\t\ttarget=\"_self\" \n\t\t\ttitle=\"logo_A10\" \n\t\t\t\t\t\tdata-caption=\"\"\n\t\t\t\t\t\tdata-description=\"\" \n\t\t\titemprop=\"contentUrl\">\n\t\t\t<img loading=\"lazy\" decoding=\"async\" src=\"https:\/\/statics.v-valley.com\/prod\/2023\/02\/logo_A10.gif\" alt=\"logo_A10\" data-no-lazy=\"1\" itemprop=\"thumbnail\" width=\"140\" height=\"55\" \/>\n\t\t\t<!-- Overlay Wrapper -->\n\t\t\t <!-- Overlay Wrapper Closed -->\n\t\t\t\t<\/a>\n\t\t\t\t\t\t\t<meta itemprop=\"width\" content=\"140\" \/>\n\t\t\t<meta itemprop=\"height\" content=\"55\" \/>\n\t\t\t\t<a\n\t\t\thref=\"https:\/\/www.v-valley.com\/es\/vendor\/acronis\"\n\t\t\ttarget=\"_self\" \n\t\t\ttitle=\"logo_acronis\" \n\t\t\t\t\t\tdata-caption=\"\"\n\t\t\t\t\t\tdata-description=\"\" \n\t\t\titemprop=\"contentUrl\">\n\t\t\t<img loading=\"lazy\" decoding=\"async\" src=\"https:\/\/statics.v-valley.com\/prod\/2022\/10\/logo_acronis.gif\" alt=\"logo_acronis\" data-no-lazy=\"1\" itemprop=\"thumbnail\" width=\"140\" height=\"55\" \/>\n\t\t\t<!-- Overlay Wrapper -->\n\t\t\t <!-- Overlay Wrapper Closed -->\n\t\t\t\t<\/a>\n\t\t\t\t\t\t\t<meta itemprop=\"width\" content=\"140\" \/>\n\t\t\t<meta itemprop=\"height\" content=\"55\" \/>\n\t\t\t\t<a\n\t\t\thref=\"https:\/\/www.v-valley.com\/es\/vendor\/backbox\/\"\n\t\t\ttarget=\"_self\" \n\t\t\ttitle=\"logo_backbox\" \n\t\t\t\t\t\tdata-caption=\"\"\n\t\t\t\t\t\tdata-description=\"\" \n\t\t\titemprop=\"contentUrl\">\n\t\t\t<img loading=\"lazy\" decoding=\"async\" src=\"https:\/\/statics.v-valley.com\/prod\/2023\/02\/logo_backbox.gif\" alt=\"logo_backbox\" data-no-lazy=\"1\" itemprop=\"thumbnail\" width=\"140\" height=\"55\" \/>\n\t\t\t<!-- Overlay Wrapper -->\n\t\t\t <!-- Overlay Wrapper Closed -->\n\t\t\t\t<\/a>\n\t\t\t\t\t\t\t<meta itemprop=\"width\" content=\"140\" \/>\n\t\t\t<meta itemprop=\"height\" content=\"55\" \/>\n\t\t\t\t<a\n\t\t\thref=\"https:\/\/www.v-valley.com\/es\/vendor\/check-point\"\n\t\t\ttarget=\"_self\" \n\t\t\ttitle=\"logo_checkpoint\" \n\t\t\t\t\t\tdata-caption=\"\"\n\t\t\t\t\t\tdata-description=\"\" \n\t\t\titemprop=\"contentUrl\">\n\t\t\t<img loading=\"lazy\" decoding=\"async\" src=\"https:\/\/statics.v-valley.com\/prod\/2022\/11\/logo_checkpoint.gif\" alt=\"logo_checkpoint\" data-no-lazy=\"1\" itemprop=\"thumbnail\" width=\"140\" height=\"55\" \/>\n\t\t\t<!-- Overlay Wrapper -->\n\t\t\t <!-- Overlay Wrapper Closed -->\n\t\t\t\t<\/a>\n\t\t\t\t\t\t\t<meta itemprop=\"width\" content=\"140\" \/>\n\t\t\t<meta itemprop=\"height\" content=\"55\" \/>\n\t\t\t\t<a\n\t\t\thref=\"https:\/\/www.v-valley.com\/es\/vendor\/cloudflare\/\"\n\t\t\ttarget=\"_self\" \n\t\t\ttitle=\"logo_cloudflare\" \n\t\t\t\t\t\tdata-caption=\"\"\n\t\t\t\t\t\tdata-description=\"\" \n\t\t\titemprop=\"contentUrl\">\n\t\t\t<img loading=\"lazy\" decoding=\"async\" src=\"https:\/\/statics.v-valley.com\/prod\/2022\/11\/logo_cloudflare.gif\" alt=\"logo_cloudflare\" data-no-lazy=\"1\" itemprop=\"thumbnail\" width=\"140\" height=\"55\" \/>\n\t\t\t<!-- Overlay Wrapper -->\n\t\t\t <!-- Overlay Wrapper Closed -->\n\t\t\t\t<\/a>\n\t\t\t\t\t\t\t<meta itemprop=\"width\" content=\"140\" \/>\n\t\t\t<meta itemprop=\"height\" content=\"55\" \/>\n\t\t\t\t<a\n\t\t\thref=\"https:\/\/www.v-valley.com\/es\/vendor\/entrust\/\"\n\t\t\ttarget=\"_self\" \n\t\t\ttitle=\"logo_entrust\" \n\t\t\t\t\t\tdata-caption=\"\"\n\t\t\t\t\t\tdata-description=\"\" \n\t\t\titemprop=\"contentUrl\">\n\t\t\t<img loading=\"lazy\" decoding=\"async\" src=\"https:\/\/statics.v-valley.com\/prod\/2023\/02\/logo_entrust.gif\" alt=\"logo_entrust\" data-no-lazy=\"1\" itemprop=\"thumbnail\" width=\"140\" height=\"55\" \/>\n\t\t\t<!-- Overlay Wrapper -->\n\t\t\t <!-- Overlay Wrapper Closed -->\n\t\t\t\t<\/a>\n\t\t\t\t\t\t\t<meta itemprop=\"width\" content=\"140\" \/>\n\t\t\t<meta itemprop=\"height\" content=\"55\" \/>\n\t\t\t\t<a\n\t\t\thref=\"\"\n\t\t\ttarget=\"_self\" \n\t\t\ttitle=\"logo-iberlayer\" \n\t\t\t\t\t\tdata-caption=\"\"\n\t\t\t\t\t\tdata-description=\"\" \n\t\t\titemprop=\"contentUrl\">\n\t\t\t<img loading=\"lazy\" decoding=\"async\" src=\"https:\/\/statics.v-valley.com\/prod\/2025\/10\/logo-iberlayer.png\" alt=\"\" data-no-lazy=\"1\" itemprop=\"thumbnail\" width=\"140\" height=\"55\" \/>\n\t\t\t<!-- Overlay Wrapper -->\n\t\t\t <!-- Overlay Wrapper Closed -->\n\t\t\t\t<\/a>\n\t\t\t\t\t\t\t<meta itemprop=\"width\" content=\"140\" \/>\n\t\t\t<meta itemprop=\"height\" content=\"55\" \/>\n\t\t\t\t<a\n\t\t\thref=\"https:\/\/www.v-valley.com\/es\/vendor\/kaspersky\/\"\n\t\t\ttarget=\"_self\" \n\t\t\ttitle=\"logo_kaspersky\" \n\t\t\t\t\t\tdata-caption=\"\"\n\t\t\t\t\t\tdata-description=\"\" \n\t\t\titemprop=\"contentUrl\">\n\t\t\t<img loading=\"lazy\" decoding=\"async\" src=\"https:\/\/statics.v-valley.com\/prod\/2023\/02\/logo_kaspersky.gif\" alt=\"logo_kaspersky\" data-no-lazy=\"1\" itemprop=\"thumbnail\" width=\"140\" height=\"55\" \/>\n\t\t\t<!-- Overlay Wrapper -->\n\t\t\t <!-- Overlay Wrapper Closed -->\n\t\t\t\t<\/a>\n\t\t\t\t\t\t\t<meta itemprop=\"width\" content=\"140\" \/>\n\t\t\t<meta itemprop=\"height\" content=\"55\" \/>\n\t\t\t\t<a\n\t\t\thref=\"https:\/\/www.v-valley.com\/es\/vendor\/microsoft\"\n\t\t\ttarget=\"_self\" \n\t\t\ttitle=\"logo_Microsoft\" \n\t\t\t\t\t\tdata-caption=\"\"\n\t\t\t\t\t\tdata-description=\"\" \n\t\t\titemprop=\"contentUrl\">\n\t\t\t<img loading=\"lazy\" decoding=\"async\" src=\"https:\/\/statics.v-valley.com\/prod\/2022\/11\/logo_Microsoft.gif\" alt=\"logo_Microsoft\" data-no-lazy=\"1\" itemprop=\"thumbnail\" width=\"140\" height=\"55\" \/>\n\t\t\t<!-- Overlay Wrapper -->\n\t\t\t <!-- Overlay Wrapper Closed -->\n\t\t\t\t<\/a>\n\t\t\t\t\t\t\t<meta itemprop=\"width\" content=\"140\" \/>\n\t\t\t<meta itemprop=\"height\" content=\"55\" \/>\n\t\t\t\t<a\n\t\t\thref=\"https:\/\/www.v-valley.com\/es\/vendor\/opentext\/\"\n\t\t\ttarget=\"_self\" \n\t\t\ttitle=\"logo-opentext\" \n\t\t\t\t\t\tdata-caption=\"\"\n\t\t\t\t\t\tdata-description=\"\" \n\t\t\titemprop=\"contentUrl\">\n\t\t\t<img loading=\"lazy\" decoding=\"async\" src=\"https:\/\/statics.v-valley.com\/prod\/2025\/02\/logo-opentext.gif\" alt=\"logo-opentext\" data-no-lazy=\"1\" itemprop=\"thumbnail\" width=\"140\" height=\"55\" \/>\n\t\t\t<!-- Overlay Wrapper -->\n\t\t\t <!-- Overlay Wrapper Closed -->\n\t\t\t\t<\/a>\n\t\t\t\t\t\t\t<meta itemprop=\"width\" content=\"140\" \/>\n\t\t\t<meta itemprop=\"height\" content=\"55\" \/>\n\t\t\t\t<a\n\t\t\thref=\"https:\/\/www.v-valley.com\/es\/vendor\/reevo\"\n\t\t\ttarget=\"_self\" \n\t\t\ttitle=\"logo_reevo\" \n\t\t\t\t\t\tdata-caption=\"\"\n\t\t\t\t\t\tdata-description=\"\" \n\t\t\titemprop=\"contentUrl\">\n\t\t\t<img loading=\"lazy\" decoding=\"async\" src=\"https:\/\/statics.v-valley.com\/prod\/2022\/10\/logo_reevo.gif\" alt=\"logo_reevo\" data-no-lazy=\"1\" itemprop=\"thumbnail\" width=\"140\" height=\"55\" \/>\n\t\t\t<!-- Overlay Wrapper -->\n\t\t\t <!-- Overlay Wrapper Closed -->\n\t\t\t\t<\/a>\n\t\t\t\t\t\t\t<meta itemprop=\"width\" content=\"140\" \/>\n\t\t\t<meta itemprop=\"height\" content=\"55\" \/>\n\t\t\t\t<a\n\t\t\thref=\"https:\/\/www.v-valley.com\/es\/vendor\/sonicwall\/\"\n\t\t\ttarget=\"_self\" \n\t\t\ttitle=\"logo_sonicwall\" \n\t\t\t\t\t\tdata-caption=\"\"\n\t\t\t\t\t\tdata-description=\"\" \n\t\t\titemprop=\"contentUrl\">\n\t\t\t<img loading=\"lazy\" decoding=\"async\" src=\"https:\/\/statics.v-valley.com\/prod\/2023\/02\/logo_sonicwall.gif\" alt=\"logo_sonicwall\" data-no-lazy=\"1\" itemprop=\"thumbnail\" width=\"140\" height=\"55\" \/>\n\t\t\t<!-- Overlay Wrapper -->\n\t\t\t <!-- Overlay Wrapper Closed -->\n\t\t\t\t<\/a>\n\t\t\t\t\t\t\t<meta itemprop=\"width\" content=\"140\" \/>\n\t\t\t<meta itemprop=\"height\" content=\"55\" \/>\n\t\t\t\t<a\n\t\t\thref=\"https:\/\/www.v-valley.com\/es\/vendor\/trellix\/\"\n\t\t\ttarget=\"_self\" \n\t\t\ttitle=\"logo_trellix\" \n\t\t\t\t\t\tdata-caption=\"\"\n\t\t\t\t\t\tdata-description=\"\" \n\t\t\titemprop=\"contentUrl\">\n\t\t\t<img loading=\"lazy\" decoding=\"async\" src=\"https:\/\/statics.v-valley.com\/prod\/2023\/02\/logo_trellix.gif\" alt=\"logo_trellix\" data-no-lazy=\"1\" itemprop=\"thumbnail\" width=\"140\" height=\"55\" \/>\n\t\t\t<!-- Overlay Wrapper -->\n\t\t\t <!-- Overlay Wrapper Closed -->\n\t\t\t\t<\/a>\n\t\t\t\t\t\t\t<meta itemprop=\"width\" content=\"140\" \/>\n\t\t\t<meta itemprop=\"height\" content=\"55\" \/>\n\t\t\t\t<a\n\t\t\thref=\"https:\/\/www.v-valley.com\/es\/vendor\/trend-micro\"\n\t\t\ttarget=\"_self\" \n\t\t\ttitle=\"logo-trendmicro\" \n\t\t\t\t\t\tdata-caption=\"\"\n\t\t\t\t\t\tdata-description=\"\" \n\t\t\titemprop=\"contentUrl\">\n\t\t\t<img loading=\"lazy\" decoding=\"async\" src=\"https:\/\/statics.v-valley.com\/prod\/2025\/02\/logo-trendmicro.gif\" alt=\"logo-trendmicro\" data-no-lazy=\"1\" itemprop=\"thumbnail\" width=\"140\" height=\"55\" \/>\n\t\t\t<!-- Overlay Wrapper -->\n\t\t\t <!-- Overlay Wrapper Closed -->\n\t\t\t\t<\/a>\n\t\t\t\t\t\t\t<meta itemprop=\"width\" content=\"140\" \/>\n\t\t\t<meta itemprop=\"height\" content=\"55\" \/>\n\t\t\t\t<a\n\t\t\thref=\"https:\/\/www.v-valley.com\/es\/vendor\/watchguard\"\n\t\t\ttarget=\"_self\" \n\t\t\ttitle=\"logo-watchguard\" \n\t\t\t\t\t\tdata-caption=\"\"\n\t\t\t\t\t\tdata-description=\"\" \n\t\t\titemprop=\"contentUrl\">\n\t\t\t<img loading=\"lazy\" decoding=\"async\" src=\"https:\/\/statics.v-valley.com\/prod\/2025\/02\/logo-watchguard.gif\" alt=\"logo-watchguard\" data-no-lazy=\"1\" itemprop=\"thumbnail\" width=\"140\" height=\"55\" \/>\n\t\t\t<!-- Overlay Wrapper -->\n\t\t\t <!-- Overlay Wrapper Closed -->\n\t\t\t\t<\/a>\n\t\t\t\t\t\t\t<meta itemprop=\"width\" content=\"140\" \/>\n\t\t\t<meta itemprop=\"height\" content=\"55\" \/>\n\t\t\t\t<a\n\t\t\thref=\"https:\/\/www.v-valley.com\/es\/vendor\/xm-cyber\/\"\n\t\t\ttarget=\"_self\" \n\t\t\ttitle=\"logo-xm-cyber\" \n\t\t\t\t\t\tdata-caption=\"\"\n\t\t\t\t\t\tdata-description=\"\" \n\t\t\titemprop=\"contentUrl\">\n\t\t\t<img loading=\"lazy\" decoding=\"async\" src=\"https:\/\/statics.v-valley.com\/prod\/2023\/09\/logo-xm-cyber.gif\" alt=\"logo-xm-cyber\" data-no-lazy=\"1\" itemprop=\"thumbnail\" width=\"140\" height=\"55\" \/>\n\t\t\t<!-- Overlay Wrapper -->\n\t\t\t <!-- Overlay Wrapper Closed -->\n\t\t\t\t<\/a>\n\t\t\t\t\t\t\t<meta itemprop=\"width\" content=\"140\" \/>\n\t\t\t<meta itemprop=\"height\" content=\"55\" \/>\n\t<h3>\n\t\t\tNUESTROS SERVICIOS COMPLEMENTARIOS\t<\/h3>\n\t\t\t<a href=\"https:\/\/www.v-valley.com\/es\/servicios\/\" target=\"_self\">\n\t\t\t\t\t\t\tTODOS NUESTROS SERVICIOS\n\t\t\t\t\t<\/a>\n\n","protected":false},"excerpt":{"rendered":"<p>Soluciones de seguridad inform\u00e1tica para empresas: descubre nuestros servicios de ciberseguridad para la seguridad de los sistemas y los datos de la empresa.<\/p>\n","protected":false},"author":7,"featured_media":0,"parent":80591,"menu_order":0,"comment_status":"closed","ping_status":"closed","template":"templates\/template-solution-category.php","meta":{"_acf_changed":false,"_genesis_hide_title":false,"_genesis_hide_breadcrumbs":false,"_genesis_hide_singular_image":false,"_genesis_hide_footer_widgets":false,"_genesis_custom_body_class":"","_genesis_custom_post_class":"","_genesis_layout":"","footnotes":""},"class_list":{"0":"post-81500","1":"page","2":"type-page","3":"status-publish","5":"entry"},"acf":[],"_links":{"self":[{"href":"https:\/\/www.v-valley.com\/es\/wp-json\/wp\/v2\/pages\/81500","targetHints":{"allow":["GET"]}}],"collection":[{"href":"https:\/\/www.v-valley.com\/es\/wp-json\/wp\/v2\/pages"}],"about":[{"href":"https:\/\/www.v-valley.com\/es\/wp-json\/wp\/v2\/types\/page"}],"author":[{"embeddable":true,"href":"https:\/\/www.v-valley.com\/es\/wp-json\/wp\/v2\/users\/7"}],"replies":[{"embeddable":true,"href":"https:\/\/www.v-valley.com\/es\/wp-json\/wp\/v2\/comments?post=81500"}],"version-history":[{"count":5,"href":"https:\/\/www.v-valley.com\/es\/wp-json\/wp\/v2\/pages\/81500\/revisions"}],"predecessor-version":[{"id":620546,"href":"https:\/\/www.v-valley.com\/es\/wp-json\/wp\/v2\/pages\/81500\/revisions\/620546"}],"up":[{"embeddable":true,"href":"https:\/\/www.v-valley.com\/es\/wp-json\/wp\/v2\/pages\/80591"}],"wp:attachment":[{"href":"https:\/\/www.v-valley.com\/es\/wp-json\/wp\/v2\/media?parent=81500"}],"curies":[{"name":"wp","href":"https:\/\/api.w.org\/{rel}","templated":true}]}}