{"id":81494,"date":"2022-10-28T17:02:33","date_gmt":"2022-10-28T15:02:33","guid":{"rendered":"https:\/\/www.v-valley.com\/soluciones\/cloud\/"},"modified":"2025-10-21T10:35:34","modified_gmt":"2025-10-21T08:35:34","slug":"cloud","status":"publish","type":"page","link":"https:\/\/www.v-valley.com\/es\/soluciones\/cloud\/","title":{"rendered":"Cloud"},"content":{"rendered":"\n<h2>\n\t\t\tHAZ QUE CREZCA TU NEGOCIO CON SERVICIOS CLOUD\t<\/h2>\n\t<p>El Cloud es la clave en la transformaci\u00f3n digital para las empresas, la transformaci\u00f3n digital es un proceso continuo que permite desplegar la gama de servicios y soluciones de la manera m\u00e1s r\u00e1pida y efectiva.<\/p>\n<p>En V-Valley encontrar\u00e1s m\u00faltiples soluciones cloud que se desarrollan en diferentes \u00e1reas y que podr\u00e1n adoptarse a cualquier modelo de negocio.<\/p>\n<p>\u00bfQuieres saber c\u00f3mo integrar nuestras soluciones para acelerar tu negocio? <a href=\"https:\/\/www.v-valley.com\/es\/contactos\/\">\u00a1Contacta con nuestros especialistas!<\/a><\/p>\n<h3>\n\t\t\tSOLUCIONES DISPONIBLES PARA TODOS LOS MODELOS DE NEGOCIO\t<\/h3>\n                        <a href=\"#MSP\">\n            <img decoding=\"async\" src=\"https:\/\/statics.v-valley.com\/prod\/2022\/09\/ico-MSP.png\" alt=\"Managed Service Provider\" name=\"Managed Service Provider\"\/>\n            <\/a>\n                                <a href=\"#MSP\">\n                <h4>Managed Service Provider<\/h4>\n                <\/a>\n                                                    <p>Este modelo te permite convertirte en un proveedor de servicios, disponiendo de las mejores soluciones del mercado. Con los modelos de pago por uso podr\u00e1s construir y gestiona tus soluciones, t\u00fa eres el due\u00f1o y responsable de los servicios. <\/p>\n         <!-- end vvly card item -->\n                        <a href=\"#CSP\">\n            <img decoding=\"async\" src=\"https:\/\/statics.v-valley.com\/prod\/2022\/09\/ico-CSP.png\" alt=\"Cloud Service Provider\" name=\"Cloud Service Provider\"\/>\n            <\/a>\n                                <a href=\"#CSP\">\n                <h4>Cloud Service Provider<\/h4>\n                <\/a>\n                                                    <p>Este modelo te permite proponer servicios\/soluciones con compromisos mensuales o anuales en forma de suscripci\u00f3n, ofrecidos por un Service Provider. Permite la construcci\u00f3n de ofertas personalizadas para tus clientes.<\/p>\n         <!-- end vvly card item -->\n             <!-- end vvly cards with icon -->\n <!-- end cards-with-icon-container -->\n<style>\n    .vvly-cards-with-icon-container .vvly-cards-with-icon .vvly-card-item {\n        width: calc(100% \/2);\n    }\n<\/style>\n<h3>\n\t\t\tLOS IMPRESCINDIBLES\t<\/h3>\n\tSi los imprescindibles de toda empresa hoy en d\u00eda son la flexibilidad, la escalabilidad, la accesibilidad y la colaboraci\u00f3n. La nube es la soluci\u00f3n ideal para todas estas necesidades, ya que adem\u00e1s de generar nuevas necesidades, es capaz de aportar grandes reducciones de costes en diferentes negocios.<br \/>\nAdem\u00e1s, no olvidemos que las soluciones \u00abin cloud\u00bb son naturalmente m\u00e1s sostenibles que las soluciones \u00abon premise\u00bb, gracias al uso de menos recursos y, por lo tanto, suponen un mayor ahorro de energ\u00eda.\n\t\t\t\t<img decoding=\"async\" src=\"https:\/\/statics.v-valley.com\/prod\/2022\/11\/img-soluzioni-cloud.jpg\" alt=\"img-soluzioni-cloud\" itemprop=\"image\" height=\"358\" width=\"557\" title=\"img-soluzioni-cloud\" onerror=\"this.style.display='none'\" loading=\"lazy\" \/>\n\t\t\t\t<img decoding=\"async\" src=\"https:\/\/statics.v-valley.com\/prod\/2022\/11\/img-cloud-marketplace.jpg\" alt=\"img-cloud-marketplace\" itemprop=\"image\" height=\"358\" width=\"557\" title=\"img-cloud-marketplace\" onerror=\"this.style.display='none'\" loading=\"lazy\" \/>\n<h3>\n\t\t\tPOR QU\u00c9 ELEGIR EL CLOUD EN V-VALLEY\t<\/h3>\n\t<p>Nuestro objetivo es convertirnos en tu socio cloud, y en nuestra propuesta encontraras como te ayudamos en el proceso continuo de la transformaci\u00f3n digital v\u00eda cloud.<\/p>\n<p><strong>Nuestras claves:<\/strong><\/p>\n\t\t\t <p><strong>NUESTRO EQUIPO<\/strong>: Cercan\u00eda y especializaci\u00f3n y un enfoque one-to-one, poniendo a tu disposici\u00f3n nuestro EQUIPO DE ESPECIALISTAS, que incluye Business Developer y Cloud Architect, para ayudarte a definir una estrategia ganadora de migraci\u00f3n a la nube.<\/p>\t\t\n\t\t\t <p><strong>NUESTRO CAT\u00c1LOGO<\/strong>: Te ofrecemos la m\u00e1s amplia oferta de soluciones que te permitir\u00e1n acompa\u00f1ar a tus clientes de manera continua en su transici\u00f3n a la nube.<\/p>\t\t\n\t\t\t <p><strong>NUESTRAS HERRAMIENTAS<\/strong>: El <a href=\"https:\/\/b2b.v-valley.com\/Cloud\/Home\/Embedded\">Cloud Marketplace de V-Valley<\/a> es una herramienta innovadora porque nos permite ayudarte a activar esta transformaci\u00f3n y distribuirla a tus clientes con una nueva forma de vender. Adem\u00e1s, est\u00e1 en continua evoluci\u00f3n para adaptarse a tus necesidades.<\/p>\t\t\n\t\t\t <p><strong>NUESTRO SOPORTE<\/strong>: Te brindamos una experiencia personalizada tanto a nivel producto, como en todo lo relacionado con la formaci\u00f3n, soporte t\u00e9cnico y gesti\u00f3n de la administraci\u00f3n.<\/p>\t\t\n\t<h2>\n\t\t\tNUESTROS SOCIOS QUE OFRECEN SOLUCIONES EN LA NUBE\t<\/h2>\n\t\t\t\t<a\n\t\t\thref=\"https:\/\/www.v-valley.com\/es\/vendor\/acronis\"\n\t\t\ttarget=\"_self\" \n\t\t\ttitle=\"logo_acronis\" \n\t\t\t\t\t\tdata-caption=\"\"\n\t\t\t\t\t\tdata-description=\"\" \n\t\t\titemprop=\"contentUrl\">\n\t\t\t<img loading=\"lazy\" decoding=\"async\" src=\"https:\/\/statics.v-valley.com\/prod\/2022\/10\/logo_acronis.gif\" alt=\"logo_acronis\" data-no-lazy=\"1\" itemprop=\"thumbnail\" width=\"140\" height=\"55\" \/>\n\t\t\t<!-- Overlay Wrapper -->\n\t\t\t <!-- Overlay Wrapper Closed -->\n\t\t\t\t<\/a>\n\t\t\t\t\t\t\t<meta itemprop=\"width\" content=\"140\" \/>\n\t\t\t<meta itemprop=\"height\" content=\"55\" \/>\n\t\t\t\t<a\n\t\t\thref=\"https:\/\/www.v-valley.com\/es\/vendor\/adobe\/\"\n\t\t\ttarget=\"_self\" \n\t\t\ttitle=\"logo-adobe\" \n\t\t\t\t\t\tdata-caption=\"\"\n\t\t\t\t\t\tdata-description=\"\" \n\t\t\titemprop=\"contentUrl\">\n\t\t\t<img loading=\"lazy\" decoding=\"async\" src=\"https:\/\/statics.v-valley.com\/prod\/2025\/02\/logo-adobe.gif\" alt=\"logo-adobe\" data-no-lazy=\"1\" itemprop=\"thumbnail\" width=\"140\" height=\"55\" \/>\n\t\t\t<!-- Overlay Wrapper -->\n\t\t\t <!-- Overlay Wrapper Closed -->\n\t\t\t\t<\/a>\n\t\t\t\t\t\t\t<meta itemprop=\"width\" content=\"140\" \/>\n\t\t\t<meta itemprop=\"height\" content=\"55\" \/>\n\t\t\t\t<a\n\t\t\thref=\"\"\n\t\t\ttarget=\"_self\" \n\t\t\ttitle=\"logo_arcserve\" \n\t\t\t\t\t\tdata-caption=\"\"\n\t\t\t\t\t\tdata-description=\"\" \n\t\t\titemprop=\"contentUrl\">\n\t\t\t<img loading=\"lazy\" decoding=\"async\" src=\"https:\/\/statics.v-valley.com\/prod\/2023\/08\/logo_arcserve.gif\" alt=\"logo_arcserve\" data-no-lazy=\"1\" itemprop=\"thumbnail\" width=\"140\" height=\"55\" \/>\n\t\t\t<!-- Overlay Wrapper -->\n\t\t\t <!-- Overlay Wrapper Closed -->\n\t\t\t\t<\/a>\n\t\t\t\t\t\t\t<meta itemprop=\"width\" content=\"140\" \/>\n\t\t\t<meta itemprop=\"height\" content=\"55\" \/>\n\t\t\t\t<a\n\t\t\thref=\"https:\/\/www.v-valley.com\/es\/vendor\/check-point\"\n\t\t\ttarget=\"_self\" \n\t\t\ttitle=\"logo_checkpoint\" \n\t\t\t\t\t\tdata-caption=\"\"\n\t\t\t\t\t\tdata-description=\"\" \n\t\t\titemprop=\"contentUrl\">\n\t\t\t<img loading=\"lazy\" decoding=\"async\" src=\"https:\/\/statics.v-valley.com\/prod\/2022\/11\/logo_checkpoint.gif\" alt=\"logo_checkpoint\" data-no-lazy=\"1\" itemprop=\"thumbnail\" width=\"140\" height=\"55\" \/>\n\t\t\t<!-- Overlay Wrapper -->\n\t\t\t <!-- Overlay Wrapper Closed -->\n\t\t\t\t<\/a>\n\t\t\t\t\t\t\t<meta itemprop=\"width\" content=\"140\" \/>\n\t\t\t<meta itemprop=\"height\" content=\"55\" \/>\n\t\t\t\t<a\n\t\t\thref=\"\"\n\t\t\ttarget=\"_self\" \n\t\t\ttitle=\"logo-flexxible\" \n\t\t\t\t\t\tdata-caption=\"\"\n\t\t\t\t\t\tdata-description=\"\" \n\t\t\titemprop=\"contentUrl\">\n\t\t\t<img loading=\"lazy\" decoding=\"async\" src=\"https:\/\/statics.v-valley.com\/prod\/2024\/06\/logo-flexxible-1.gif\" alt=\"logo-flexxible\" data-no-lazy=\"1\" itemprop=\"thumbnail\" width=\"140\" height=\"55\" \/>\n\t\t\t<!-- Overlay Wrapper -->\n\t\t\t <!-- Overlay Wrapper Closed -->\n\t\t\t\t<\/a>\n\t\t\t\t\t\t\t<meta itemprop=\"width\" content=\"140\" \/>\n\t\t\t<meta itemprop=\"height\" content=\"55\" \/>\n\t\t\t\t<a\n\t\t\thref=\"https:\/\/www.v-valley.com\/es\/vendor\/foxit\/\"\n\t\t\ttarget=\"_self\" \n\t\t\ttitle=\"logo_foxit\" \n\t\t\t\t\t\tdata-caption=\"\"\n\t\t\t\t\t\tdata-description=\"\" \n\t\t\titemprop=\"contentUrl\">\n\t\t\t<img loading=\"lazy\" decoding=\"async\" src=\"https:\/\/statics.v-valley.com\/prod\/2024\/04\/logo_foxit.gif\" alt=\"logo_foxit\" data-no-lazy=\"1\" itemprop=\"thumbnail\" width=\"140\" height=\"55\" \/>\n\t\t\t<!-- Overlay Wrapper -->\n\t\t\t <!-- Overlay Wrapper Closed -->\n\t\t\t\t<\/a>\n\t\t\t\t\t\t\t<meta itemprop=\"width\" content=\"140\" \/>\n\t\t\t<meta itemprop=\"height\" content=\"55\" \/>\n\t\t\t\t<a\n\t\t\thref=\"https:\/\/www.v-valley.com\/es\/vendor\/hewlett-packard-enterprise\/\"\n\t\t\ttarget=\"_self\" \n\t\t\ttitle=\"logo_hpe\" \n\t\t\t\t\t\tdata-caption=\"\"\n\t\t\t\t\t\tdata-description=\"\" \n\t\t\titemprop=\"contentUrl\">\n\t\t\t<img loading=\"lazy\" decoding=\"async\" src=\"https:\/\/statics.v-valley.com\/prod\/2022\/10\/logo_hpe.gif\" alt=\"logo_hpe\" data-no-lazy=\"1\" itemprop=\"thumbnail\" width=\"140\" height=\"55\" \/>\n\t\t\t<!-- Overlay Wrapper -->\n\t\t\t <!-- Overlay Wrapper Closed -->\n\t\t\t\t<\/a>\n\t\t\t\t\t\t\t<meta itemprop=\"width\" content=\"140\" \/>\n\t\t\t<meta itemprop=\"height\" content=\"55\" \/>\n\t\t\t\t<a\n\t\t\thref=\"https:\/\/www.v-valley.com\/es\/vendor\/kaspersky\/\"\n\t\t\ttarget=\"_self\" \n\t\t\ttitle=\"logo_kaspersky\" \n\t\t\t\t\t\tdata-caption=\"\"\n\t\t\t\t\t\tdata-description=\"\" \n\t\t\titemprop=\"contentUrl\">\n\t\t\t<img loading=\"lazy\" decoding=\"async\" src=\"https:\/\/statics.v-valley.com\/prod\/2023\/02\/logo_kaspersky.gif\" alt=\"logo_kaspersky\" data-no-lazy=\"1\" itemprop=\"thumbnail\" width=\"140\" height=\"55\" \/>\n\t\t\t<!-- Overlay Wrapper -->\n\t\t\t <!-- Overlay Wrapper Closed -->\n\t\t\t\t<\/a>\n\t\t\t\t\t\t\t<meta itemprop=\"width\" content=\"140\" \/>\n\t\t\t<meta itemprop=\"height\" content=\"55\" \/>\n\t\t\t\t<a\n\t\t\thref=\"https:\/\/www.v-valley.com\/es\/vendor\/lcrcom\/\"\n\t\t\ttarget=\"_self\" \n\t\t\ttitle=\"logo-lcrcom\" \n\t\t\t\t\t\tdata-caption=\"\"\n\t\t\t\t\t\tdata-description=\"\" \n\t\t\titemprop=\"contentUrl\">\n\t\t\t<img loading=\"lazy\" decoding=\"async\" src=\"https:\/\/statics.v-valley.com\/prod\/2023\/09\/logo-lcrcom.gif\" alt=\"logo-lcrcom\" data-no-lazy=\"1\" itemprop=\"thumbnail\" width=\"140\" height=\"55\" \/>\n\t\t\t<!-- Overlay Wrapper -->\n\t\t\t <!-- Overlay Wrapper Closed -->\n\t\t\t\t<\/a>\n\t\t\t\t\t\t\t<meta itemprop=\"width\" content=\"140\" \/>\n\t\t\t<meta itemprop=\"height\" content=\"55\" \/>\n\t\t\t\t<a\n\t\t\thref=\"https:\/\/www.v-valley.com\/es\/vendor\/microfocus\"\n\t\t\ttarget=\"_self\" \n\t\t\ttitle=\"logo_microfocus\" \n\t\t\t\t\t\tdata-caption=\"\"\n\t\t\t\t\t\tdata-description=\"\" \n\t\t\titemprop=\"contentUrl\">\n\t\t\t<img loading=\"lazy\" decoding=\"async\" src=\"https:\/\/statics.v-valley.com\/prod\/2022\/10\/logo_microfocus.gif\" alt=\"logo_microfocus\" data-no-lazy=\"1\" itemprop=\"thumbnail\" width=\"140\" height=\"55\" \/>\n\t\t\t<!-- Overlay Wrapper -->\n\t\t\t <!-- Overlay Wrapper Closed -->\n\t\t\t\t<\/a>\n\t\t\t\t\t\t\t<meta itemprop=\"width\" content=\"140\" \/>\n\t\t\t<meta itemprop=\"height\" content=\"55\" \/>\n\t\t\t\t<a\n\t\t\thref=\"https:\/\/www.v-valley.com\/es\/vendor\/microsoft\"\n\t\t\ttarget=\"_self\" \n\t\t\ttitle=\"logo_Microsoft\" \n\t\t\t\t\t\tdata-caption=\"\"\n\t\t\t\t\t\tdata-description=\"\" \n\t\t\titemprop=\"contentUrl\">\n\t\t\t<img loading=\"lazy\" decoding=\"async\" src=\"https:\/\/statics.v-valley.com\/prod\/2022\/11\/logo_Microsoft.gif\" alt=\"logo_Microsoft\" data-no-lazy=\"1\" itemprop=\"thumbnail\" width=\"140\" height=\"55\" \/>\n\t\t\t<!-- Overlay Wrapper -->\n\t\t\t <!-- Overlay Wrapper Closed -->\n\t\t\t\t<\/a>\n\t\t\t\t\t\t\t<meta itemprop=\"width\" content=\"140\" \/>\n\t\t\t<meta itemprop=\"height\" content=\"55\" \/>\n\t\t\t\t<a\n\t\t\thref=\"https:\/\/www.v-valley.com\/es\/vendor\/oasix\/\"\n\t\t\ttarget=\"_self\" \n\t\t\ttitle=\"logo-oasix\" \n\t\t\t\t\t\tdata-caption=\"\"\n\t\t\t\t\t\tdata-description=\"\" \n\t\t\titemprop=\"contentUrl\">\n\t\t\t<img loading=\"lazy\" decoding=\"async\" src=\"https:\/\/statics.v-valley.com\/prod\/2024\/02\/logo-oasix.png\" alt=\"logo-oasix\" data-no-lazy=\"1\" itemprop=\"thumbnail\" width=\"140\" height=\"55\" \/>\n\t\t\t<!-- Overlay Wrapper -->\n\t\t\t <!-- Overlay Wrapper Closed -->\n\t\t\t\t<\/a>\n\t\t\t\t\t\t\t<meta itemprop=\"width\" content=\"140\" \/>\n\t\t\t<meta itemprop=\"height\" content=\"55\" \/>\n\t\t\t\t<a\n\t\t\thref=\"\"\n\t\t\ttarget=\"_self\" \n\t\t\ttitle=\"logo-omnissa\" \n\t\t\t\t\t\tdata-caption=\"\"\n\t\t\t\t\t\tdata-description=\"\" \n\t\t\titemprop=\"contentUrl\">\n\t\t\t<img loading=\"lazy\" decoding=\"async\" src=\"https:\/\/statics.v-valley.com\/prod\/2025\/10\/logo-omnissa.png\" alt=\"\" data-no-lazy=\"1\" itemprop=\"thumbnail\" width=\"140\" height=\"55\" \/>\n\t\t\t<!-- Overlay Wrapper -->\n\t\t\t <!-- Overlay Wrapper Closed -->\n\t\t\t\t<\/a>\n\t\t\t\t\t\t\t<meta itemprop=\"width\" content=\"140\" \/>\n\t\t\t<meta itemprop=\"height\" content=\"55\" \/>\n\t\t\t\t<a\n\t\t\thref=\"https:\/\/www.v-valley.com\/es\/vendor\/red-hat\"\n\t\t\ttarget=\"_self\" \n\t\t\ttitle=\"logo_redhat\" \n\t\t\t\t\t\tdata-caption=\"\"\n\t\t\t\t\t\tdata-description=\"\" \n\t\t\titemprop=\"contentUrl\">\n\t\t\t<img loading=\"lazy\" decoding=\"async\" src=\"https:\/\/statics.v-valley.com\/prod\/2022\/10\/logo_redhat.gif\" alt=\"logo_redhat\" data-no-lazy=\"1\" itemprop=\"thumbnail\" width=\"140\" height=\"55\" \/>\n\t\t\t<!-- Overlay Wrapper -->\n\t\t\t <!-- Overlay Wrapper Closed -->\n\t\t\t\t<\/a>\n\t\t\t\t\t\t\t<meta itemprop=\"width\" content=\"140\" \/>\n\t\t\t<meta itemprop=\"height\" content=\"55\" \/>\n\t\t\t\t<a\n\t\t\thref=\"https:\/\/www.v-valley.com\/es\/vendor\/reevo\"\n\t\t\ttarget=\"_self\" \n\t\t\ttitle=\"logo_reevo\" \n\t\t\t\t\t\tdata-caption=\"\"\n\t\t\t\t\t\tdata-description=\"\" \n\t\t\titemprop=\"contentUrl\">\n\t\t\t<img loading=\"lazy\" decoding=\"async\" src=\"https:\/\/statics.v-valley.com\/prod\/2022\/10\/logo_reevo.gif\" alt=\"logo_reevo\" data-no-lazy=\"1\" itemprop=\"thumbnail\" width=\"140\" height=\"55\" \/>\n\t\t\t<!-- Overlay Wrapper -->\n\t\t\t <!-- Overlay Wrapper Closed -->\n\t\t\t\t<\/a>\n\t\t\t\t\t\t\t<meta itemprop=\"width\" content=\"140\" \/>\n\t\t\t<meta itemprop=\"height\" content=\"55\" \/>\n\t\t\t\t<a\n\t\t\thref=\"https:\/\/www.v-valley.com\/es\/vendor\/ribbon\/\"\n\t\t\ttarget=\"_self\" \n\t\t\ttitle=\"logo_ribbon\" \n\t\t\t\t\t\tdata-caption=\"\"\n\t\t\t\t\t\tdata-description=\"\" \n\t\t\titemprop=\"contentUrl\">\n\t\t\t<img loading=\"lazy\" decoding=\"async\" src=\"https:\/\/statics.v-valley.com\/prod\/2022\/11\/logo_ribbon.gif\" alt=\"logo_ribbon\" data-no-lazy=\"1\" itemprop=\"thumbnail\" width=\"140\" height=\"55\" \/>\n\t\t\t<!-- Overlay Wrapper -->\n\t\t\t <!-- Overlay Wrapper Closed -->\n\t\t\t\t<\/a>\n\t\t\t\t\t\t\t<meta itemprop=\"width\" content=\"140\" \/>\n\t\t\t<meta itemprop=\"height\" content=\"55\" \/>\n\t\t\t\t<a\n\t\t\thref=\"https:\/\/www.v-valley.com\/es\/vendor\/trend-micro\"\n\t\t\ttarget=\"_self\" \n\t\t\ttitle=\"logo-trendmicro\" \n\t\t\t\t\t\tdata-caption=\"\"\n\t\t\t\t\t\tdata-description=\"\" \n\t\t\titemprop=\"contentUrl\">\n\t\t\t<img loading=\"lazy\" decoding=\"async\" src=\"https:\/\/statics.v-valley.com\/prod\/2025\/02\/logo-trendmicro.gif\" alt=\"logo-trendmicro\" data-no-lazy=\"1\" itemprop=\"thumbnail\" width=\"140\" height=\"55\" \/>\n\t\t\t<!-- Overlay Wrapper -->\n\t\t\t <!-- Overlay Wrapper Closed -->\n\t\t\t\t<\/a>\n\t\t\t\t\t\t\t<meta itemprop=\"width\" content=\"140\" \/>\n\t\t\t<meta itemprop=\"height\" content=\"55\" \/>\n\t\t\t\t<a\n\t\t\thref=\"https:\/\/www.v-valley.com\/es\/vendor\/veeam\"\n\t\t\ttarget=\"_self\" \n\t\t\ttitle=\"logo_veeam\" \n\t\t\t\t\t\tdata-caption=\"\"\n\t\t\t\t\t\tdata-description=\"\" \n\t\t\titemprop=\"contentUrl\">\n\t\t\t<img loading=\"lazy\" decoding=\"async\" src=\"https:\/\/statics.v-valley.com\/prod\/2022\/10\/logo_veeam.gif\" alt=\"logo_veeam\" data-no-lazy=\"1\" itemprop=\"thumbnail\" width=\"128\" height=\"48\" \/>\n\t\t\t<!-- Overlay Wrapper -->\n\t\t\t <!-- Overlay Wrapper Closed -->\n\t\t\t\t<\/a>\n\t\t\t\t\t\t\t<meta itemprop=\"width\" content=\"128\" \/>\n\t\t\t<meta itemprop=\"height\" content=\"48\" \/>\n\t\t\t\t<a\n\t\t\thref=\"\"\n\t\t\ttarget=\"_self\" \n\t\t\ttitle=\"logo-virtuozzo\" \n\t\t\t\t\t\tdata-caption=\"\"\n\t\t\t\t\t\tdata-description=\"\" \n\t\t\titemprop=\"contentUrl\">\n\t\t\t<img loading=\"lazy\" decoding=\"async\" src=\"https:\/\/statics.v-valley.com\/prod\/2025\/10\/logo-virtuozzo.png\" alt=\"\" data-no-lazy=\"1\" itemprop=\"thumbnail\" width=\"140\" height=\"55\" \/>\n\t\t\t<!-- Overlay Wrapper -->\n\t\t\t <!-- Overlay Wrapper Closed -->\n\t\t\t\t<\/a>\n\t\t\t\t\t\t\t<meta itemprop=\"width\" content=\"140\" \/>\n\t\t\t<meta itemprop=\"height\" content=\"55\" \/>\n\t\t\t\t<a\n\t\t\thref=\"https:\/\/www.v-valley.com\/es\/vendor\/wasabi\/\"\n\t\t\ttarget=\"_self\" \n\t\t\ttitle=\"logo-wasabi\" \n\t\t\t\t\t\tdata-caption=\"\"\n\t\t\t\t\t\tdata-description=\"\" \n\t\t\titemprop=\"contentUrl\">\n\t\t\t<img loading=\"lazy\" decoding=\"async\" src=\"https:\/\/statics.v-valley.com\/prod\/2025\/02\/logo-wasabi.gif\" alt=\"logo-wasabi\" data-no-lazy=\"1\" itemprop=\"thumbnail\" width=\"140\" height=\"55\" \/>\n\t\t\t<!-- Overlay Wrapper -->\n\t\t\t <!-- Overlay Wrapper Closed -->\n\t\t\t\t<\/a>\n\t\t\t\t\t\t\t<meta itemprop=\"width\" content=\"140\" \/>\n\t\t\t<meta itemprop=\"height\" content=\"55\" \/>\n\t\t\t\t<a\n\t\t\thref=\"https:\/\/www.v-valley.com\/es\/vendor\/watchguard\"\n\t\t\ttarget=\"_self\" \n\t\t\ttitle=\"logo-watchguard\" \n\t\t\t\t\t\tdata-caption=\"\"\n\t\t\t\t\t\tdata-description=\"\" \n\t\t\titemprop=\"contentUrl\">\n\t\t\t<img loading=\"lazy\" decoding=\"async\" src=\"https:\/\/statics.v-valley.com\/prod\/2025\/02\/logo-watchguard.gif\" alt=\"logo-watchguard\" data-no-lazy=\"1\" itemprop=\"thumbnail\" width=\"140\" height=\"55\" \/>\n\t\t\t<!-- Overlay Wrapper -->\n\t\t\t <!-- Overlay Wrapper Closed -->\n\t\t\t\t<\/a>\n\t\t\t\t\t\t\t<meta itemprop=\"width\" content=\"140\" \/>\n\t\t\t<meta itemprop=\"height\" content=\"55\" \/>\n\t\t\t\t<a\n\t\t\thref=\"https:\/\/www.v-valley.com\/es\/vendor\/zimbra\/\"\n\t\t\ttarget=\"_self\" \n\t\t\ttitle=\"logo_zimbra\" \n\t\t\t\t\t\tdata-caption=\"\"\n\t\t\t\t\t\tdata-description=\"\" \n\t\t\titemprop=\"contentUrl\">\n\t\t\t<img loading=\"lazy\" decoding=\"async\" src=\"https:\/\/statics.v-valley.com\/prod\/2023\/02\/logo_zimbra.gif\" alt=\"logo_zimbra\" data-no-lazy=\"1\" itemprop=\"thumbnail\" width=\"140\" height=\"55\" \/>\n\t\t\t<!-- Overlay Wrapper -->\n\t\t\t <!-- Overlay Wrapper Closed -->\n\t\t\t\t<\/a>\n\t\t\t\t\t\t\t<meta itemprop=\"width\" content=\"140\" \/>\n\t\t\t<meta itemprop=\"height\" content=\"55\" \/>\n\t<h3>\n\t\t\tNUESTROS SERVICIOS COMPLEMENTARIOS\t<\/h3>\n\t\t\t<a href=\"https:\/\/www.v-valley.com\/es\/servicios\/\" target=\"_self\">\n\t\t\t\t\t\t\tTODOS NUESTROS SERVICIOS\n\t\t\t\t\t<\/a>\n\n","protected":false},"excerpt":{"rendered":"<p>Servicios en la nube para empresas y soluciones de backup, almacenamiento, alojamiento, redes y CRM. Descubre las soluciones en la nube para tu negocio.<\/p>\n","protected":false},"author":7,"featured_media":0,"parent":80591,"menu_order":0,"comment_status":"closed","ping_status":"closed","template":"templates\/template-solution-category.php","meta":{"_acf_changed":false,"_genesis_hide_title":false,"_genesis_hide_breadcrumbs":false,"_genesis_hide_singular_image":false,"_genesis_hide_footer_widgets":false,"_genesis_custom_body_class":"","_genesis_custom_post_class":"","_genesis_layout":"","footnotes":""},"class_list":{"0":"post-81494","1":"page","2":"type-page","3":"status-publish","5":"entry"},"acf":[],"_links":{"self":[{"href":"https:\/\/www.v-valley.com\/es\/wp-json\/wp\/v2\/pages\/81494","targetHints":{"allow":["GET"]}}],"collection":[{"href":"https:\/\/www.v-valley.com\/es\/wp-json\/wp\/v2\/pages"}],"about":[{"href":"https:\/\/www.v-valley.com\/es\/wp-json\/wp\/v2\/types\/page"}],"author":[{"embeddable":true,"href":"https:\/\/www.v-valley.com\/es\/wp-json\/wp\/v2\/users\/7"}],"replies":[{"embeddable":true,"href":"https:\/\/www.v-valley.com\/es\/wp-json\/wp\/v2\/comments?post=81494"}],"version-history":[{"count":8,"href":"https:\/\/www.v-valley.com\/es\/wp-json\/wp\/v2\/pages\/81494\/revisions"}],"predecessor-version":[{"id":620622,"href":"https:\/\/www.v-valley.com\/es\/wp-json\/wp\/v2\/pages\/81494\/revisions\/620622"}],"up":[{"embeddable":true,"href":"https:\/\/www.v-valley.com\/es\/wp-json\/wp\/v2\/pages\/80591"}],"wp:attachment":[{"href":"https:\/\/www.v-valley.com\/es\/wp-json\/wp\/v2\/media?parent=81494"}],"curies":[{"name":"wp","href":"https:\/\/api.w.org\/{rel}","templated":true}]}}