{"id":80897,"date":"2022-10-27T12:44:15","date_gmt":"2022-10-27T10:44:15","guid":{"rendered":"https:\/\/www.v-valley.com\/vendor\/microsoft\/"},"modified":"2024-08-22T12:23:45","modified_gmt":"2024-08-22T10:23:45","slug":"microsoft","status":"publish","type":"page","link":"https:\/\/www.v-valley.com\/es\/vendor\/microsoft\/","title":{"rendered":"Microsoft"},"content":{"rendered":"\n\n\t\t\t\t<img loading=\"lazy\" decoding=\"async\" src=\"https:\/\/statics.v-valley.com\/prod\/2022\/11\/logo_Microsoft.gif\" alt=\"logo_Microsoft\" itemprop=\"image\" height=\"55\" width=\"140\" title=\"logo_Microsoft\" onerror=\"this.style.display='none'\"  \/>\n<h2>\n\t\t\u00bfQUI\u00c9N ES MICROSOFT?\n\t<\/h2>\n\t<p>El principal objetivo de Microsoft es promover el progreso de las personas y organizaciones a trav\u00e9s del dise\u00f1o y la distribuci\u00f3n de soluciones innovadoras, con un enfoque particular en el entorno Cloud. Microsoft ofrece soluciones cloud y locales en m\u00faltiples \u00e1reas: sistemas operativos, aplicaciones de servidor para entornos de TI distribuidos, aplicaciones para la productividad, colaboraci\u00f3n y comunicaci\u00f3n, soluciones avanzadas de seguridad y gesti\u00f3n de dispositivos, herramientas de gesti\u00f3n de servidores y desktop, desarrollo de software y videojuegos, como dispositivos de <a href=\"https:\/\/www.v-valley.com\/es\/vendor\/microsoft-surface\/\">hardware (Surface)<\/a>, consolas de juegos y accesorios. Su enfoque est\u00e1 en las soluciones cloud, que brindan a los clientes software, servicios y contenido a trav\u00e9s de recursos inform\u00e1ticos compartidos a trav\u00e9s de centros de datos centralizados.<\/p>\n<h2>\n\t\tLOS PRODUCTOS DE MICROSOFT\n\t<\/h2>\n\t<p>Microsoft proporciona soluciones locales y cloud destinadas las personas y las empresas de todo el mundo, para que desarrollen todo su potencial a trav\u00e9s de aquellas tecnolog\u00edas que transforman la forma en que las personas trabajan, juegan y se comunican. Desarrolla y comercializa software, servicios y dispositivos de hardware que ofrecen nuevas oportunidades, mayor comodidad y mayor valor para la vida y el trabajo de las personas. Sus soluciones y productos son utilizados a diario por organizaciones tanto p\u00fablicas como privadas. En particular, sus soluciones Cloud est\u00e1n dise\u00f1adas para optimizar la productividad de las personas y mejorar la colaboraci\u00f3n y comunicaci\u00f3n entre equipos. Los principales productos de productividad son las Suites de Microsoft 365, distribuidas como suscripciones en la nube. Adem\u00e1s, la plataforma Microsoft Azure ofrece servicios cloud computing en diversas \u00e1reas: recursos inform\u00e1ticos, archivado, almacenamiento, transmisi\u00f3n de datos e interconexi\u00f3n de redes, an\u00e1lisis, IA, aprendizaje autom\u00e1tico, gesti\u00f3n de la seguridad y de identidades, supervisi\u00f3n y gesti\u00f3n, as\u00ed como servicios de aplicaciones de desarrollo. Adem\u00e1s, Microsoft ofrece las Office Suites en versi\u00f3n box y en versi\u00f3n ESD (licencia electr\u00f3nica), la mejor forma de combinar la productividad con los Dispositivos. Tambi\u00e9n suministra Sistemas Operativos de Cliente (windows) tanto en versi\u00f3n box como OEM, un producto espec\u00edfico para ensambladores y system builder. En OEM tambi\u00e9n Sistemas Operativos de Servidor con CALs relacionadas.<\/p>\n\t<p>Soluciones Cloud<\/p>\n\t<p>Sistemas operativos de servidor y cliente<\/p>\n\t<p>Suite para oficina<\/p>\n\t<p>Infraestructura Cloud<\/p>\n\t<p>Copia de seguridad y recuperaci\u00f3n<\/p>\n\t<p>Protecci\u00f3n Cibern\u00e9tica<\/p>\n\t<p>Protecci\u00f3n de punto final<\/p>\n\t<p>Gesti\u00f3n de datos\/Bases de datos<\/p>\n\t<p>CRM\/ERP<\/p>\n\t<p>Gesti\u00f3n de documentos<\/p>\n\t<p>Colaboraci\u00f3n<\/p>\n\t<p>File Hosting<\/p>\n\t<p>Soluciones de virtualizaci\u00f3n de desktop<\/p>\n\n","protected":false},"excerpt":{"rendered":"<p>\u00bfQUI\u00c9N ES MICROSOFT? El principal objetivo de Microsoft es promover el progreso de las personas y organizaciones a trav\u00e9s del dise\u00f1o y la distribuci\u00f3n de soluciones innovadoras, con un enfoque particular en el entorno Cloud. Microsoft ofrece soluciones cloud y locales en m\u00faltiples \u00e1reas: sistemas operativos, aplicaciones de servidor para entornos de TI distribuidos, aplicaciones [&hellip;]<\/p>\n","protected":false},"author":7,"featured_media":0,"parent":79554,"menu_order":0,"comment_status":"closed","ping_status":"closed","template":"templates\/template-vendor-category.php","meta":{"_acf_changed":false,"_genesis_hide_title":false,"_genesis_hide_breadcrumbs":false,"_genesis_hide_singular_image":false,"_genesis_hide_footer_widgets":false,"_genesis_custom_body_class":"","_genesis_custom_post_class":"","_genesis_layout":"","footnotes":""},"class_list":{"0":"post-80897","1":"page","2":"type-page","3":"status-publish","5":"entry"},"acf":[],"_links":{"self":[{"href":"https:\/\/www.v-valley.com\/es\/wp-json\/wp\/v2\/pages\/80897","targetHints":{"allow":["GET"]}}],"collection":[{"href":"https:\/\/www.v-valley.com\/es\/wp-json\/wp\/v2\/pages"}],"about":[{"href":"https:\/\/www.v-valley.com\/es\/wp-json\/wp\/v2\/types\/page"}],"author":[{"embeddable":true,"href":"https:\/\/www.v-valley.com\/es\/wp-json\/wp\/v2\/users\/7"}],"replies":[{"embeddable":true,"href":"https:\/\/www.v-valley.com\/es\/wp-json\/wp\/v2\/comments?post=80897"}],"version-history":[{"count":0,"href":"https:\/\/www.v-valley.com\/es\/wp-json\/wp\/v2\/pages\/80897\/revisions"}],"up":[{"embeddable":true,"href":"https:\/\/www.v-valley.com\/es\/wp-json\/wp\/v2\/pages\/79554"}],"wp:attachment":[{"href":"https:\/\/www.v-valley.com\/es\/wp-json\/wp\/v2\/media?parent=80897"}],"curies":[{"name":"wp","href":"https:\/\/api.w.org\/{rel}","templated":true}]}}