{"id":80873,"date":"2022-10-26T16:55:47","date_gmt":"2022-10-26T14:55:47","guid":{"rendered":"https:\/\/www.v-valley.com\/soluciones\/infrastrutture-reti-e-connettivita\/"},"modified":"2024-09-04T10:05:33","modified_gmt":"2024-09-04T08:05:33","slug":"infraestructura-de-redes-y-conectividad","status":"publish","type":"page","link":"https:\/\/www.v-valley.com\/es\/soluciones\/infraestructura-de-redes-y-conectividad\/","title":{"rendered":"Redes y Conectividad"},"content":{"rendered":"\n<h2>\n\t\tREDES DE ALTO RENDIMIENTO PARA TUS CLIENTES \n\t<\/h2>\n\t<p>V-Valley ofrece un mundo de soluciones interconectadas de networking mediante su asociaci\u00f3n con los principales proveedores de tecnolog\u00edas de la informaci\u00f3n y la comunicaci\u00f3n. Somos un distribuidor de valor para las empresas sobre el terreno: nuestro objetivo es ayudarles a crear modelos de negocio m\u00e1s eficientes y a mejorar la experiencia de sus clientes. <\/p>\n<p>Proponemos soluciones de redes corporativas o dom\u00e9sticas, as\u00ed como dispositivos y accesorios para la instalaci\u00f3n e integraci\u00f3n de WLAN. Ofrecemos soluciones para la movilidad que gestionan varios dispositivos simult\u00e1neamente. <\/p>\n<h3>\n\t\tPRINCIPALES PROVEEDORES EN EL CAMPO DE LAS TIC \n\t<\/h3>\n\t<p>V-Valley te ayuda a encontrar la soluci\u00f3n adecuada y de mayor rendimiento para tu red corporativa. Una amplia gama de productos de los mejores proveedores de tecnolog\u00edas de la informaci\u00f3n y la comunicaci\u00f3n garantiza unas redes eficaces y de alto rendimiento. <\/p>\n\t\t\t\t<img loading=\"lazy\" decoding=\"async\" src=\"https:\/\/statics.v-valley.com\/prod\/2022\/10\/img-cavi-ethernet.jpg\" alt=\"img-cavi-ethernet\" itemprop=\"image\" height=\"358\" width=\"557\" title=\"img-cavi-ethernet\" onerror=\"this.style.display='none'\"  \/>\n\t\t\t\t<img loading=\"lazy\" decoding=\"async\" src=\"https:\/\/statics.v-valley.com\/prod\/2022\/10\/img-router.jpg\" alt=\"img-router\" itemprop=\"image\" height=\"358\" width=\"557\" title=\"img-router\" onerror=\"this.style.display='none'\"  \/>\n<h3>\n\t\tTODO TIPO DE REDES \n\t<\/h3>\n\t<p>Ofrecemos todos los productos y accesorios necesarios para la instalaci\u00f3n de redes wifi-corporativas en lugares de trabajo y entornos dom\u00e9sticos cada vez m\u00e1s inteligentes. Una amplia gama de routers y switch aumenta el n\u00famero de equipos que pueden conectarse a la intranet. <\/p>\n<h2>\n\t\tDESCUBRE LAS SOLUCIONES DE NETWORKING DE V-VALLEY \n\t<\/h2>\n\t<p>V-Valley ofrece servicios de networking tecnol\u00f3gicamente avanzados de diferentes tipos.\u00a0<\/p>\n<h4>\n\t\tSwitch\n\t<\/h4>\n\t<p>Aumenta el n\u00famero de dispositivos que pueden conectarse a la red LAN.<\/p>\n<h4>\n\t\tLAN inal\u00e1mbrica \n\t<\/h4>\n\t<p>Conexi\u00f3n a la red inal\u00e1mbrica para entornos laborales y dom\u00e9sticos m\u00e1s inteligentes.<\/p>\n<h4>\n\t\tRouters\n\t<\/h4>\n\t<p>Conecte simult\u00e1neamente uno o m\u00e1s dispositivos a la red externa, instalando al mismo tiempo una red LAN. <\/p>\n<h2>\n\t\tNUESTROS FABRICANTES QUE OFRECEN SOLUCIONES DE INFRAESTRUCTURA Y CENTRO DE DATOS \n\t<\/h2>\n\t\t\t\t<a href=\"https:\/\/www.v-valley.com\/es\/vendor\/alcatel-lucent\" target=\"_self\" title=\"logo_Alcatel-Lucent\" data-caption=\"\" data-description=\"\" itemprop=\"contentUrl\" rel=\"noopener\">\n\t\t\t<img loading=\"lazy\" decoding=\"async\" src=\"https:\/\/statics.v-valley.com\/prod\/2022\/10\/logo_Alcatel-Lucent.gif\" alt=\"logo_Alcatel-Lucent\" data-no-lazy=\"1\" itemprop=\"thumbnail\" width=\"140\" height=\"55\" \/>\n\t\t\t<!-- Overlay Wrapper -->\n\t\t\t <!-- Overlay Wrapper Closed -->\n\t\t\t\t<\/a>\n\t\t\t\t\t\t\t<meta itemprop=\"width\" content=\"140\" \/>\n\t\t\t<meta itemprop=\"height\" content=\"55\" \/>\n\t\t\t\t<a href=\"\" target=\"_self\" title=\"logo_allied_telesis\" data-caption=\"\" data-description=\"\" itemprop=\"contentUrl\" rel=\"noopener\">\n\t\t\t<img loading=\"lazy\" decoding=\"async\" src=\"https:\/\/statics.v-valley.com\/prod\/2022\/11\/logo_allied_telesis.gif\" alt=\"logo_allied_telesis\" data-no-lazy=\"1\" itemprop=\"thumbnail\" width=\"140\" height=\"55\" \/>\n\t\t\t<!-- Overlay Wrapper -->\n\t\t\t <!-- Overlay Wrapper Closed -->\n\t\t\t\t<\/a>\n\t\t\t\t\t\t\t<meta itemprop=\"width\" content=\"140\" \/>\n\t\t\t<meta itemprop=\"height\" content=\"55\" \/>\n\t\t\t\t<a href=\"https:\/\/www.v-valley.com\/es\/vendor\/hpe-aruba\/\" target=\"_self\" title=\"logo_aruba\" data-caption=\"\" data-description=\"\" itemprop=\"contentUrl\" rel=\"noopener\">\n\t\t\t<img loading=\"lazy\" decoding=\"async\" src=\"https:\/\/statics.v-valley.com\/prod\/2022\/10\/logo_aruba.gif\" alt=\"logo_aruba\" data-no-lazy=\"1\" itemprop=\"thumbnail\" width=\"140\" height=\"55\" \/>\n\t\t\t<!-- Overlay Wrapper -->\n\t\t\t <!-- Overlay Wrapper Closed -->\n\t\t\t\t<\/a>\n\t\t\t\t\t\t\t<meta itemprop=\"width\" content=\"140\" \/>\n\t\t\t<meta itemprop=\"height\" content=\"55\" \/>\n\t\t\t\t<a href=\"https:\/\/www.v-valley.com\/es\/vendor\/d-link\/\" target=\"_self\" title=\"logo_d-link\" data-caption=\"\" data-description=\"\" itemprop=\"contentUrl\" rel=\"noopener\">\n\t\t\t<img loading=\"lazy\" decoding=\"async\" src=\"https:\/\/statics.v-valley.com\/prod\/2023\/02\/logo_d-link.gif\" alt=\"logo_d-link\" data-no-lazy=\"1\" itemprop=\"thumbnail\" width=\"140\" height=\"55\" \/>\n\t\t\t<!-- Overlay Wrapper -->\n\t\t\t <!-- Overlay Wrapper Closed -->\n\t\t\t\t<\/a>\n\t\t\t\t\t\t\t<meta itemprop=\"width\" content=\"140\" \/>\n\t\t\t<meta itemprop=\"height\" content=\"55\" \/>\n\t\t\t\t<a href=\"https:\/\/www.v-valley.com\/es\/vendor\/engenius\" target=\"_self\" title=\"logo_EnGenius\" data-caption=\"\" data-description=\"\" itemprop=\"contentUrl\" rel=\"noopener\">\n\t\t\t<img loading=\"lazy\" decoding=\"async\" src=\"https:\/\/statics.v-valley.com\/prod\/2022\/10\/logo_EnGenius.gif\" alt=\"logo_EnGenius\" data-no-lazy=\"1\" itemprop=\"thumbnail\" width=\"140\" height=\"55\" \/>\n\t\t\t<!-- Overlay Wrapper -->\n\t\t\t <!-- Overlay Wrapper Closed -->\n\t\t\t\t<\/a>\n\t\t\t\t\t\t\t<meta itemprop=\"width\" content=\"140\" \/>\n\t\t\t<meta itemprop=\"height\" content=\"55\" \/>\n\t\t\t\t<a href=\"https:\/\/www.v-valley.com\/es\/vendor\/huawei\" target=\"_self\" title=\"logo_huawei\" data-caption=\"\" data-description=\"\" itemprop=\"contentUrl\" rel=\"noopener\">\n\t\t\t<img loading=\"lazy\" decoding=\"async\" src=\"https:\/\/statics.v-valley.com\/prod\/2022\/10\/logo_huawei.gif\" alt=\"logo_huawei\" data-no-lazy=\"1\" itemprop=\"thumbnail\" width=\"140\" height=\"55\" \/>\n\t\t\t<!-- Overlay Wrapper -->\n\t\t\t <!-- Overlay Wrapper Closed -->\n\t\t\t\t<\/a>\n\t\t\t\t\t\t\t<meta itemprop=\"width\" content=\"140\" \/>\n\t\t\t<meta itemprop=\"height\" content=\"55\" \/>\n\t\t\t\t<a href=\"https:\/\/www.v-valley.com\/es\/vendor\/juniper\" target=\"_self\" title=\"logo_juniper\" data-caption=\"\" data-description=\"\" itemprop=\"contentUrl\" rel=\"noopener\">\n\t\t\t<img loading=\"lazy\" decoding=\"async\" src=\"https:\/\/statics.v-valley.com\/prod\/2022\/10\/logo_juniper.gif\" alt=\"logo_juniper\" data-no-lazy=\"1\" itemprop=\"thumbnail\" width=\"140\" height=\"55\" \/>\n\t\t\t<!-- Overlay Wrapper -->\n\t\t\t <!-- Overlay Wrapper Closed -->\n\t\t\t\t<\/a>\n\t\t\t\t\t\t\t<meta itemprop=\"width\" content=\"140\" \/>\n\t\t\t<meta itemprop=\"height\" content=\"55\" \/>\n\t\t\t\t<a href=\"https:\/\/www.v-valley.com\/es\/vendor\/multitech\/\" target=\"_self\" title=\"logo_multitech\" data-caption=\"\" data-description=\"\" itemprop=\"contentUrl\" rel=\"noopener\">\n\t\t\t<img loading=\"lazy\" decoding=\"async\" src=\"https:\/\/statics.v-valley.com\/prod\/2023\/02\/logo_multitech.gif\" alt=\"logo_multitech\" data-no-lazy=\"1\" itemprop=\"thumbnail\" width=\"140\" height=\"55\" \/>\n\t\t\t<!-- Overlay Wrapper -->\n\t\t\t <!-- Overlay Wrapper Closed -->\n\t\t\t\t<\/a>\n\t\t\t\t\t\t\t<meta itemprop=\"width\" content=\"140\" \/>\n\t\t\t<meta itemprop=\"height\" content=\"55\" \/>\n\t\t\t\t<a href=\"https:\/\/www.v-valley.com\/es\/vendor\/netgear\/\" target=\"_self\" title=\"logo_netgear\" data-caption=\"\" data-description=\"\" itemprop=\"contentUrl\" rel=\"noopener\">\n\t\t\t<img loading=\"lazy\" decoding=\"async\" src=\"https:\/\/statics.v-valley.com\/prod\/2023\/02\/logo_netgear.gif\" alt=\"logo_netgear\" data-no-lazy=\"1\" itemprop=\"thumbnail\" width=\"140\" height=\"55\" \/>\n\t\t\t<!-- Overlay Wrapper -->\n\t\t\t <!-- Overlay Wrapper Closed -->\n\t\t\t\t<\/a>\n\t\t\t\t\t\t\t<meta itemprop=\"width\" content=\"140\" \/>\n\t\t\t<meta itemprop=\"height\" content=\"55\" \/>\n\t\t\t\t<a href=\"https:\/\/www.v-valley.com\/es\/vendor\/ruckus\" target=\"_self\" title=\"logo_ruckus\" data-caption=\"\" data-description=\"\" itemprop=\"contentUrl\" rel=\"noopener\">\n\t\t\t<img loading=\"lazy\" decoding=\"async\" src=\"https:\/\/statics.v-valley.com\/prod\/2022\/10\/logo_ruckus.gif\" alt=\"logo_ruckus\" data-no-lazy=\"1\" itemprop=\"thumbnail\" width=\"140\" height=\"55\" \/>\n\t\t\t<!-- Overlay Wrapper -->\n\t\t\t <!-- Overlay Wrapper Closed -->\n\t\t\t\t<\/a>\n\t\t\t\t\t\t\t<meta itemprop=\"width\" content=\"140\" \/>\n\t\t\t<meta itemprop=\"height\" content=\"55\" \/>\n\t\t\t\t<a href=\"https:\/\/www.v-valley.com\/es\/vendor\/sierra-wireless\/\" target=\"_self\" title=\"logo_sierra-wireless\" data-caption=\"\" data-description=\"\" itemprop=\"contentUrl\" rel=\"noopener\">\n\t\t\t<img loading=\"lazy\" decoding=\"async\" src=\"https:\/\/statics.v-valley.com\/prod\/2023\/02\/logo_sierra-wireless.gif\" alt=\"logo_sierra-wireless\" data-no-lazy=\"1\" itemprop=\"thumbnail\" width=\"140\" height=\"55\" \/>\n\t\t\t<!-- Overlay Wrapper -->\n\t\t\t <!-- Overlay Wrapper Closed -->\n\t\t\t\t<\/a>\n\t\t\t\t\t\t\t<meta itemprop=\"width\" content=\"140\" \/>\n\t\t\t<meta itemprop=\"height\" content=\"55\" \/>\n\t\t\t\t<a href=\"https:\/\/www.v-valley.com\/es\/vendor\/teltonika\/\" target=\"_self\" title=\"logo_teltonika\" data-caption=\"\" data-description=\"\" itemprop=\"contentUrl\" rel=\"noopener\">\n\t\t\t<img loading=\"lazy\" decoding=\"async\" src=\"https:\/\/statics.v-valley.com\/prod\/2023\/02\/logo_teltonika.gif\" alt=\"logo_teltonika\" data-no-lazy=\"1\" itemprop=\"thumbnail\" width=\"140\" height=\"55\" \/>\n\t\t\t<!-- Overlay Wrapper -->\n\t\t\t <!-- Overlay Wrapper Closed -->\n\t\t\t\t<\/a>\n\t\t\t\t\t\t\t<meta itemprop=\"width\" content=\"140\" \/>\n\t\t\t<meta itemprop=\"height\" content=\"55\" \/>\n\t\t\t\t<a href=\"https:\/\/www.v-valley.com\/es\/vendor\/ubiquiti\/\" target=\"_self\" title=\"logo_ubiquiti\" data-caption=\"\" data-description=\"\" itemprop=\"contentUrl\" rel=\"noopener\">\n\t\t\t<img loading=\"lazy\" decoding=\"async\" src=\"https:\/\/statics.v-valley.com\/prod\/2022\/11\/logo_ubiquiti.gif\" alt=\"logo_ubiquiti\" data-no-lazy=\"1\" itemprop=\"thumbnail\" width=\"140\" height=\"55\" \/>\n\t\t\t<!-- Overlay Wrapper -->\n\t\t\t <!-- Overlay Wrapper Closed -->\n\t\t\t\t<\/a>\n\t\t\t\t\t\t\t<meta itemprop=\"width\" content=\"140\" \/>\n\t\t\t<meta itemprop=\"height\" content=\"55\" \/>\n\t\t\t\t<a href=\"https:\/\/www.v-valley.com\/es\/vendor\/watchguard\" target=\"_self\" title=\"logo_watchguard\" data-caption=\"\" data-description=\"\" itemprop=\"contentUrl\" rel=\"noopener\">\n\t\t\t<img loading=\"lazy\" decoding=\"async\" src=\"https:\/\/statics.v-valley.com\/prod\/2022\/10\/logo_watchguard.gif\" alt=\"logo_watchguard\" data-no-lazy=\"1\" itemprop=\"thumbnail\" width=\"140\" height=\"55\" \/>\n\t\t\t<!-- Overlay Wrapper -->\n\t\t\t <!-- Overlay Wrapper Closed -->\n\t\t\t\t<\/a>\n\t\t\t\t\t\t\t<meta itemprop=\"width\" content=\"140\" \/>\n\t\t\t<meta itemprop=\"height\" content=\"55\" \/>\n\t\t\t\t<a href=\"https:\/\/www.v-valley.com\/es\/vendor\/zyxel\" target=\"_self\" title=\"logo-zyxel\" data-caption=\"\" data-description=\"\" itemprop=\"contentUrl\" rel=\"noopener\">\n\t\t\t<img loading=\"lazy\" decoding=\"async\" src=\"https:\/\/statics.v-valley.com\/prod\/2022\/10\/logo-zyxel.gif\" alt=\"logo-zyxel\" data-no-lazy=\"1\" itemprop=\"thumbnail\" width=\"140\" height=\"55\" \/>\n\t\t\t<!-- Overlay Wrapper -->\n\t\t\t <!-- Overlay Wrapper Closed -->\n\t\t\t\t<\/a>\n\t\t\t\t\t\t\t<meta itemprop=\"width\" content=\"140\" \/>\n\t\t\t<meta itemprop=\"height\" content=\"55\" \/>\n\t\t\t\t<a href=\"https:\/\/www.v-valley.com\/es\/vendor\/ruijie\" target=\"_self\" title=\"logo-ruijie\" data-caption=\"\" data-description=\"\" itemprop=\"contentUrl\" rel=\"noopener\">\n\t\t\t<img loading=\"lazy\" decoding=\"async\" src=\"https:\/\/statics.v-valley.com\/prod\/2024\/09\/logo-ruijie.gif\" alt=\"\" data-no-lazy=\"1\" itemprop=\"thumbnail\" width=\"140\" height=\"55\" \/>\n\t\t\t<!-- Overlay Wrapper -->\n\t\t\t <!-- Overlay Wrapper Closed -->\n\t\t\t\t<\/a>\n\t\t\t\t\t\t\t<meta itemprop=\"width\" content=\"140\" \/>\n\t\t\t<meta itemprop=\"height\" content=\"55\" \/>\n\t<h3>\n\t\tNUESTROS SERVICIOS COMPLEMENTARIOS\n\t<\/h3>\n\t\t\t<a href=\"https:\/\/www.v-valley.com\/es\/servicios\/\" target=\"_self\" rel=\"noopener\">\n\t\t\t\t\t\t\tTODOS NUESTROS SERVICIOS\n\t\t\t\t\t<\/a>\n\n","protected":false},"excerpt":{"rendered":"<p>Un mundo interconectado de productos y soluciones de redes para una mejor experiencia del cliente.<\/p>\n","protected":false},"author":7,"featured_media":0,"parent":80591,"menu_order":0,"comment_status":"closed","ping_status":"closed","template":"templates\/template-solution-category.php","meta":{"_acf_changed":false,"_genesis_hide_title":false,"_genesis_hide_breadcrumbs":false,"_genesis_hide_singular_image":false,"_genesis_hide_footer_widgets":false,"_genesis_custom_body_class":"","_genesis_custom_post_class":"","_genesis_layout":"","footnotes":""},"class_list":{"0":"post-80873","1":"page","2":"type-page","3":"status-publish","5":"entry"},"acf":[],"_links":{"self":[{"href":"https:\/\/www.v-valley.com\/es\/wp-json\/wp\/v2\/pages\/80873","targetHints":{"allow":["GET"]}}],"collection":[{"href":"https:\/\/www.v-valley.com\/es\/wp-json\/wp\/v2\/pages"}],"about":[{"href":"https:\/\/www.v-valley.com\/es\/wp-json\/wp\/v2\/types\/page"}],"author":[{"embeddable":true,"href":"https:\/\/www.v-valley.com\/es\/wp-json\/wp\/v2\/users\/7"}],"replies":[{"embeddable":true,"href":"https:\/\/www.v-valley.com\/es\/wp-json\/wp\/v2\/comments?post=80873"}],"version-history":[{"count":0,"href":"https:\/\/www.v-valley.com\/es\/wp-json\/wp\/v2\/pages\/80873\/revisions"}],"up":[{"embeddable":true,"href":"https:\/\/www.v-valley.com\/es\/wp-json\/wp\/v2\/pages\/80591"}],"wp:attachment":[{"href":"https:\/\/www.v-valley.com\/es\/wp-json\/wp\/v2\/media?parent=80873"}],"curies":[{"name":"wp","href":"https:\/\/api.w.org\/{rel}","templated":true}]}}