{"id":80860,"date":"2022-10-26T18:30:54","date_gmt":"2022-10-26T16:30:54","guid":{"rendered":"https:\/\/www.v-valley.com\/soluciones\/unified-communication-e-collaboration\/"},"modified":"2023-09-08T17:20:26","modified_gmt":"2023-09-08T15:20:26","slug":"comunicaciones-unificadas-y-colaboracion","status":"publish","type":"page","link":"https:\/\/www.v-valley.com\/es\/soluciones\/comunicaciones-unificadas-y-colaboracion\/","title":{"rendered":"Comunicaciones Unificadas y Colaboraci\u00f3n"},"content":{"rendered":"\n<h2>\n\t\tLAS MEJORES SOLUCIONES DE COMUNICACI\u00d3N INTERNA PARA TUS CLIENTES\n\t<\/h2>\n\t<p>V-Valley te ofrece una amplia gama de sistemas de comunicaci\u00f3n y colaboraci\u00f3n para sus clientes, desde redes telef\u00f3nicas internas hasta soluciones innovadoras para el trabajo remoto e inteligente: una \u00fanica infraestructura integrada que simplifica la gesti\u00f3n de las comunicaciones desde m\u00faltiples ubicaciones. <\/p>\n<p>Son sistemas que se integran con las redes corporativas, incluso las m\u00e1s complejas, gracias a tel\u00e9fonos IP que utilizan tecnolog\u00eda VoIP y garantizan la m\u00e1xima flexibilidad tanto para telefon\u00eda tradicional como celular. Adem\u00e1s, ofrecemos productos de alta calidad para reuniones remotas, capaces de aislarse de los ruidos provenientes del entorno circundante. <\/p>\n<h3>\n\t\tSOLUCIONES PARA EL SMART WORKING CORPORATIVO\n\t<\/h3>\n\t<p>Ofrecemos tecnolog\u00edas telef\u00f3nicas que permiten la conexi\u00f3n remota a redes corporativas, garantizando calidad de imagen y audio. Para conversaciones normales o videoconferencias entre m\u00faltiples participantes, nuestras herramientas ayudan a transformar cualquier entorno en un espacio de reuni\u00f3n: la soluci\u00f3n ideal para el teletrabajo.<\/p>\n\t\t\t\t<img loading=\"lazy\" decoding=\"async\" src=\"https:\/\/statics.v-valley.com\/prod\/2022\/10\/img-chiamata-sw.jpg\" alt=\"img-chiamata-sw\" itemprop=\"image\" height=\"358\" width=\"557\" title=\"img-chiamata-sw\" onerror=\"this.style.display='none'\"  \/>\n\t\t\t\t<img loading=\"lazy\" decoding=\"async\" src=\"https:\/\/statics.v-valley.com\/prod\/2022\/10\/img-tecnologia-voip.jpg\" alt=\"img-tecnologia-voip\" itemprop=\"image\" height=\"358\" width=\"557\" title=\"img-tecnologia-voip\" onerror=\"this.style.display='none'\"  \/>\n<h3>\n\t\tONE NUMBER, EVERYWHERE ANYWHERE\n\t<\/h3>\n\t<p>Un mismo n\u00famero para toda la organizaci\u00f3n: gracias a los tel\u00e9fonos que usan tecnolog\u00eda VoIP puedes tener una \u00fanica infraestructura integrada con ahorros en costos de mantenimiento, simplificando la gesti\u00f3n multisitio con mayor confianza y seguridad frente al fraude.<\/p>\n<h2>\n\t\tDESCUBRE LAS SOLUCIONES DE COLABORACI\u00d3N Y COMUNICACIONES UNIFICADAS DE V-VALLEY \n\t<\/h2>\n\t<p>V-Valley ofrece servicios de colaboraci\u00f3n y comunicaci\u00f3n unificada tecnol\u00f3gicamente avanzados de varios tipos.<\/p>\n<h4>\n\t\tCentrales telef\u00f3nicas\n\t<\/h4>\n\t<p>Sistemas que se integran con las redes de datos corporativas m\u00e1s complejas y multil\u00ednea.<\/p>\n<h4>\n\t\tGateway\n\t<\/h4>\n\t<p>Para pasar de una red a otra, por el camino m\u00e1s eficiente.<\/p>\n<h4>\n\t\tTel\u00e9fonos IP y VoIP\n\t<\/h4>\n\t<p>Dispositivos que utilizan Internet, tambi\u00e9n equipados con funciones de gr\u00e1ficos y mensajer\u00eda.<\/p>\n<h4>\n\t\tSistemas de audio y videoconferencia\n\t<\/h4>\n\t<p>Sistemas que garantizan im\u00e1genes y sonido de alta calidad para videoconferencias.<\/p>\n<h4>\n\t\tSistemas DECT\n\t<\/h4>\n\t<p>Dispositivos de telecomunicaciones inal\u00e1mbricos conectados al sistema telef\u00f3nico de la empresa.<\/p>\n<h2>\n\t\tNUESTROS FABRICANTES QUE OFRECEN SOLUCIONES DE COLABORACI\u00d3N Y UC \n\t<\/h2>\n\t\t\t\t<a href=\"https:\/\/www.v-valley.com\/es\/vendor\/alcatel-lucent\" target=\"_self\" title=\"logo_Alcatel-Lucent\" data-caption=\"\" data-description=\"\" itemprop=\"contentUrl\" rel=\"noopener\">\n\t\t\t<img loading=\"lazy\" decoding=\"async\" src=\"https:\/\/statics.v-valley.com\/prod\/2022\/10\/logo_Alcatel-Lucent.gif\" alt=\"logo_Alcatel-Lucent\" data-no-lazy=\"1\" itemprop=\"thumbnail\" width=\"140\" height=\"55\" \/>\n\t\t\t<!-- Overlay Wrapper -->\n\t\t\t <!-- Overlay Wrapper Closed -->\n\t\t\t\t<\/a>\n\t\t\t\t\t\t\t<meta itemprop=\"width\" content=\"140\" \/>\n\t\t\t<meta itemprop=\"height\" content=\"55\" \/>\n\t\t\t\t<a href=\"https:\/\/www.v-valley.com\/es\/vendor\/gigaset\" target=\"_self\" title=\"logo_gigaset\" data-caption=\"\" data-description=\"\" itemprop=\"contentUrl\" rel=\"noopener\">\n\t\t\t<img loading=\"lazy\" decoding=\"async\" src=\"https:\/\/statics.v-valley.com\/prod\/2022\/10\/logo_gigaset.gif\" alt=\"logo_gigaset\" data-no-lazy=\"1\" itemprop=\"thumbnail\" width=\"140\" height=\"55\" \/>\n\t\t\t<!-- Overlay Wrapper -->\n\t\t\t <!-- Overlay Wrapper Closed -->\n\t\t\t\t<\/a>\n\t\t\t\t\t\t\t<meta itemprop=\"width\" content=\"140\" \/>\n\t\t\t<meta itemprop=\"height\" content=\"55\" \/>\n\t\t\t\t<a href=\"https:\/\/www.v-valley.com\/es\/vendor\/lenovo\" target=\"_self\" title=\"logo_lenovo\" data-caption=\"\" data-description=\"\" itemprop=\"contentUrl\" rel=\"noopener\">\n\t\t\t<img loading=\"lazy\" decoding=\"async\" src=\"https:\/\/statics.v-valley.com\/prod\/2022\/10\/logo_lenovo.gif\" alt=\"logo_lenovo\" data-no-lazy=\"1\" itemprop=\"thumbnail\" width=\"140\" height=\"55\" \/>\n\t\t\t<!-- Overlay Wrapper -->\n\t\t\t <!-- Overlay Wrapper Closed -->\n\t\t\t\t<\/a>\n\t\t\t\t\t\t\t<meta itemprop=\"width\" content=\"140\" \/>\n\t\t\t<meta itemprop=\"height\" content=\"55\" \/>\n\t\t\t\t<a href=\"https:\/\/www.v-valley.com\/es\/vendor\/microsoft\" target=\"_self\" title=\"logo_Microsoft\" data-caption=\"\" data-description=\"\" itemprop=\"contentUrl\" rel=\"noopener\">\n\t\t\t<img loading=\"lazy\" decoding=\"async\" src=\"https:\/\/statics.v-valley.com\/prod\/2022\/11\/logo_Microsoft.gif\" alt=\"logo_Microsoft\" data-no-lazy=\"1\" itemprop=\"thumbnail\" width=\"140\" height=\"55\" \/>\n\t\t\t<!-- Overlay Wrapper -->\n\t\t\t <!-- Overlay Wrapper Closed -->\n\t\t\t\t<\/a>\n\t\t\t\t\t\t\t<meta itemprop=\"width\" content=\"140\" \/>\n\t\t\t<meta itemprop=\"height\" content=\"55\" \/>\n\t\t\t\t<a href=\"https:\/\/www.v-valley.com\/es\/vendor\/microsoft-surface\/\" target=\"_self\" title=\"logo_microsoft-surface\" data-caption=\"\" data-description=\"\" itemprop=\"contentUrl\" rel=\"noopener\">\n\t\t\t<img loading=\"lazy\" decoding=\"async\" src=\"https:\/\/statics.v-valley.com\/prod\/2023\/02\/logo_microsoft-surface.gif\" alt=\"logo_microsoft-surface\" data-no-lazy=\"1\" itemprop=\"thumbnail\" width=\"140\" height=\"55\" \/>\n\t\t\t<!-- Overlay Wrapper -->\n\t\t\t <!-- Overlay Wrapper Closed -->\n\t\t\t\t<\/a>\n\t\t\t\t\t\t\t<meta itemprop=\"width\" content=\"140\" \/>\n\t\t\t<meta itemprop=\"height\" content=\"55\" \/>\n\t\t\t\t<a href=\"https:\/\/www.v-valley.com\/es\/vendor\/poly\" target=\"_self\" title=\"logo_Poly\" data-caption=\"\" data-description=\"\" itemprop=\"contentUrl\" rel=\"noopener\">\n\t\t\t<img loading=\"lazy\" decoding=\"async\" src=\"https:\/\/statics.v-valley.com\/prod\/2022\/10\/logo_Poly.png\" alt=\"logo_Poly\" data-no-lazy=\"1\" itemprop=\"thumbnail\" width=\"140\" height=\"55\" \/>\n\t\t\t<!-- Overlay Wrapper -->\n\t\t\t <!-- Overlay Wrapper Closed -->\n\t\t\t\t<\/a>\n\t\t\t\t\t\t\t<meta itemprop=\"width\" content=\"140\" \/>\n\t\t\t<meta itemprop=\"height\" content=\"55\" \/>\n\t\t\t\t<a href=\"https:\/\/www.v-valley.com\/es\/vendor\/ribbon\/\" target=\"_self\" title=\"logo_ribbon\" data-caption=\"\" data-description=\"\" itemprop=\"contentUrl\" rel=\"noopener\">\n\t\t\t<img loading=\"lazy\" decoding=\"async\" src=\"https:\/\/statics.v-valley.com\/prod\/2022\/11\/logo_ribbon.gif\" alt=\"logo_ribbon\" data-no-lazy=\"1\" itemprop=\"thumbnail\" width=\"140\" height=\"55\" \/>\n\t\t\t<!-- Overlay Wrapper -->\n\t\t\t <!-- Overlay Wrapper Closed -->\n\t\t\t\t<\/a>\n\t\t\t\t\t\t\t<meta itemprop=\"width\" content=\"140\" \/>\n\t\t\t<meta itemprop=\"height\" content=\"55\" \/>\n\t\t\t\t<a href=\"https:\/\/www.v-valley.com\/es\/vendor\/snom\" target=\"_self\" title=\"logo_snom\" data-caption=\"\" data-description=\"\" itemprop=\"contentUrl\" rel=\"noopener\">\n\t\t\t<img loading=\"lazy\" decoding=\"async\" src=\"https:\/\/statics.v-valley.com\/prod\/2022\/10\/logo_snom.gif\" alt=\"logo_snom\" data-no-lazy=\"1\" itemprop=\"thumbnail\" width=\"140\" height=\"55\" \/>\n\t\t\t<!-- Overlay Wrapper -->\n\t\t\t <!-- Overlay Wrapper Closed -->\n\t\t\t\t<\/a>\n\t\t\t\t\t\t\t<meta itemprop=\"width\" content=\"140\" \/>\n\t\t\t<meta itemprop=\"height\" content=\"55\" \/>\n\t\t\t\t<a href=\"https:\/\/www.v-valley.com\/es\/vendor\/yealink\" target=\"_self\" title=\"logo_yealink\" data-caption=\"\" data-description=\"\" itemprop=\"contentUrl\" rel=\"noopener\">\n\t\t\t<img loading=\"lazy\" decoding=\"async\" src=\"https:\/\/statics.v-valley.com\/prod\/2022\/10\/logo_yealink.gif\" alt=\"logo_yealink\" data-no-lazy=\"1\" itemprop=\"thumbnail\" width=\"140\" height=\"55\" \/>\n\t\t\t<!-- Overlay Wrapper -->\n\t\t\t <!-- Overlay Wrapper Closed -->\n\t\t\t\t<\/a>\n\t\t\t\t\t\t\t<meta itemprop=\"width\" content=\"140\" \/>\n\t\t\t<meta itemprop=\"height\" content=\"55\" \/>\n\t<h3>\n\t\tNUESTROS SERVICIOS COMPLEMENTARIOS\n\t<\/h3>\n\t\t\t<a href=\"https:\/\/www.v-valley.com\/es\/servicios\/\" target=\"_self\" role=\"button\" rel=\"noopener\">\n\t\t\t\t\t\t\tTODOS NUESTROS SERVICIOS\n\t\t\t\t\t<\/a>\n\n","protected":false},"excerpt":{"rendered":"<p>Los beneficios del trabajo remoto y el trabajo inteligente con conexiones desde oficinas remotas.<\/p>\n","protected":false},"author":7,"featured_media":0,"parent":80591,"menu_order":0,"comment_status":"closed","ping_status":"closed","template":"templates\/template-solution-category.php","meta":{"_acf_changed":false,"_genesis_hide_title":false,"_genesis_hide_breadcrumbs":false,"_genesis_hide_singular_image":false,"_genesis_hide_footer_widgets":false,"_genesis_custom_body_class":"","_genesis_custom_post_class":"","_genesis_layout":"","footnotes":""},"class_list":{"0":"post-80860","1":"page","2":"type-page","3":"status-publish","5":"entry"},"acf":[],"_links":{"self":[{"href":"https:\/\/www.v-valley.com\/es\/wp-json\/wp\/v2\/pages\/80860","targetHints":{"allow":["GET"]}}],"collection":[{"href":"https:\/\/www.v-valley.com\/es\/wp-json\/wp\/v2\/pages"}],"about":[{"href":"https:\/\/www.v-valley.com\/es\/wp-json\/wp\/v2\/types\/page"}],"author":[{"embeddable":true,"href":"https:\/\/www.v-valley.com\/es\/wp-json\/wp\/v2\/users\/7"}],"replies":[{"embeddable":true,"href":"https:\/\/www.v-valley.com\/es\/wp-json\/wp\/v2\/comments?post=80860"}],"version-history":[{"count":0,"href":"https:\/\/www.v-valley.com\/es\/wp-json\/wp\/v2\/pages\/80860\/revisions"}],"up":[{"embeddable":true,"href":"https:\/\/www.v-valley.com\/es\/wp-json\/wp\/v2\/pages\/80591"}],"wp:attachment":[{"href":"https:\/\/www.v-valley.com\/es\/wp-json\/wp\/v2\/media?parent=80860"}],"curies":[{"name":"wp","href":"https:\/\/api.w.org\/{rel}","templated":true}]}}