{"id":80854,"date":"2022-10-26T17:18:54","date_gmt":"2022-10-26T15:18:54","guid":{"rendered":"https:\/\/www.v-valley.com\/soluciones\/videosorveglianza\/"},"modified":"2023-09-21T16:15:21","modified_gmt":"2023-09-21T14:15:21","slug":"videovigilancia","status":"publish","type":"page","link":"https:\/\/www.v-valley.com\/es\/soluciones\/videovigilancia\/","title":{"rendered":"Videovigilancia"},"content":{"rendered":"\n<h2>\n\t\tSISTEMAS DE VIDEOVIGILANCIA EN EL LUGAR DE TRABAJO\n\t<\/h2>\n\t<p>V-Valley es un distribuidor l\u00edder de dispositivos de control de acceso y videovigilancia en los sectores industrial, comercial y residencial. Ofrecemos una amplia gama de productos que utilizan tecnolog\u00edas anal\u00f3gicas y digitales. La conexi\u00f3n de dispositivos a la red hace que el equipo sea manejable incluso de forma remota: un verdadero internet of things aplicado a los negocios.<\/p>\n<p>Se encuentra disponible una variedad completa de equipos de videovigilancia para los lugares de trabajo, como intercomunicadores anal\u00f3gicos e IP, sistemas de control de acceso para portones y puertas de empresas y sistemas de identificaci\u00f3n de personal. El software asociado a estos dispositivos hace que los datos registrados por todo el sistema sean analizables y le permiten automatizar las funciones seg\u00fan sus necesidades.<\/p>\n<h3>\n\t\tVIGILANCIA DIGITAL E INTERCONECTADA\n\t<\/h3>\n\t<p>Nuestros sistemas de videovigilancia corporativa, conectados a sistemas de alarma y a la red, tambi\u00e9n detectan movimientos individuales y permiten el control remoto de im\u00e1genes en tiempo real tambi\u00e9n desde smartphones.<\/p>\n\t\t\t\t<img loading=\"lazy\" decoding=\"async\" src=\"https:\/\/statics.v-valley.com\/prod\/2022\/10\/img-sorveglianza-smartphone.jpg\" alt=\"img-sorveglianza-smartphone\" itemprop=\"image\" height=\"358\" width=\"557\" title=\"img-sorveglianza-smartphone\" onerror=\"this.style.display='none'\"  \/>\n\t\t\t\t<img loading=\"lazy\" decoding=\"async\" src=\"https:\/\/statics.v-valley.com\/prod\/2022\/10\/img-lettore-badge.jpg\" alt=\"img-lettore-badge\" itemprop=\"image\" height=\"358\" width=\"557\" title=\"img-lettore-badge\" onerror=\"this.style.display='none'\"  \/>\n<h3>\n\t\tCONTROL DE ACCESO COMPLETO\n\t<\/h3>\n\t<p>Dispositivos de seguridad de la empresa que controlan el acceso a puertas, lectores de tarjetas electr\u00f3nicas o biom\u00e9tricos, sistemas de identificaci\u00f3n avanzados, como intercomunicadores IP que controlan cerraduras el\u00e9ctricas.<\/p>\n<h2>\n\t\tDESCUBRE LAS SOLUCIONES DE VIDEOVIGILANCIA DISPONIBLES EN V-VALLEY \n\t<\/h2>\n\t<p>V-Valley ofrece servicios de videovigilancia tecnol\u00f3gicamente avanzados de varios tipos.<\/p>\n<h4>\n\t\tTelec\u00e1mara IP\n\t<\/h4>\n\t<p>Dispositivos que transmiten im\u00e1genes a trav\u00e9s de la red en tiempo real y notifican cualquier anomal\u00eda.<\/p>\n<h4>\n\t\tIntercomunicadores anal\u00f3gicos\n\t<\/h4>\n\t<p>Conexiones entre ambientes internos y externos a trav\u00e9s de la red el\u00e9ctrica.<\/p>\n<h4>\n\t\tIntercomunicadores IP\n\t<\/h4>\n\t<p>Los sistemas de intercomunicaci\u00f3n avanzados que se conectan a la red se pueden administrar de forma remota.<\/p>\n<h4>\n\t\tControl de acceso\n\t<\/h4>\n\t<p>Dispositivos dise\u00f1ados para el control de accesos a puertas, mediante tarjetas o lectores biom\u00e9tricos.<\/p>\n<h4>\n\t\tV\u00eddeo intercomunicadores IP\n\t<\/h4>\n\t<p>Sistemas de videoportero con control remoto para garantizar una mayor seguridad. <\/p>\n<h2>\n\t\tNUESTROS FABRICANTES QUE OFRECEN SOLUCIONES DE VIDEOVIGILANCIA \n\t<\/h2>\n\t\t\t\t<a href=\"https:\/\/www.v-valley.com\/es\/vendor\/advantech\/\" target=\"_self\" title=\"logo-advantech\" data-caption=\"\" data-description=\"\" itemprop=\"contentUrl\" rel=\"noopener\">\n\t\t\t<img loading=\"lazy\" decoding=\"async\" src=\"https:\/\/statics.v-valley.com\/prod\/2023\/09\/logo-advantech.gif\" alt=\"\" data-no-lazy=\"1\" itemprop=\"thumbnail\" width=\"140\" height=\"55\" \/>\n\t\t\t<!-- Overlay Wrapper -->\n\t\t\t <!-- Overlay Wrapper Closed -->\n\t\t\t\t<\/a>\n\t\t\t\t\t\t\t<meta itemprop=\"width\" content=\"140\" \/>\n\t\t\t<meta itemprop=\"height\" content=\"55\" \/>\n\t\t\t\t<a href=\"https:\/\/www.v-valley.com\/es\/vendor\/brother\/\" target=\"_self\" title=\"logo_brother\" data-caption=\"\" data-description=\"\" itemprop=\"contentUrl\" rel=\"noopener\">\n\t\t\t<img loading=\"lazy\" decoding=\"async\" src=\"https:\/\/statics.v-valley.com\/prod\/2023\/02\/logo_brother.gif\" alt=\"logo_brother\" data-no-lazy=\"1\" itemprop=\"thumbnail\" width=\"140\" height=\"55\" \/>\n\t\t\t<!-- Overlay Wrapper -->\n\t\t\t <!-- Overlay Wrapper Closed -->\n\t\t\t\t<\/a>\n\t\t\t\t\t\t\t<meta itemprop=\"width\" content=\"140\" \/>\n\t\t\t<meta itemprop=\"height\" content=\"55\" \/>\n\t\t\t\t<a href=\"https:\/\/www.v-valley.com\/es\/vendor\/datalogic\/\" target=\"_self\" title=\"logo_datalogic\" data-caption=\"\" data-description=\"\" itemprop=\"contentUrl\" rel=\"noopener\">\n\t\t\t<img loading=\"lazy\" decoding=\"async\" src=\"https:\/\/statics.v-valley.com\/prod\/2022\/11\/logo_datalogic.gif\" alt=\"logo_datalogic\" data-no-lazy=\"1\" itemprop=\"thumbnail\" width=\"140\" height=\"55\" \/>\n\t\t\t<!-- Overlay Wrapper -->\n\t\t\t <!-- Overlay Wrapper Closed -->\n\t\t\t\t<\/a>\n\t\t\t\t\t\t\t<meta itemprop=\"width\" content=\"140\" \/>\n\t\t\t<meta itemprop=\"height\" content=\"55\" \/>\n\t\t\t\t<a href=\"https:\/\/www.v-valley.com\/es\/vendor\/epson\/\" target=\"_self\" title=\"logo_epson\" data-caption=\"\" data-description=\"\" itemprop=\"contentUrl\" rel=\"noopener\">\n\t\t\t<img loading=\"lazy\" decoding=\"async\" src=\"https:\/\/statics.v-valley.com\/prod\/2023\/02\/logo_epson.gif\" alt=\"logo_epson\" data-no-lazy=\"1\" itemprop=\"thumbnail\" width=\"140\" height=\"55\" \/>\n\t\t\t<!-- Overlay Wrapper -->\n\t\t\t <!-- Overlay Wrapper Closed -->\n\t\t\t\t<\/a>\n\t\t\t\t\t\t\t<meta itemprop=\"width\" content=\"140\" \/>\n\t\t\t<meta itemprop=\"height\" content=\"55\" \/>\n\t\t\t\t<a href=\"https:\/\/www.v-valley.com\/es\/vendor\/ftdi\/\" target=\"_self\" title=\"logo-ftdi\" data-caption=\"\" data-description=\"\" itemprop=\"contentUrl\" rel=\"noopener\">\n\t\t\t<img loading=\"lazy\" decoding=\"async\" src=\"https:\/\/statics.v-valley.com\/prod\/2023\/09\/logo-ftdi.gif\" alt=\"\" data-no-lazy=\"1\" itemprop=\"thumbnail\" width=\"140\" height=\"55\" \/>\n\t\t\t<!-- Overlay Wrapper -->\n\t\t\t <!-- Overlay Wrapper Closed -->\n\t\t\t\t<\/a>\n\t\t\t\t\t\t\t<meta itemprop=\"width\" content=\"140\" \/>\n\t\t\t<meta itemprop=\"height\" content=\"55\" \/>\n\t\t\t\t<a href=\"https:\/\/www.v-valley.com\/es\/vendor\/hikvision\/\" target=\"_self\" title=\"logo_hikvision\" data-caption=\"\" data-description=\"\" itemprop=\"contentUrl\" rel=\"noopener\">\n\t\t\t<img loading=\"lazy\" decoding=\"async\" src=\"https:\/\/statics.v-valley.com\/prod\/2022\/10\/logo_hikvision.gif\" alt=\"logo_hikvision\" data-no-lazy=\"1\" itemprop=\"thumbnail\" width=\"140\" height=\"55\" \/>\n\t\t\t<!-- Overlay Wrapper -->\n\t\t\t <!-- Overlay Wrapper Closed -->\n\t\t\t\t<\/a>\n\t\t\t\t\t\t\t<meta itemprop=\"width\" content=\"140\" \/>\n\t\t\t<meta itemprop=\"height\" content=\"55\" \/>\n\t\t\t\t<a href=\"https:\/\/www.v-valley.com\/es\/vendor\/iot-factory\/\" target=\"_self\" title=\"logo-iot-factory\" data-caption=\"\" data-description=\"\" itemprop=\"contentUrl\" rel=\"noopener\">\n\t\t\t<img loading=\"lazy\" decoding=\"async\" src=\"https:\/\/statics.v-valley.com\/prod\/2023\/09\/logo-iot-factory.gif\" alt=\"\" data-no-lazy=\"1\" itemprop=\"thumbnail\" width=\"140\" height=\"55\" \/>\n\t\t\t<!-- Overlay Wrapper -->\n\t\t\t <!-- Overlay Wrapper Closed -->\n\t\t\t\t<\/a>\n\t\t\t\t\t\t\t<meta itemprop=\"width\" content=\"140\" \/>\n\t\t\t<meta itemprop=\"height\" content=\"55\" \/>\n\t\t\t\t<a href=\"https:\/\/www.v-valley.com\/es\/vendor\/lantronix\/\" target=\"_self\" title=\"logo-lantronix\" data-caption=\"\" data-description=\"\" itemprop=\"contentUrl\" rel=\"noopener\">\n\t\t\t<img loading=\"lazy\" decoding=\"async\" src=\"https:\/\/statics.v-valley.com\/prod\/2023\/09\/logo-lantronix.gif\" alt=\"\" data-no-lazy=\"1\" itemprop=\"thumbnail\" width=\"140\" height=\"55\" \/>\n\t\t\t<!-- Overlay Wrapper -->\n\t\t\t <!-- Overlay Wrapper Closed -->\n\t\t\t\t<\/a>\n\t\t\t\t\t\t\t<meta itemprop=\"width\" content=\"140\" \/>\n\t\t\t<meta itemprop=\"height\" content=\"55\" \/>\n\t\t\t\t<a href=\"https:\/\/www.v-valley.com\/es\/vendor\/mobotix\/\" target=\"_self\" title=\"logo-mobotix\" data-caption=\"\" data-description=\"\" itemprop=\"contentUrl\" rel=\"noopener\">\n\t\t\t<img loading=\"lazy\" decoding=\"async\" src=\"https:\/\/statics.v-valley.com\/prod\/2023\/09\/logo-mobotix.gif\" alt=\"\" data-no-lazy=\"1\" itemprop=\"thumbnail\" width=\"140\" height=\"55\" \/>\n\t\t\t<!-- Overlay Wrapper -->\n\t\t\t <!-- Overlay Wrapper Closed -->\n\t\t\t\t<\/a>\n\t\t\t\t\t\t\t<meta itemprop=\"width\" content=\"140\" \/>\n\t\t\t<meta itemprop=\"height\" content=\"55\" \/>\n\t\t\t\t<a href=\"https:\/\/www.v-valley.com\/es\/vendor\/multitech\/\" target=\"_self\" title=\"logo_multitech\" data-caption=\"\" data-description=\"\" itemprop=\"contentUrl\" rel=\"noopener\">\n\t\t\t<img loading=\"lazy\" decoding=\"async\" src=\"https:\/\/statics.v-valley.com\/prod\/2023\/02\/logo_multitech.gif\" alt=\"logo_multitech\" data-no-lazy=\"1\" itemprop=\"thumbnail\" width=\"140\" height=\"55\" \/>\n\t\t\t<!-- Overlay Wrapper -->\n\t\t\t <!-- Overlay Wrapper Closed -->\n\t\t\t\t<\/a>\n\t\t\t\t\t\t\t<meta itemprop=\"width\" content=\"140\" \/>\n\t\t\t<meta itemprop=\"height\" content=\"55\" \/>\n\t\t\t\t<a href=\"https:\/\/www.v-valley.com\/es\/vendor\/panorama-antennas\/\" target=\"_self\" title=\"panorama-antennas\" data-caption=\"\" data-description=\"\" itemprop=\"contentUrl\" rel=\"noopener\">\n\t\t\t<img loading=\"lazy\" decoding=\"async\" src=\"https:\/\/statics.v-valley.com\/prod\/2023\/09\/panorama-antennas.gif\" alt=\"\" data-no-lazy=\"1\" itemprop=\"thumbnail\" width=\"140\" height=\"55\" \/>\n\t\t\t<!-- Overlay Wrapper -->\n\t\t\t <!-- Overlay Wrapper Closed -->\n\t\t\t\t<\/a>\n\t\t\t\t\t\t\t<meta itemprop=\"width\" content=\"140\" \/>\n\t\t\t<meta itemprop=\"height\" content=\"55\" \/>\n\t\t\t\t<a href=\"https:\/\/www.v-valley.com\/es\/vendor\/queclink\/\" target=\"_self\" title=\"logo-queclink\" data-caption=\"\" data-description=\"\" itemprop=\"contentUrl\" rel=\"noopener\">\n\t\t\t<img loading=\"lazy\" decoding=\"async\" src=\"https:\/\/statics.v-valley.com\/prod\/2023\/09\/logo-queclink.jpg\" alt=\"\" data-no-lazy=\"1\" itemprop=\"thumbnail\" width=\"140\" height=\"55\" \/>\n\t\t\t<!-- Overlay Wrapper -->\n\t\t\t <!-- Overlay Wrapper Closed -->\n\t\t\t\t<\/a>\n\t\t\t\t\t\t\t<meta itemprop=\"width\" content=\"140\" \/>\n\t\t\t<meta itemprop=\"height\" content=\"55\" \/>\n\t\t\t\t<a href=\"https:\/\/www.v-valley.com\/es\/vendor\/radiocrafts\/\" target=\"_self\" title=\"logo-radiocrafts\" data-caption=\"\" data-description=\"\" itemprop=\"contentUrl\" rel=\"noopener\">\n\t\t\t<img loading=\"lazy\" decoding=\"async\" src=\"https:\/\/statics.v-valley.com\/prod\/2023\/09\/logo-radiocrafts.gif\" alt=\"\" data-no-lazy=\"1\" itemprop=\"thumbnail\" width=\"140\" height=\"55\" \/>\n\t\t\t<!-- Overlay Wrapper -->\n\t\t\t <!-- Overlay Wrapper Closed -->\n\t\t\t\t<\/a>\n\t\t\t\t\t\t\t<meta itemprop=\"width\" content=\"140\" \/>\n\t\t\t<meta itemprop=\"height\" content=\"55\" \/>\n\t\t\t\t<a href=\"https:\/\/www.v-valley.com\/es\/vendor\/ruckus\" target=\"_self\" title=\"logo_ruckus\" data-caption=\"\" data-description=\"\" itemprop=\"contentUrl\" rel=\"noopener\">\n\t\t\t<img loading=\"lazy\" decoding=\"async\" src=\"https:\/\/statics.v-valley.com\/prod\/2022\/10\/logo_ruckus.gif\" alt=\"logo_ruckus\" data-no-lazy=\"1\" itemprop=\"thumbnail\" width=\"140\" height=\"55\" \/>\n\t\t\t<!-- Overlay Wrapper -->\n\t\t\t <!-- Overlay Wrapper Closed -->\n\t\t\t\t<\/a>\n\t\t\t\t\t\t\t<meta itemprop=\"width\" content=\"140\" \/>\n\t\t\t<meta itemprop=\"height\" content=\"55\" \/>\n\t\t\t\t<a href=\"https:\/\/www.v-valley.com\/es\/vendor\/sanyo-denki\/\" target=\"_self\" title=\"logo-sanyo-denki\" data-caption=\"\" data-description=\"\" itemprop=\"contentUrl\" rel=\"noopener\">\n\t\t\t<img loading=\"lazy\" decoding=\"async\" src=\"https:\/\/statics.v-valley.com\/prod\/2023\/09\/logo-sanyo-denki.gif\" alt=\"\" data-no-lazy=\"1\" itemprop=\"thumbnail\" width=\"140\" height=\"55\" \/>\n\t\t\t<!-- Overlay Wrapper -->\n\t\t\t <!-- Overlay Wrapper Closed -->\n\t\t\t\t<\/a>\n\t\t\t\t\t\t\t<meta itemprop=\"width\" content=\"140\" \/>\n\t\t\t<meta itemprop=\"height\" content=\"55\" \/>\n\t\t\t\t<a href=\"https:\/\/www.v-valley.com\/es\/vendor\/skylane-optics\/\" target=\"_self\" title=\"logo-skylane-optics\" data-caption=\"\" data-description=\"\" itemprop=\"contentUrl\" rel=\"noopener\">\n\t\t\t<img loading=\"lazy\" decoding=\"async\" src=\"https:\/\/statics.v-valley.com\/prod\/2023\/09\/logo-skylane-optics.gif\" alt=\"\" data-no-lazy=\"1\" itemprop=\"thumbnail\" width=\"140\" height=\"55\" \/>\n\t\t\t<!-- Overlay Wrapper -->\n\t\t\t <!-- Overlay Wrapper Closed -->\n\t\t\t\t<\/a>\n\t\t\t\t\t\t\t<meta itemprop=\"width\" content=\"140\" \/>\n\t\t\t<meta itemprop=\"height\" content=\"55\" \/>\n\t\t\t\t<a href=\"https:\/\/www.v-valley.com\/es\/vendor\/teltonika\/\" target=\"_self\" title=\"logo_teltonika\" data-caption=\"\" data-description=\"\" itemprop=\"contentUrl\" rel=\"noopener\">\n\t\t\t<img loading=\"lazy\" decoding=\"async\" src=\"https:\/\/statics.v-valley.com\/prod\/2023\/02\/logo_teltonika.gif\" alt=\"logo_teltonika\" data-no-lazy=\"1\" itemprop=\"thumbnail\" width=\"140\" height=\"55\" \/>\n\t\t\t<!-- Overlay Wrapper -->\n\t\t\t <!-- Overlay Wrapper Closed -->\n\t\t\t\t<\/a>\n\t\t\t\t\t\t\t<meta itemprop=\"width\" content=\"140\" \/>\n\t\t\t<meta itemprop=\"height\" content=\"55\" \/>\n\t\t\t\t<a href=\"https:\/\/www.v-valley.com\/es\/vendor\/zigor\/\" target=\"_self\" title=\"logo_zigor\" data-caption=\"\" data-description=\"\" itemprop=\"contentUrl\" rel=\"noopener\">\n\t\t\t<img loading=\"lazy\" decoding=\"async\" src=\"https:\/\/statics.v-valley.com\/prod\/2023\/02\/logo_zigor.gif\" alt=\"logo_zigor\" data-no-lazy=\"1\" itemprop=\"thumbnail\" width=\"140\" height=\"55\" \/>\n\t\t\t<!-- Overlay Wrapper -->\n\t\t\t <!-- Overlay Wrapper Closed -->\n\t\t\t\t<\/a>\n\t\t\t\t\t\t\t<meta itemprop=\"width\" content=\"140\" \/>\n\t\t\t<meta itemprop=\"height\" content=\"55\" \/>\n\t<h3>\n\t\tNUESTROS SERVICIOS COMPLEMENTARIOS\n\t<\/h3>\n\t\t\t<a href=\"https:\/\/www.v-valley.com\/es\/servicios\/\" target=\"_self\" role=\"button\" rel=\"noopener\">\n\t\t\t\t\t\t\tTODOS NUESTROS SERVICIOS\n\t\t\t\t\t<\/a>\n\n","protected":false},"excerpt":{"rendered":"<p>Una amplia gama de dispositivos de seguridad en los sectores residencial, comercial e industrial.<\/p>\n","protected":false},"author":7,"featured_media":0,"parent":80591,"menu_order":0,"comment_status":"closed","ping_status":"closed","template":"templates\/template-solution-category.php","meta":{"_acf_changed":false,"_genesis_hide_title":false,"_genesis_hide_breadcrumbs":false,"_genesis_hide_singular_image":false,"_genesis_hide_footer_widgets":false,"_genesis_custom_body_class":"","_genesis_custom_post_class":"","_genesis_layout":"","footnotes":""},"class_list":{"0":"post-80854","1":"page","2":"type-page","3":"status-publish","5":"entry"},"acf":[],"_links":{"self":[{"href":"https:\/\/www.v-valley.com\/es\/wp-json\/wp\/v2\/pages\/80854","targetHints":{"allow":["GET"]}}],"collection":[{"href":"https:\/\/www.v-valley.com\/es\/wp-json\/wp\/v2\/pages"}],"about":[{"href":"https:\/\/www.v-valley.com\/es\/wp-json\/wp\/v2\/types\/page"}],"author":[{"embeddable":true,"href":"https:\/\/www.v-valley.com\/es\/wp-json\/wp\/v2\/users\/7"}],"replies":[{"embeddable":true,"href":"https:\/\/www.v-valley.com\/es\/wp-json\/wp\/v2\/comments?post=80854"}],"version-history":[{"count":0,"href":"https:\/\/www.v-valley.com\/es\/wp-json\/wp\/v2\/pages\/80854\/revisions"}],"up":[{"embeddable":true,"href":"https:\/\/www.v-valley.com\/es\/wp-json\/wp\/v2\/pages\/80591"}],"wp:attachment":[{"href":"https:\/\/www.v-valley.com\/es\/wp-json\/wp\/v2\/media?parent=80854"}],"curies":[{"name":"wp","href":"https:\/\/api.w.org\/{rel}","templated":true}]}}