{"id":80848,"date":"2022-10-26T18:39:22","date_gmt":"2022-10-26T16:39:22","guid":{"rendered":"https:\/\/www.v-valley.com\/soluciones\/cabling-e-energy-efficiency\/"},"modified":"2023-09-08T17:13:53","modified_gmt":"2023-09-08T15:13:53","slug":"cableado-y-eficiencia-energetica","status":"publish","type":"page","link":"https:\/\/www.v-valley.com\/es\/soluciones\/cableado-y-eficiencia-energetica\/","title":{"rendered":"Cableado y Eficiencia Energ\u00e9tica"},"content":{"rendered":"\n<h2>\n\t\tM\u00c1XIMA CONECTIVIDAD PARA TODAS LAS APLICACIONES\n\t<\/h2>\n\t<p>V-Valley es la respuesta a un mercado que exige cada vez m\u00e1s tecnolog\u00eda, pero tambi\u00e9n m\u00e1s eficiencia energ\u00e9tica, para ahorrar tiempo y recursos. Ofrecemos soluciones de conectividad tecnol\u00f3gicamente avanzadas y servicios de instalaci\u00f3n de alta calidad, as\u00ed como productos que garantizan un ahorro energ\u00e9tico eficaz, como las luces LED. <\/p>\n<p>Desde el local m\u00e1s peque\u00f1o, hasta los grandes centros de datos, V-Valley proporciona sistemas de cableado de cobre y fibra adecuados para cualquier aplicaci\u00f3n, con el objetivo de acelerar la innovaci\u00f3n e impulsar al mismo tiempo la transici\u00f3n energ\u00e9tica hacia un uso m\u00e1s responsable y eficiente de los recursos disponibles. <\/p>\n<h3>\n\t\tCABLEADO QUE SE ADAPTA A TODAS LAS NECESIDADES \n\t<\/h3>\n\t<p>Los sistemas de cableado de red de cobre y fibra, as\u00ed como una completa gama de accesorios fabricados con los mejores materiales, garantizan una conectividad estable y de alto rendimiento de la red corporativa y la interconexi\u00f3n inmediata de los dispositivos electr\u00f3nicos conectados a ella. <\/p>\n\t\t\t\t<img loading=\"lazy\" decoding=\"async\" src=\"https:\/\/statics.v-valley.com\/prod\/2022\/10\/img-cavo-rame.jpg\" alt=\"img-cavo-rame\" itemprop=\"image\" height=\"358\" width=\"557\" title=\"img-cavo-rame\" onerror=\"this.style.display='none'\"  \/>\n\t\t\t\t<img loading=\"lazy\" decoding=\"async\" src=\"https:\/\/statics.v-valley.com\/prod\/2022\/10\/img-cavo-fibra-ottica.jpg\" alt=\"img-cavo-fibra-ottica\" itemprop=\"image\" height=\"358\" width=\"557\" title=\"img-cavo-fibra-ottica\" onerror=\"this.style.display='none'\"  \/>\n<h3>\n\t\tPRODUCTOS PARA LA EFICIENCIA ENERG\u00c9TICA \n\t<\/h3>\n\t<p>Las soluciones de fibra \u00f3ptica permiten transmitir enormes vol\u00famenes de datos en poco tiempo y mejorar as\u00ed la eficiencia energ\u00e9tica global de la empresa, al igual que los sistemas de iluminaci\u00f3n LED y las estaciones de carga para coches el\u00e9ctricos. <\/p>\n<h2>\n\t\tDESCUBRE LAS SOLUCIONES DE CABLEADO Y EFICIENCIA ENERG\u00c9TICA DE V-VALLEY \n\t<\/h2>\n\t<p>V-Valley ofrece distintas soluciones de cableado y eficiencia energ\u00e9tica. <\/p>\n<h4>\n\t\tCables de cobre\n\t<\/h4>\n\t<p>Cableado de hasta 1 Gb\/s para quienes quieran reducir costes.<\/p>\n<h4>\n\t\tCables de fibra \u00f3ptica\n\t<\/h4>\n\t<p>Ideales para transmitir r\u00e1pidamente grandes vol\u00famenes de datos.<\/p>\n<h4>\n\t\tSAI para rack y alimentaci\u00f3n\n\t<\/h4>\n\t<p>Sistemas de alimentaci\u00f3n ininterrumpida que protegen los servidores y los datos de los cortes de energ\u00eda. <\/p>\n<h4>\n\t\tFiltrado de sobretensiones\n\t<\/h4>\n\t<p>Protecci\u00f3n contra sobrecargas el\u00e9ctricas en las l\u00edneas de transmisi\u00f3n de datos. <\/p>\n<h4>\n\t\tCables de conexi\u00f3n\n\t<\/h4>\n\t<p>Para interconectar cualquier tipo de dispositivo electr\u00f3nico dentro del entorno de trabajo. <\/p>\n<h4>\n\t\tIluminaci\u00f3n LED\n\t<\/h4>\n\t<p>L\u00e1mparas de larga duraci\u00f3n que proporcionan un importante ahorro de energ\u00eda. <\/p>\n<h4>\n\t\tEstaciones de carga para coches el\u00e9ctricos\n\t<\/h4>\n\t<p>Para promover la eficiencia energ\u00e9tica mediante la difusi\u00f3n de la movilidad el\u00e9ctrica.<\/p>\n<h2>\n\t\tNUESTROS FABRICANTES QUE OFRECEN SOLUCIONES DE INFRAESTRUCTURA Y CENTRO DE DATOS \n\t<\/h2>\n\t\t\t\t<a href=\"https:\/\/www.v-valley.com\/es\/vendor\/apc\" target=\"_self\" title=\"logo_apc\" data-caption=\"\" data-description=\"\" itemprop=\"contentUrl\" rel=\"noopener\">\n\t\t\t<img loading=\"lazy\" decoding=\"async\" src=\"https:\/\/statics.v-valley.com\/prod\/2022\/10\/logo_apc.gif\" alt=\"logo_apc\" data-no-lazy=\"1\" itemprop=\"thumbnail\" width=\"140\" height=\"55\" \/>\n\t\t\t<!-- Overlay Wrapper -->\n\t\t\t <!-- Overlay Wrapper Closed -->\n\t\t\t\t<\/a>\n\t\t\t\t\t\t\t<meta itemprop=\"width\" content=\"140\" \/>\n\t\t\t<meta itemprop=\"height\" content=\"55\" \/>\n\t\t\t\t<a href=\"https:\/\/www.v-valley.com\/es\/vendor\/digitus\/\" target=\"_self\" title=\"logo_digitus\" data-caption=\"\" data-description=\"\" itemprop=\"contentUrl\" rel=\"noopener\">\n\t\t\t<img loading=\"lazy\" decoding=\"async\" src=\"https:\/\/statics.v-valley.com\/prod\/2022\/10\/logo_digitus.gif\" alt=\"logo_digitus\" data-no-lazy=\"1\" itemprop=\"thumbnail\" width=\"140\" height=\"55\" \/>\n\t\t\t<!-- Overlay Wrapper -->\n\t\t\t <!-- Overlay Wrapper Closed -->\n\t\t\t\t<\/a>\n\t\t\t\t\t\t\t<meta itemprop=\"width\" content=\"140\" \/>\n\t\t\t<meta itemprop=\"height\" content=\"55\" \/>\n\t\t\t\t<a href=\"https:\/\/www.v-valley.com\/es\/vendor\/eaton\" target=\"_self\" title=\"logo_eaton\" data-caption=\"\" data-description=\"\" itemprop=\"contentUrl\" rel=\"noopener\">\n\t\t\t<img loading=\"lazy\" decoding=\"async\" src=\"https:\/\/statics.v-valley.com\/prod\/2022\/10\/logo_eaton.gif\" alt=\"logo_eaton\" data-no-lazy=\"1\" itemprop=\"thumbnail\" width=\"140\" height=\"55\" \/>\n\t\t\t<!-- Overlay Wrapper -->\n\t\t\t <!-- Overlay Wrapper Closed -->\n\t\t\t\t<\/a>\n\t\t\t\t\t\t\t<meta itemprop=\"width\" content=\"140\" \/>\n\t\t\t<meta itemprop=\"height\" content=\"55\" \/>\n\t\t\t\t<a href=\"https:\/\/www.v-valley.com\/es\/vendor\/legrand\/\" target=\"_self\" title=\"logo_legrand\" data-caption=\"\" data-description=\"\" itemprop=\"contentUrl\" rel=\"noopener\">\n\t\t\t<img loading=\"lazy\" decoding=\"async\" src=\"https:\/\/statics.v-valley.com\/prod\/2022\/10\/logo_legrand.gif\" alt=\"logo_legrand\" data-no-lazy=\"1\" itemprop=\"thumbnail\" width=\"140\" height=\"55\" \/>\n\t\t\t<!-- Overlay Wrapper -->\n\t\t\t <!-- Overlay Wrapper Closed -->\n\t\t\t\t<\/a>\n\t\t\t\t\t\t\t<meta itemprop=\"width\" content=\"140\" \/>\n\t\t\t<meta itemprop=\"height\" content=\"55\" \/>\n\t\t\t\t<a href=\"https:\/\/www.v-valley.com\/es\/vendor\/panduit\/\" target=\"_self\" title=\"logo_panduit\" data-caption=\"\" data-description=\"\" itemprop=\"contentUrl\" rel=\"noopener\">\n\t\t\t<img loading=\"lazy\" decoding=\"async\" src=\"https:\/\/statics.v-valley.com\/prod\/2022\/10\/logo_panduit.gif\" alt=\"logo_panduit\" data-no-lazy=\"1\" itemprop=\"thumbnail\" width=\"140\" height=\"55\" \/>\n\t\t\t<!-- Overlay Wrapper -->\n\t\t\t <!-- Overlay Wrapper Closed -->\n\t\t\t\t<\/a>\n\t\t\t\t\t\t\t<meta itemprop=\"width\" content=\"140\" \/>\n\t\t\t<meta itemprop=\"height\" content=\"55\" \/>\n\t\t\t\t<a href=\"https:\/\/www.v-valley.com\/es\/vendor\/salicru\/\" target=\"_self\" title=\"logo_salicru\" data-caption=\"\" data-description=\"\" itemprop=\"contentUrl\" rel=\"noopener\">\n\t\t\t<img loading=\"lazy\" decoding=\"async\" src=\"https:\/\/statics.v-valley.com\/prod\/2023\/02\/logo_salicru.gif\" alt=\"logo_salicru\" data-no-lazy=\"1\" itemprop=\"thumbnail\" width=\"140\" height=\"55\" \/>\n\t\t\t<!-- Overlay Wrapper -->\n\t\t\t <!-- Overlay Wrapper Closed -->\n\t\t\t\t<\/a>\n\t\t\t\t\t\t\t<meta itemprop=\"width\" content=\"140\" \/>\n\t\t\t<meta itemprop=\"height\" content=\"55\" \/>\n\t\t\t\t<a href=\"https:\/\/www.v-valley.com\/es\/vendor\/vertiv\/\" target=\"_self\" title=\"logo_vertiv\" data-caption=\"\" data-description=\"\" itemprop=\"contentUrl\" rel=\"noopener\">\n\t\t\t<img loading=\"lazy\" decoding=\"async\" src=\"https:\/\/statics.v-valley.com\/prod\/2022\/11\/logo_vertiv.gif\" alt=\"logo_vertiv\" data-no-lazy=\"1\" itemprop=\"thumbnail\" width=\"140\" height=\"55\" \/>\n\t\t\t<!-- Overlay Wrapper -->\n\t\t\t <!-- Overlay Wrapper Closed -->\n\t\t\t\t<\/a>\n\t\t\t\t\t\t\t<meta itemprop=\"width\" content=\"140\" \/>\n\t\t\t<meta itemprop=\"height\" content=\"55\" \/>\n\t\t\t\t<a href=\"https:\/\/www.v-valley.com\/es\/vendor\/zigor\/\" target=\"_self\" title=\"logo_zigor\" data-caption=\"\" data-description=\"\" itemprop=\"contentUrl\" rel=\"noopener\">\n\t\t\t<img loading=\"lazy\" decoding=\"async\" src=\"https:\/\/statics.v-valley.com\/prod\/2023\/02\/logo_zigor.gif\" alt=\"logo_zigor\" data-no-lazy=\"1\" itemprop=\"thumbnail\" width=\"140\" height=\"55\" \/>\n\t\t\t<!-- Overlay Wrapper -->\n\t\t\t <!-- Overlay Wrapper Closed -->\n\t\t\t\t<\/a>\n\t\t\t\t\t\t\t<meta itemprop=\"width\" content=\"140\" \/>\n\t\t\t<meta itemprop=\"height\" content=\"55\" \/>\n\t<h3>\n\t\tNUESTROS SERVICIOS COMPLEMENTARIOS\n\t<\/h3>\n\t\t\t<a href=\"https:\/\/www.v-valley.com\/es\/servicios\/\" target=\"_self\" role=\"button\" rel=\"noopener\">\n\t\t\t\t\t\t\tTODOS NUESTROS SERVICIOS\n\t\t\t\t\t<\/a>\n\n","protected":false},"excerpt":{"rendered":"<p>Soluciones de conectividad avanzada para todos los entornos y proyectos de eficiencia energ\u00e9tica.<\/p>\n","protected":false},"author":7,"featured_media":0,"parent":80591,"menu_order":0,"comment_status":"closed","ping_status":"closed","template":"templates\/template-solution-category.php","meta":{"_acf_changed":false,"_genesis_hide_title":false,"_genesis_hide_breadcrumbs":false,"_genesis_hide_singular_image":false,"_genesis_hide_footer_widgets":false,"_genesis_custom_body_class":"","_genesis_custom_post_class":"","_genesis_layout":"","footnotes":""},"class_list":{"0":"post-80848","1":"page","2":"type-page","3":"status-publish","5":"entry"},"acf":[],"_links":{"self":[{"href":"https:\/\/www.v-valley.com\/es\/wp-json\/wp\/v2\/pages\/80848","targetHints":{"allow":["GET"]}}],"collection":[{"href":"https:\/\/www.v-valley.com\/es\/wp-json\/wp\/v2\/pages"}],"about":[{"href":"https:\/\/www.v-valley.com\/es\/wp-json\/wp\/v2\/types\/page"}],"author":[{"embeddable":true,"href":"https:\/\/www.v-valley.com\/es\/wp-json\/wp\/v2\/users\/7"}],"replies":[{"embeddable":true,"href":"https:\/\/www.v-valley.com\/es\/wp-json\/wp\/v2\/comments?post=80848"}],"version-history":[{"count":0,"href":"https:\/\/www.v-valley.com\/es\/wp-json\/wp\/v2\/pages\/80848\/revisions"}],"up":[{"embeddable":true,"href":"https:\/\/www.v-valley.com\/es\/wp-json\/wp\/v2\/pages\/80591"}],"wp:attachment":[{"href":"https:\/\/www.v-valley.com\/es\/wp-json\/wp\/v2\/media?parent=80848"}],"curies":[{"name":"wp","href":"https:\/\/api.w.org\/{rel}","templated":true}]}}