{"id":80828,"date":"2022-11-07T11:25:49","date_gmt":"2022-11-07T10:25:49","guid":{"rendered":"https:\/\/www.v-valley.com\/devops\/"},"modified":"2022-11-22T09:51:21","modified_gmt":"2022-11-22T08:51:21","slug":"devops","status":"publish","type":"page","link":"https:\/\/www.v-valley.com\/es\/devops\/","title":{"rendered":"DevOps"},"content":{"rendered":"\r\n<h2>\r\n\t\tLOS PRODUCTOS DE V-VALLEY PARA DEVOPS\r\n\t<\/h2>\r\n\t<p>DevOps se refiere a una combinaci\u00f3n de Desarrollo y Operaciones, que es la uni\u00f3n de personas, procesos y tecnolog\u00eda para ofrecer valor a los clientes. El enfoque DevOps permite una mejor integraci\u00f3n de los equipos empresariales que se ocupan del desarrollo de aplicaciones y de los procesos inform\u00e1ticos. Los retos en este campo implican la instalaci\u00f3n continua, la integraci\u00f3n, la automatizaci\u00f3n para buscar un enfoque m\u00e1s \u00e1gil y centrado en el negocio.<\/p>\r\n\t<p>Automatizaci\u00f3n inform\u00e1tica<\/p>\r\n\t<p>Soluciones de c\u00f3digo abierto<\/p>\r\n\r\n","protected":false},"excerpt":{"rendered":"<p>LOS PRODUCTOS DE V-VALLEY PARA DEVOPS DevOps se refiere a una combinaci\u00f3n de Desarrollo y Operaciones, que es la uni\u00f3n de personas, procesos y tecnolog\u00eda para ofrecer valor a los clientes. El enfoque DevOps permite una mejor integraci\u00f3n de los equipos empresariales que se ocupan del desarrollo de aplicaciones y de los procesos inform\u00e1ticos. Los [&hellip;]<\/p>\n","protected":false},"author":7,"featured_media":0,"parent":0,"menu_order":0,"comment_status":"closed","ping_status":"closed","template":"templates\/template-simple.php","meta":{"_acf_changed":false,"_genesis_hide_title":false,"_genesis_hide_breadcrumbs":false,"_genesis_hide_singular_image":false,"_genesis_hide_footer_widgets":false,"_genesis_custom_body_class":"","_genesis_custom_post_class":"","_genesis_layout":"","footnotes":""},"class_list":{"0":"post-80828","1":"page","2":"type-page","3":"status-publish","5":"entry"},"acf":[],"_links":{"self":[{"href":"https:\/\/www.v-valley.com\/es\/wp-json\/wp\/v2\/pages\/80828","targetHints":{"allow":["GET"]}}],"collection":[{"href":"https:\/\/www.v-valley.com\/es\/wp-json\/wp\/v2\/pages"}],"about":[{"href":"https:\/\/www.v-valley.com\/es\/wp-json\/wp\/v2\/types\/page"}],"author":[{"embeddable":true,"href":"https:\/\/www.v-valley.com\/es\/wp-json\/wp\/v2\/users\/7"}],"replies":[{"embeddable":true,"href":"https:\/\/www.v-valley.com\/es\/wp-json\/wp\/v2\/comments?post=80828"}],"version-history":[{"count":0,"href":"https:\/\/www.v-valley.com\/es\/wp-json\/wp\/v2\/pages\/80828\/revisions"}],"wp:attachment":[{"href":"https:\/\/www.v-valley.com\/es\/wp-json\/wp\/v2\/media?parent=80828"}],"curies":[{"name":"wp","href":"https:\/\/api.w.org\/{rel}","templated":true}]}}