{"id":80784,"date":"2022-11-07T11:35:22","date_gmt":"2022-11-07T10:35:22","guid":{"rendered":"https:\/\/www.v-valley.com\/sistemi-operativi-client-server\/"},"modified":"2022-11-22T09:51:54","modified_gmt":"2022-11-22T08:51:54","slug":"sistemas-operativos-cliente-y-servidor","status":"publish","type":"page","link":"https:\/\/www.v-valley.com\/es\/sistemas-operativos-cliente-y-servidor\/","title":{"rendered":"Sistemas operativos cliente y servidor"},"content":{"rendered":"\r\n<h2>\r\n\t\tLOS PRODUCTOS DE V-VALLEY PARA EL SISTEMAS OPERATIVOS CLIENTE Y SERVIDOR\r\n\t<\/h2>\r\n\t<p>El sistema operativo es la plataforma para crear una infraestructura de aplicaciones, redes y servicios web conectados. Gracias al sistema operativo, se pueden gestionar todos los recursos de la m\u00e1quina, desde el software hasta el hardware. Con la oferta de V-Valley en el campo de los sistemas operativos, siempre dispondr\u00e1 de herramientas innovadoras y proteger\u00e1 las identidades, los dispositivos y los datos de los usuarios con una soluci\u00f3n integral.<\/p>\r\n\t<p>Sistemas operativos &#8211; clientes<\/p>\r\n\t<p>Sistemas operativos &#8211; servidores<\/p>\r\n\r\n","protected":false},"excerpt":{"rendered":"<p>LOS PRODUCTOS DE V-VALLEY PARA EL SISTEMAS OPERATIVOS CLIENTE Y SERVIDOR El sistema operativo es la plataforma para crear una infraestructura de aplicaciones, redes y servicios web conectados. Gracias al sistema operativo, se pueden gestionar todos los recursos de la m\u00e1quina, desde el software hasta el hardware. Con la oferta de V-Valley en el campo [&hellip;]<\/p>\n","protected":false},"author":7,"featured_media":0,"parent":0,"menu_order":0,"comment_status":"closed","ping_status":"closed","template":"templates\/template-simple.php","meta":{"_acf_changed":false,"_genesis_hide_title":false,"_genesis_hide_breadcrumbs":false,"_genesis_hide_singular_image":false,"_genesis_hide_footer_widgets":false,"_genesis_custom_body_class":"","_genesis_custom_post_class":"","_genesis_layout":"","footnotes":""},"class_list":{"0":"post-80784","1":"page","2":"type-page","3":"status-publish","5":"entry"},"acf":[],"_links":{"self":[{"href":"https:\/\/www.v-valley.com\/es\/wp-json\/wp\/v2\/pages\/80784","targetHints":{"allow":["GET"]}}],"collection":[{"href":"https:\/\/www.v-valley.com\/es\/wp-json\/wp\/v2\/pages"}],"about":[{"href":"https:\/\/www.v-valley.com\/es\/wp-json\/wp\/v2\/types\/page"}],"author":[{"embeddable":true,"href":"https:\/\/www.v-valley.com\/es\/wp-json\/wp\/v2\/users\/7"}],"replies":[{"embeddable":true,"href":"https:\/\/www.v-valley.com\/es\/wp-json\/wp\/v2\/comments?post=80784"}],"version-history":[{"count":0,"href":"https:\/\/www.v-valley.com\/es\/wp-json\/wp\/v2\/pages\/80784\/revisions"}],"wp:attachment":[{"href":"https:\/\/www.v-valley.com\/es\/wp-json\/wp\/v2\/media?parent=80784"}],"curies":[{"name":"wp","href":"https:\/\/api.w.org\/{rel}","templated":true}]}}