{"id":80778,"date":"2022-11-07T10:45:32","date_gmt":"2022-11-07T09:45:32","guid":{"rendered":"https:\/\/www.v-valley.com\/soluzioni-cyber-security\/"},"modified":"2022-11-22T09:52:54","modified_gmt":"2022-11-22T08:52:54","slug":"soluciones-de-ciberseguridad","status":"publish","type":"page","link":"https:\/\/www.v-valley.com\/es\/soluciones-de-ciberseguridad\/","title":{"rendered":"Soluciones de ciberseguridad"},"content":{"rendered":"\r\n<h2>\r\n\t\tLOS PRODUCTOS DE V-VALLEY PARA SOLUCIONES DE CIBERSEGURIDAD\r\n\t<\/h2>\r\n\t<p>V-Valley trabaja en sinergia con los mejores actores del mercado de la ciberseguridad con el fin de ofrecer una soluci\u00f3n personalizada y adaptada a las necesidades espec\u00edficas de nuestros clientes con el objetivo de prevenir cualquier posible amenaza inform\u00e1tica. Estas soluciones responden a una gran variedad de necesidades, como: protecci\u00f3n de los puntos de entrada a la red corporativa, protecci\u00f3n perimetral, administraci\u00f3n de identidades y accesos (IAM), seguridad del correo electr\u00f3nico, servicios avanzados de seguridad gestionada, detecci\u00f3n de amenazas y gesti\u00f3n de incidentes, autenticaci\u00f3n multifactorial, arquitecturas SASE, cifrado.<\/p>\r\n\t<p>Seguridad de las aplicaciones<\/p>\r\n\t<p>Protecci\u00f3n de la nube<\/p>\r\n\t<p>Protecci\u00f3n de datos<\/p>\r\n\t<p>Detecci\u00f3n y respuesta gestionada (MDR)<\/p>\r\n\t<p>Protecci\u00f3n del correo electr\u00f3nico<\/p>\r\n\t<p>Detecci\u00f3n y respuesta en los terminales (EDR)<\/p>\r\n\t<p>Seguridad de los servidores de archivos<\/p>\r\n\t<p>Protecci\u00f3n del almacenamiento de archivos<\/p>\r\n\t<p>Gesti\u00f3n del fraude<\/p>\r\n\t<p>Protecci\u00f3n de nubes h\u00edbridas<\/p>\r\n\t<p>Adeministraci\u00f3n de identidad y accesos<\/p>\r\n\t<p>Gesti\u00f3n de la infraestructura<\/p>\r\n\t<p>Protecci\u00f3n m\u00f3vil<\/p>\r\n\t<p>Autenticaci\u00f3n de m\u00faltiples factores<\/p>\r\n\t<p>Protecci\u00f3n de la red<\/p>\r\n\t<p>Transferencia segura de archivos<\/p>\r\n\t<p>Gesti\u00f3n de la seguridad<\/p>\r\n\t<p>SIEM (integraci\u00f3n de la seguridad y gesti\u00f3n de eventos)<\/p>\r\n\t<p>Protecci\u00f3n de la wifi<\/p>\r\n\t<p>Seguridad de la wifi<\/p>\r\n\t<p>Protecci\u00f3n de la carga de trabajo<\/p>\r\n\t<p>Incidentes y respuesta, colaboraci\u00f3n<\/p>\r\n\t<p>Conmutadores<\/p>\r\n\t<p>Cortafuegos<\/p>\r\n\r\n","protected":false},"excerpt":{"rendered":"<p>LOS PRODUCTOS DE V-VALLEY PARA SOLUCIONES DE CIBERSEGURIDAD V-Valley trabaja en sinergia con los mejores actores del mercado de la ciberseguridad con el fin de ofrecer una soluci\u00f3n personalizada y adaptada a las necesidades espec\u00edficas de nuestros clientes con el objetivo de prevenir cualquier posible amenaza inform\u00e1tica. Estas soluciones responden a una gran variedad de [&hellip;]<\/p>\n","protected":false},"author":7,"featured_media":0,"parent":0,"menu_order":0,"comment_status":"closed","ping_status":"closed","template":"templates\/template-simple.php","meta":{"_acf_changed":false,"_genesis_hide_title":false,"_genesis_hide_breadcrumbs":false,"_genesis_hide_singular_image":false,"_genesis_hide_footer_widgets":false,"_genesis_custom_body_class":"","_genesis_custom_post_class":"","_genesis_layout":"","footnotes":""},"class_list":{"0":"post-80778","1":"page","2":"type-page","3":"status-publish","5":"entry"},"acf":[],"_links":{"self":[{"href":"https:\/\/www.v-valley.com\/es\/wp-json\/wp\/v2\/pages\/80778","targetHints":{"allow":["GET"]}}],"collection":[{"href":"https:\/\/www.v-valley.com\/es\/wp-json\/wp\/v2\/pages"}],"about":[{"href":"https:\/\/www.v-valley.com\/es\/wp-json\/wp\/v2\/types\/page"}],"author":[{"embeddable":true,"href":"https:\/\/www.v-valley.com\/es\/wp-json\/wp\/v2\/users\/7"}],"replies":[{"embeddable":true,"href":"https:\/\/www.v-valley.com\/es\/wp-json\/wp\/v2\/comments?post=80778"}],"version-history":[{"count":0,"href":"https:\/\/www.v-valley.com\/es\/wp-json\/wp\/v2\/pages\/80778\/revisions"}],"wp:attachment":[{"href":"https:\/\/www.v-valley.com\/es\/wp-json\/wp\/v2\/media?parent=80778"}],"curies":[{"name":"wp","href":"https:\/\/api.w.org\/{rel}","templated":true}]}}