{"id":80751,"date":"2022-11-07T10:14:09","date_gmt":"2022-11-07T09:14:09","guid":{"rendered":"https:\/\/www.v-valley.com\/videosorveglianza\/"},"modified":"2022-11-22T09:53:11","modified_gmt":"2022-11-22T08:53:11","slug":"videovigilancia","status":"publish","type":"page","link":"https:\/\/www.v-valley.com\/es\/videovigilancia\/","title":{"rendered":"Videovigilancia"},"content":{"rendered":"\r\n<h2>\r\n\t\tLOS PRODUCTOS DE V-VALLEY PARA VIDEOVIGILANCIA\r\n\t<\/h2>\r\n\t<p>Las soluciones de videovigilancia se est\u00e1n imponiendo en una gran variedad de sectores, precisamente por la evoluci\u00f3n exponencial que se ha producido en las \u00faltimas d\u00e9cadas. Vigilar el entorno con herramientas de calidad dise\u00f1adas espec\u00edficamente para ello, permite vivir un ambiente m\u00e1s seguro, prevenir peligros y actuar con rapidez cuando se detecta una posible amenaza. V-Valley apoya, desarrolla y suministra a sus clientes las soluciones m\u00e1s adecuadas. Las c\u00e1maras, videointercomunicadores, lectores de matr\u00edculas o dispositivos de reconocimiento facial son el comienzo inicio de un proceso de integraci\u00f3n y desarrollo hacia un mundo m\u00e1s seguro e inteligente. <\/p>\r\n\t<p>Accesorios de detecci\u00f3n de intrusos<\/p>\r\n\t<p>Accesorios de control de acceso y de entrada<\/p>\r\n\t<p>Accesorios de seguridad y de vigilancia ambiental<\/p>\r\n\t<p>Intercomunicadores anal\u00f3gicos<\/p>\r\n\t<p>Intercomunicadores IP<\/p>\r\n\t<p>Control de accesos<\/p>\r\n\t<p>Lectores de certificadoss COVID verdes y termoesc\u00e1neres<\/p>\r\n\t<p>Seguridad y vigilancia ambiental<\/p>\r\n\t<p>Sistemas de detecci\u00f3n de intrusos<\/p>\r\n\t<p>Alarmas remotas<\/p>\r\n\t<p>C\u00e1maras<\/p>\r\n\t<p>C\u00e1maras &#8211; accesorios<\/p>\r\n\t<p>C\u00e1maras modulares<\/p>\r\n\t<p>Video intercomunicadores IP<\/p>\r\n\r\n","protected":false},"excerpt":{"rendered":"<p>LOS PRODUCTOS DE V-VALLEY PARA VIDEOVIGILANCIA Las soluciones de videovigilancia se est\u00e1n imponiendo en una gran variedad de sectores, precisamente por la evoluci\u00f3n exponencial que se ha producido en las \u00faltimas d\u00e9cadas. Vigilar el entorno con herramientas de calidad dise\u00f1adas espec\u00edficamente para ello, permite vivir un ambiente m\u00e1s seguro, prevenir peligros y actuar con rapidez [&hellip;]<\/p>\n","protected":false},"author":7,"featured_media":0,"parent":0,"menu_order":0,"comment_status":"closed","ping_status":"closed","template":"templates\/template-simple.php","meta":{"_acf_changed":false,"_genesis_hide_title":false,"_genesis_hide_breadcrumbs":false,"_genesis_hide_singular_image":false,"_genesis_hide_footer_widgets":false,"_genesis_custom_body_class":"","_genesis_custom_post_class":"","_genesis_layout":"","footnotes":""},"class_list":{"0":"post-80751","1":"page","2":"type-page","3":"status-publish","5":"entry"},"acf":[],"_links":{"self":[{"href":"https:\/\/www.v-valley.com\/es\/wp-json\/wp\/v2\/pages\/80751","targetHints":{"allow":["GET"]}}],"collection":[{"href":"https:\/\/www.v-valley.com\/es\/wp-json\/wp\/v2\/pages"}],"about":[{"href":"https:\/\/www.v-valley.com\/es\/wp-json\/wp\/v2\/types\/page"}],"author":[{"embeddable":true,"href":"https:\/\/www.v-valley.com\/es\/wp-json\/wp\/v2\/users\/7"}],"replies":[{"embeddable":true,"href":"https:\/\/www.v-valley.com\/es\/wp-json\/wp\/v2\/comments?post=80751"}],"version-history":[{"count":0,"href":"https:\/\/www.v-valley.com\/es\/wp-json\/wp\/v2\/pages\/80751\/revisions"}],"wp:attachment":[{"href":"https:\/\/www.v-valley.com\/es\/wp-json\/wp\/v2\/media?parent=80751"}],"curies":[{"name":"wp","href":"https:\/\/api.w.org\/{rel}","templated":true}]}}