{"id":80748,"date":"2022-11-04T16:32:57","date_gmt":"2022-11-04T15:32:57","guid":{"rendered":"https:\/\/www.v-valley.com\/networking\/"},"modified":"2022-11-22T09:53:29","modified_gmt":"2022-11-22T08:53:29","slug":"networking","status":"publish","type":"page","link":"https:\/\/www.v-valley.com\/es\/networking\/","title":{"rendered":"Networking"},"content":{"rendered":"\r\n<h2>\r\n\t\tLOS PRODUCTOS DE V-VALLEY PARA NETWORKING\r\n\t<\/h2>\r\n\t<p>V-valley ofrece la posibilidad de conectar productos y servicios de forma inteligente para crear una red corporativa altamente escalable y fiable. Apoyamos a nuestros socios con una oferta de red diversificada, proponiendo soluciones de \u00faltima generaci\u00f3n acordes con la continua evoluci\u00f3n de las demandas del mercado. Apoy\u00e1ndonos en s\u00f3lidas asociaciones con los principales proveedores de valor a\u00f1adido del panorama de la ICT, podemos satisfacer las necesidades de las PYME tanto del sector p\u00fablico como del privado.<\/p>\r\n\t<p>Conmutador<\/p>\r\n\t<p>LAN inal\u00e1mbrica<\/p>\r\n\t<p>R\u00fateres<\/p>\r\n\t<p>Accesorios para redes<\/p>\r\n\t<p>Cortafuegos<\/p>\r\n\t<p>Nube<\/p>\r\n\t<p>SD-WAN<\/p>\r\n\r\n","protected":false},"excerpt":{"rendered":"<p>LOS PRODUCTOS DE V-VALLEY PARA NETWORKING V-valley ofrece la posibilidad de conectar productos y servicios de forma inteligente para crear una red corporativa altamente escalable y fiable. Apoyamos a nuestros socios con una oferta de red diversificada, proponiendo soluciones de \u00faltima generaci\u00f3n acordes con la continua evoluci\u00f3n de las demandas del mercado. Apoy\u00e1ndonos en s\u00f3lidas [&hellip;]<\/p>\n","protected":false},"author":7,"featured_media":0,"parent":0,"menu_order":0,"comment_status":"closed","ping_status":"closed","template":"templates\/template-simple.php","meta":{"_acf_changed":false,"_genesis_hide_title":false,"_genesis_hide_breadcrumbs":false,"_genesis_hide_singular_image":false,"_genesis_hide_footer_widgets":false,"_genesis_custom_body_class":"","_genesis_custom_post_class":"","_genesis_layout":"","footnotes":""},"class_list":{"0":"post-80748","1":"page","2":"type-page","3":"status-publish","5":"entry"},"acf":[],"_links":{"self":[{"href":"https:\/\/www.v-valley.com\/es\/wp-json\/wp\/v2\/pages\/80748","targetHints":{"allow":["GET"]}}],"collection":[{"href":"https:\/\/www.v-valley.com\/es\/wp-json\/wp\/v2\/pages"}],"about":[{"href":"https:\/\/www.v-valley.com\/es\/wp-json\/wp\/v2\/types\/page"}],"author":[{"embeddable":true,"href":"https:\/\/www.v-valley.com\/es\/wp-json\/wp\/v2\/users\/7"}],"replies":[{"embeddable":true,"href":"https:\/\/www.v-valley.com\/es\/wp-json\/wp\/v2\/comments?post=80748"}],"version-history":[{"count":0,"href":"https:\/\/www.v-valley.com\/es\/wp-json\/wp\/v2\/pages\/80748\/revisions"}],"wp:attachment":[{"href":"https:\/\/www.v-valley.com\/es\/wp-json\/wp\/v2\/media?parent=80748"}],"curies":[{"name":"wp","href":"https:\/\/api.w.org\/{rel}","templated":true}]}}