{"id":80619,"date":"2022-10-26T19:09:37","date_gmt":"2022-10-26T17:09:37","guid":{"rendered":"https:\/\/www.v-valley.com\/soluciones\/software-defined-and-data-management\/"},"modified":"2025-02-12T10:26:12","modified_gmt":"2025-02-12T09:26:12","slug":"redes-definidas-por-software-y-gestion-de-datos","status":"publish","type":"page","link":"https:\/\/www.v-valley.com\/es\/soluciones\/redes-definidas-por-software-y-gestion-de-datos\/","title":{"rendered":"Soluciones definidas por software"},"content":{"rendered":"\n<h2>\n\t\tSOFTWARE DE DATA CENTER\n\t<\/h2>\n\t<p>Ofrecemos a nuestros clientes la mejor opci\u00f3n de gesti\u00f3n de datos de software en nuestro cat\u00e1logo, combinado con una profunda experiencia adquirida a lo largo de los a\u00f1os. Apoyamos a nuestros clientes en la implementaci\u00f3n de su infraestructura software, para satisfacer mejor cada necesidad de negocio, independientemente del tama\u00f1o de la organizaci\u00f3n. <\/p>\n<p>Nuestras soluciones software para centros de datos est\u00e1n dise\u00f1adas para lograr una gesti\u00f3n y protecci\u00f3n eficaces de los datos y su copia de seguridad. Tambi\u00e9n ofrecemos soluciones en versi\u00f3n Software Defined, basadas en virtualizaci\u00f3n, donde el software, separado del hardware, permite un r\u00e1pido desempe\u00f1o, seguridad, flexibilidad y acceso a las \u00faltimas innovaciones tecnol\u00f3gicas. <\/p>\n<h3>\n\t\tLA MEJOR SOLUCI\u00d3N PARA ORGANIZACIONES DE TODO TIPO \n\t<\/h3>\n\t<p>Proponemos la mejor soluci\u00f3n en base a las necesidades de negocio de la empresa, respaldados por un completo cat\u00e1logo de software innovador y de alto rendimiento. Te ayudamos en el dise\u00f1o e implementaci\u00f3n de tu infraestructura. <\/p>\n\t\t\t\t<img loading=\"lazy\" decoding=\"async\" src=\"https:\/\/statics.v-valley.com\/prod\/2022\/10\/img-catalogo.jpg\" alt=\"img-catalogo\" itemprop=\"image\" height=\"358\" width=\"557\" title=\"img-catalogo\" onerror=\"this.style.display='none'\"  \/>\n\t\t\t\t<img loading=\"lazy\" decoding=\"async\" src=\"https:\/\/statics.v-valley.com\/prod\/2022\/10\/img-software-defined-system.jpg\" alt=\"img-software-defined-system\" itemprop=\"image\" height=\"358\" width=\"557\" title=\"img-software-defined-system\" onerror=\"this.style.display='none'\"  \/>\n<h3>\n\t\tSOFTWARE DEFINED SYSTEM\n\t<\/h3>\n\t<p>Una tecnolog\u00eda basada en la virtualizaci\u00f3n, con separaci\u00f3n del software y del hardware, garantizando un nivel superior en t\u00e9rminos de flexibilidad, velocidad de ejecuci\u00f3n y seguridad de los datos. <\/p>\n<h2>\n\t\tDESCUBRE LAS SOLUCIONES DEFINIDAS POR SOFTWARE DE V-VALLEY \n\t<\/h2>\n\t<p>V-Valley ofrece servicios y soluciones de los principales vendors del mercado. <\/p>\n<h4>\n\t\tSoluciones de Software Defined Storage\n\t<\/h4>\n\t<p>Sistemas de almacenamiento basados en software de virtualizaci\u00f3n en la nube.<\/p>\n<h4>\n\t\tVirtualizaci\u00f3n del Desktop para Software\n\t<\/h4>\n\t<p>El uso de desktop virtuales permite conectarse en cualquier lugar desde cualquier dispositivo. <\/p>\n<h4>\n\t\tRemote Application Server\n\t<\/h4>\n\t<p>A trav\u00e9s de la aplicaci\u00f3n es posible conectarse a un servidor en un entorno h\u00edbrido pero seguro.<\/p>\n<h4>\n\t\tOpen Source\n\t<\/h4>\n\t<p>Licencias electr\u00f3nicas que permiten la modificaci\u00f3n del c\u00f3digo de lenguajes de programaci\u00f3n Open Source.<\/p>\n<h4>\n\t\tEnterprise Data Management Software\n\t<\/h4>\n\t<p>Gesti\u00f3n de aplicaciones empresariales para facilitar la coordinaci\u00f3n entre departamentos.<\/p>\n<h4>\n\t\tMigraci\u00f3n &#038; Modernizaci\u00f3n de las aplicaciones\n\t<\/h4>\n\t<p>Eficiencia y seguridad en migraciones para la transformaci\u00f3n digital.<\/p>\n<h4>\n\t\tData Protection management software\n\t<\/h4>\n\t<p>Elaboraci\u00f3n y recolecci\u00f3n de datos al m\u00e1s alto nivel de seguridad.<\/p>\n<h4>\n\t\tCopias de seguridad para Software\n\t<\/h4>\n\t<p>Copias de seguridad que permiten una recuperaci\u00f3n de datos r\u00e1pida y confiable, para peque\u00f1as y grandes empresas.<\/p>\n<h2>\n\t\tNUESTROS FABRICANTES QUE OFRECEN SOLUCIONES DEFINIDAS POR SOFTWARE \n\t<\/h2>\n\t\t\t\t<a\n\t\t\thref=\"https:\/\/www.v-valley.com\/es\/vendor\/acronis\"\n\t\t\ttarget=\"_self\" \n\t\t\ttitle=\"logo_acronis\" \n\t\t\t\t\t\tdata-caption=\"\"\n\t\t\t\t\t\tdata-description=\"\" \n\t\t\titemprop=\"contentUrl\">\n\t\t\t<img loading=\"lazy\" decoding=\"async\" src=\"https:\/\/statics.v-valley.com\/prod\/2022\/10\/logo_acronis.gif\" alt=\"logo_acronis\" data-no-lazy=\"1\" itemprop=\"thumbnail\" width=\"140\" height=\"55\" \/>\n\t\t\t<!-- Overlay Wrapper -->\n\t\t\t <!-- Overlay Wrapper Closed -->\n\t\t\t\t<\/a>\n\t\t\t\t\t\t\t<meta itemprop=\"width\" content=\"140\" \/>\n\t\t\t<meta itemprop=\"height\" content=\"55\" \/>\n\t\t\t\t<a\n\t\t\thref=\"https:\/\/www.v-valley.com\/es\/vendor\/check-point\"\n\t\t\ttarget=\"_self\" \n\t\t\ttitle=\"logo_checkpoint\" \n\t\t\t\t\t\tdata-caption=\"\"\n\t\t\t\t\t\tdata-description=\"\" \n\t\t\titemprop=\"contentUrl\">\n\t\t\t<img loading=\"lazy\" decoding=\"async\" src=\"https:\/\/statics.v-valley.com\/prod\/2022\/11\/logo_checkpoint.gif\" alt=\"logo_checkpoint\" data-no-lazy=\"1\" itemprop=\"thumbnail\" width=\"140\" height=\"55\" \/>\n\t\t\t<!-- Overlay Wrapper -->\n\t\t\t <!-- Overlay Wrapper Closed -->\n\t\t\t\t<\/a>\n\t\t\t\t\t\t\t<meta itemprop=\"width\" content=\"140\" \/>\n\t\t\t<meta itemprop=\"height\" content=\"55\" \/>\n\t\t\t\t<a\n\t\t\thref=\"https:\/\/www.v-valley.com\/es\/vendor\/filemaker\/\"\n\t\t\ttarget=\"_self\" \n\t\t\ttitle=\"logo_filemaker\" \n\t\t\t\t\t\tdata-caption=\"\"\n\t\t\t\t\t\tdata-description=\"\" \n\t\t\titemprop=\"contentUrl\">\n\t\t\t<img loading=\"lazy\" decoding=\"async\" src=\"https:\/\/statics.v-valley.com\/prod\/2023\/02\/logo_filemaker.gif\" alt=\"logo_filemaker\" data-no-lazy=\"1\" itemprop=\"thumbnail\" width=\"140\" height=\"55\" \/>\n\t\t\t<!-- Overlay Wrapper -->\n\t\t\t <!-- Overlay Wrapper Closed -->\n\t\t\t\t<\/a>\n\t\t\t\t\t\t\t<meta itemprop=\"width\" content=\"140\" \/>\n\t\t\t<meta itemprop=\"height\" content=\"55\" \/>\n\t\t\t\t<a\n\t\t\thref=\"https:\/\/www.v-valley.com\/es\/vendor\/microsoft\"\n\t\t\ttarget=\"_self\" \n\t\t\ttitle=\"logo_Microsoft\" \n\t\t\t\t\t\tdata-caption=\"\"\n\t\t\t\t\t\tdata-description=\"\" \n\t\t\titemprop=\"contentUrl\">\n\t\t\t<img loading=\"lazy\" decoding=\"async\" src=\"https:\/\/statics.v-valley.com\/prod\/2022\/11\/logo_Microsoft.gif\" alt=\"logo_Microsoft\" data-no-lazy=\"1\" itemprop=\"thumbnail\" width=\"140\" height=\"55\" \/>\n\t\t\t<!-- Overlay Wrapper -->\n\t\t\t <!-- Overlay Wrapper Closed -->\n\t\t\t\t<\/a>\n\t\t\t\t\t\t\t<meta itemprop=\"width\" content=\"140\" \/>\n\t\t\t<meta itemprop=\"height\" content=\"55\" \/>\n\t\t\t\t<a\n\t\t\thref=\"https:\/\/www.v-valley.com\/es\/vendor\/parallels\"\n\t\t\ttarget=\"_self\" \n\t\t\ttitle=\"logo_parallels\" \n\t\t\t\t\t\tdata-caption=\"\"\n\t\t\t\t\t\tdata-description=\"\" \n\t\t\titemprop=\"contentUrl\">\n\t\t\t<img loading=\"lazy\" decoding=\"async\" src=\"https:\/\/statics.v-valley.com\/prod\/2022\/10\/logo_parallels.gif\" alt=\"logo_parallels\" data-no-lazy=\"1\" itemprop=\"thumbnail\" width=\"140\" height=\"55\" \/>\n\t\t\t<!-- Overlay Wrapper -->\n\t\t\t <!-- Overlay Wrapper Closed -->\n\t\t\t\t<\/a>\n\t\t\t\t\t\t\t<meta itemprop=\"width\" content=\"140\" \/>\n\t\t\t<meta itemprop=\"height\" content=\"55\" \/>\n\t\t\t\t<a\n\t\t\thref=\"https:\/\/www.v-valley.com\/es\/vendor\/quantum\/\"\n\t\t\ttarget=\"_self\" \n\t\t\ttitle=\"logo_quantum\" \n\t\t\t\t\t\tdata-caption=\"\"\n\t\t\t\t\t\tdata-description=\"\" \n\t\t\titemprop=\"contentUrl\">\n\t\t\t<img loading=\"lazy\" decoding=\"async\" src=\"https:\/\/statics.v-valley.com\/prod\/2023\/02\/logo_quantum.gif\" alt=\"logo_quantum\" data-no-lazy=\"1\" itemprop=\"thumbnail\" width=\"140\" height=\"55\" \/>\n\t\t\t<!-- Overlay Wrapper -->\n\t\t\t <!-- Overlay Wrapper Closed -->\n\t\t\t\t<\/a>\n\t\t\t\t\t\t\t<meta itemprop=\"width\" content=\"140\" \/>\n\t\t\t<meta itemprop=\"height\" content=\"55\" \/>\n\t\t\t\t<a\n\t\t\thref=\"https:\/\/www.v-valley.com\/es\/vendor\/red-hat\"\n\t\t\ttarget=\"_self\" \n\t\t\ttitle=\"logo_redhat\" \n\t\t\t\t\t\tdata-caption=\"\"\n\t\t\t\t\t\tdata-description=\"\" \n\t\t\titemprop=\"contentUrl\">\n\t\t\t<img loading=\"lazy\" decoding=\"async\" src=\"https:\/\/statics.v-valley.com\/prod\/2022\/10\/logo_redhat.gif\" alt=\"logo_redhat\" data-no-lazy=\"1\" itemprop=\"thumbnail\" width=\"140\" height=\"55\" \/>\n\t\t\t<!-- Overlay Wrapper -->\n\t\t\t <!-- Overlay Wrapper Closed -->\n\t\t\t\t<\/a>\n\t\t\t\t\t\t\t<meta itemprop=\"width\" content=\"140\" \/>\n\t\t\t<meta itemprop=\"height\" content=\"55\" \/>\n\t\t\t\t<a\n\t\t\thref=\"https:\/\/www.v-valley.com\/es\/vendor\/sage\/\"\n\t\t\ttarget=\"_self\" \n\t\t\ttitle=\"logo_sage\" \n\t\t\t\t\t\tdata-caption=\"\"\n\t\t\t\t\t\tdata-description=\"\" \n\t\t\titemprop=\"contentUrl\">\n\t\t\t<img loading=\"lazy\" decoding=\"async\" src=\"https:\/\/statics.v-valley.com\/prod\/2023\/02\/logo_sage.gif\" alt=\"logo_sage\" data-no-lazy=\"1\" itemprop=\"thumbnail\" width=\"140\" height=\"55\" \/>\n\t\t\t<!-- Overlay Wrapper -->\n\t\t\t <!-- Overlay Wrapper Closed -->\n\t\t\t\t<\/a>\n\t\t\t\t\t\t\t<meta itemprop=\"width\" content=\"140\" \/>\n\t\t\t<meta itemprop=\"height\" content=\"55\" \/>\n\t\t\t\t<a\n\t\t\thref=\"https:\/\/www.v-valley.com\/es\/vendor\/starwind\/\"\n\t\t\ttarget=\"_self\" \n\t\t\ttitle=\"logo_starwind\" \n\t\t\t\t\t\tdata-caption=\"\"\n\t\t\t\t\t\tdata-description=\"\" \n\t\t\titemprop=\"contentUrl\">\n\t\t\t<img loading=\"lazy\" decoding=\"async\" src=\"https:\/\/statics.v-valley.com\/prod\/2023\/02\/logo_starwind.gif\" alt=\"logo_starwind\" data-no-lazy=\"1\" itemprop=\"thumbnail\" width=\"140\" height=\"55\" \/>\n\t\t\t<!-- Overlay Wrapper -->\n\t\t\t <!-- Overlay Wrapper Closed -->\n\t\t\t\t<\/a>\n\t\t\t\t\t\t\t<meta itemprop=\"width\" content=\"140\" \/>\n\t\t\t<meta itemprop=\"height\" content=\"55\" \/>\n\t\t\t\t<a\n\t\t\thref=\"https:\/\/www.v-valley.com\/es\/vendor\/teamviewer\/\"\n\t\t\ttarget=\"_self\" \n\t\t\ttitle=\"logo_team-viewer\" \n\t\t\t\t\t\tdata-caption=\"\"\n\t\t\t\t\t\tdata-description=\"\" \n\t\t\titemprop=\"contentUrl\">\n\t\t\t<img loading=\"lazy\" decoding=\"async\" src=\"https:\/\/statics.v-valley.com\/prod\/2023\/02\/logo_team-viewer.gif\" alt=\"logo_team-viewer\" data-no-lazy=\"1\" itemprop=\"thumbnail\" width=\"140\" height=\"55\" \/>\n\t\t\t<!-- Overlay Wrapper -->\n\t\t\t <!-- Overlay Wrapper Closed -->\n\t\t\t\t<\/a>\n\t\t\t\t\t\t\t<meta itemprop=\"width\" content=\"140\" \/>\n\t\t\t<meta itemprop=\"height\" content=\"55\" \/>\n\t\t\t\t<a\n\t\t\thref=\"https:\/\/www.v-valley.com\/es\/vendor\/trend-micro\"\n\t\t\ttarget=\"_self\" \n\t\t\ttitle=\"logo-trendmicro\" \n\t\t\t\t\t\tdata-caption=\"\"\n\t\t\t\t\t\tdata-description=\"\" \n\t\t\titemprop=\"contentUrl\">\n\t\t\t<img loading=\"lazy\" decoding=\"async\" src=\"https:\/\/statics.v-valley.com\/prod\/2025\/02\/logo-trendmicro.gif\" alt=\"logo-trendmicro\" data-no-lazy=\"1\" itemprop=\"thumbnail\" width=\"140\" height=\"55\" \/>\n\t\t\t<!-- Overlay Wrapper -->\n\t\t\t <!-- Overlay Wrapper Closed -->\n\t\t\t\t<\/a>\n\t\t\t\t\t\t\t<meta itemprop=\"width\" content=\"140\" \/>\n\t\t\t<meta itemprop=\"height\" content=\"55\" \/>\n\t\t\t\t<a\n\t\t\thref=\"https:\/\/www.v-valley.com\/es\/vendor\/veeam\"\n\t\t\ttarget=\"_self\" \n\t\t\ttitle=\"logo_veeam\" \n\t\t\t\t\t\tdata-caption=\"\"\n\t\t\t\t\t\tdata-description=\"\" \n\t\t\titemprop=\"contentUrl\">\n\t\t\t<img loading=\"lazy\" decoding=\"async\" src=\"https:\/\/statics.v-valley.com\/prod\/2022\/10\/logo_veeam.gif\" alt=\"logo_veeam\" data-no-lazy=\"1\" itemprop=\"thumbnail\" width=\"128\" height=\"48\" \/>\n\t\t\t<!-- Overlay Wrapper -->\n\t\t\t <!-- Overlay Wrapper Closed -->\n\t\t\t\t<\/a>\n\t\t\t\t\t\t\t<meta itemprop=\"width\" content=\"128\" \/>\n\t\t\t<meta itemprop=\"height\" content=\"48\" \/>\n\t\t\t\t<a\n\t\t\thref=\"https:\/\/www.v-valley.com\/es\/vendor\/veritas\"\n\t\t\ttarget=\"_self\" \n\t\t\ttitle=\"logo_veritas\" \n\t\t\t\t\t\tdata-caption=\"\"\n\t\t\t\t\t\tdata-description=\"\" \n\t\t\titemprop=\"contentUrl\">\n\t\t\t<img loading=\"lazy\" decoding=\"async\" src=\"https:\/\/statics.v-valley.com\/prod\/2022\/10\/logo_veritas.gif\" alt=\"logo_veritas\" data-no-lazy=\"1\" itemprop=\"thumbnail\" width=\"140\" height=\"55\" \/>\n\t\t\t<!-- Overlay Wrapper -->\n\t\t\t <!-- Overlay Wrapper Closed -->\n\t\t\t\t<\/a>\n\t\t\t\t\t\t\t<meta itemprop=\"width\" content=\"140\" \/>\n\t\t\t<meta itemprop=\"height\" content=\"55\" \/>\n\t\t\t\t<a\n\t\t\thref=\"https:\/\/www.v-valley.com\/es\/vendor\/vmware\/\"\n\t\t\ttarget=\"_self\" \n\t\t\ttitle=\"logo_vmware\" \n\t\t\t\t\t\tdata-caption=\"\"\n\t\t\t\t\t\tdata-description=\"\" \n\t\t\titemprop=\"contentUrl\">\n\t\t\t<img loading=\"lazy\" decoding=\"async\" src=\"https:\/\/statics.v-valley.com\/prod\/2023\/02\/logo_vmware.gif\" alt=\"logo_vmware\" data-no-lazy=\"1\" itemprop=\"thumbnail\" width=\"140\" height=\"55\" \/>\n\t\t\t<!-- Overlay Wrapper -->\n\t\t\t <!-- Overlay Wrapper Closed -->\n\t\t\t\t<\/a>\n\t\t\t\t\t\t\t<meta itemprop=\"width\" content=\"140\" \/>\n\t\t\t<meta itemprop=\"height\" content=\"55\" \/>\n\t\t\t\t<a\n\t\t\thref=\"https:\/\/www.v-valley.com\/es\/vendor\/zimbra\/\"\n\t\t\ttarget=\"_self\" \n\t\t\ttitle=\"logo_zimbra\" \n\t\t\t\t\t\tdata-caption=\"\"\n\t\t\t\t\t\tdata-description=\"\" \n\t\t\titemprop=\"contentUrl\">\n\t\t\t<img loading=\"lazy\" decoding=\"async\" src=\"https:\/\/statics.v-valley.com\/prod\/2023\/02\/logo_zimbra.gif\" alt=\"logo_zimbra\" data-no-lazy=\"1\" itemprop=\"thumbnail\" width=\"140\" height=\"55\" \/>\n\t\t\t<!-- Overlay Wrapper -->\n\t\t\t <!-- Overlay Wrapper Closed -->\n\t\t\t\t<\/a>\n\t\t\t\t\t\t\t<meta itemprop=\"width\" content=\"140\" \/>\n\t\t\t<meta itemprop=\"height\" content=\"55\" \/>\n\t<h3>\n\t\tNUESTROS SERVICIOS COMPLEMENTARIOS\n\t<\/h3>\n\t\t\t<a href=\"https:\/\/www.v-valley.com\/es\/servicios\/\" target=\"_self\">\n\t\t\t\t\t\t\tTODOS NUESTROS SERVICIOS\n\t\t\t\t\t<\/a>\n\n","protected":false},"excerpt":{"rendered":"<p>Dise\u00f1o e implementaci\u00f3n de infraestructuras de software y sistemas de almacenamiento basados en virtualizaci\u00f3n.<\/p>\n","protected":false},"author":7,"featured_media":0,"parent":80591,"menu_order":0,"comment_status":"closed","ping_status":"closed","template":"templates\/template-solution-category.php","meta":{"_acf_changed":false,"_genesis_hide_title":false,"_genesis_hide_breadcrumbs":false,"_genesis_hide_singular_image":false,"_genesis_hide_footer_widgets":false,"_genesis_custom_body_class":"","_genesis_custom_post_class":"","_genesis_layout":"","footnotes":""},"class_list":{"0":"post-80619","1":"page","2":"type-page","3":"status-publish","5":"entry"},"acf":[],"_links":{"self":[{"href":"https:\/\/www.v-valley.com\/es\/wp-json\/wp\/v2\/pages\/80619","targetHints":{"allow":["GET"]}}],"collection":[{"href":"https:\/\/www.v-valley.com\/es\/wp-json\/wp\/v2\/pages"}],"about":[{"href":"https:\/\/www.v-valley.com\/es\/wp-json\/wp\/v2\/types\/page"}],"author":[{"embeddable":true,"href":"https:\/\/www.v-valley.com\/es\/wp-json\/wp\/v2\/users\/7"}],"replies":[{"embeddable":true,"href":"https:\/\/www.v-valley.com\/es\/wp-json\/wp\/v2\/comments?post=80619"}],"version-history":[{"count":1,"href":"https:\/\/www.v-valley.com\/es\/wp-json\/wp\/v2\/pages\/80619\/revisions"}],"predecessor-version":[{"id":501461,"href":"https:\/\/www.v-valley.com\/es\/wp-json\/wp\/v2\/pages\/80619\/revisions\/501461"}],"up":[{"embeddable":true,"href":"https:\/\/www.v-valley.com\/es\/wp-json\/wp\/v2\/pages\/80591"}],"wp:attachment":[{"href":"https:\/\/www.v-valley.com\/es\/wp-json\/wp\/v2\/media?parent=80619"}],"curies":[{"name":"wp","href":"https:\/\/api.w.org\/{rel}","templated":true}]}}