{"id":80600,"date":"2022-10-26T18:49:41","date_gmt":"2022-10-26T16:49:41","guid":{"rendered":"https:\/\/www.v-valley.com\/soluciones\/infrastruttura-e-data-center\/"},"modified":"2025-02-11T15:36:31","modified_gmt":"2025-02-11T14:36:31","slug":"infraestructura-centros-de-datos","status":"publish","type":"page","link":"https:\/\/www.v-valley.com\/es\/soluciones\/infraestructura-centros-de-datos\/","title":{"rendered":"Infraestructura centros de datos"},"content":{"rendered":"\n<h2>\n\t\tLA MEJOR INFRAESTRUCTURA TECNOL\u00d3GICA PARA TI Y TUS CLIENTES \n\t<\/h2>\n\t<p>Los enormes flujos de datos de los que dependen las empresas modernas exigen una infraestructura de TI a su altura. V-Valley, l\u00edder del mercado en la distribuci\u00f3n de infraestructuras y centros de datos gracias a su colaboraci\u00f3n con los principales proveedores del sector, ofrece soluciones optimizadas para diferentes cargas de trabajo y complejidad de aplicaciones. <\/p>\n<p>Nuestros centros de servidores de datos, servidores de torre, armarios rack y soluciones de gesti\u00f3n de energ\u00eda y almacenamiento de datos cumplen los m\u00e1s altos est\u00e1ndares del mercado en t\u00e9rminos de seguridad de la infraestructura de los centros de datos, con una amplia selecci\u00f3n de accesorios y componentes. Tambi\u00e9n ofrece el almacenamiento de datos en entornos virtuales, creando infraestructuras de centros de datos en la nube. <\/p>\n<h3>\n\t\tUNA AMPLIA VARIEDAD DE SOLUCIONES \n\t<\/h3>\n\t<p>Amplio y completo cat\u00e1logo de productos para crear la infraestructura de red de datos que mejor se adapte a tus necesidades, desde los servidores m\u00e1s complejos y de alto rendimiento, hasta los dispositivos de almacenamiento m\u00e1s sencillos, para satisfacer cualquier exigencia de c\u00e1lculo de tus aplicaciones. <\/p>\n\t\t\t\t<img loading=\"lazy\" decoding=\"async\" src=\"https:\/\/statics.v-valley.com\/prod\/2022\/10\/img-soluzioni-infrastruttura-rete.jpg\" alt=\"img-soluzioni-infrastruttura-rete\" itemprop=\"image\" height=\"358\" width=\"557\" title=\"img-soluzioni-infrastruttura-rete\" onerror=\"this.style.display='none'\"  \/>\n\t\t\t\t<img loading=\"lazy\" decoding=\"async\" src=\"https:\/\/statics.v-valley.com\/prod\/2022\/10\/img-protezione-dati.jpg\" alt=\"img-protezione-dati\" itemprop=\"image\" height=\"358\" width=\"557\" title=\"img-protezione-dati\" onerror=\"this.style.display='none'\"  \/>\n<h3>\n\t\tLA SEGURIDAD ES LO PRIMERO \n\t<\/h3>\n\t<p>Enormes vol\u00famenes de datos con una gesti\u00f3n \u00f3ptima, soluciones modernas e innovadoras para satisfacer las exigencias de seguridad y protecci\u00f3n de datos del mercado. <\/p>\n<h2>\n\t\tDESCUBRE LAS SOLUCIONES DE INFRAESTRUCTURAS Y CENTROS DE DATOS DE V-VALLEY \n\t<\/h2>\n\t<p>V-Valley ofrece infraestructuras de red tecnol\u00f3gicamente avanzadas. <\/p>\n<h4>\n\t\tSoluciones de c\u00f3mputo\u00a0 \n\t<\/h4>\n\t<p>Servidores y soluciones de c\u00f3mputo desde la gama de entrada hasta sistema HPC.<\/p>\n<h4>\n\t\tSoluciones hiperconvergentes\n\t<\/h4>\n\t<p>Soluciones que incluyen virtualizaci\u00f3n y recuperaci\u00f3n instant\u00e1nea de los datos.<\/p>\n<h4>\n\t\tSAI para rack y alimentaci\u00f3n\n\t<\/h4>\n\t<p>Sistemas de alimentaci\u00f3n ininterrumpida que protegen los servidores y los datos de los cortes de energ\u00eda.<\/p>\n<h4>\n\t\tFiltrado de sobretensiones\n\t<\/h4>\n\t<p>Protecci\u00f3n contra sobrecargas el\u00e9ctricas en las l\u00edneas de transmisi\u00f3n de datos. <\/p>\n<h4>\n\t\tSoluciones Rack\n\t<\/h4>\n\t<p>Armarios fabricados con materiales de alta calidad para la colocaci\u00f3n ordenada y flexible de servidores.<\/p>\n<h4>\n\t\tSoluciones almacenamiento NAS\n\t<\/h4>\n\t<p>El sistema NAS (almacenamiento conectado en red) permite a los usuarios comunicarse y compartir datos a trav\u00e9s de la red.<\/p>\n<h4>\n\t\tSoluciones de almacenamiento SAN y Unified Storage\n\t<\/h4>\n\t<p>Las mejores soluciones para el almacenamiento, rendimiento y protecci\u00f3n del dato.<\/p>\n<h4>\n\t\tSoluciones de Backup\n\t<\/h4>\n\t<p>Para la protecci\u00f3n y recuperaci\u00f3n de todas las cargas del trabajo del CPD.<\/p>\n<h4>\n\t\tSoluciones de virtualizaci\u00f3n\n\t<\/h4>\n\t<p>Aumento de la productividad, la eficiencia, la agilidad y la capacidad de respuesta del departamento de TI.<\/p>\n<h2>\n\t\tNUESTROS FABRICANTES QUE OFRECEN SOLUCIONES DE INFRAESTRUCTURA Y CENTRO DE DATOS \n\t<\/h2>\n\t\t\t\t<a\n\t\t\thref=\"https:\/\/www.v-valley.com\/es\/vendor\/acronis\"\n\t\t\ttarget=\"_self\" \n\t\t\ttitle=\"logo_acronis\" \n\t\t\t\t\t\tdata-caption=\"\"\n\t\t\t\t\t\tdata-description=\"\" \n\t\t\titemprop=\"contentUrl\">\n\t\t\t<img loading=\"lazy\" decoding=\"async\" src=\"https:\/\/statics.v-valley.com\/prod\/2022\/10\/logo_acronis.gif\" alt=\"logo_acronis\" data-no-lazy=\"1\" itemprop=\"thumbnail\" width=\"140\" height=\"55\" \/>\n\t\t\t<!-- Overlay Wrapper -->\n\t\t\t <!-- Overlay Wrapper Closed -->\n\t\t\t\t<\/a>\n\t\t\t\t\t\t\t<meta itemprop=\"width\" content=\"140\" \/>\n\t\t\t<meta itemprop=\"height\" content=\"55\" \/>\n\t\t\t\t<a\n\t\t\thref=\"https:\/\/www.v-valley.com\/es\/vendor\/anydesk\/\"\n\t\t\ttarget=\"_self\" \n\t\t\ttitle=\"logo_anydesk\" \n\t\t\t\t\t\tdata-caption=\"\"\n\t\t\t\t\t\tdata-description=\"\" \n\t\t\titemprop=\"contentUrl\">\n\t\t\t<img loading=\"lazy\" decoding=\"async\" src=\"https:\/\/statics.v-valley.com\/prod\/2024\/04\/logo_anydesk.png\" alt=\"logo_anydesk\" data-no-lazy=\"1\" itemprop=\"thumbnail\" width=\"140\" height=\"55\" \/>\n\t\t\t<!-- Overlay Wrapper -->\n\t\t\t <!-- Overlay Wrapper Closed -->\n\t\t\t\t<\/a>\n\t\t\t\t\t\t\t<meta itemprop=\"width\" content=\"140\" \/>\n\t\t\t<meta itemprop=\"height\" content=\"55\" \/>\n\t\t\t\t<a\n\t\t\thref=\"https:\/\/www.v-valley.com\/es\/vendor\/apc\"\n\t\t\ttarget=\"_self\" \n\t\t\ttitle=\"logo_apc\" \n\t\t\t\t\t\tdata-caption=\"\"\n\t\t\t\t\t\tdata-description=\"\" \n\t\t\titemprop=\"contentUrl\">\n\t\t\t<img loading=\"lazy\" decoding=\"async\" src=\"https:\/\/statics.v-valley.com\/prod\/2022\/10\/logo_apc.gif\" alt=\"logo_apc\" data-no-lazy=\"1\" itemprop=\"thumbnail\" width=\"140\" height=\"55\" \/>\n\t\t\t<!-- Overlay Wrapper -->\n\t\t\t <!-- Overlay Wrapper Closed -->\n\t\t\t\t<\/a>\n\t\t\t\t\t\t\t<meta itemprop=\"width\" content=\"140\" \/>\n\t\t\t<meta itemprop=\"height\" content=\"55\" \/>\n\t\t\t\t<a\n\t\t\thref=\"https:\/\/www.v-valley.com\/es\/vendor\/arcserve\/\"\n\t\t\ttarget=\"_self\" \n\t\t\ttitle=\"logo_arcserve\" \n\t\t\t\t\t\tdata-caption=\"\"\n\t\t\t\t\t\tdata-description=\"\" \n\t\t\titemprop=\"contentUrl\">\n\t\t\t<img loading=\"lazy\" decoding=\"async\" src=\"https:\/\/statics.v-valley.com\/prod\/2022\/11\/logo_arcserve.gif\" alt=\"logo_arcserve\" data-no-lazy=\"1\" itemprop=\"thumbnail\" width=\"140\" height=\"55\" \/>\n\t\t\t<!-- Overlay Wrapper -->\n\t\t\t <!-- Overlay Wrapper Closed -->\n\t\t\t\t<\/a>\n\t\t\t\t\t\t\t<meta itemprop=\"width\" content=\"140\" \/>\n\t\t\t<meta itemprop=\"height\" content=\"55\" \/>\n\t\t\t\t<a\n\t\t\thref=\"https:\/\/www.v-valley.com\/es\/vendor\/dell-technologies\/\"\n\t\t\ttarget=\"_self\" \n\t\t\ttitle=\"logo_dell_technologies\" \n\t\t\t\t\t\tdata-caption=\"\"\n\t\t\t\t\t\tdata-description=\"\" \n\t\t\titemprop=\"contentUrl\">\n\t\t\t<img loading=\"lazy\" decoding=\"async\" src=\"https:\/\/statics.v-valley.com\/prod\/2022\/10\/logo_dell_technologies.gif\" alt=\"logo_dell_technologies\" data-no-lazy=\"1\" itemprop=\"thumbnail\" width=\"140\" height=\"55\" \/>\n\t\t\t<!-- Overlay Wrapper -->\n\t\t\t <!-- Overlay Wrapper Closed -->\n\t\t\t\t<\/a>\n\t\t\t\t\t\t\t<meta itemprop=\"width\" content=\"140\" \/>\n\t\t\t<meta itemprop=\"height\" content=\"55\" \/>\n\t\t\t\t<a\n\t\t\thref=\"https:\/\/www.v-valley.com\/es\/vendor\/digitus\/\"\n\t\t\ttarget=\"_self\" \n\t\t\ttitle=\"logo_digitus\" \n\t\t\t\t\t\tdata-caption=\"\"\n\t\t\t\t\t\tdata-description=\"\" \n\t\t\titemprop=\"contentUrl\">\n\t\t\t<img loading=\"lazy\" decoding=\"async\" src=\"https:\/\/statics.v-valley.com\/prod\/2022\/10\/logo_digitus.gif\" alt=\"logo_digitus\" data-no-lazy=\"1\" itemprop=\"thumbnail\" width=\"140\" height=\"55\" \/>\n\t\t\t<!-- Overlay Wrapper -->\n\t\t\t <!-- Overlay Wrapper Closed -->\n\t\t\t\t<\/a>\n\t\t\t\t\t\t\t<meta itemprop=\"width\" content=\"140\" \/>\n\t\t\t<meta itemprop=\"height\" content=\"55\" \/>\n\t\t\t\t<a\n\t\t\thref=\"https:\/\/www.v-valley.com\/es\/vendor\/dropbox\/\"\n\t\t\ttarget=\"_self\" \n\t\t\ttitle=\"logo_dropbox\" \n\t\t\t\t\t\tdata-caption=\"\"\n\t\t\t\t\t\tdata-description=\"\" \n\t\t\titemprop=\"contentUrl\">\n\t\t\t<img loading=\"lazy\" decoding=\"async\" src=\"https:\/\/statics.v-valley.com\/prod\/2022\/10\/logo_dropbox.gif\" alt=\"logo_dropbox\" data-no-lazy=\"1\" itemprop=\"thumbnail\" width=\"140\" height=\"55\" \/>\n\t\t\t<!-- Overlay Wrapper -->\n\t\t\t <!-- Overlay Wrapper Closed -->\n\t\t\t\t<\/a>\n\t\t\t\t\t\t\t<meta itemprop=\"width\" content=\"140\" \/>\n\t\t\t<meta itemprop=\"height\" content=\"55\" \/>\n\t\t\t\t<a\n\t\t\thref=\"https:\/\/www.v-valley.com\/es\/vendor\/eaton\"\n\t\t\ttarget=\"_self\" \n\t\t\ttitle=\"logo_eaton\" \n\t\t\t\t\t\tdata-caption=\"\"\n\t\t\t\t\t\tdata-description=\"\" \n\t\t\titemprop=\"contentUrl\">\n\t\t\t<img loading=\"lazy\" decoding=\"async\" src=\"https:\/\/statics.v-valley.com\/prod\/2022\/10\/logo_eaton.gif\" alt=\"logo_eaton\" data-no-lazy=\"1\" itemprop=\"thumbnail\" width=\"140\" height=\"55\" \/>\n\t\t\t<!-- Overlay Wrapper -->\n\t\t\t <!-- Overlay Wrapper Closed -->\n\t\t\t\t<\/a>\n\t\t\t\t\t\t\t<meta itemprop=\"width\" content=\"140\" \/>\n\t\t\t<meta itemprop=\"height\" content=\"55\" \/>\n\t\t\t\t<a\n\t\t\thref=\"https:\/\/www.v-valley.com\/es\/vendor\/exagrid\/\"\n\t\t\ttarget=\"_self\" \n\t\t\ttitle=\"logo_exagrid\" \n\t\t\t\t\t\tdata-caption=\"\"\n\t\t\t\t\t\tdata-description=\"\" \n\t\t\titemprop=\"contentUrl\">\n\t\t\t<img loading=\"lazy\" decoding=\"async\" src=\"https:\/\/statics.v-valley.com\/prod\/2023\/02\/logo_exagrid.gif\" alt=\"logo_exagrid\" data-no-lazy=\"1\" itemprop=\"thumbnail\" width=\"140\" height=\"55\" \/>\n\t\t\t<!-- Overlay Wrapper -->\n\t\t\t <!-- Overlay Wrapper Closed -->\n\t\t\t\t<\/a>\n\t\t\t\t\t\t\t<meta itemprop=\"width\" content=\"140\" \/>\n\t\t\t<meta itemprop=\"height\" content=\"55\" \/>\n\t\t\t\t<a\n\t\t\thref=\"https:\/\/www.v-valley.com\/es\/vendor\/hitachi\"\n\t\t\ttarget=\"_self\" \n\t\t\ttitle=\"logo_hitachi\" \n\t\t\t\t\t\tdata-caption=\"\"\n\t\t\t\t\t\tdata-description=\"\" \n\t\t\titemprop=\"contentUrl\">\n\t\t\t<img loading=\"lazy\" decoding=\"async\" src=\"https:\/\/statics.v-valley.com\/prod\/2022\/10\/logo_hitachi.gif\" alt=\"logo_hitachi\" data-no-lazy=\"1\" itemprop=\"thumbnail\" width=\"140\" height=\"55\" \/>\n\t\t\t<!-- Overlay Wrapper -->\n\t\t\t <!-- Overlay Wrapper Closed -->\n\t\t\t\t<\/a>\n\t\t\t\t\t\t\t<meta itemprop=\"width\" content=\"140\" \/>\n\t\t\t<meta itemprop=\"height\" content=\"55\" \/>\n\t\t\t\t<a\n\t\t\thref=\"https:\/\/www.v-valley.com\/es\/vendor\/hewlett-packard-enterprise\/\"\n\t\t\ttarget=\"_self\" \n\t\t\ttitle=\"logo_hpe\" \n\t\t\t\t\t\tdata-caption=\"\"\n\t\t\t\t\t\tdata-description=\"\" \n\t\t\titemprop=\"contentUrl\">\n\t\t\t<img loading=\"lazy\" decoding=\"async\" src=\"https:\/\/statics.v-valley.com\/prod\/2022\/10\/logo_hpe.gif\" alt=\"logo_hpe\" data-no-lazy=\"1\" itemprop=\"thumbnail\" width=\"140\" height=\"55\" \/>\n\t\t\t<!-- Overlay Wrapper -->\n\t\t\t <!-- Overlay Wrapper Closed -->\n\t\t\t\t<\/a>\n\t\t\t\t\t\t\t<meta itemprop=\"width\" content=\"140\" \/>\n\t\t\t<meta itemprop=\"height\" content=\"55\" \/>\n\t\t\t\t<a\n\t\t\thref=\"https:\/\/www.v-valley.com\/es\/vendor\/huawei\"\n\t\t\ttarget=\"_self\" \n\t\t\ttitle=\"logo_huawei\" \n\t\t\t\t\t\tdata-caption=\"\"\n\t\t\t\t\t\tdata-description=\"\" \n\t\t\titemprop=\"contentUrl\">\n\t\t\t<img loading=\"lazy\" decoding=\"async\" src=\"https:\/\/statics.v-valley.com\/prod\/2022\/10\/logo_huawei.gif\" alt=\"logo_huawei\" data-no-lazy=\"1\" itemprop=\"thumbnail\" width=\"140\" height=\"55\" \/>\n\t\t\t<!-- Overlay Wrapper -->\n\t\t\t <!-- Overlay Wrapper Closed -->\n\t\t\t\t<\/a>\n\t\t\t\t\t\t\t<meta itemprop=\"width\" content=\"140\" \/>\n\t\t\t<meta itemprop=\"height\" content=\"55\" \/>\n\t\t\t\t<a\n\t\t\thref=\"https:\/\/www.v-valley.com\/es\/vendor\/legrand\/\"\n\t\t\ttarget=\"_self\" \n\t\t\ttitle=\"logo_legrand\" \n\t\t\t\t\t\tdata-caption=\"\"\n\t\t\t\t\t\tdata-description=\"\" \n\t\t\titemprop=\"contentUrl\">\n\t\t\t<img loading=\"lazy\" decoding=\"async\" src=\"https:\/\/statics.v-valley.com\/prod\/2022\/10\/logo_legrand.gif\" alt=\"logo_legrand\" data-no-lazy=\"1\" itemprop=\"thumbnail\" width=\"140\" height=\"55\" \/>\n\t\t\t<!-- Overlay Wrapper -->\n\t\t\t <!-- Overlay Wrapper Closed -->\n\t\t\t\t<\/a>\n\t\t\t\t\t\t\t<meta itemprop=\"width\" content=\"140\" \/>\n\t\t\t<meta itemprop=\"height\" content=\"55\" \/>\n\t\t\t\t<a\n\t\t\thref=\"https:\/\/www.v-valley.com\/es\/vendor\/lenovo\"\n\t\t\ttarget=\"_self\" \n\t\t\ttitle=\"logo_lenovo\" \n\t\t\t\t\t\tdata-caption=\"\"\n\t\t\t\t\t\tdata-description=\"\" \n\t\t\titemprop=\"contentUrl\">\n\t\t\t<img loading=\"lazy\" decoding=\"async\" src=\"https:\/\/statics.v-valley.com\/prod\/2022\/10\/logo_lenovo.gif\" alt=\"logo_lenovo\" data-no-lazy=\"1\" itemprop=\"thumbnail\" width=\"140\" height=\"55\" \/>\n\t\t\t<!-- Overlay Wrapper -->\n\t\t\t <!-- Overlay Wrapper Closed -->\n\t\t\t\t<\/a>\n\t\t\t\t\t\t\t<meta itemprop=\"width\" content=\"140\" \/>\n\t\t\t<meta itemprop=\"height\" content=\"55\" \/>\n\t\t\t\t<a\n\t\t\thref=\"https:\/\/www.v-valley.com\/es\/vendor\/microsoft\"\n\t\t\ttarget=\"_self\" \n\t\t\ttitle=\"logo_Microsoft\" \n\t\t\t\t\t\tdata-caption=\"\"\n\t\t\t\t\t\tdata-description=\"\" \n\t\t\titemprop=\"contentUrl\">\n\t\t\t<img loading=\"lazy\" decoding=\"async\" src=\"https:\/\/statics.v-valley.com\/prod\/2022\/11\/logo_Microsoft.gif\" alt=\"logo_Microsoft\" data-no-lazy=\"1\" itemprop=\"thumbnail\" width=\"140\" height=\"55\" \/>\n\t\t\t<!-- Overlay Wrapper -->\n\t\t\t <!-- Overlay Wrapper Closed -->\n\t\t\t\t<\/a>\n\t\t\t\t\t\t\t<meta itemprop=\"width\" content=\"140\" \/>\n\t\t\t<meta itemprop=\"height\" content=\"55\" \/>\n\t\t\t\t<a\n\t\t\thref=\"https:\/\/www.v-valley.com\/es\/vendor\/oasix\/\"\n\t\t\ttarget=\"_self\" \n\t\t\ttitle=\"logo-oasix\" \n\t\t\t\t\t\tdata-caption=\"\"\n\t\t\t\t\t\tdata-description=\"\" \n\t\t\titemprop=\"contentUrl\">\n\t\t\t<img loading=\"lazy\" decoding=\"async\" src=\"https:\/\/statics.v-valley.com\/prod\/2024\/02\/logo-oasix.png\" alt=\"logo-oasix\" data-no-lazy=\"1\" itemprop=\"thumbnail\" width=\"140\" height=\"55\" \/>\n\t\t\t<!-- Overlay Wrapper -->\n\t\t\t <!-- Overlay Wrapper Closed -->\n\t\t\t\t<\/a>\n\t\t\t\t\t\t\t<meta itemprop=\"width\" content=\"140\" \/>\n\t\t\t<meta itemprop=\"height\" content=\"55\" \/>\n\t\t\t\t<a\n\t\t\thref=\"https:\/\/www.v-valley.com\/es\/vendor\/panduit\/\"\n\t\t\ttarget=\"_self\" \n\t\t\ttitle=\"logo_panduit\" \n\t\t\t\t\t\tdata-caption=\"\"\n\t\t\t\t\t\tdata-description=\"\" \n\t\t\titemprop=\"contentUrl\">\n\t\t\t<img loading=\"lazy\" decoding=\"async\" src=\"https:\/\/statics.v-valley.com\/prod\/2022\/10\/logo_panduit.gif\" alt=\"logo_panduit\" data-no-lazy=\"1\" itemprop=\"thumbnail\" width=\"140\" height=\"55\" \/>\n\t\t\t<!-- Overlay Wrapper -->\n\t\t\t <!-- Overlay Wrapper Closed -->\n\t\t\t\t<\/a>\n\t\t\t\t\t\t\t<meta itemprop=\"width\" content=\"140\" \/>\n\t\t\t<meta itemprop=\"height\" content=\"55\" \/>\n\t\t\t\t<a\n\t\t\thref=\"https:\/\/www.v-valley.com\/es\/vendor\/qnap\/\"\n\t\t\ttarget=\"_self\" \n\t\t\ttitle=\"logo_qnap\" \n\t\t\t\t\t\tdata-caption=\"\"\n\t\t\t\t\t\tdata-description=\"\" \n\t\t\titemprop=\"contentUrl\">\n\t\t\t<img loading=\"lazy\" decoding=\"async\" src=\"https:\/\/statics.v-valley.com\/prod\/2023\/02\/logo_qnap.gif\" alt=\"logo_qnap\" data-no-lazy=\"1\" itemprop=\"thumbnail\" width=\"140\" height=\"55\" \/>\n\t\t\t<!-- Overlay Wrapper -->\n\t\t\t <!-- Overlay Wrapper Closed -->\n\t\t\t\t<\/a>\n\t\t\t\t\t\t\t<meta itemprop=\"width\" content=\"140\" \/>\n\t\t\t<meta itemprop=\"height\" content=\"55\" \/>\n\t\t\t\t<a\n\t\t\thref=\"https:\/\/www.v-valley.com\/es\/vendor\/quantum\/\"\n\t\t\ttarget=\"_self\" \n\t\t\ttitle=\"logo_quantum\" \n\t\t\t\t\t\tdata-caption=\"\"\n\t\t\t\t\t\tdata-description=\"\" \n\t\t\titemprop=\"contentUrl\">\n\t\t\t<img loading=\"lazy\" decoding=\"async\" src=\"https:\/\/statics.v-valley.com\/prod\/2023\/02\/logo_quantum.gif\" alt=\"logo_quantum\" data-no-lazy=\"1\" itemprop=\"thumbnail\" width=\"140\" height=\"55\" \/>\n\t\t\t<!-- Overlay Wrapper -->\n\t\t\t <!-- Overlay Wrapper Closed -->\n\t\t\t\t<\/a>\n\t\t\t\t\t\t\t<meta itemprop=\"width\" content=\"140\" \/>\n\t\t\t<meta itemprop=\"height\" content=\"55\" \/>\n\t\t\t\t<a\n\t\t\thref=\"https:\/\/www.v-valley.com\/es\/vendor\/red-hat\"\n\t\t\ttarget=\"_self\" \n\t\t\ttitle=\"logo_redhat\" \n\t\t\t\t\t\tdata-caption=\"\"\n\t\t\t\t\t\tdata-description=\"\" \n\t\t\titemprop=\"contentUrl\">\n\t\t\t<img loading=\"lazy\" decoding=\"async\" src=\"https:\/\/statics.v-valley.com\/prod\/2022\/10\/logo_redhat.gif\" alt=\"logo_redhat\" data-no-lazy=\"1\" itemprop=\"thumbnail\" width=\"140\" height=\"55\" \/>\n\t\t\t<!-- Overlay Wrapper -->\n\t\t\t <!-- Overlay Wrapper Closed -->\n\t\t\t\t<\/a>\n\t\t\t\t\t\t\t<meta itemprop=\"width\" content=\"140\" \/>\n\t\t\t<meta itemprop=\"height\" content=\"55\" \/>\n\t\t\t\t<a\n\t\t\thref=\"https:\/\/www.v-valley.com\/es\/vendor\/salicru\/\"\n\t\t\ttarget=\"_self\" \n\t\t\ttitle=\"logo_salicru\" \n\t\t\t\t\t\tdata-caption=\"\"\n\t\t\t\t\t\tdata-description=\"\" \n\t\t\titemprop=\"contentUrl\">\n\t\t\t<img loading=\"lazy\" decoding=\"async\" src=\"https:\/\/statics.v-valley.com\/prod\/2023\/02\/logo_salicru.gif\" alt=\"logo_salicru\" data-no-lazy=\"1\" itemprop=\"thumbnail\" width=\"140\" height=\"55\" \/>\n\t\t\t<!-- Overlay Wrapper -->\n\t\t\t <!-- Overlay Wrapper Closed -->\n\t\t\t\t<\/a>\n\t\t\t\t\t\t\t<meta itemprop=\"width\" content=\"140\" \/>\n\t\t\t<meta itemprop=\"height\" content=\"55\" \/>\n\t\t\t\t<a\n\t\t\thref=\"https:\/\/www.v-valley.com\/es\/vendor\/scality\/\"\n\t\t\ttarget=\"_self\" \n\t\t\ttitle=\"logo-scality\" \n\t\t\t\t\t\tdata-caption=\"\"\n\t\t\t\t\t\tdata-description=\"\" \n\t\t\titemprop=\"contentUrl\">\n\t\t\t<img loading=\"lazy\" decoding=\"async\" src=\"https:\/\/statics.v-valley.com\/prod\/2023\/05\/logo-scality.gif\" alt=\"logo-scality\" data-no-lazy=\"1\" itemprop=\"thumbnail\" width=\"140\" height=\"55\" \/>\n\t\t\t<!-- Overlay Wrapper -->\n\t\t\t <!-- Overlay Wrapper Closed -->\n\t\t\t\t<\/a>\n\t\t\t\t\t\t\t<meta itemprop=\"width\" content=\"140\" \/>\n\t\t\t<meta itemprop=\"height\" content=\"55\" \/>\n\t\t\t\t<a\n\t\t\thref=\"https:\/\/www.v-valley.com\/es\/vendor\/syneto\"\n\t\t\ttarget=\"_self\" \n\t\t\ttitle=\"logo_syneto\" \n\t\t\t\t\t\tdata-caption=\"\"\n\t\t\t\t\t\tdata-description=\"\" \n\t\t\titemprop=\"contentUrl\">\n\t\t\t<img loading=\"lazy\" decoding=\"async\" src=\"https:\/\/statics.v-valley.com\/prod\/2022\/10\/logo_syneto.gif\" alt=\"logo_syneto\" data-no-lazy=\"1\" itemprop=\"thumbnail\" width=\"140\" height=\"55\" \/>\n\t\t\t<!-- Overlay Wrapper -->\n\t\t\t <!-- Overlay Wrapper Closed -->\n\t\t\t\t<\/a>\n\t\t\t\t\t\t\t<meta itemprop=\"width\" content=\"140\" \/>\n\t\t\t<meta itemprop=\"height\" content=\"55\" \/>\n\t\t\t\t<a\n\t\t\thref=\"https:\/\/www.v-valley.com\/es\/vendor\/synology\/\"\n\t\t\ttarget=\"_self\" \n\t\t\ttitle=\"logo_synology\" \n\t\t\t\t\t\tdata-caption=\"\"\n\t\t\t\t\t\tdata-description=\"\" \n\t\t\titemprop=\"contentUrl\">\n\t\t\t<img loading=\"lazy\" decoding=\"async\" src=\"https:\/\/statics.v-valley.com\/prod\/2023\/02\/logo_synology.gif\" alt=\"logo_synology\" data-no-lazy=\"1\" itemprop=\"thumbnail\" width=\"140\" height=\"55\" \/>\n\t\t\t<!-- Overlay Wrapper -->\n\t\t\t <!-- Overlay Wrapper Closed -->\n\t\t\t\t<\/a>\n\t\t\t\t\t\t\t<meta itemprop=\"width\" content=\"140\" \/>\n\t\t\t<meta itemprop=\"height\" content=\"55\" \/>\n\t\t\t\t<a\n\t\t\thref=\"https:\/\/www.v-valley.com\/es\/vendor\/teamviewer\/\"\n\t\t\ttarget=\"_self\" \n\t\t\ttitle=\"logo_team-viewer\" \n\t\t\t\t\t\tdata-caption=\"\"\n\t\t\t\t\t\tdata-description=\"\" \n\t\t\titemprop=\"contentUrl\">\n\t\t\t<img loading=\"lazy\" decoding=\"async\" src=\"https:\/\/statics.v-valley.com\/prod\/2023\/02\/logo_team-viewer.gif\" alt=\"logo_team-viewer\" data-no-lazy=\"1\" itemprop=\"thumbnail\" width=\"140\" height=\"55\" \/>\n\t\t\t<!-- Overlay Wrapper -->\n\t\t\t <!-- Overlay Wrapper Closed -->\n\t\t\t\t<\/a>\n\t\t\t\t\t\t\t<meta itemprop=\"width\" content=\"140\" \/>\n\t\t\t<meta itemprop=\"height\" content=\"55\" \/>\n\t\t\t\t<a\n\t\t\thref=\"https:\/\/www.v-valley.com\/es\/vendor\/veeam\"\n\t\t\ttarget=\"_self\" \n\t\t\ttitle=\"logo_veeam\" \n\t\t\t\t\t\tdata-caption=\"\"\n\t\t\t\t\t\tdata-description=\"\" \n\t\t\titemprop=\"contentUrl\">\n\t\t\t<img loading=\"lazy\" decoding=\"async\" src=\"https:\/\/statics.v-valley.com\/prod\/2022\/10\/logo_veeam.gif\" alt=\"logo_veeam\" data-no-lazy=\"1\" itemprop=\"thumbnail\" width=\"128\" height=\"48\" \/>\n\t\t\t<!-- Overlay Wrapper -->\n\t\t\t <!-- Overlay Wrapper Closed -->\n\t\t\t\t<\/a>\n\t\t\t\t\t\t\t<meta itemprop=\"width\" content=\"128\" \/>\n\t\t\t<meta itemprop=\"height\" content=\"48\" \/>\n\t\t\t\t<a\n\t\t\thref=\"https:\/\/www.v-valley.com\/es\/vendor\/veritas\"\n\t\t\ttarget=\"_self\" \n\t\t\ttitle=\"logo_veritas\" \n\t\t\t\t\t\tdata-caption=\"\"\n\t\t\t\t\t\tdata-description=\"\" \n\t\t\titemprop=\"contentUrl\">\n\t\t\t<img loading=\"lazy\" decoding=\"async\" src=\"https:\/\/statics.v-valley.com\/prod\/2022\/10\/logo_veritas.gif\" alt=\"logo_veritas\" data-no-lazy=\"1\" itemprop=\"thumbnail\" width=\"140\" height=\"55\" \/>\n\t\t\t<!-- Overlay Wrapper -->\n\t\t\t <!-- Overlay Wrapper Closed -->\n\t\t\t\t<\/a>\n\t\t\t\t\t\t\t<meta itemprop=\"width\" content=\"140\" \/>\n\t\t\t<meta itemprop=\"height\" content=\"55\" \/>\n\t\t\t\t<a\n\t\t\thref=\"https:\/\/www.v-valley.com\/es\/vendor\/vertiv\/\"\n\t\t\ttarget=\"_self\" \n\t\t\ttitle=\"logo_vertiv\" \n\t\t\t\t\t\tdata-caption=\"\"\n\t\t\t\t\t\tdata-description=\"\" \n\t\t\titemprop=\"contentUrl\">\n\t\t\t<img loading=\"lazy\" decoding=\"async\" src=\"https:\/\/statics.v-valley.com\/prod\/2022\/11\/logo_vertiv.gif\" alt=\"logo_vertiv\" data-no-lazy=\"1\" itemprop=\"thumbnail\" width=\"140\" height=\"55\" \/>\n\t\t\t<!-- Overlay Wrapper -->\n\t\t\t <!-- Overlay Wrapper Closed -->\n\t\t\t\t<\/a>\n\t\t\t\t\t\t\t<meta itemprop=\"width\" content=\"140\" \/>\n\t\t\t<meta itemprop=\"height\" content=\"55\" \/>\n\t\t\t\t<a\n\t\t\thref=\"https:\/\/www.v-valley.com\/es\/vendor\/vmware\/\"\n\t\t\ttarget=\"_self\" \n\t\t\ttitle=\"logo_vmware\" \n\t\t\t\t\t\tdata-caption=\"\"\n\t\t\t\t\t\tdata-description=\"\" \n\t\t\titemprop=\"contentUrl\">\n\t\t\t<img loading=\"lazy\" decoding=\"async\" src=\"https:\/\/statics.v-valley.com\/prod\/2023\/02\/logo_vmware.gif\" alt=\"logo_vmware\" data-no-lazy=\"1\" itemprop=\"thumbnail\" width=\"140\" height=\"55\" \/>\n\t\t\t<!-- Overlay Wrapper -->\n\t\t\t <!-- Overlay Wrapper Closed -->\n\t\t\t\t<\/a>\n\t\t\t\t\t\t\t<meta itemprop=\"width\" content=\"140\" \/>\n\t\t\t<meta itemprop=\"height\" content=\"55\" \/>\n\t\t\t\t<a\n\t\t\thref=\"https:\/\/www.v-valley.com\/es\/vendor\/western-digital\/\"\n\t\t\ttarget=\"_self\" \n\t\t\ttitle=\"logo-western-digital\" \n\t\t\t\t\t\tdata-caption=\"\"\n\t\t\t\t\t\tdata-description=\"\" \n\t\t\titemprop=\"contentUrl\">\n\t\t\t<img loading=\"lazy\" decoding=\"async\" src=\"https:\/\/statics.v-valley.com\/prod\/2023\/09\/logo-western-digital.gif\" alt=\"logo-western-digital\" data-no-lazy=\"1\" itemprop=\"thumbnail\" width=\"140\" height=\"55\" \/>\n\t\t\t<!-- Overlay Wrapper -->\n\t\t\t <!-- Overlay Wrapper Closed -->\n\t\t\t\t<\/a>\n\t\t\t\t\t\t\t<meta itemprop=\"width\" content=\"140\" \/>\n\t\t\t<meta itemprop=\"height\" content=\"55\" \/>\n\t\t\t\t<a\n\t\t\thref=\"https:\/\/www.v-valley.com\/es\/vendor\/zigor\/\"\n\t\t\ttarget=\"_self\" \n\t\t\ttitle=\"logo_zigor\" \n\t\t\t\t\t\tdata-caption=\"\"\n\t\t\t\t\t\tdata-description=\"\" \n\t\t\titemprop=\"contentUrl\">\n\t\t\t<img loading=\"lazy\" decoding=\"async\" src=\"https:\/\/statics.v-valley.com\/prod\/2023\/02\/logo_zigor.gif\" alt=\"logo_zigor\" data-no-lazy=\"1\" itemprop=\"thumbnail\" width=\"140\" height=\"55\" \/>\n\t\t\t<!-- Overlay Wrapper -->\n\t\t\t <!-- Overlay Wrapper Closed -->\n\t\t\t\t<\/a>\n\t\t\t\t\t\t\t<meta itemprop=\"width\" content=\"140\" \/>\n\t\t\t<meta itemprop=\"height\" content=\"55\" \/>\n\t<h3>\n\t\tNUESTROS SERVICIOS COMPLEMENTARIOS\n\t<\/h3>\n\t\t\t<a href=\"https:\/\/www.v-valley.com\/es\/servicios\/\" target=\"_self\">\n\t\t\t\t\t\t\tTODOS NUESTROS SERVICIOS\n\t\t\t\t\t<\/a>\n\n","protected":false},"excerpt":{"rendered":"<p>Dise\u00f1o, creaci\u00f3n y soporte de entornos completos de centros de datos en todos los aspectos.<\/p>\n","protected":false},"author":7,"featured_media":0,"parent":80591,"menu_order":0,"comment_status":"closed","ping_status":"closed","template":"templates\/template-solution-category.php","meta":{"_acf_changed":false,"_genesis_hide_title":false,"_genesis_hide_breadcrumbs":false,"_genesis_hide_singular_image":false,"_genesis_hide_footer_widgets":false,"_genesis_custom_body_class":"","_genesis_custom_post_class":"","_genesis_layout":"","footnotes":""},"class_list":{"0":"post-80600","1":"page","2":"type-page","3":"status-publish","5":"entry"},"acf":[],"_links":{"self":[{"href":"https:\/\/www.v-valley.com\/es\/wp-json\/wp\/v2\/pages\/80600","targetHints":{"allow":["GET"]}}],"collection":[{"href":"https:\/\/www.v-valley.com\/es\/wp-json\/wp\/v2\/pages"}],"about":[{"href":"https:\/\/www.v-valley.com\/es\/wp-json\/wp\/v2\/types\/page"}],"author":[{"embeddable":true,"href":"https:\/\/www.v-valley.com\/es\/wp-json\/wp\/v2\/users\/7"}],"replies":[{"embeddable":true,"href":"https:\/\/www.v-valley.com\/es\/wp-json\/wp\/v2\/comments?post=80600"}],"version-history":[{"count":1,"href":"https:\/\/www.v-valley.com\/es\/wp-json\/wp\/v2\/pages\/80600\/revisions"}],"predecessor-version":[{"id":500839,"href":"https:\/\/www.v-valley.com\/es\/wp-json\/wp\/v2\/pages\/80600\/revisions\/500839"}],"up":[{"embeddable":true,"href":"https:\/\/www.v-valley.com\/es\/wp-json\/wp\/v2\/pages\/80591"}],"wp:attachment":[{"href":"https:\/\/www.v-valley.com\/es\/wp-json\/wp\/v2\/media?parent=80600"}],"curies":[{"name":"wp","href":"https:\/\/api.w.org\/{rel}","templated":true}]}}