{"id":80591,"date":"2022-08-10T17:07:06","date_gmt":"2022-08-10T15:07:06","guid":{"rendered":"https:\/\/www.v-valley.com\/soluzioni\/"},"modified":"2022-11-23T12:55:17","modified_gmt":"2022-11-23T11:55:17","slug":"soluciones","status":"publish","type":"page","link":"https:\/\/www.v-valley.com\/es\/soluciones\/","title":{"rendered":"Soluciones"},"content":{"rendered":"\n<h3>\n\t\tNUESTRAS SOLUCIONES\n\t<\/h3>\n\t<p>V-Valley se propone como punto de referencia en el mercado de valor y como distribuidor l\u00edder en Advanced Solutions, gracias a una amplia gama de productos y soluciones ofrecidas por los mejores proveedores del mercado.<\/p>\n<p>Para cualquier contexto de uso y para cualquier necesidad, el grupo ofrece la soluci\u00f3n ideal, gracias a un cat\u00e1logo con miles de productos de m\u00faltiples marcas. Ofrecemos un cat\u00e1logo de productos actualizado de gran amplitud y profundidad, resultado de a\u00f1os de relaciones con nuestra red de proveedores asociados.<\/p>\n<p>Incluso en el contexto de las tecnolog\u00edas m\u00e1s complejas, proporcionamos habilidades espec\u00edficas y un alto nivel de profesionalismo, desde la elecci\u00f3n del producto hasta su instalaci\u00f3n.<\/p>\n<p>Ofrecemos soluciones avanzadas que cubren \u00e1reas muy diferentes, desde la Infraestructura de Data Center, al Software Defined y Data Management, hasta Soluciones de Networking (Redes y Conectividad) o Unified Communication &amp; Collaboration, hasta sistemas de Video Vigilancia, Cableado y Eficiencia Energ\u00e9tica.<\/p>\n    <h2>DESCUBRE NUESTRAS SOLUCIONES<\/h2>\n                            <a href=\"https:\/\/www.v-valley.com\/es\/soluciones\/cableado-y-eficiencia-energetica\/\">\n                                <h4>Cableado y Eficiencia Energ\u00e9tica<\/h4>\n                            <\/a>\n                            <a href=\"https:\/\/www.v-valley.com\/es\/soluciones\/cableado-y-eficiencia-energetica\/\"><\/a>\n                            Soluciones de conectividad avanzada para todos los entornos y proyectos de eficiencia energ\u00e9tica.\n                     <!-- end vvly product -->\n                            <a href=\"https:\/\/www.v-valley.com\/es\/soluciones\/ciberseguridad\/\">\n                                <h4>Ciberseguridad<\/h4>\n                            <\/a>\n                            <a href=\"https:\/\/www.v-valley.com\/es\/soluciones\/ciberseguridad\/\"><\/a>\n                            Soluciones de seguridad inform\u00e1tica para empresas: descubre nuestros servicios de ciberseguridad para la seguridad de los sistemas y los datos de la empresa.\n                     <!-- end vvly product -->\n                            <a href=\"https:\/\/www.v-valley.com\/es\/soluciones\/cloud\/\">\n                                <h4>Cloud<\/h4>\n                            <\/a>\n                            <a href=\"https:\/\/www.v-valley.com\/es\/soluciones\/cloud\/\"><\/a>\n                            Servicios en la nube para empresas y soluciones de backup, almacenamiento, alojamiento, redes y CRM. Descubre las soluciones en la nube para tu negocio.\n                     <!-- end vvly product -->\n                            <a href=\"https:\/\/www.v-valley.com\/es\/soluciones\/comunicaciones-unificadas-y-colaboracion\/\">\n                                <h4>Comunicaciones Unificadas y Colaboraci\u00f3n<\/h4>\n                            <\/a>\n                            <a href=\"https:\/\/www.v-valley.com\/es\/soluciones\/comunicaciones-unificadas-y-colaboracion\/\"><\/a>\n                            Los beneficios del trabajo remoto y el trabajo inteligente con conexiones desde oficinas remotas.\n                     <!-- end vvly product -->\n                            <a href=\"https:\/\/www.v-valley.com\/es\/soluciones\/infraestructura-centros-de-datos\/\">\n                                <h4>Infraestructura centros de datos<\/h4>\n                            <\/a>\n                            <a href=\"https:\/\/www.v-valley.com\/es\/soluciones\/infraestructura-centros-de-datos\/\"><\/a>\n                            Dise\u00f1o, creaci\u00f3n y soporte de entornos completos de centros de datos en todos los aspectos.\n                     <!-- end vvly product -->\n                            <a href=\"https:\/\/www.v-valley.com\/es\/soluciones\/infraestructura-de-redes-y-conectividad\/\">\n                                <h4>Infraestructura de redes y conectividad<\/h4>\n                            <\/a>\n                            <a href=\"https:\/\/www.v-valley.com\/es\/soluciones\/infraestructura-de-redes-y-conectividad\/\"><\/a>\n                            Un mundo interconectado de productos y soluciones de redes para una mejor experiencia del cliente.\n                     <!-- end vvly product -->\n                            <a href=\"https:\/\/www.v-valley.com\/es\/soluciones\/redes-definidas-por-software-y-gestion-de-datos\/\">\n                                <h4>Redes definidas por software y gesti\u00f3n de datos<\/h4>\n                            <\/a>\n                            <a href=\"https:\/\/www.v-valley.com\/es\/soluciones\/redes-definidas-por-software-y-gestion-de-datos\/\"><\/a>\n                            Dise\u00f1o e implementaci\u00f3n de infraestructuras de software y sistemas de almacenamiento basados en virtualizaci\u00f3n.\n                     <!-- end vvly product -->\n                            <a href=\"https:\/\/www.v-valley.com\/es\/soluciones\/videovigilancia\/\">\n                                <h4>Videovigilancia<\/h4>\n                            <\/a>\n                            <a href=\"https:\/\/www.v-valley.com\/es\/soluciones\/videovigilancia\/\"><\/a>\n                            Una amplia gama de dispositivos de seguridad en los sectores residencial, comercial e industrial.\n                     <!-- end vvly product -->\n                     <!-- end vvly products -->\n <!-- end vvly products grid section -->\n            <img decoding=\"async\" src=\"https:\/\/statics.v-valley.com\/prod\/2022\/11\/box-in-fondo-produttori.jpg\" alt=\"Los mejores fabricantes de tecnolog\u00eda para el mercado empresarial y el mercado de consumo\" name=\"Los mejores fabricantes de tecnolog\u00eda para el mercado empresarial y el mercado de consumo\"\/>\n                FABRICANTES\n                <h4>Los mejores fabricantes de tecnolog\u00eda para el mercado empresarial y el mercado de consumo<\/h4>\n                <a href=\"https:\/\/v-valley.es\/fabricantes\/\" target=\"_blank\" rel=\"noopener\"><\/a>\n            <img decoding=\"async\" src=\"https:\/\/statics.v-valley.com\/prod\/2022\/10\/box-in-fondo-soluzioni.jpg\" alt=\"Una gama de soluciones innovadoras para cada necesidad\" name=\"Una gama de soluciones innovadoras para cada necesidad\"\/>\n                SOLUCIONES\n                <h4>Una gama de soluciones innovadoras para cada necesidad<\/h4>\n                <a href=\"https:\/\/www.v-valley.com\/es\/soluciones\/\"><\/a>\n            <img decoding=\"async\" src=\"https:\/\/statics.v-valley.com\/prod\/2022\/10\/box-in-fondo-servizi.jpg\" alt=\"Amplia oferta de servicios de soporte, tanto preventa como posventa\" name=\"Amplia oferta de servicios de soporte, tanto preventa como posventa\"\/>\n                SERVICIOS\n                <h4>Amplia oferta de servicios de soporte, tanto preventa como posventa<\/h4>\n                <a href=\"https:\/\/www.v-valley.com\/es\/servicios\/\"><\/a>\n             <!-- end vvly images with text -->\n <!-- end images with text container -->\n<style>\n    .vvly-images-with-text-container .vvly-images-with-text .vvly-image-with-text {\n        width: calc((100% - 10px) \/3);\n    }\n<\/style>\n\n","protected":false},"excerpt":{"rendered":"<p>NUESTRAS SOLUCIONES V-Valley se propone como punto de referencia en el mercado de valor y como distribuidor l\u00edder en Advanced Solutions, gracias a una amplia gama de productos y soluciones ofrecidas por los mejores proveedores del mercado. Para cualquier contexto de uso y para cualquier necesidad, el grupo ofrece la soluci\u00f3n ideal, gracias a un [&hellip;]<\/p>\n","protected":false},"author":7,"featured_media":0,"parent":0,"menu_order":0,"comment_status":"closed","ping_status":"closed","template":"templates\/template-simple.php","meta":{"_acf_changed":false,"_genesis_hide_title":false,"_genesis_hide_breadcrumbs":false,"_genesis_hide_singular_image":false,"_genesis_hide_footer_widgets":false,"_genesis_custom_body_class":"","_genesis_custom_post_class":"","_genesis_layout":"","footnotes":""},"class_list":{"0":"post-80591","1":"page","2":"type-page","3":"status-publish","5":"entry"},"acf":[],"_links":{"self":[{"href":"https:\/\/www.v-valley.com\/es\/wp-json\/wp\/v2\/pages\/80591","targetHints":{"allow":["GET"]}}],"collection":[{"href":"https:\/\/www.v-valley.com\/es\/wp-json\/wp\/v2\/pages"}],"about":[{"href":"https:\/\/www.v-valley.com\/es\/wp-json\/wp\/v2\/types\/page"}],"author":[{"embeddable":true,"href":"https:\/\/www.v-valley.com\/es\/wp-json\/wp\/v2\/users\/7"}],"replies":[{"embeddable":true,"href":"https:\/\/www.v-valley.com\/es\/wp-json\/wp\/v2\/comments?post=80591"}],"version-history":[{"count":0,"href":"https:\/\/www.v-valley.com\/es\/wp-json\/wp\/v2\/pages\/80591\/revisions"}],"wp:attachment":[{"href":"https:\/\/www.v-valley.com\/es\/wp-json\/wp\/v2\/media?parent=80591"}],"curies":[{"name":"wp","href":"https:\/\/api.w.org\/{rel}","templated":true}]}}