{"id":80054,"date":"2022-10-27T15:37:17","date_gmt":"2022-10-27T13:37:17","guid":{"rendered":"https:\/\/www.v-valley.com\/vendor\/syneto\/"},"modified":"2022-11-22T09:54:13","modified_gmt":"2022-11-22T08:54:13","slug":"syneto","status":"publish","type":"page","link":"https:\/\/www.v-valley.com\/es\/vendor\/syneto\/","title":{"rendered":"Syneto"},"content":{"rendered":"\r\n\r\n\t\t\t\t<img loading=\"lazy\" decoding=\"async\" src=\"https:\/\/statics.v-valley.com\/prod\/2022\/10\/logo_syneto.gif\" alt=\"logo_syneto\" itemprop=\"image\" height=\"55\" width=\"140\" title=\"logo_syneto\" onerror=\"this.style.display='none'\"  \/>\r\n<h2>\r\n\t\t\u00bfQUI\u00c9N ES SYNETO?\r\n\t<\/h2>\r\n\t<p>Syneto es la empresa que ha creado la primera infraestructura inform\u00e1tica \u00abtodo en uno\u00bb dise\u00f1ada espec\u00edficamente para las PYME, las oficinas remotas, las filiales y los peque\u00f1os centros de datos de las grandes organizaciones. La misi\u00f3n de Syneto es ayudar a las empresas a simplificar, acelerar y asegurar sus operaciones inform\u00e1ticas proporcion\u00e1ndoles un acceso simplificado a las tecnolog\u00edas avanzadas que allanan el camino hacia la inform\u00e1tica inteligente.<\/p>\r\n<h2>\r\n\t\tLOS PRODUCTOS DE SYNETO\r\n\t<\/h2>\r\n\t<p>A trav\u00e9s de su plataforma de gesti\u00f3n de datos hiperconvergentes, Syneto ofrece copia de seguridad nativa integrada, virtualizaci\u00f3n, restauraci\u00f3n instant\u00e1nea y recuperaci\u00f3n de datos en una soluci\u00f3n hiperconvergente sencilla, r\u00e1pida y segura. La infraestructura hiperconvergente de Syneto incluye todos los servicios y funciones inform\u00e1ticas que necesita una organizaci\u00f3n, gracias a una serie de funciones autom\u00e1ticas integradas, como la recuperaci\u00f3n autom\u00e1tica de desastres, las m\u00e1quinas virtuales locales instant\u00e1neas, la recuperaci\u00f3n de archivos y los servicios de archivos nativos, que garantizan un mejor rendimiento de las aplicaciones.<\/p>\r\n\t<p>Equipos hiperconvergentes<\/p>\r\n\r\n","protected":false},"excerpt":{"rendered":"<p>\u00bfQUI\u00c9N ES SYNETO? Syneto es la empresa que ha creado la primera infraestructura inform\u00e1tica \u00abtodo en uno\u00bb dise\u00f1ada espec\u00edficamente para las PYME, las oficinas remotas, las filiales y los peque\u00f1os centros de datos de las grandes organizaciones. La misi\u00f3n de Syneto es ayudar a las empresas a simplificar, acelerar y asegurar sus operaciones inform\u00e1ticas proporcion\u00e1ndoles [&hellip;]<\/p>\n","protected":false},"author":7,"featured_media":0,"parent":79554,"menu_order":0,"comment_status":"closed","ping_status":"closed","template":"templates\/template-vendor-category.php","meta":{"_acf_changed":false,"_genesis_hide_title":false,"_genesis_hide_breadcrumbs":false,"_genesis_hide_singular_image":false,"_genesis_hide_footer_widgets":false,"_genesis_custom_body_class":"","_genesis_custom_post_class":"","_genesis_layout":"","footnotes":""},"class_list":{"0":"post-80054","1":"page","2":"type-page","3":"status-publish","5":"entry"},"acf":[],"_links":{"self":[{"href":"https:\/\/www.v-valley.com\/es\/wp-json\/wp\/v2\/pages\/80054","targetHints":{"allow":["GET"]}}],"collection":[{"href":"https:\/\/www.v-valley.com\/es\/wp-json\/wp\/v2\/pages"}],"about":[{"href":"https:\/\/www.v-valley.com\/es\/wp-json\/wp\/v2\/types\/page"}],"author":[{"embeddable":true,"href":"https:\/\/www.v-valley.com\/es\/wp-json\/wp\/v2\/users\/7"}],"replies":[{"embeddable":true,"href":"https:\/\/www.v-valley.com\/es\/wp-json\/wp\/v2\/comments?post=80054"}],"version-history":[{"count":0,"href":"https:\/\/www.v-valley.com\/es\/wp-json\/wp\/v2\/pages\/80054\/revisions"}],"up":[{"embeddable":true,"href":"https:\/\/www.v-valley.com\/es\/wp-json\/wp\/v2\/pages\/79554"}],"wp:attachment":[{"href":"https:\/\/www.v-valley.com\/es\/wp-json\/wp\/v2\/media?parent=80054"}],"curies":[{"name":"wp","href":"https:\/\/api.w.org\/{rel}","templated":true}]}}