{"id":80047,"date":"2022-10-27T15:32:58","date_gmt":"2022-10-27T13:32:58","guid":{"rendered":"https:\/\/www.v-valley.com\/vendor\/hitachi\/"},"modified":"2023-02-16T10:33:15","modified_gmt":"2023-02-16T09:33:15","slug":"hitachi","status":"publish","type":"page","link":"https:\/\/www.v-valley.com\/es\/vendor\/hitachi\/","title":{"rendered":"Hitachi"},"content":{"rendered":"\n\n\t\t\t\t<img loading=\"lazy\" decoding=\"async\" src=\"https:\/\/statics.v-valley.com\/prod\/2022\/10\/logo_hitachi.gif\" alt=\"logo_hitachi\" itemprop=\"image\" height=\"55\" width=\"140\" title=\"logo_hitachi\" onerror=\"this.style.display='none'\"  \/>\n<h2>\n\t\t\u00bfQUI\u00c9N ES HITACHI?\n\t<\/h2>\n\t<p>Impulsemos juntos la innovaci\u00f3n de las organizaciones. <\/p>\n<p>Conectamos nuestras capacidades industriales digitales inigualables con tus datos para ayudarte a generar tu ventaja competitiva para que tu negocio crezca r\u00e1pidamente.<\/p>\n<h2>\n\t\tLOS PRODUCTOS DE HITACHI\n\t<\/h2>\n\tSoluciones de almacenamiento: almacenamiento Flash, almacenamiento de objetos, almacenamiento conectado a la red, o virtual como servicio.<br \/>\nInfraestructura convergente e hiperconvergente: optimiza tu centro de datos y nube h\u00edbrida para que el personal de TI pase de ser un proveedor de servicios a un asesor empresarial confiable.<br \/>\nAutomatizaci\u00f3n: automatiza las tareas manuales para proporcionar de forma r\u00e1pida servicios y liberar al personal de TI a fin de que se enfoquen en nuevas iniciativas empresariales.<br \/>\nGesti\u00f3n de las operaciones de TI: simplifica la gesti\u00f3n de las operaciones de TI con an\u00e1lisis avanzado, automatizaci\u00f3n y protecci\u00f3n de tu infraestructura de datos a fin de acelerar la innovaci\u00f3n.\n\t<p>Almacenamiento<\/p>\n\t<p>Infraestructura del CPD<\/p>\n\t<p>Software Datacenter <\/p>\n\t<p>Software de Backup y DR<\/p>\n\n","protected":false},"excerpt":{"rendered":"<p>\u00bfQUI\u00c9N ES HITACHI? Impulsemos juntos la innovaci\u00f3n de las organizaciones. Conectamos nuestras capacidades industriales digitales inigualables con tus datos para ayudarte a generar tu ventaja competitiva para que tu negocio crezca r\u00e1pidamente. LOS PRODUCTOS DE HITACHI Soluciones de almacenamiento: almacenamiento Flash, almacenamiento de objetos, almacenamiento conectado a la red, o virtual como servicio. Infraestructura convergente [&hellip;]<\/p>\n","protected":false},"author":7,"featured_media":0,"parent":79554,"menu_order":0,"comment_status":"closed","ping_status":"closed","template":"templates\/template-vendor-category.php","meta":{"_acf_changed":false,"_genesis_hide_title":false,"_genesis_hide_breadcrumbs":false,"_genesis_hide_singular_image":false,"_genesis_hide_footer_widgets":false,"_genesis_custom_body_class":"","_genesis_custom_post_class":"","_genesis_layout":"","footnotes":""},"class_list":{"0":"post-80047","1":"page","2":"type-page","3":"status-publish","5":"entry"},"acf":[],"_links":{"self":[{"href":"https:\/\/www.v-valley.com\/es\/wp-json\/wp\/v2\/pages\/80047","targetHints":{"allow":["GET"]}}],"collection":[{"href":"https:\/\/www.v-valley.com\/es\/wp-json\/wp\/v2\/pages"}],"about":[{"href":"https:\/\/www.v-valley.com\/es\/wp-json\/wp\/v2\/types\/page"}],"author":[{"embeddable":true,"href":"https:\/\/www.v-valley.com\/es\/wp-json\/wp\/v2\/users\/7"}],"replies":[{"embeddable":true,"href":"https:\/\/www.v-valley.com\/es\/wp-json\/wp\/v2\/comments?post=80047"}],"version-history":[{"count":0,"href":"https:\/\/www.v-valley.com\/es\/wp-json\/wp\/v2\/pages\/80047\/revisions"}],"up":[{"embeddable":true,"href":"https:\/\/www.v-valley.com\/es\/wp-json\/wp\/v2\/pages\/79554"}],"wp:attachment":[{"href":"https:\/\/www.v-valley.com\/es\/wp-json\/wp\/v2\/media?parent=80047"}],"curies":[{"name":"wp","href":"https:\/\/api.w.org\/{rel}","templated":true}]}}