{"id":80044,"date":"2022-10-27T15:31:41","date_gmt":"2022-10-27T13:31:41","guid":{"rendered":"https:\/\/www.v-valley.com\/vendor\/lenovo\/"},"modified":"2022-11-22T09:54:24","modified_gmt":"2022-11-22T08:54:24","slug":"lenovo","status":"publish","type":"page","link":"https:\/\/www.v-valley.com\/es\/vendor\/lenovo\/","title":{"rendered":"Lenovo"},"content":{"rendered":"\r\n\r\n\t\t\t\t<img loading=\"lazy\" decoding=\"async\" src=\"https:\/\/statics.v-valley.com\/prod\/2022\/10\/logo_lenovo.gif\" alt=\"logo_lenovo\" itemprop=\"image\" height=\"55\" width=\"140\" title=\"logo_lenovo\" onerror=\"this.style.display='none'\"  \/>\r\n<h2>\r\n\t\t\u00bfQUI\u00c9N ES LENOVO?\r\n\t<\/h2>\r\n\t<p>Durante m\u00e1s de 30 a\u00f1os, Lenovo ha desarrollado tecnolog\u00edas que crean una sociedad digital m\u00e1s sostenible, fiable e inclusiva en un mundo en constante cambio. Lenovo ofrece tecnolog\u00eda y soluciones innovadoras que apoyan el objetivo de garantizar una \u00abtecnolog\u00eda m\u00e1s inteligente\u00bb para todos. Los productos, las soluciones, el software y los servicios de Lenovo permiten a las comunidades y a las empresas desarrollar todo su potencial.<\/p>\r\n<h2>\r\n\t\tLOS PRODUCTOS DE LENOVO\r\n\t<\/h2>\r\n\t<p>Lenovo ofrece soluciones de tecnolog\u00eda de servidores y almacenamiento de alta calidad y fiabilidad, dise\u00f1adas para satisfacer cualquier carga de trabajo. Su completa cartera de soluciones, desde los centros de datos hasta el Edge y la nube, se dirige a una amplia gama de necesidades empresariales para aprovechar el potencial de cada empresa.<\/p>\r\n\t<p>Servidores de torre<\/p>\r\n\t<p>Servidores de rack<\/p>\r\n\t<p>Opciones de servidores<\/p>\r\n\t<p>Almacenamiento<\/p>\r\n\t<p>Opciones de almacenamiento<\/p>\r\n\t<p>Servicios<\/p>\r\n\t<p>Software<\/p>\r\n\r\n","protected":false},"excerpt":{"rendered":"<p>\u00bfQUI\u00c9N ES LENOVO? Durante m\u00e1s de 30 a\u00f1os, Lenovo ha desarrollado tecnolog\u00edas que crean una sociedad digital m\u00e1s sostenible, fiable e inclusiva en un mundo en constante cambio. Lenovo ofrece tecnolog\u00eda y soluciones innovadoras que apoyan el objetivo de garantizar una \u00abtecnolog\u00eda m\u00e1s inteligente\u00bb para todos. Los productos, las soluciones, el software y los servicios [&hellip;]<\/p>\n","protected":false},"author":7,"featured_media":0,"parent":79554,"menu_order":0,"comment_status":"closed","ping_status":"closed","template":"templates\/template-vendor-category.php","meta":{"_acf_changed":false,"_genesis_hide_title":false,"_genesis_hide_breadcrumbs":false,"_genesis_hide_singular_image":false,"_genesis_hide_footer_widgets":false,"_genesis_custom_body_class":"","_genesis_custom_post_class":"","_genesis_layout":"","footnotes":""},"class_list":{"0":"post-80044","1":"page","2":"type-page","3":"status-publish","5":"entry"},"acf":[],"_links":{"self":[{"href":"https:\/\/www.v-valley.com\/es\/wp-json\/wp\/v2\/pages\/80044","targetHints":{"allow":["GET"]}}],"collection":[{"href":"https:\/\/www.v-valley.com\/es\/wp-json\/wp\/v2\/pages"}],"about":[{"href":"https:\/\/www.v-valley.com\/es\/wp-json\/wp\/v2\/types\/page"}],"author":[{"embeddable":true,"href":"https:\/\/www.v-valley.com\/es\/wp-json\/wp\/v2\/users\/7"}],"replies":[{"embeddable":true,"href":"https:\/\/www.v-valley.com\/es\/wp-json\/wp\/v2\/comments?post=80044"}],"version-history":[{"count":0,"href":"https:\/\/www.v-valley.com\/es\/wp-json\/wp\/v2\/pages\/80044\/revisions"}],"up":[{"embeddable":true,"href":"https:\/\/www.v-valley.com\/es\/wp-json\/wp\/v2\/pages\/79554"}],"wp:attachment":[{"href":"https:\/\/www.v-valley.com\/es\/wp-json\/wp\/v2\/media?parent=80044"}],"curies":[{"name":"wp","href":"https:\/\/api.w.org\/{rel}","templated":true}]}}