{"id":80038,"date":"2022-10-27T15:27:10","date_gmt":"2022-10-27T13:27:10","guid":{"rendered":"https:\/\/www.v-valley.com\/vendor\/hewlett-packard-enterprise\/"},"modified":"2022-11-22T09:54:33","modified_gmt":"2022-11-22T08:54:33","slug":"hewlett-packard-enterprise","status":"publish","type":"page","link":"https:\/\/www.v-valley.com\/es\/vendor\/hewlett-packard-enterprise\/","title":{"rendered":"Hewlett Packard Enterprise"},"content":{"rendered":"\r\n\r\n\t\t\t\t<img loading=\"lazy\" decoding=\"async\" src=\"https:\/\/statics.v-valley.com\/prod\/2022\/10\/logo_hpe.gif\" alt=\"logo_hpe\" itemprop=\"image\" height=\"55\" width=\"140\" title=\"logo_hpe\" onerror=\"this.style.display='none'\"  \/>\r\n<h2>\r\n\t\t\u00bfQUI\u00c9N ES HEWLETT PACKARD ENTERPRISE?\r\n\t<\/h2>\r\n\t<p>Hewlett Packard Enterprise es una empresa multinacional estadounidense cuyo objetivo es apoyar a los clientes para que su viaje hacia el futuro tecnol\u00f3gico sea r\u00e1pido y seguro. Los productos y servicios de Hewlett Packard Enterprise ofrecen al mercado la mejor combinaci\u00f3n de productos y servicios de alta calidad que simplifican la inform\u00e1tica h\u00edbrida y potencian el per\u00edmetro inteligente (Intelligent Edge) para una experiencia de crecimiento real y sostenible.<\/p>\r\n<h2>\r\n\t\tLOS PRODUCTOS DE HEWLETT PACKARD ENTERPRISE\r\n\t<\/h2>\r\n\t<p>HPE ofrece una amplia cartera de productos y soluciones para la infraestructura inform\u00e1tica. Desde el Edge hasta la nube, la oferta de HPE incluye servidores, almacenamiento, sistemas convergentes, software, servicios y nube con soluciones que aceleran la innovaci\u00f3n y garantizan la agilidad, la resiliencia y la consolidaci\u00f3n incluso de las cargas de trabajo m\u00e1s grandes. La oferta de HPE se completa con propuestas de financiaci\u00f3n y estrategias personalizadas capaces de responder a las necesidades de los clientes y apoyarles en la consecuci\u00f3n de sus objetivos.<\/p>\r\n\t<p>Servidores de torre<\/p>\r\n\t<p>Servidores de rack<\/p>\r\n\t<p>Opciones de servidores<\/p>\r\n\t<p>Almacenamiento<\/p>\r\n\t<p>Opciones de almacenamiento<\/p>\r\n\t<p>Servicios<\/p>\r\n\t<p>Software<\/p>\r\n\r\n","protected":false},"excerpt":{"rendered":"<p>\u00bfQUI\u00c9N ES HEWLETT PACKARD ENTERPRISE? Hewlett Packard Enterprise es una empresa multinacional estadounidense cuyo objetivo es apoyar a los clientes para que su viaje hacia el futuro tecnol\u00f3gico sea r\u00e1pido y seguro. Los productos y servicios de Hewlett Packard Enterprise ofrecen al mercado la mejor combinaci\u00f3n de productos y servicios de alta calidad que simplifican [&hellip;]<\/p>\n","protected":false},"author":7,"featured_media":0,"parent":79554,"menu_order":0,"comment_status":"closed","ping_status":"closed","template":"templates\/template-vendor-category.php","meta":{"_acf_changed":false,"_genesis_hide_title":false,"_genesis_hide_breadcrumbs":false,"_genesis_hide_singular_image":false,"_genesis_hide_footer_widgets":false,"_genesis_custom_body_class":"","_genesis_custom_post_class":"","_genesis_layout":"","footnotes":""},"class_list":{"0":"post-80038","1":"page","2":"type-page","3":"status-publish","5":"entry"},"acf":[],"_links":{"self":[{"href":"https:\/\/www.v-valley.com\/es\/wp-json\/wp\/v2\/pages\/80038","targetHints":{"allow":["GET"]}}],"collection":[{"href":"https:\/\/www.v-valley.com\/es\/wp-json\/wp\/v2\/pages"}],"about":[{"href":"https:\/\/www.v-valley.com\/es\/wp-json\/wp\/v2\/types\/page"}],"author":[{"embeddable":true,"href":"https:\/\/www.v-valley.com\/es\/wp-json\/wp\/v2\/users\/7"}],"replies":[{"embeddable":true,"href":"https:\/\/www.v-valley.com\/es\/wp-json\/wp\/v2\/comments?post=80038"}],"version-history":[{"count":0,"href":"https:\/\/www.v-valley.com\/es\/wp-json\/wp\/v2\/pages\/80038\/revisions"}],"up":[{"embeddable":true,"href":"https:\/\/www.v-valley.com\/es\/wp-json\/wp\/v2\/pages\/79554"}],"wp:attachment":[{"href":"https:\/\/www.v-valley.com\/es\/wp-json\/wp\/v2\/media?parent=80038"}],"curies":[{"name":"wp","href":"https:\/\/api.w.org\/{rel}","templated":true}]}}