{"id":80021,"date":"2022-09-22T16:15:04","date_gmt":"2022-09-22T14:15:04","guid":{"rendered":"https:\/\/www.v-valley.com\/vendor\/eset\/"},"modified":"2025-08-26T14:14:44","modified_gmt":"2025-08-26T12:14:44","slug":"eset","status":"publish","type":"page","link":"https:\/\/www.v-valley.com\/es\/vendor\/eset\/","title":{"rendered":"ESET"},"content":{"rendered":"\r\n<p><img loading=\"lazy\" decoding=\"async\" title=\"logo_eset\" src=\"https:\/\/statics.v-valley.com\/prod\/2022\/10\/logo_eset.gif\" alt=\"logo_eset\" width=\"140\" height=\"55\" \/><\/p>\r\n<h2>\u00bfQUI\u00c9N ES ESET?<\/h2>\r\n<p>ESET es una empresa de software fundada en 1992 en Bratislava. Desde hace m\u00e1s de 20 a\u00f1os, ESET ofrece una tecnolog\u00eda proactiva e inteligente capaz de reconocer las amenazas m\u00e1s sofisticadas. La protecci\u00f3n multinivel de ESET va m\u00e1s all\u00e1 de la simple protecci\u00f3n contra los virus.<br \/>Cada d\u00eda, los productos de ESET protegen los datos de millones de usuarios en 200 pa\u00edses de todo el mundo, ayud\u00e1ndoles a utilizar y navegar por internet con seguridad.<\/p>\r\n<h2>LOS PRODUCTOS DE ESET<\/h2>\r\n<p>ESET ofrece un conjunto completo de soluciones de ciberseguridad \u00abhol\u00edstica\u00bb para las empresas, basadas en una tecnolog\u00eda piramidal de prevenci\u00f3n de amenazas, desde la protecci\u00f3n b\u00e1sica (seguridad del correo, protecci\u00f3n de puntos compartidos, seguridad de los servidores de archivos) hasta los servicios de inteligencia de amenazas (informes de inteligencia, informes APT).<\/p>\r\n<p>Identidad y protecci\u00f3n de datos<\/p>\r\n<p>Seguridad en la nube<\/p>\r\n<p>Seguridad m\u00f3vil<\/p>\r\n<p>Seguridad de la red inal\u00e1mbrica<\/p>\r\n<p>Seguridad de los puntos finales<\/p>\r\n<p>Autenticaci\u00f3n multifactor<\/p>\r\n<p>Modelo MSP<\/p>\r\n<p>EDR<\/p>\r\n<p>XDR<\/p>\r\n<p>MDR<\/p>\r\n<p>Seguridad del correo<\/p>\r\n<p>Gesti\u00f3n de la seguridad<\/p>\r\n<p>Seguridad del servidor de archivos<\/p>\r\n","protected":false},"excerpt":{"rendered":"<p>\u00bfQUI\u00c9N ES ESET? ESET es una empresa de software fundada en 1992 en Bratislava. Desde hace m\u00e1s de 20 a\u00f1os, ESET ofrece una tecnolog\u00eda proactiva e inteligente capaz de reconocer las amenazas m\u00e1s sofisticadas. La protecci\u00f3n multinivel de ESET va m\u00e1s all\u00e1 de la simple protecci\u00f3n contra los virus.Cada d\u00eda, los productos de ESET protegen [&hellip;]<\/p>\n","protected":false},"author":7,"featured_media":0,"parent":79554,"menu_order":0,"comment_status":"closed","ping_status":"closed","template":"templates\/template-vendor-category.php","meta":{"_acf_changed":false,"_genesis_hide_title":false,"_genesis_hide_breadcrumbs":false,"_genesis_hide_singular_image":false,"_genesis_hide_footer_widgets":false,"_genesis_custom_body_class":"","_genesis_custom_post_class":"","_genesis_layout":"","footnotes":""},"class_list":{"0":"post-80021","1":"page","2":"type-page","3":"status-publish","5":"entry"},"acf":[],"_links":{"self":[{"href":"https:\/\/www.v-valley.com\/es\/wp-json\/wp\/v2\/pages\/80021","targetHints":{"allow":["GET"]}}],"collection":[{"href":"https:\/\/www.v-valley.com\/es\/wp-json\/wp\/v2\/pages"}],"about":[{"href":"https:\/\/www.v-valley.com\/es\/wp-json\/wp\/v2\/types\/page"}],"author":[{"embeddable":true,"href":"https:\/\/www.v-valley.com\/es\/wp-json\/wp\/v2\/users\/7"}],"replies":[{"embeddable":true,"href":"https:\/\/www.v-valley.com\/es\/wp-json\/wp\/v2\/comments?post=80021"}],"version-history":[{"count":2,"href":"https:\/\/www.v-valley.com\/es\/wp-json\/wp\/v2\/pages\/80021\/revisions"}],"predecessor-version":[{"id":589280,"href":"https:\/\/www.v-valley.com\/es\/wp-json\/wp\/v2\/pages\/80021\/revisions\/589280"}],"up":[{"embeddable":true,"href":"https:\/\/www.v-valley.com\/es\/wp-json\/wp\/v2\/pages\/79554"}],"wp:attachment":[{"href":"https:\/\/www.v-valley.com\/es\/wp-json\/wp\/v2\/media?parent=80021"}],"curies":[{"name":"wp","href":"https:\/\/api.w.org\/{rel}","templated":true}]}}