{"id":80015,"date":"2022-10-27T15:17:31","date_gmt":"2022-10-27T13:17:31","guid":{"rendered":"https:\/\/www.v-valley.com\/vendor\/watchguard\/"},"modified":"2025-02-12T10:06:24","modified_gmt":"2025-02-12T09:06:24","slug":"watchguard","status":"publish","type":"page","link":"https:\/\/www.v-valley.com\/es\/vendor\/watchguard\/","title":{"rendered":"WatchGuard"},"content":{"rendered":"\n\n\t\t\t\t<img loading=\"lazy\" decoding=\"async\" src=\"https:\/\/statics.v-valley.com\/prod\/2025\/02\/logo-watchguard.gif\" alt=\"logo-watchguard\" itemprop=\"image\" height=\"55\" width=\"140\" title=\"logo-watchguard\" onerror=\"this.style.display='none'\"  \/>\n<h2>\n\t\t\u00bfQUI\u00c9N ES WATCHGUARD?\n\t<\/h2>\n\tWatchGuard Technologies Inc. es una empresa estadounidense fundada en 1996.<br \/>\nEn un mundo en el que el panorama de la ciberseguridad cambia constantemente y en el que surgen nuevas amenazas cada d\u00eda, WatchGuard hace que la tecnolog\u00eda de ciberseguridad corporativa sea accesible para todas las empresas.\n<h2>\n\t\tLOS PRODUCTOS DE WATCHGUARD\n\t<\/h2>\n\t<p>Durante 25 a\u00f1os, WatchGuard ha sido pionera en la tecnolog\u00eda de seguridad inform\u00e1tica de vanguardia y ha proporcionado soluciones que son f\u00e1ciles de implementar y administrar. Con una seguridad de red y de punto final l\u00edder en el sector, wifi seguro, autenticaci\u00f3n multifactor y productos y servicios de inteligencia de red, WatchGuard permite a m\u00e1s de 250.000 peque\u00f1as y medianas empresas de todo el mundo proteger sus activos m\u00e1s importantes, incluidos m\u00e1s de 10 millones de puntos finales.<\/p>\n\t<p>Seguridad de la red<\/p>\n\t<p>Seguridad de la nube<\/p>\n\t<p>Seguridad m\u00f3vil<\/p>\n\t<p>Seguridad wifi<\/p>\n\t<p>Seguridad de puntos finales<\/p>\n\t<p>Autenticaci\u00f3n multifactor<\/p>\n\t<p>Conmutadores<\/p>\n\t<p>Cortafuegos <\/p>\n\t<p>Seguridad del correo electr\u00f3nico<\/p>\n\n","protected":false},"excerpt":{"rendered":"<p>\u00bfQUI\u00c9N ES WATCHGUARD? WatchGuard Technologies Inc. es una empresa estadounidense fundada en 1996. En un mundo en el que el panorama de la ciberseguridad cambia constantemente y en el que surgen nuevas amenazas cada d\u00eda, WatchGuard hace que la tecnolog\u00eda de ciberseguridad corporativa sea accesible para todas las empresas. LOS PRODUCTOS DE WATCHGUARD Durante 25 [&hellip;]<\/p>\n","protected":false},"author":7,"featured_media":0,"parent":79554,"menu_order":0,"comment_status":"closed","ping_status":"closed","template":"templates\/template-vendor-category.php","meta":{"_acf_changed":false,"_genesis_hide_title":false,"_genesis_hide_breadcrumbs":false,"_genesis_hide_singular_image":false,"_genesis_hide_footer_widgets":false,"_genesis_custom_body_class":"","_genesis_custom_post_class":"","_genesis_layout":"","footnotes":""},"class_list":{"0":"post-80015","1":"page","2":"type-page","3":"status-publish","5":"entry"},"acf":[],"_links":{"self":[{"href":"https:\/\/www.v-valley.com\/es\/wp-json\/wp\/v2\/pages\/80015","targetHints":{"allow":["GET"]}}],"collection":[{"href":"https:\/\/www.v-valley.com\/es\/wp-json\/wp\/v2\/pages"}],"about":[{"href":"https:\/\/www.v-valley.com\/es\/wp-json\/wp\/v2\/types\/page"}],"author":[{"embeddable":true,"href":"https:\/\/www.v-valley.com\/es\/wp-json\/wp\/v2\/users\/7"}],"replies":[{"embeddable":true,"href":"https:\/\/www.v-valley.com\/es\/wp-json\/wp\/v2\/comments?post=80015"}],"version-history":[{"count":1,"href":"https:\/\/www.v-valley.com\/es\/wp-json\/wp\/v2\/pages\/80015\/revisions"}],"predecessor-version":[{"id":501432,"href":"https:\/\/www.v-valley.com\/es\/wp-json\/wp\/v2\/pages\/80015\/revisions\/501432"}],"up":[{"embeddable":true,"href":"https:\/\/www.v-valley.com\/es\/wp-json\/wp\/v2\/pages\/79554"}],"wp:attachment":[{"href":"https:\/\/www.v-valley.com\/es\/wp-json\/wp\/v2\/media?parent=80015"}],"curies":[{"name":"wp","href":"https:\/\/api.w.org\/{rel}","templated":true}]}}