{"id":80010,"date":"2022-10-27T14:58:32","date_gmt":"2022-10-27T12:58:32","guid":{"rendered":"https:\/\/www.v-valley.com\/vendor\/check-point\/"},"modified":"2022-11-22T09:55:04","modified_gmt":"2022-11-22T08:55:04","slug":"check-point","status":"publish","type":"page","link":"https:\/\/www.v-valley.com\/es\/vendor\/check-point\/","title":{"rendered":"Check Point"},"content":{"rendered":"\r\n\r\n\t\t\t\t<img loading=\"lazy\" decoding=\"async\" src=\"https:\/\/statics.v-valley.com\/prod\/2022\/11\/logo_check-point.gif\" alt=\"logo_check-point\" itemprop=\"image\" height=\"55\" width=\"140\" title=\"logo_check-point\" onerror=\"this.style.display='none'\"  \/>\r\n<h2>\r\n\t\t\u00bfQUI\u00c9N ES CHECK POINT?\r\n\t<\/h2>\r\n\t<p>Fundada en 1993, Check Point Software Technologies Ltd. es una empresa de soluciones de seguridad inform\u00e1tica. Sus soluciones protegen a los clientes de los ciberataques de quinta generaci\u00f3n con una tasa de captura de malware, ransomware y otros tipos de ataques l\u00edder en el sector.<\/p>\r\n<h2>\r\n\t\tLOS PRODUCTOS DE CHECK POINT\r\n\t<\/h2>\r\n\t<p>Check Point ofrece una arquitectura de seguridad integrada y multicapa denominada \u00abInfinity Total Protection\u00bb con una completa y avanzada prevenci\u00f3n de amenazas. Esta soluci\u00f3n de ciberseguridad consolidada para la nube, la red, los puntos finales, los m\u00f3viles y el internet de las cosas (IoT) ofrece la m\u00e1s avanzada inteligencia y prevenci\u00f3n de amenazas basada en la inteligencia artificial, la gesti\u00f3n unificada de la seguridad y la automatizaci\u00f3n de la seguridad en la nube para ayudar a proteger a las organizaciones de los ciberataques de sexta generaci\u00f3n.<\/p>\r\n\t<p>Seguridad de las aplicaciones<\/p>\r\n\t<p>Protecci\u00f3n de la nube<\/p>\r\n\t<p>Protecci\u00f3n de los datos<\/p>\r\n\t<p>Protecci\u00f3n del correo electr\u00f3nico<\/p>\r\n\t<p>Protecci\u00f3n de los m\u00f3viles<\/p>\r\n\t<p>Autenticaci\u00f3n de m\u00faltiples factores<\/p>\r\n\t<p>Protecci\u00f3n de la red<\/p>\r\n\t<p>Gesti\u00f3n de la seguridad<\/p>\r\n\t<p>Protecci\u00f3n de la red inal\u00e1mbrica<\/p>\r\n\t<p>Protecci\u00f3n de la carga de trabajo<\/p>\r\n\t<p>Protecci\u00f3n de puntos finales<\/p>\r\n\t<p>XDR (extended detection and response) <\/p>\r\n\t<p>Detecci\u00f3n y respuesta gestionada (MDR)<\/p>\r\n\t<p>EDR- Detecci\u00f3n y respuesta del punto final<\/p>\r\n\r\n","protected":false},"excerpt":{"rendered":"<p>\u00bfQUI\u00c9N ES CHECK POINT? Fundada en 1993, Check Point Software Technologies Ltd. es una empresa de soluciones de seguridad inform\u00e1tica. Sus soluciones protegen a los clientes de los ciberataques de quinta generaci\u00f3n con una tasa de captura de malware, ransomware y otros tipos de ataques l\u00edder en el sector. LOS PRODUCTOS DE CHECK POINT Check [&hellip;]<\/p>\n","protected":false},"author":7,"featured_media":0,"parent":79554,"menu_order":0,"comment_status":"closed","ping_status":"closed","template":"templates\/template-vendor-category.php","meta":{"_acf_changed":false,"_genesis_hide_title":false,"_genesis_hide_breadcrumbs":false,"_genesis_hide_singular_image":false,"_genesis_hide_footer_widgets":false,"_genesis_custom_body_class":"","_genesis_custom_post_class":"","_genesis_layout":"","footnotes":""},"class_list":{"0":"post-80010","1":"page","2":"type-page","3":"status-publish","5":"entry"},"acf":[],"_links":{"self":[{"href":"https:\/\/www.v-valley.com\/es\/wp-json\/wp\/v2\/pages\/80010","targetHints":{"allow":["GET"]}}],"collection":[{"href":"https:\/\/www.v-valley.com\/es\/wp-json\/wp\/v2\/pages"}],"about":[{"href":"https:\/\/www.v-valley.com\/es\/wp-json\/wp\/v2\/types\/page"}],"author":[{"embeddable":true,"href":"https:\/\/www.v-valley.com\/es\/wp-json\/wp\/v2\/users\/7"}],"replies":[{"embeddable":true,"href":"https:\/\/www.v-valley.com\/es\/wp-json\/wp\/v2\/comments?post=80010"}],"version-history":[{"count":0,"href":"https:\/\/www.v-valley.com\/es\/wp-json\/wp\/v2\/pages\/80010\/revisions"}],"up":[{"embeddable":true,"href":"https:\/\/www.v-valley.com\/es\/wp-json\/wp\/v2\/pages\/79554"}],"wp:attachment":[{"href":"https:\/\/www.v-valley.com\/es\/wp-json\/wp\/v2\/media?parent=80010"}],"curies":[{"name":"wp","href":"https:\/\/api.w.org\/{rel}","templated":true}]}}